{"id":11014,"date":"2026-03-02T10:30:52","date_gmt":"2026-03-02T09:30:52","guid":{"rendered":"https:\/\/site.educa.madrid.org\/ies.infantaelena.galapagar\/?page_id=11014"},"modified":"2026-03-02T10:59:37","modified_gmt":"2026-03-02T09:59:37","slug":"tr-invest-bto-2025-26","status":"publish","type":"page","link":"https:\/\/site.educa.madrid.org\/ies.infantaelena.galapagar\/tr-invest-bto-2025-26\/","title":{"rendered":"TR. INVEST. BTO. 2025-26"},"content":{"rendered":"<div id=\"pl-11014\"  class=\"panel-layout\" ><div id=\"pg-11014-0\"  class=\"panel-grid panel-no-style\" ><div id=\"pgc-11014-0-0\"  class=\"panel-grid-cell\" ><div id=\"panel-11014-0-0-0\" class=\"so-panel widget widget_sow-headline panel-first-child\" data-index=\"0\" ><div\n\t\t\t\n\t\t\tclass=\"so-widget-sow-headline so-widget-sow-headline-default-362bcb7bfecc-11014\"\n\t\t\t\n\t\t><div class=\"sow-headline-container \">\n\t\t\t\t\t\t\t<h2 class=\"sow-headline\">\n\t\t\t\t\t\tPresentaci\u00f3n de Trabajos de Investigaci\u00f3n en Bachillerato\t\t\t\t\t\t<\/h2>\n\t\t\t\t\t\t\t\t\t\t\t<div class=\"decoration\">\n\t\t\t\t\t\t<div class=\"decoration-inside\"><\/div>\n\t\t\t\t\t<\/div>\n\t\t\t\t\t<\/div>\n<\/div><\/div><div id=\"panel-11014-0-0-1\" class=\"so-panel widget widget_text\" data-index=\"1\" >\t\t\t<div class=\"textwidget\"><p>El martes y jueves, 3 y 5 de marzo de 2026, respectivamente, ha tenido lugar la presentaci\u00f3n de los trabajos de investigaci\u00f3n llevados a cabo por el alumnado de Bachillerato, en la Sala Ignacio Quintanilla.<\/p>\n<p>Un proceso que les ha llevado dos a\u00f1os de preparaci\u00f3n exhaustiva y que, delante de un tribunal, tendr\u00e1n que defender.<\/p>\n<p>&nbsp;<\/p>\n<\/div>\n\t\t<\/div><div id=\"panel-11014-0-0-2\" class=\"so-panel widget widget_sow-headline panel-last-child\" data-index=\"2\" ><div\n\t\t\t\n\t\t\tclass=\"so-widget-sow-headline so-widget-sow-headline-default-273da11e2426-11014\"\n\t\t\t\n\t\t><div class=\"sow-headline-container \">\n\t\t\t\t\t\t<div class=\"decoration\">\n\t\t\t\t\t\t<div class=\"decoration-inside\"><\/div>\n\t\t\t\t\t<\/div>\n\t\t\t\t\t<\/div>\n<\/div><\/div><\/div><\/div><div id=\"pg-11014-1\"  class=\"panel-grid panel-no-style\" ><div id=\"pgc-11014-1-0\"  class=\"panel-grid-cell\" ><div id=\"panel-11014-1-0-0\" class=\"so-panel widget widget_sow-image panel-first-child\" data-index=\"3\" ><div\n\t\t\t\n\t\t\tclass=\"so-widget-sow-image so-widget-sow-image-default-8b5b6f678277-11014\"\n\t\t\t\n\t\t>\n<h3 class=\"widget-title\">C\u00f3mo la inteligencia artificial transformar\u00e1 el aprendizaje<\/h3>\n<div class=\"sow-image-container\">\n\t\t<img loading=\"lazy\" decoding=\"async\" src=\"https:\/\/site.educa.madrid.org\/ies.infantaelena.galapagar\/\/wp-content\/uploads\/ies.infantaelena.galapagar\/2026\/03\/6.jpg\" width=\"1920\" height=\"1080\" srcset=\"https:\/\/site.educa.madrid.org\/ies.infantaelena.galapagar\/\/wp-content\/uploads\/ies.infantaelena.galapagar\/2026\/03\/6.jpg 1920w, https:\/\/site.educa.madrid.org\/ies.infantaelena.galapagar\/\/wp-content\/uploads\/ies.infantaelena.galapagar\/2026\/03\/6-300x169.jpg 300w, https:\/\/site.educa.madrid.org\/ies.infantaelena.galapagar\/\/wp-content\/uploads\/ies.infantaelena.galapagar\/2026\/03\/6-1024x576.jpg 1024w, https:\/\/site.educa.madrid.org\/ies.infantaelena.galapagar\/\/wp-content\/uploads\/ies.infantaelena.galapagar\/2026\/03\/6-768x432.jpg 768w, https:\/\/site.educa.madrid.org\/ies.infantaelena.galapagar\/\/wp-content\/uploads\/ies.infantaelena.galapagar\/2026\/03\/6-1536x864.jpg 1536w\" sizes=\"auto, (max-width: 1920px) 100vw, 1920px\" title=\"C\u00f3mo la inteligencia artificial transformar\u00e1 el aprendizaje\" alt=\"\" \t\tclass=\"so-widget-image\"\/>\n\t<\/div>\n\n<\/div><\/div><div id=\"panel-11014-1-0-1\" class=\"so-panel widget widget_text panel-last-child\" data-index=\"4\" >\t\t\t<div class=\"textwidget\"><p>Ahinhoa Dur\u00e1n \u00c1vila<\/p>\n<\/div>\n\t\t<\/div><\/div><div id=\"pgc-11014-1-1\"  class=\"panel-grid-cell\" ><div id=\"panel-11014-1-1-0\" class=\"so-panel widget widget_sow-image panel-first-child\" data-index=\"5\" ><div\n\t\t\t\n\t\t\tclass=\"so-widget-sow-image so-widget-sow-image-default-8b5b6f678277-11014\"\n\t\t\t\n\t\t>\n<h3 class=\"widget-title\">\u00bfExiste un sesgo de g\u00e9nero en la ense\u00f1anza Secundaria?<\/h3>\n<div class=\"sow-image-container\">\n\t\t<img loading=\"lazy\" decoding=\"async\" src=\"https:\/\/site.educa.madrid.org\/ies.infantaelena.galapagar\/\/wp-content\/uploads\/ies.infantaelena.galapagar\/2026\/03\/3.jpg\" width=\"1920\" height=\"1080\" srcset=\"https:\/\/site.educa.madrid.org\/ies.infantaelena.galapagar\/\/wp-content\/uploads\/ies.infantaelena.galapagar\/2026\/03\/3.jpg 1920w, https:\/\/site.educa.madrid.org\/ies.infantaelena.galapagar\/\/wp-content\/uploads\/ies.infantaelena.galapagar\/2026\/03\/3-300x169.jpg 300w, https:\/\/site.educa.madrid.org\/ies.infantaelena.galapagar\/\/wp-content\/uploads\/ies.infantaelena.galapagar\/2026\/03\/3-1024x576.jpg 1024w, https:\/\/site.educa.madrid.org\/ies.infantaelena.galapagar\/\/wp-content\/uploads\/ies.infantaelena.galapagar\/2026\/03\/3-768x432.jpg 768w, https:\/\/site.educa.madrid.org\/ies.infantaelena.galapagar\/\/wp-content\/uploads\/ies.infantaelena.galapagar\/2026\/03\/3-1536x864.jpg 1536w\" sizes=\"auto, (max-width: 1920px) 100vw, 1920px\" title=\"\u00bfExiste un sesgo de g\u00e9nero en la ense\u00f1anza Secundaria?\" alt=\"\" \t\tclass=\"so-widget-image\"\/>\n\t<\/div>\n\n<\/div><\/div><div id=\"panel-11014-1-1-1\" class=\"so-panel widget widget_text panel-last-child\" data-index=\"6\" >\t\t\t<div class=\"textwidget\"><p>Ana Pont\u00f3n de la Torre<\/p>\n<\/div>\n\t\t<\/div><\/div><div id=\"pgc-11014-1-2\"  class=\"panel-grid-cell\" ><div id=\"panel-11014-1-2-0\" class=\"so-panel widget widget_sow-image panel-first-child\" data-index=\"7\" ><div\n\t\t\t\n\t\t\tclass=\"so-widget-sow-image so-widget-sow-image-default-8b5b6f678277-11014\"\n\t\t\t\n\t\t>\n<h3 class=\"widget-title\">\u00bfPueden diferentes factores afectar al sue\u00f1o?<\/h3>\n<div class=\"sow-image-container\">\n\t\t<img loading=\"lazy\" decoding=\"async\" src=\"https:\/\/site.educa.madrid.org\/ies.infantaelena.galapagar\/\/wp-content\/uploads\/ies.infantaelena.galapagar\/2026\/03\/5.jpg\" width=\"1920\" height=\"1080\" srcset=\"https:\/\/site.educa.madrid.org\/ies.infantaelena.galapagar\/\/wp-content\/uploads\/ies.infantaelena.galapagar\/2026\/03\/5.jpg 1920w, https:\/\/site.educa.madrid.org\/ies.infantaelena.galapagar\/\/wp-content\/uploads\/ies.infantaelena.galapagar\/2026\/03\/5-300x169.jpg 300w, https:\/\/site.educa.madrid.org\/ies.infantaelena.galapagar\/\/wp-content\/uploads\/ies.infantaelena.galapagar\/2026\/03\/5-1024x576.jpg 1024w, https:\/\/site.educa.madrid.org\/ies.infantaelena.galapagar\/\/wp-content\/uploads\/ies.infantaelena.galapagar\/2026\/03\/5-768x432.jpg 768w, https:\/\/site.educa.madrid.org\/ies.infantaelena.galapagar\/\/wp-content\/uploads\/ies.infantaelena.galapagar\/2026\/03\/5-1536x864.jpg 1536w\" sizes=\"auto, (max-width: 1920px) 100vw, 1920px\" title=\"\u00bfPueden diferentes factores afectar al sue\u00f1o?\" alt=\"\" \t\tclass=\"so-widget-image\"\/>\n\t<\/div>\n\n<\/div><\/div><div id=\"panel-11014-1-2-1\" class=\"so-panel widget widget_text panel-last-child\" data-index=\"8\" >\t\t\t<div class=\"textwidget\"><p>Marina Casillas Tamayo<\/p>\n<\/div>\n\t\t<\/div><\/div><\/div><div id=\"pg-11014-2\"  class=\"panel-grid panel-no-style\" ><div id=\"pgc-11014-2-0\"  class=\"panel-grid-cell\" ><div id=\"panel-11014-2-0-0\" class=\"so-panel widget widget_sow-image panel-first-child\" data-index=\"9\" ><div\n\t\t\t\n\t\t\tclass=\"so-widget-sow-image so-widget-sow-image-default-8b5b6f678277-11014\"\n\t\t\t\n\t\t>\n<h3 class=\"widget-title\">El recuerdo colectivo y la permanencia de los totalitarismos<\/h3>\n<div class=\"sow-image-container\">\n\t\t<img loading=\"lazy\" decoding=\"async\" src=\"https:\/\/site.educa.madrid.org\/ies.infantaelena.galapagar\/\/wp-content\/uploads\/ies.infantaelena.galapagar\/2026\/03\/2.jpg\" width=\"1920\" height=\"1080\" srcset=\"https:\/\/site.educa.madrid.org\/ies.infantaelena.galapagar\/\/wp-content\/uploads\/ies.infantaelena.galapagar\/2026\/03\/2.jpg 1920w, https:\/\/site.educa.madrid.org\/ies.infantaelena.galapagar\/\/wp-content\/uploads\/ies.infantaelena.galapagar\/2026\/03\/2-300x169.jpg 300w, https:\/\/site.educa.madrid.org\/ies.infantaelena.galapagar\/\/wp-content\/uploads\/ies.infantaelena.galapagar\/2026\/03\/2-1024x576.jpg 1024w, https:\/\/site.educa.madrid.org\/ies.infantaelena.galapagar\/\/wp-content\/uploads\/ies.infantaelena.galapagar\/2026\/03\/2-768x432.jpg 768w, https:\/\/site.educa.madrid.org\/ies.infantaelena.galapagar\/\/wp-content\/uploads\/ies.infantaelena.galapagar\/2026\/03\/2-1536x864.jpg 1536w\" sizes=\"auto, (max-width: 1920px) 100vw, 1920px\" title=\"El recuerdo colectivo y la permanencia de los totalitarismos\" alt=\"Irene Morej\u00f3n Vall\u00e9s\" \t\tclass=\"so-widget-image\"\/>\n\t<\/div>\n\n<\/div><\/div><div id=\"panel-11014-2-0-1\" class=\"so-panel widget widget_text panel-last-child\" data-index=\"10\" >\t\t\t<div class=\"textwidget\"><p>Irene Morej\u00f3n Vall\u00e9s<\/p>\n<\/div>\n\t\t<\/div><\/div><div id=\"pgc-11014-2-1\"  class=\"panel-grid-cell\" ><div id=\"panel-11014-2-1-0\" class=\"so-panel widget widget_sow-image panel-first-child\" data-index=\"11\" ><div\n\t\t\t\n\t\t\tclass=\"so-widget-sow-image so-widget-sow-image-default-8b5b6f678277-11014\"\n\t\t\t\n\t\t>\n<h3 class=\"widget-title\">Estudio sobre la percepci\u00f3n del riesgo frente al gas rad\u00f3n en la poblaci\u00f3n de Galapagar<\/h3>\n<div class=\"sow-image-container\">\n\t\t<img loading=\"lazy\" decoding=\"async\" src=\"https:\/\/site.educa.madrid.org\/ies.infantaelena.galapagar\/\/wp-content\/uploads\/ies.infantaelena.galapagar\/2026\/03\/4.jpg\" width=\"1920\" height=\"1080\" srcset=\"https:\/\/site.educa.madrid.org\/ies.infantaelena.galapagar\/\/wp-content\/uploads\/ies.infantaelena.galapagar\/2026\/03\/4.jpg 1920w, https:\/\/site.educa.madrid.org\/ies.infantaelena.galapagar\/\/wp-content\/uploads\/ies.infantaelena.galapagar\/2026\/03\/4-300x169.jpg 300w, https:\/\/site.educa.madrid.org\/ies.infantaelena.galapagar\/\/wp-content\/uploads\/ies.infantaelena.galapagar\/2026\/03\/4-1024x576.jpg 1024w, https:\/\/site.educa.madrid.org\/ies.infantaelena.galapagar\/\/wp-content\/uploads\/ies.infantaelena.galapagar\/2026\/03\/4-768x432.jpg 768w, https:\/\/site.educa.madrid.org\/ies.infantaelena.galapagar\/\/wp-content\/uploads\/ies.infantaelena.galapagar\/2026\/03\/4-1536x864.jpg 1536w\" sizes=\"auto, (max-width: 1920px) 100vw, 1920px\" title=\"Estudio sobre la percepci\u00f3n del riesgo frente al gas rad\u00f3n en la poblaci\u00f3n de Galapagar\" alt=\"\" \t\tclass=\"so-widget-image\"\/>\n\t<\/div>\n\n<\/div><\/div><div id=\"panel-11014-2-1-1\" class=\"so-panel widget widget_text panel-last-child\" data-index=\"12\" >\t\t\t<div class=\"textwidget\"><p>Khadija Bouzit Achouragh<\/p>\n<\/div>\n\t\t<\/div><\/div><\/div><div id=\"pg-11014-3\"  class=\"panel-grid panel-no-style\" ><div id=\"pgc-11014-3-0\"  class=\"panel-grid-cell\" ><div id=\"panel-11014-3-0-0\" class=\"so-panel widget widget_sow-headline panel-first-child\" data-index=\"13\" ><div\n\t\t\t\n\t\t\tclass=\"so-widget-sow-headline so-widget-sow-headline-default-aa661b3a94b3-11014\"\n\t\t\t\n\t\t><div class=\"sow-headline-container \">\n\t\t\t\t\t\t<div class=\"decoration\">\n\t\t\t\t\t\t<div class=\"decoration-inside\"><\/div>\n\t\t\t\t\t<\/div>\n\t\t\t\t\t<\/div>\n<\/div><\/div><div id=\"panel-11014-3-0-1\" class=\"so-panel widget widget_sow-image\" data-index=\"14\" ><div\n\t\t\t\n\t\t\tclass=\"so-widget-sow-image so-widget-sow-image-default-8b5b6f678277-11014\"\n\t\t\t\n\t\t>\n<h3 class=\"widget-title\">Calendario Presentaci\u00f3n Trabajos de Investigaci\u00f3n<\/h3>\n<div class=\"sow-image-container\">\n\t\t<img loading=\"lazy\" decoding=\"async\" src=\"https:\/\/site.educa.madrid.org\/ies.infantaelena.galapagar\/\/wp-content\/uploads\/ies.infantaelena.galapagar\/2026\/03\/Captura-de-pantalla-2026-03-02-105659.png\" width=\"1053\" height=\"588\" srcset=\"https:\/\/site.educa.madrid.org\/ies.infantaelena.galapagar\/\/wp-content\/uploads\/ies.infantaelena.galapagar\/2026\/03\/Captura-de-pantalla-2026-03-02-105659.png 1053w, https:\/\/site.educa.madrid.org\/ies.infantaelena.galapagar\/\/wp-content\/uploads\/ies.infantaelena.galapagar\/2026\/03\/Captura-de-pantalla-2026-03-02-105659-300x168.png 300w, https:\/\/site.educa.madrid.org\/ies.infantaelena.galapagar\/\/wp-content\/uploads\/ies.infantaelena.galapagar\/2026\/03\/Captura-de-pantalla-2026-03-02-105659-1024x572.png 1024w, https:\/\/site.educa.madrid.org\/ies.infantaelena.galapagar\/\/wp-content\/uploads\/ies.infantaelena.galapagar\/2026\/03\/Captura-de-pantalla-2026-03-02-105659-768x429.png 768w\" sizes=\"auto, (max-width: 1053px) 100vw, 1053px\" title=\"Calendario Presentaci\u00f3n Trabajos de Investigaci\u00f3n\" alt=\"\" \t\tclass=\"so-widget-image\"\/>\n\t<\/div>\n\n<\/div><\/div><div id=\"panel-11014-3-0-2\" class=\"so-panel widget widget_text panel-last-child\" data-index=\"15\" >\t\t\t<div class=\"textwidget\"><\/div>\n\t\t<\/div><\/div><\/div><div id=\"pg-11014-4\"  class=\"panel-grid panel-no-style\" ><div id=\"pgc-11014-4-0\"  class=\"panel-grid-cell\" ><div id=\"panel-11014-4-0-0\" class=\"so-panel widget widget_sow-headline panel-first-child\" data-index=\"16\" ><div\n\t\t\t\n\t\t\tclass=\"so-widget-sow-headline so-widget-sow-headline-default-aa661b3a94b3-11014\"\n\t\t\t\n\t\t><div class=\"sow-headline-container \">\n\t\t\t\t\t\t<div class=\"decoration\">\n\t\t\t\t\t\t<div class=\"decoration-inside\"><\/div>\n\t\t\t\t\t<\/div>\n\t\t\t\t\t<\/div>\n<\/div><\/div><div id=\"panel-11014-4-0-1\" class=\"widget_text so-panel widget widget_custom_html panel-last-child\" data-index=\"17\" ><div class=\"textwidget custom-html-widget\"><iframe loading=\"lazy\" src=\"https:\/\/mediateca.educa.madrid.org\/video\/yyzgjrry51p7b8lj\/fs\" width=\"900\" height=\"450\" frameborder=\"0\" scrolling=\"no\" style=\"border:0;overflow:hidden\" allowfullscreen><\/iframe><\/div><\/div><\/div><\/div><\/div>","protected":false},"excerpt":{"rendered":"<p>El martes y jueves, 3 y 5 de marzo de 2026, respectivamente, ha tenido lugar la presentaci\u00f3n de los trabajos de investigaci\u00f3n llevados a cabo por el alumnado de Bachillerato, en la Sala Ignacio Quintanilla. Un proceso que les ha llevado dos a\u00f1os de preparaci\u00f3n exhaustiva y que, delante de un tribunal, tendr\u00e1n que defender. [&hellip;]<\/p>\n","protected":false},"author":27,"featured_media":0,"parent":0,"menu_order":0,"comment_status":"closed","ping_status":"closed","template":"","meta":{"footnotes":""},"folder":[],"class_list":["post-11014","page","type-page","status-publish","hentry"],"rttpg_featured_image_url":null,"rttpg_author":{"display_name":"Avelino Bern\u00e1rdez Portas","author_link":"https:\/\/site.educa.madrid.org\/ies.infantaelena.galapagar\/author\/avelino_bernrdez-portas\/"},"rttpg_comment":0,"rttpg_category":false,"rttpg_excerpt":"El martes y jueves, 3 y 5 de marzo de 2026, respectivamente, ha tenido lugar la presentaci\u00f3n de los trabajos de investigaci\u00f3n llevados a cabo por el alumnado de Bachillerato, en la Sala Ignacio Quintanilla. Un proceso que les ha llevado dos a\u00f1os de preparaci\u00f3n exhaustiva y que, delante de un tribunal, tendr\u00e1n que defender.&hellip;","post_mailing_queue_ids":[],"_links":{"self":[{"href":"https:\/\/site.educa.madrid.org\/ies.infantaelena.galapagar\/wp-json\/wp\/v2\/pages\/11014","targetHints":{"allow":["GET"]}}],"collection":[{"href":"https:\/\/site.educa.madrid.org\/ies.infantaelena.galapagar\/wp-json\/wp\/v2\/pages"}],"about":[{"href":"https:\/\/site.educa.madrid.org\/ies.infantaelena.galapagar\/wp-json\/wp\/v2\/types\/page"}],"author":[{"embeddable":true,"href":"https:\/\/site.educa.madrid.org\/ies.infantaelena.galapagar\/wp-json\/wp\/v2\/users\/27"}],"replies":[{"embeddable":true,"href":"https:\/\/site.educa.madrid.org\/ies.infantaelena.galapagar\/wp-json\/wp\/v2\/comments?post=11014"}],"version-history":[{"count":2,"href":"https:\/\/site.educa.madrid.org\/ies.infantaelena.galapagar\/wp-json\/wp\/v2\/pages\/11014\/revisions"}],"predecessor-version":[{"id":11025,"href":"https:\/\/site.educa.madrid.org\/ies.infantaelena.galapagar\/wp-json\/wp\/v2\/pages\/11014\/revisions\/11025"}],"wp:attachment":[{"href":"https:\/\/site.educa.madrid.org\/ies.infantaelena.galapagar\/wp-json\/wp\/v2\/media?parent=11014"}],"wp:term":[{"taxonomy":"folder","embeddable":true,"href":"https:\/\/site.educa.madrid.org\/ies.infantaelena.galapagar\/wp-json\/wp\/v2\/folder?post=11014"}],"curies":[{"name":"wp","href":"https:\/\/api.w.org\/{rel}","templated":true}]}}