{"id":2178,"date":"2021-11-23T12:45:33","date_gmt":"2021-11-23T11:45:33","guid":{"rendered":"https:\/\/site.educa.madrid.org\/ies.infantaelena.galapagar\/?page_id=2178"},"modified":"2026-04-22T21:06:04","modified_gmt":"2026-04-22T19:06:04","slug":"documentos_new2","status":"publish","type":"page","link":"https:\/\/site.educa.madrid.org\/ies.infantaelena.galapagar\/documentos_new2\/","title":{"rendered":"Documentos"},"content":{"rendered":"<div id=\"pl-2178\"  class=\"panel-layout\" ><div id=\"pg-2178-0\"  class=\"panel-grid panel-has-style\" ><div class=\"siteorigin-panels-stretch panel-row-style panel-row-style-for-2178-0\" data-stretch-type=\"full\" ><div id=\"pgc-2178-0-0\"  class=\"panel-grid-cell\" ><div id=\"panel-2178-0-0-0\" class=\"so-panel widget widget_text panel-first-child\" data-index=\"0\" >\t\t\t<div class=\"textwidget\"><div class=\"card-header\">\n<h4 style=\"color: #070960;\">Proyecto Educativo de Centro<\/h4>\n<\/div>\n<div class=\"card-body pl-3 pr-3 pt-3\">\n<p style=\"min-height: 250px;\">Este documento tiene por objeto presentar el proyecto educativo compartido por la comunidad acad\u00e9mica del IES Infanta Elena. Entendemos este proyecto como un servicio a los ciudadanos de la Comunidad de Madrid y de la localidad mediante el firme compromiso de atender las necesidades educativas que caen bajo nuestra competencia brindando una oferta adecuada comprometidos con una ense\u00f1anza de calidad.<\/p>\n<\/div>\n<\/div>\n\t\t<\/div><div id=\"panel-2178-0-0-1\" class=\"so-panel widget widget_sow-button panel-last-child\" data-index=\"1\" ><div\n\t\t\t\n\t\t\tclass=\"so-widget-sow-button so-widget-sow-button-flat-36e22cfc6189-2178\"\n\t\t\t\n\t\t><div class=\"ow-button-base ow-button-align-center\">\n\t<a\n\thref=\"https:\/\/cloud.educa.madrid.org\/s\/XYZPonqoYRfN5gQ\"\n\t\tclass=\"ow-icon-placement-left ow-button-hover\" target=\"_blank\" rel=\"noopener noreferrer\" \t>\n\t\t<span>\n\t\t\t<span class=\"sow-icon-fontawesome sow-far\" data-sow-icon=\"&#xf07b;\"\n\t\tstyle=\"color: #1e73be\" \n\t\taria-hidden=\"true\"><\/span>\n\t\t\tDocumento\t\t<\/span>\n\t<\/a>\n<\/div>\n<\/div><\/div><\/div><div id=\"pgc-2178-0-1\"  class=\"panel-grid-cell\" ><div id=\"panel-2178-0-1-0\" class=\"so-panel widget widget_text panel-first-child\" data-index=\"2\" >\t\t\t<div class=\"textwidget\"><div class=\"card-header\">\n<h4 style=\"color: #070960;\">Plan de convivencia<\/h4>\n<\/div>\n<div class=\"card-body text-center mt-2\">\n<p style=\"min-height: 250px;\">El plan de convivencia es el documento en el que se fundamenta y se concreta el modelo de convivencia del centro. En \u00e9l se coordinan las acciones de toda la comunidad educativa para construir un clima escolar dentro de los principios democr\u00e1ticos que garanticen una educaci\u00f3n para todos y favorezca la prevenci\u00f3n, el tratamiento educativo de los conflictos y una intervenci\u00f3n efectiva en la regulaci\u00f3n de la convivencia escolar.<\/p>\n<\/div>\n<\/div>\n\t\t<\/div><div id=\"panel-2178-0-1-1\" class=\"so-panel widget widget_sow-button panel-last-child\" data-index=\"3\" ><div\n\t\t\t\n\t\t\tclass=\"so-widget-sow-button so-widget-sow-button-flat-36e22cfc6189-2178\"\n\t\t\t\n\t\t><div class=\"ow-button-base ow-button-align-center\">\n\t<a\n\thref=\"https:\/\/cloud.educa.madrid.org\/s\/aQy259QGeCEDpNt\"\n\t\tclass=\"ow-icon-placement-left ow-button-hover\" target=\"_blank\" rel=\"noopener noreferrer\" \t>\n\t\t<span>\n\t\t\t<span class=\"sow-icon-fontawesome sow-far\" data-sow-icon=\"&#xf07b;\"\n\t\tstyle=\"color: #1e73be\" \n\t\taria-hidden=\"true\"><\/span>\n\t\t\tDocumento\t\t<\/span>\n\t<\/a>\n<\/div>\n<\/div><\/div><\/div><div id=\"pgc-2178-0-2\"  class=\"panel-grid-cell\" ><div id=\"panel-2178-0-2-0\" class=\"so-panel widget widget_text panel-first-child\" data-index=\"4\" ><div class=\"panel-widget-style panel-widget-style-for-2178-0-2-0\" >\t\t\t<div class=\"textwidget\"><div class=\"card-header\">\n<div class=\"card-header\">\n<h4 style=\"color: #070960;\">Plan Digital de Centro<\/h4>\n<\/div>\n<div class=\"card-body text-center mt-2\">\n<p style=\"min-height: 250px;\">El Plan Digital de Centro es un instrumento clave para adecuar y facilitar el uso de los medios digitales en el proceso de ense\u00f1anza-aprendizaje, con el objetivo de impulsar el desarrollo pleno e integral del alumnado. Este proyecto debe dar coherencia y guiar el uso de las tecnolog\u00edas, y debe ser parte integrante del Proyecto Educativo, el Proyecto de Direcci\u00f3n y la Programaci\u00f3n General Anual.<\/p>\n<\/div>\n<\/div>\n<\/div>\n\t\t<\/div><\/div><div id=\"panel-2178-0-2-1\" class=\"so-panel widget widget_sow-button panel-last-child\" data-index=\"5\" ><div\n\t\t\t\n\t\t\tclass=\"so-widget-sow-button so-widget-sow-button-flat-36e22cfc6189-2178\"\n\t\t\t\n\t\t><div class=\"ow-button-base ow-button-align-center\">\n\t<a\n\thref=\"https:\/\/cloud.educa.madrid.org\/s\/sY4c4NqZ9MaQZY3\"\n\t\tclass=\"ow-icon-placement-left ow-button-hover\" target=\"_blank\" rel=\"noopener noreferrer\" \t>\n\t\t<span>\n\t\t\t<span class=\"sow-icon-fontawesome sow-far\" data-sow-icon=\"&#xf07b;\"\n\t\tstyle=\"color: #1e73be\" \n\t\taria-hidden=\"true\"><\/span>\n\t\t\tDocumento\t\t<\/span>\n\t<\/a>\n<\/div>\n<\/div><\/div><\/div><\/div><\/div><div id=\"pg-2178-1\"  class=\"panel-grid panel-has-style\" ><div class=\"siteorigin-panels-stretch panel-row-style panel-row-style-for-2178-1\" data-stretch-type=\"full\" ><div id=\"pgc-2178-1-0\"  class=\"panel-grid-cell\" ><div id=\"panel-2178-1-0-0\" class=\"so-panel widget widget_text panel-first-child\" data-index=\"6\" ><div class=\"panel-widget-style panel-widget-style-for-2178-1-0-0\" >\t\t\t<div class=\"textwidget\"><div class=\"card-header\">\n<div class=\"card-header\">\n<div class=\"card-header\">\n<h4 style=\"color: #070960;\">Plan Incluyo<\/h4>\n<\/div>\n<div class=\"card-body pl-3 pr-3 pt-3\">\n<p style=\"min-height: 250px;\">En el Plan IncluYO, se enmarcan las l\u00edneas estrat\u00e9gicas para responder, de manera adecuada, a las diferencias individuales del alumnado, aplicando las medidas ordinarias o espec\u00edficas que corresponda.<\/p>\n<\/div>\n<\/div>\n<\/div>\n<\/div>\n\t\t<\/div><\/div><div id=\"panel-2178-1-0-1\" class=\"so-panel widget widget_sow-button panel-last-child\" data-index=\"7\" ><div\n\t\t\t\n\t\t\tclass=\"so-widget-sow-button so-widget-sow-button-flat-36e22cfc6189-2178\"\n\t\t\t\n\t\t><div class=\"ow-button-base ow-button-align-center\">\n\t<a\n\thref=\"https:\/\/cloud.educa.madrid.org\/s\/HQFXqEfjy8if48D\"\n\t\tclass=\"ow-icon-placement-left ow-button-hover\" target=\"_blank\" rel=\"noopener noreferrer\" \t>\n\t\t<span>\n\t\t\t<span class=\"sow-icon-fontawesome sow-far\" data-sow-icon=\"&#xf07b;\"\n\t\tstyle=\"color: #1e73be\" \n\t\taria-hidden=\"true\"><\/span>\n\t\t\tDocumento\t\t<\/span>\n\t<\/a>\n<\/div>\n<\/div><\/div><\/div><div id=\"pgc-2178-1-1\"  class=\"panel-grid-cell\" ><div id=\"panel-2178-1-1-0\" class=\"so-panel widget widget_text panel-first-child\" data-index=\"8\" ><div class=\"panel-widget-style panel-widget-style-for-2178-1-1-0\" >\t\t\t<div class=\"textwidget\"><div class=\"card-header\">\n<div class=\"card-header\">\n<div class=\"card-header\">\n<h4 style=\"color: #070960;\">Proyecto de Actividad F\u00edsica y Salud<\/h4>\n<\/div>\n<p>Este proyecto se elabora con la intenci\u00f3n de que sea un instrumento din\u00e1mico y con proyecci\u00f3n de futuro que garantice que tofas las actividades que realizan los alumnos tengan un car\u00e1cter educativo y de promoci\u00f3n de la actividad f\u00edsica y la salud.<\/p>\n<\/div>\n<\/div>\n<\/div>\n\t\t<\/div><\/div><div id=\"panel-2178-1-1-1\" class=\"so-panel widget widget_sow-button panel-last-child\" data-index=\"9\" ><div\n\t\t\t\n\t\t\tclass=\"so-widget-sow-button so-widget-sow-button-flat-36e22cfc6189-2178\"\n\t\t\t\n\t\t><div class=\"ow-button-base ow-button-align-center\">\n\t<a\n\thref=\"https:\/\/cloud.educa.madrid.org\/s\/8tYz8oodetrnYmy\"\n\t\tclass=\"ow-icon-placement-left ow-button-hover\" target=\"_blank\" rel=\"noopener noreferrer\" \t>\n\t\t<span>\n\t\t\t<span class=\"sow-icon-fontawesome sow-far\" data-sow-icon=\"&#xf07b;\"\n\t\tstyle=\"color: #1e73be\" \n\t\taria-hidden=\"true\"><\/span>\n\t\t\tDocumento\t\t<\/span>\n\t<\/a>\n<\/div>\n<\/div><\/div><\/div><div id=\"pgc-2178-1-2\"  class=\"panel-grid-cell\" ><div id=\"panel-2178-1-2-0\" class=\"so-panel widget widget_text panel-first-child\" data-index=\"10\" ><div class=\"panel-widget-style panel-widget-style-for-2178-1-2-0\" >\t\t\t<div class=\"textwidget\"><div class=\"card-header\">\n<div class=\"card-header\">\n<div class=\"card-header\">\n<h4 style=\"color: #070960;\">Plan de Acci\u00f3n Tutorial (PAT)<\/h4>\n<\/div>\n<div class=\"card-body pl-3 pr-3 pt-3\">\n<p>La concepci\u00f3n del plan de acci\u00f3n tutorial se apoya en que la educaci\u00f3n va m\u00e1s all\u00e1 de la transmisi\u00f3n de conocimientos a los alumnos. La labor del centro es tambi\u00e9n ayudar y orientar a sus estudiantes, atender a sus necesidades educativas y personales con el objetivo de ayudarles a alcanzar el \u00e9xito acad\u00e9mico.<\/p>\n<\/div>\n<\/div>\n<\/div>\n\t\t<\/div><\/div><div id=\"panel-2178-1-2-1\" class=\"so-panel widget widget_sow-button panel-last-child\" data-index=\"11\" ><div\n\t\t\t\n\t\t\tclass=\"so-widget-sow-button so-widget-sow-button-flat-36e22cfc6189-2178\"\n\t\t\t\n\t\t><div class=\"ow-button-base ow-button-align-center\">\n\t<a\n\thref=\"https:\/\/cloud.educa.madrid.org\/s\/H6TPRooAtQyzyJZ\"\n\t\tclass=\"ow-icon-placement-left ow-button-hover\" target=\"_blank\" rel=\"noopener noreferrer\" \t>\n\t\t<span>\n\t\t\t<span class=\"sow-icon-fontawesome sow-far\" data-sow-icon=\"&#xf07b;\"\n\t\tstyle=\"color: #1e73be\" \n\t\taria-hidden=\"true\"><\/span>\n\t\t\tDocumento\t\t<\/span>\n\t<\/a>\n<\/div>\n<\/div><\/div><\/div><\/div><\/div><div id=\"pg-2178-2\"  class=\"panel-grid panel-no-style\" ><div id=\"pgc-2178-2-0\"  class=\"panel-grid-cell panel-grid-cell-empty\" ><\/div><div id=\"pgc-2178-2-1\"  class=\"panel-grid-cell panel-grid-cell-empty panel-grid-cell-mobile-last\" ><\/div><div id=\"pgc-2178-2-2\"  class=\"panel-grid-cell panel-grid-cell-empty\" ><\/div><\/div><div id=\"pg-2178-3\"  class=\"panel-grid panel-no-style\" ><div id=\"pgc-2178-3-0\"  class=\"panel-grid-cell panel-grid-cell-empty\" ><\/div><\/div><\/div>","protected":false},"excerpt":{"rendered":"<p>Proyecto Educativo de Centro Este documento tiene por objeto presentar el proyecto educativo compartido por la comunidad acad\u00e9mica del IES Infanta Elena. Entendemos este proyecto como un servicio a los ciudadanos de la Comunidad de Madrid y de la localidad mediante el firme compromiso de atender las necesidades educativas que caen bajo nuestra competencia brindando [&hellip;]<\/p>\n","protected":false},"author":3,"featured_media":0,"parent":0,"menu_order":0,"comment_status":"closed","ping_status":"closed","template":"","meta":{"footnotes":""},"folder":[],"class_list":["post-2178","page","type-page","status-publish","hentry"],"rttpg_featured_image_url":null,"rttpg_author":{"display_name":"Cuenta","author_link":"https:\/\/site.educa.madrid.org\/ies.infantaelena.galapagar\/author\/cuenta_ies-infantaelena-galapagar\/"},"rttpg_comment":0,"rttpg_category":false,"rttpg_excerpt":"Proyecto Educativo de Centro Este documento tiene por objeto presentar el proyecto educativo compartido por la comunidad acad\u00e9mica del IES Infanta Elena. Entendemos este proyecto como un servicio a los ciudadanos de la Comunidad de Madrid y de la localidad mediante el firme compromiso de atender las necesidades educativas que caen bajo nuestra competencia brindando&hellip;","post_mailing_queue_ids":[],"_links":{"self":[{"href":"https:\/\/site.educa.madrid.org\/ies.infantaelena.galapagar\/wp-json\/wp\/v2\/pages\/2178","targetHints":{"allow":["GET"]}}],"collection":[{"href":"https:\/\/site.educa.madrid.org\/ies.infantaelena.galapagar\/wp-json\/wp\/v2\/pages"}],"about":[{"href":"https:\/\/site.educa.madrid.org\/ies.infantaelena.galapagar\/wp-json\/wp\/v2\/types\/page"}],"author":[{"embeddable":true,"href":"https:\/\/site.educa.madrid.org\/ies.infantaelena.galapagar\/wp-json\/wp\/v2\/users\/3"}],"replies":[{"embeddable":true,"href":"https:\/\/site.educa.madrid.org\/ies.infantaelena.galapagar\/wp-json\/wp\/v2\/comments?post=2178"}],"version-history":[{"count":50,"href":"https:\/\/site.educa.madrid.org\/ies.infantaelena.galapagar\/wp-json\/wp\/v2\/pages\/2178\/revisions"}],"predecessor-version":[{"id":11127,"href":"https:\/\/site.educa.madrid.org\/ies.infantaelena.galapagar\/wp-json\/wp\/v2\/pages\/2178\/revisions\/11127"}],"wp:attachment":[{"href":"https:\/\/site.educa.madrid.org\/ies.infantaelena.galapagar\/wp-json\/wp\/v2\/media?parent=2178"}],"wp:term":[{"taxonomy":"folder","embeddable":true,"href":"https:\/\/site.educa.madrid.org\/ies.infantaelena.galapagar\/wp-json\/wp\/v2\/folder?post=2178"}],"curies":[{"name":"wp","href":"https:\/\/api.w.org\/{rel}","templated":true}]}}