{"id":2436,"date":"2021-12-01T16:53:56","date_gmt":"2021-12-01T15:53:56","guid":{"rendered":"https:\/\/site.educa.madrid.org\/ies.infantaelena.galapagar\/?page_id=2436"},"modified":"2025-11-14T19:29:51","modified_gmt":"2025-11-14T18:29:51","slug":"departamento-de-educacion-fisica","status":"publish","type":"page","link":"https:\/\/site.educa.madrid.org\/ies.infantaelena.galapagar\/departamentos-2\/departamento-de-educacion-fisica\/","title":{"rendered":"Departamento de Educaci\u00f3n F\u00edsica"},"content":{"rendered":"<div id=\"pl-2436\"  class=\"panel-layout\" ><div id=\"pg-2436-0\"  class=\"panel-grid panel-has-style\" ><div class=\"panel-row-style panel-row-style-for-2436-0\" ><div id=\"pgc-2436-0-0\"  class=\"panel-grid-cell\" ><div id=\"panel-2436-0-0-0\" class=\"so-panel widget widget_sow-features panel-first-child panel-last-child\" data-index=\"0\" ><div\n\t\t\t\n\t\t\tclass=\"so-widget-sow-features so-widget-sow-features-default-1a5ba0454c27-2436\"\n\t\t\t\n\t\t>\n<div class=\"sow-features-list sow-features-responsive\">\n\n\t\t\t\t\t\t\t\t\t<div\n\t\t\t\tclass=\"sow-features-feature sow-icon-container-position-top\"\n\t\t\t\tstyle=\"display: flex; flex-direction: column; width: calc(33.333% - 25px);\"\n\t\t\t>\n\t\t\t\t\t\t\t<div class=\"sow-features-feature-right-left-container\" style=\"display: flex; flex-direction: inherit;\">\n\t\t\t\n\t\t\t\t\t\t\t\t<div\n\t\t\t\t\tclass=\"sow-icon-container sow-container-none\"\n\t\t\t\t\tstyle=\"color: #ffffff; \"\n\t\t\t\t\t\t\t\t\t>\n\t\t\t\t\t<span class=\"sow-icon-icomoon\" data-sow-icon=\"&#xe97b;\"\n\t\tstyle=\"font-size: 48px; color: #000000\" \n\t\taria-hidden=\"true\"><\/span>\t\t\t\t<\/div>\n\t\t\t\t\n\t\t\t\t<div class=\"textwidget\">\n\t\t\t\t\t\t\t\t\t\t\t<div class=\"sow-features-feature-content\">\n\t\t\t\t\t\n\t\t\t\t\t\t\t\t\t\t\t<h5>\n\t\t\t\t\t\t\t\t\t\t\t\t\t\t\t<a\n\t\t\t\t\t\t\t\t\thref=\"https:\/\/cloud.educa.madrid.org\/s\/dPfbsCiYMZzwczm\"\n\t\t\t\t\t\t\t\t\ttarget=\"_blank\" rel=\"noopener noreferrer\"\t\t\t\t\t\t\t\t>\n\t\t\t\t\t\t\t\n\t\t\t\t\t\t\tCriterios de calificaci\u00f3n\t\t\t\t\t\t\t\t\t\t\t\t\t\t\t<\/a>\n\t\t\t\t\t\t\t\t\t\t\t\t\t<\/h5>\n\t\t\t\t\t\n\t\t\t\t\t\t\t\t\t\t\t<p>Aqu\u00ed podr\u00e1s consultar\u00a0 los criterios de calificaci\u00f3n de todas las asignaturas del departamento.<\/p>\n\t\t\t\t\t\n\t\t\t\t\t\t\t\t\t\t\t<\/div>\n\t\t\t\t\t\t<p class=\"sow-more-text\">\n\t\t\t\t\t\t\t<a href=\"https:\/\/cloud.educa.madrid.org\/s\/dPfbsCiYMZzwczm\" target=\"_blank\" rel=\"noopener noreferrer\">\t\t\t\t\t\t\tLeer m\u00e1s...\t\t\t\t\t\t\t<\/a>\t\t\t\t\t\t<\/p>\n\t\t\t\t\t\t\t\t\t<\/div>\n\t\t\t\t\t\t\t\t\t<\/div>\n\t\t\t\t\t\t\t\t\n\t\t\t\t\t\t\t<\/div>\n\n\t\t\t\t\t\t\t\t<div\n\t\t\t\tclass=\"sow-features-feature sow-icon-container-position-top\"\n\t\t\t\tstyle=\"display: flex; flex-direction: column; width: calc(33.333% - 25px);\"\n\t\t\t>\n\t\t\t\n\t\t\t\t\t\t\t\t<div\n\t\t\t\t\tclass=\"sow-icon-container sow-container-none\"\n\t\t\t\t\tstyle=\"color: #ffffff; \"\n\t\t\t\t\t\t\t\t\t>\n\t\t\t\t\t<span class=\"sow-icon-icomoon\" data-sow-icon=\"&#xe97b;\"\n\t\tstyle=\"font-size: 48px; color: #000000\" \n\t\taria-hidden=\"true\"><\/span>\t\t\t\t<\/div>\n\t\t\t\t\n\t\t\t\t<div class=\"textwidget\">\n\t\t\t\t\t\n\t\t\t\t\t\t\t\t\t\t\t<h5>\n\t\t\t\t\t\t\t\n\t\t\t\t\t\t\tMiembros del departamento\t\t\t\t\t\t\t\t\t\t\t\t\t<\/h5>\n\t\t\t\t\t\n\t\t\t\t\t\t\t\t\t\t\t<p style=\"text-align: center\">Rafael Casado (JD)<\/p>\n<p style=\"text-align: center\">David Taylor<br \/>\nChristian Jim\u00e9nez<br \/>\nBel\u00e9n Mart\u00edn<br \/>\nDaniel Navas<br \/>\nElena Calle<\/p>\n\t\t\t\t\t\n\t\t\t\t\t\t\t\t\t<\/div>\n\t\t\t\t\t\t\t\t\n\t\t\t\t\t\t\t<\/div>\n\n\t\t\t\t\t\t\t\t<div\n\t\t\t\tclass=\"sow-features-feature sow-icon-container-position-top\"\n\t\t\t\tstyle=\"display: flex; flex-direction: column; width: calc(33.333% - 25px);\"\n\t\t\t>\n\t\t\t\t\t\t\t<div class=\"sow-features-feature-right-left-container\" style=\"display: flex; flex-direction: inherit;\">\n\t\t\t\n\t\t\t\t\t\t\t\t<div\n\t\t\t\t\tclass=\"sow-icon-container sow-container-none\"\n\t\t\t\t\tstyle=\"color: #ffffff; \"\n\t\t\t\t\t\t\t\t\t>\n\t\t\t\t\t<span class=\"sow-icon-icomoon\" data-sow-icon=\"&#xe97b;\"\n\t\tstyle=\"font-size: 48px; color: #000000\" \n\t\taria-hidden=\"true\"><\/span>\t\t\t\t<\/div>\n\t\t\t\t\n\t\t\t\t<div class=\"textwidget\">\n\t\t\t\t\t\t\t\t\t\t\t<div class=\"sow-features-feature-content\">\n\t\t\t\t\t\n\t\t\t\t\t\t\t\t\t\t\t<h5>\n\t\t\t\t\t\t\t\t\t\t\t\t\t\t\t<a\n\t\t\t\t\t\t\t\t\thref=\"https:\/\/cloud.educa.madrid.org\/s\/dPfbsCiYMZzwczm\"\n\t\t\t\t\t\t\t\t\ttarget=\"_blank\" rel=\"noopener noreferrer\"\t\t\t\t\t\t\t\t>\n\t\t\t\t\t\t\t\n\t\t\t\t\t\t\tRecuperaci\u00f3n de pendientes\t\t\t\t\t\t\t\t\t\t\t\t\t\t\t<\/a>\n\t\t\t\t\t\t\t\t\t\t\t\t\t<\/h5>\n\t\t\t\t\t\n\t\t\t\t\t\t\t\t\t\t\t<p>\u00bfTienes alguna asignatura pendiente? Consulta como\u00a0 recuperarla.<\/p>\n\t\t\t\t\t\n\t\t\t\t\t\t\t\t\t\t\t<\/div>\n\t\t\t\t\t\t<p class=\"sow-more-text\">\n\t\t\t\t\t\t\t<a href=\"https:\/\/cloud.educa.madrid.org\/s\/dPfbsCiYMZzwczm\" target=\"_blank\" rel=\"noopener noreferrer\">\t\t\t\t\t\t\tLeer m\u00e1s....\t\t\t\t\t\t\t<\/a>\t\t\t\t\t\t<\/p>\n\t\t\t\t\t\t\t\t\t<\/div>\n\t\t\t\t\t\t\t\t\t<\/div>\n\t\t\t\t\t\t\t\t\n\t\t\t\t\t\t\t<\/div>\n\n\t\t\t\n<\/div>\n<\/div><\/div><\/div><\/div><\/div><div id=\"pg-2436-1\"  class=\"panel-grid panel-has-style\" ><div class=\"siteorigin-panels-stretch panel-row-style panel-row-style-for-2436-1\" data-stretch-type=\"full-width-stretch\" ><div id=\"pgc-2436-1-0\"  class=\"panel-grid-cell\" ><div id=\"panel-2436-1-0-0\" class=\"so-panel widget widget_sow-headline panel-first-child panel-last-child\" data-index=\"1\" ><div\n\t\t\t\n\t\t\tclass=\"so-widget-sow-headline so-widget-sow-headline-default-3c20fcb07bcf-2436\"\n\t\t\t\n\t\t><div class=\"sow-headline-container \">\n\t\t\t\t\t\t<div class=\"decoration\">\n\t\t\t\t\t\t<div class=\"decoration-inside\"><\/div>\n\t\t\t\t\t<\/div>\n\t\t\t\t\t<\/div>\n<\/div><\/div><\/div><\/div><\/div><div id=\"pg-2436-2\"  class=\"panel-grid panel-no-style\" ><div id=\"pgc-2436-2-0\"  class=\"panel-grid-cell\" ><div id=\"panel-2436-2-0-0\" class=\"so-panel widget widget_sow-image panel-first-child panel-last-child\" data-index=\"2\" ><div\n\t\t\t\n\t\t\tclass=\"so-widget-sow-image so-widget-sow-image-default-113ccd71f3e6-2436\"\n\t\t\t\n\t\t>\n\n<div class=\"sow-image-container\">\n\t\t<img loading=\"lazy\" decoding=\"async\" src=\"https:\/\/site.educa.madrid.org\/ies.infantaelena.galapagar\/\/wp-content\/uploads\/ies.infantaelena.galapagar\/2021\/12\/gb527621e9b2eafb7e059e29af6a4a10db086dcf24e251942d980a05a0e34ee3dc507523a4ff2b35337996a99ffdeaea9_1920-768x512.jpg\" width=\"525\" height=\"350\" srcset=\"https:\/\/site.educa.madrid.org\/ies.infantaelena.galapagar\/\/wp-content\/uploads\/ies.infantaelena.galapagar\/2021\/12\/gb527621e9b2eafb7e059e29af6a4a10db086dcf24e251942d980a05a0e34ee3dc507523a4ff2b35337996a99ffdeaea9_1920-768x512.jpg 768w, https:\/\/site.educa.madrid.org\/ies.infantaelena.galapagar\/\/wp-content\/uploads\/ies.infantaelena.galapagar\/2021\/12\/gb527621e9b2eafb7e059e29af6a4a10db086dcf24e251942d980a05a0e34ee3dc507523a4ff2b35337996a99ffdeaea9_1920-300x200.jpg 300w, https:\/\/site.educa.madrid.org\/ies.infantaelena.galapagar\/\/wp-content\/uploads\/ies.infantaelena.galapagar\/2021\/12\/gb527621e9b2eafb7e059e29af6a4a10db086dcf24e251942d980a05a0e34ee3dc507523a4ff2b35337996a99ffdeaea9_1920-1024x683.jpg 1024w, https:\/\/site.educa.madrid.org\/ies.infantaelena.galapagar\/\/wp-content\/uploads\/ies.infantaelena.galapagar\/2021\/12\/gb527621e9b2eafb7e059e29af6a4a10db086dcf24e251942d980a05a0e34ee3dc507523a4ff2b35337996a99ffdeaea9_1920-391x260.jpg 391w, https:\/\/site.educa.madrid.org\/ies.infantaelena.galapagar\/\/wp-content\/uploads\/ies.infantaelena.galapagar\/2021\/12\/gb527621e9b2eafb7e059e29af6a4a10db086dcf24e251942d980a05a0e34ee3dc507523a4ff2b35337996a99ffdeaea9_1920-1536x1024.jpg 1536w, https:\/\/site.educa.madrid.org\/ies.infantaelena.galapagar\/\/wp-content\/uploads\/ies.infantaelena.galapagar\/2021\/12\/gb527621e9b2eafb7e059e29af6a4a10db086dcf24e251942d980a05a0e34ee3dc507523a4ff2b35337996a99ffdeaea9_1920-272x182.jpg 272w, https:\/\/site.educa.madrid.org\/ies.infantaelena.galapagar\/\/wp-content\/uploads\/ies.infantaelena.galapagar\/2021\/12\/gb527621e9b2eafb7e059e29af6a4a10db086dcf24e251942d980a05a0e34ee3dc507523a4ff2b35337996a99ffdeaea9_1920.jpg 1920w\" sizes=\"auto, (max-width: 525px) 100vw, 525px\" alt=\"\" \t\tclass=\"so-widget-image\"\/>\n\t<\/div>\n\n<\/div><\/div><\/div><\/div><div id=\"pg-2436-3\"  class=\"panel-grid panel-has-style\" ><div class=\"siteorigin-panels-stretch panel-row-style panel-row-style-for-2436-3\" data-stretch-type=\"full-width-stretch\" ><div id=\"pgc-2436-3-0\"  class=\"panel-grid-cell\" ><div id=\"panel-2436-3-0-0\" class=\"so-panel widget widget_sow-headline panel-first-child panel-last-child\" data-index=\"3\" ><div\n\t\t\t\n\t\t\tclass=\"so-widget-sow-headline so-widget-sow-headline-default-3c20fcb07bcf-2436\"\n\t\t\t\n\t\t><div class=\"sow-headline-container \">\n\t\t\t\t\t\t<div class=\"decoration\">\n\t\t\t\t\t\t<div class=\"decoration-inside\"><\/div>\n\t\t\t\t\t<\/div>\n\t\t\t\t\t<\/div>\n<\/div><\/div><\/div><\/div><\/div><div id=\"pg-2436-4\"  class=\"panel-grid panel-no-style\" ><div id=\"pgc-2436-4-0\"  class=\"panel-grid-cell\" ><div id=\"panel-2436-4-0-0\" class=\"so-panel widget widget_sow-headline panel-first-child\" data-index=\"4\" ><div\n\t\t\t\n\t\t\tclass=\"so-widget-sow-headline so-widget-sow-headline-default-d6667f847359-2436 so-widget-fittext-wrapper\"\n\t\t\t data-fit-text-compressor=\"0.85\"\n\t\t><div class=\"sow-headline-container \">\n\t\t\t\t\t\t\t<h3 class=\"sow-headline\">\n\t\t\t\t\t\tInstituto Promotor de la Actividad F\u00edsica y Deportiva\t\t\t\t\t\t<\/h3>\n\t\t\t\t\t\t<\/div>\n<\/div><\/div><div id=\"panel-2436-4-0-1\" class=\"so-panel widget widget_text panel-last-child\" data-index=\"5\" >\t\t\t<div class=\"textwidget\"><p><center><\/center><center><\/p>\n<p lang=\"es-ES-u-co-trad\" align=\"justify\"><span style=\"font-family: Calibri, sans-serif;\"><span style=\"font-size: small;\">Promover y favorecer la actividad deportiva fuera del horario lectivo a trav\u00e9s de la pr\u00e1ctica de una amplia variedad de actividades f\u00edsicas y deportivas es una de nuestras prioridades.<\/span><\/span><\/p>\n<p><\/center>&nbsp;<\/p>\n<\/div>\n\t\t<\/div><\/div><div id=\"pgc-2436-4-1\"  class=\"panel-grid-cell\" ><div id=\"panel-2436-4-1-0\" class=\"so-panel widget widget_sow-headline panel-first-child\" data-index=\"6\" ><div\n\t\t\t\n\t\t\tclass=\"so-widget-sow-headline so-widget-sow-headline-default-e7ef05371c0e-2436 so-widget-fittext-wrapper\"\n\t\t\t data-fit-text-compressor=\"0.85\"\n\t\t><div class=\"sow-headline-container \">\n\t\t\t\t\t\t\t<h3 class=\"sow-headline\">\n\t\t\t\t\t\tOptativas\t\t\t\t\t\t<\/h3>\n\t\t\t\t\t\t<\/div>\n<\/div><\/div><div id=\"panel-2436-4-1-1\" class=\"so-panel widget widget_text\" data-index=\"7\" >\t\t\t<div class=\"textwidget\"><p><center><\/center><center>ACTIVIDADES F\u00cdSICO-DEPORTIVAS<\/center><center>DEPORTE<\/center><center><\/center>&nbsp;<\/p>\n<\/div>\n\t\t<\/div><div id=\"panel-2436-4-1-2\" class=\"so-panel widget widget_sow-button panel-last-child\" data-index=\"8\" ><div\n\t\t\t\n\t\t\tclass=\"so-widget-sow-button so-widget-sow-button-atom-66466acb9e12-2436\"\n\t\t\t\n\t\t><div class=\"ow-button-base ow-button-align-center\">\n\t<a\n\thref=\"https:\/\/cloud.educa.madrid.org\/s\/nZZNfwMYTGBHkgs\"\n\t\tclass=\"ow-icon-placement-left ow-button-hover\" target=\"_blank\" rel=\"noopener noreferrer\" \t>\n\t\t<span>\n\t\t\t\n\t\t\tACCESO A DESCRIPCI\u00d3N DE OPTATIVAS\t\t<\/span>\n\t<\/a>\n<\/div>\n<\/div><\/div><\/div><div id=\"pgc-2436-4-2\"  class=\"panel-grid-cell\" ><div id=\"panel-2436-4-2-0\" class=\"so-panel widget widget_sow-headline panel-first-child\" data-index=\"9\" ><div\n\t\t\t\n\t\t\tclass=\"so-widget-sow-headline so-widget-sow-headline-default-d6667f847359-2436 so-widget-fittext-wrapper\"\n\t\t\t data-fit-text-compressor=\"0.85\"\n\t\t><div class=\"sow-headline-container \">\n\t\t\t\t\t\t\t<h3 class=\"sow-headline\">\n\t\t\t\t\t\tPrograma Actividad F\u00edsica y Salud\t\t\t\t\t\t<\/h3>\n\t\t\t\t\t\t<\/div>\n<\/div><\/div><div id=\"panel-2436-4-2-1\" class=\"so-panel widget widget_text panel-last-child\" data-index=\"10\" >\t\t\t<div class=\"textwidget\"><p><center><\/center><center><\/p>\n<p align=\"justify\"><span style=\"font-family: Calibri, sans-serif;\"><span style=\"font-size: small;\">La intenci\u00f3n b\u00e1sica es la de ser un instrumento din\u00e1mico y con proyecci\u00f3n de futuro que garantice que todas las actividades que realizan los alumnos del IES Infanta Elena tengan un car\u00e1cter eminentemente educativo y de promoci\u00f3n de la actividad f\u00edsica y la salud creando situaciones que permitieran adquirir h\u00e1bitos de vida saludables y evitando el sedentarismo.<\/span><\/span><\/p>\n<p><\/center>&nbsp;<\/p>\n<\/div>\n\t\t<\/div><\/div><\/div><\/div>","protected":false},"excerpt":{"rendered":"<p>Criterios de calificaci\u00f3n Aqu\u00ed podr\u00e1s consultar\u00a0 los criterios de calificaci\u00f3n de todas las asignaturas del departamento. Leer m\u00e1s&#8230; Miembros del departamento Rafael Casado (JD) David Taylor Christian Jim\u00e9nez Bel\u00e9n Mart\u00edn Daniel Navas Elena Calle Recuperaci\u00f3n de pendientes \u00bfTienes alguna asignatura pendiente? Consulta como\u00a0 recuperarla. Leer m\u00e1s&#8230;. Instituto Promotor de la Actividad F\u00edsica y Deportiva Promover [&hellip;]<\/p>\n","protected":false},"author":3,"featured_media":0,"parent":2338,"menu_order":0,"comment_status":"closed","ping_status":"closed","template":"","meta":{"footnotes":""},"folder":[],"class_list":["post-2436","page","type-page","status-publish","hentry"],"rttpg_featured_image_url":null,"rttpg_author":{"display_name":"Cuenta","author_link":"https:\/\/site.educa.madrid.org\/ies.infantaelena.galapagar\/author\/cuenta_ies-infantaelena-galapagar\/"},"rttpg_comment":0,"rttpg_category":false,"rttpg_excerpt":"Criterios de calificaci\u00f3n Aqu\u00ed podr\u00e1s consultar\u00a0 los criterios de calificaci\u00f3n de todas las asignaturas del departamento. Leer m\u00e1s... Miembros del departamento Rafael Casado (JD) David Taylor Christian Jim\u00e9nez Bel\u00e9n Mart\u00edn Daniel Navas Elena Calle Recuperaci\u00f3n de pendientes \u00bfTienes alguna asignatura pendiente? Consulta como\u00a0 recuperarla. Leer m\u00e1s.... Instituto Promotor de la Actividad F\u00edsica y Deportiva Promover&hellip;","post_mailing_queue_ids":[],"_links":{"self":[{"href":"https:\/\/site.educa.madrid.org\/ies.infantaelena.galapagar\/wp-json\/wp\/v2\/pages\/2436","targetHints":{"allow":["GET"]}}],"collection":[{"href":"https:\/\/site.educa.madrid.org\/ies.infantaelena.galapagar\/wp-json\/wp\/v2\/pages"}],"about":[{"href":"https:\/\/site.educa.madrid.org\/ies.infantaelena.galapagar\/wp-json\/wp\/v2\/types\/page"}],"author":[{"embeddable":true,"href":"https:\/\/site.educa.madrid.org\/ies.infantaelena.galapagar\/wp-json\/wp\/v2\/users\/3"}],"replies":[{"embeddable":true,"href":"https:\/\/site.educa.madrid.org\/ies.infantaelena.galapagar\/wp-json\/wp\/v2\/comments?post=2436"}],"version-history":[{"count":27,"href":"https:\/\/site.educa.madrid.org\/ies.infantaelena.galapagar\/wp-json\/wp\/v2\/pages\/2436\/revisions"}],"predecessor-version":[{"id":10609,"href":"https:\/\/site.educa.madrid.org\/ies.infantaelena.galapagar\/wp-json\/wp\/v2\/pages\/2436\/revisions\/10609"}],"up":[{"embeddable":true,"href":"https:\/\/site.educa.madrid.org\/ies.infantaelena.galapagar\/wp-json\/wp\/v2\/pages\/2338"}],"wp:attachment":[{"href":"https:\/\/site.educa.madrid.org\/ies.infantaelena.galapagar\/wp-json\/wp\/v2\/media?parent=2436"}],"wp:term":[{"taxonomy":"folder","embeddable":true,"href":"https:\/\/site.educa.madrid.org\/ies.infantaelena.galapagar\/wp-json\/wp\/v2\/folder?post=2436"}],"curies":[{"name":"wp","href":"https:\/\/api.w.org\/{rel}","templated":true}]}}