{"id":2459,"date":"2021-12-01T17:17:32","date_gmt":"2021-12-01T16:17:32","guid":{"rendered":"https:\/\/site.educa.madrid.org\/ies.infantaelena.galapagar\/?page_id=2459"},"modified":"2025-11-14T19:32:07","modified_gmt":"2025-11-14T18:32:07","slug":"departamento-de-educacion-plastica","status":"publish","type":"page","link":"https:\/\/site.educa.madrid.org\/ies.infantaelena.galapagar\/departamentos-2\/departamento-de-educacion-plastica\/","title":{"rendered":"Departamento de Educaci\u00f3n Pl\u00e1stica"},"content":{"rendered":"<div id=\"pl-2459\"  class=\"panel-layout\" ><div id=\"pg-2459-0\"  class=\"panel-grid panel-has-style\" ><div class=\"panel-row-style panel-row-style-for-2459-0\" ><div id=\"pgc-2459-0-0\"  class=\"panel-grid-cell\" ><div id=\"panel-2459-0-0-0\" class=\"so-panel widget widget_sow-features panel-first-child panel-last-child\" data-index=\"0\" ><div\n\t\t\t\n\t\t\tclass=\"so-widget-sow-features so-widget-sow-features-default-1a5ba0454c27-2459\"\n\t\t\t\n\t\t>\n<div class=\"sow-features-list sow-features-responsive\">\n\n\t\t\t\t\t\t\t\t\t<div\n\t\t\t\tclass=\"sow-features-feature sow-icon-container-position-top\"\n\t\t\t\tstyle=\"display: flex; flex-direction: column; width: calc(33.333% - 25px);\"\n\t\t\t>\n\t\t\t\t\t\t\t<div class=\"sow-features-feature-right-left-container\" style=\"display: flex; flex-direction: inherit;\">\n\t\t\t\n\t\t\t\t\t\t\t\t<div\n\t\t\t\t\tclass=\"sow-icon-container sow-container-none\"\n\t\t\t\t\tstyle=\"color: #ffffff; \"\n\t\t\t\t\t\t\t\t\t>\n\t\t\t\t\t<span class=\"sow-icon-icomoon\" data-sow-icon=\"&#xe97b;\"\n\t\tstyle=\"font-size: 48px; color: #000000\" \n\t\taria-hidden=\"true\"><\/span>\t\t\t\t<\/div>\n\t\t\t\t\n\t\t\t\t<div class=\"textwidget\">\n\t\t\t\t\t\t\t\t\t\t\t<div class=\"sow-features-feature-content\">\n\t\t\t\t\t\n\t\t\t\t\t\t\t\t\t\t\t<h5>\n\t\t\t\t\t\t\t\t\t\t\t\t\t\t\t<a\n\t\t\t\t\t\t\t\t\thref=\"https:\/\/cloud.educa.madrid.org\/s\/k9xbyJSyrFEBjtf\"\n\t\t\t\t\t\t\t\t\ttarget=\"_blank\" rel=\"noopener noreferrer\"\t\t\t\t\t\t\t\t>\n\t\t\t\t\t\t\t\n\t\t\t\t\t\t\tCriterios de calificaci\u00f3n\t\t\t\t\t\t\t\t\t\t\t\t\t\t\t<\/a>\n\t\t\t\t\t\t\t\t\t\t\t\t\t<\/h5>\n\t\t\t\t\t\n\t\t\t\t\t\t\t\t\t\t\t<p>Aqu\u00ed podr\u00e1s consultar\u00a0 los criterios de calificaci\u00f3n de todas las asignaturas del departamento.<\/p>\n\t\t\t\t\t\n\t\t\t\t\t\t\t\t\t\t\t<\/div>\n\t\t\t\t\t\t<p class=\"sow-more-text\">\n\t\t\t\t\t\t\t<a href=\"https:\/\/cloud.educa.madrid.org\/s\/k9xbyJSyrFEBjtf\" target=\"_blank\" rel=\"noopener noreferrer\">\t\t\t\t\t\t\tLeer m\u00e1s...\t\t\t\t\t\t\t<\/a>\t\t\t\t\t\t<\/p>\n\t\t\t\t\t\t\t\t\t<\/div>\n\t\t\t\t\t\t\t\t\t<\/div>\n\t\t\t\t\t\t\t\t\n\t\t\t\t\t\t\t<\/div>\n\n\t\t\t\t\t\t\t\t<div\n\t\t\t\tclass=\"sow-features-feature sow-icon-container-position-top\"\n\t\t\t\tstyle=\"display: flex; flex-direction: column; width: calc(33.333% - 25px);\"\n\t\t\t>\n\t\t\t\n\t\t\t\t\t\t\t\t<div\n\t\t\t\t\tclass=\"sow-icon-container sow-container-none\"\n\t\t\t\t\tstyle=\"color: #ffffff; \"\n\t\t\t\t\t\t\t\t\t>\n\t\t\t\t\t<span class=\"sow-icon-icomoon\" data-sow-icon=\"&#xe97b;\"\n\t\tstyle=\"font-size: 48px; color: #000000\" \n\t\taria-hidden=\"true\"><\/span>\t\t\t\t<\/div>\n\t\t\t\t\n\t\t\t\t<div class=\"textwidget\">\n\t\t\t\t\t\n\t\t\t\t\t\t\t\t\t\t\t<h5>\n\t\t\t\t\t\t\t\n\t\t\t\t\t\t\tMiembros del departamento\t\t\t\t\t\t\t\t\t\t\t\t\t<\/h5>\n\t\t\t\t\t\n\t\t\t\t\t\t\t\t\t\t\t<p style=\"text-align: center\">Bel\u00e9n Cabezas (JD)<\/p>\n<p style=\"text-align: center\">Silvia Pascual<\/p>\n\t\t\t\t\t\n\t\t\t\t\t\t\t\t\t<\/div>\n\t\t\t\t\t\t\t\t\n\t\t\t\t\t\t\t<\/div>\n\n\t\t\t\t\t\t\t\t<div\n\t\t\t\tclass=\"sow-features-feature sow-icon-container-position-top\"\n\t\t\t\tstyle=\"display: flex; flex-direction: column; width: calc(33.333% - 25px);\"\n\t\t\t>\n\t\t\t\t\t\t\t<div class=\"sow-features-feature-right-left-container\" style=\"display: flex; flex-direction: inherit;\">\n\t\t\t\n\t\t\t\t\t\t\t\t<div\n\t\t\t\t\tclass=\"sow-icon-container sow-container-none\"\n\t\t\t\t\tstyle=\"color: #ffffff; \"\n\t\t\t\t\t\t\t\t\t>\n\t\t\t\t\t<span class=\"sow-icon-icomoon\" data-sow-icon=\"&#xe97b;\"\n\t\tstyle=\"font-size: 48px; color: #000000\" \n\t\taria-hidden=\"true\"><\/span>\t\t\t\t<\/div>\n\t\t\t\t\n\t\t\t\t<div class=\"textwidget\">\n\t\t\t\t\t\t\t\t\t\t\t<div class=\"sow-features-feature-content\">\n\t\t\t\t\t\n\t\t\t\t\t\t\t\t\t\t\t<h5>\n\t\t\t\t\t\t\t\t\t\t\t\t\t\t\t<a\n\t\t\t\t\t\t\t\t\thref=\"https:\/\/cloud.educa.madrid.org\/s\/k9xbyJSyrFEBjtf\"\n\t\t\t\t\t\t\t\t\ttarget=\"_blank\" rel=\"noopener noreferrer\"\t\t\t\t\t\t\t\t>\n\t\t\t\t\t\t\t\n\t\t\t\t\t\t\tRecuperaci\u00f3n de pendientes\t\t\t\t\t\t\t\t\t\t\t\t\t\t\t<\/a>\n\t\t\t\t\t\t\t\t\t\t\t\t\t<\/h5>\n\t\t\t\t\t\n\t\t\t\t\t\t\t\t\t\t\t<p>\u00bfTienes alguna asignatura pendiente? Consulta como\u00a0 recuperarla.<\/p>\n\t\t\t\t\t\n\t\t\t\t\t\t\t\t\t\t\t<\/div>\n\t\t\t\t\t\t<p class=\"sow-more-text\">\n\t\t\t\t\t\t\t<a href=\"https:\/\/cloud.educa.madrid.org\/s\/k9xbyJSyrFEBjtf\" target=\"_blank\" rel=\"noopener noreferrer\">\t\t\t\t\t\t\tLeer m\u00e1s....\t\t\t\t\t\t\t<\/a>\t\t\t\t\t\t<\/p>\n\t\t\t\t\t\t\t\t\t<\/div>\n\t\t\t\t\t\t\t\t\t<\/div>\n\t\t\t\t\t\t\t\t\n\t\t\t\t\t\t\t<\/div>\n\n\t\t\t\n<\/div>\n<\/div><\/div><\/div><\/div><\/div><div id=\"pg-2459-1\"  class=\"panel-grid panel-has-style\" ><div class=\"siteorigin-panels-stretch panel-row-style panel-row-style-for-2459-1\" data-stretch-type=\"full-width-stretch\" ><div id=\"pgc-2459-1-0\"  class=\"panel-grid-cell\" ><div id=\"panel-2459-1-0-0\" class=\"so-panel widget widget_sow-headline panel-first-child panel-last-child\" data-index=\"1\" ><div\n\t\t\t\n\t\t\tclass=\"so-widget-sow-headline so-widget-sow-headline-default-3c20fcb07bcf-2459\"\n\t\t\t\n\t\t><div class=\"sow-headline-container \">\n\t\t\t\t\t\t<div class=\"decoration\">\n\t\t\t\t\t\t<div class=\"decoration-inside\"><\/div>\n\t\t\t\t\t<\/div>\n\t\t\t\t\t<\/div>\n<\/div><\/div><\/div><\/div><\/div><div id=\"pg-2459-2\"  class=\"panel-grid panel-no-style\" ><div id=\"pgc-2459-2-0\"  class=\"panel-grid-cell\" ><div id=\"panel-2459-2-0-0\" class=\"so-panel widget widget_sow-headline panel-first-child\" data-index=\"2\" ><div\n\t\t\t\n\t\t\tclass=\"so-widget-sow-headline so-widget-sow-headline-default-e6e8ec5240c0-2459 so-widget-fittext-wrapper\"\n\t\t\t data-fit-text-compressor=\"0.85\"\n\t\t><div class=\"sow-headline-container \">\n\t<\/div>\n<\/div><\/div><div id=\"panel-2459-2-0-1\" class=\"so-panel widget widget_sow-image-grid panel-last-child\" data-index=\"3\" ><div\n\t\t\t\n\t\t\tclass=\"so-widget-sow-image-grid so-widget-sow-image-grid-default-3fbf13dff59f-2459\"\n\t\t\t\n\t\t>\t<div\n\t\tclass=\"sow-image-grid-wrapper\"\n\t\t\t\t\t>\n\t\t\t\t\t<div class=\"sow-image-grid-image\">\n\t\t\t\t\t\t\t\t\t\t\t\t<img loading=\"lazy\" decoding=\"async\" width=\"525\" height=\"525\" src=\"https:\/\/site.educa.madrid.org\/ies.infantaelena.galapagar\/\/wp-content\/uploads\/ies.infantaelena.galapagar\/2021\/12\/E3m3uTjXMAYZIR3-768x768.jpg\" class=\"sow-image-grid-image_html\" alt=\"\" title=\"\" srcset=\"https:\/\/site.educa.madrid.org\/ies.infantaelena.galapagar\/\/wp-content\/uploads\/ies.infantaelena.galapagar\/2021\/12\/E3m3uTjXMAYZIR3-768x768.jpg 768w, https:\/\/site.educa.madrid.org\/ies.infantaelena.galapagar\/\/wp-content\/uploads\/ies.infantaelena.galapagar\/2021\/12\/E3m3uTjXMAYZIR3-300x300.jpg 300w, https:\/\/site.educa.madrid.org\/ies.infantaelena.galapagar\/\/wp-content\/uploads\/ies.infantaelena.galapagar\/2021\/12\/E3m3uTjXMAYZIR3-1024x1024.jpg 1024w, https:\/\/site.educa.madrid.org\/ies.infantaelena.galapagar\/\/wp-content\/uploads\/ies.infantaelena.galapagar\/2021\/12\/E3m3uTjXMAYZIR3-150x150.jpg 150w, https:\/\/site.educa.madrid.org\/ies.infantaelena.galapagar\/\/wp-content\/uploads\/ies.infantaelena.galapagar\/2021\/12\/E3m3uTjXMAYZIR3-450x450.jpg 450w, https:\/\/site.educa.madrid.org\/ies.infantaelena.galapagar\/\/wp-content\/uploads\/ies.infantaelena.galapagar\/2021\/12\/E3m3uTjXMAYZIR3.jpg 1280w\" sizes=\"auto, (max-width: 525px) 100vw, 525px\" \/>\t\t\t\t\t\t\t\t\t\t\t<\/div>\n\t\t\t<\/div>\n<\/div><\/div><\/div><\/div><div id=\"pg-2459-3\"  class=\"panel-grid panel-has-style\" ><div class=\"siteorigin-panels-stretch panel-row-style panel-row-style-for-2459-3\" data-stretch-type=\"full-width-stretch\" ><div id=\"pgc-2459-3-0\"  class=\"panel-grid-cell\" ><div id=\"panel-2459-3-0-0\" class=\"so-panel widget widget_sow-headline panel-first-child panel-last-child\" data-index=\"4\" ><div\n\t\t\t\n\t\t\tclass=\"so-widget-sow-headline so-widget-sow-headline-default-3c20fcb07bcf-2459\"\n\t\t\t\n\t\t><div class=\"sow-headline-container \">\n\t\t\t\t\t\t<div class=\"decoration\">\n\t\t\t\t\t\t<div class=\"decoration-inside\"><\/div>\n\t\t\t\t\t<\/div>\n\t\t\t\t\t<\/div>\n<\/div><\/div><\/div><\/div><\/div><div id=\"pg-2459-4\"  class=\"panel-grid panel-no-style\" ><div id=\"pgc-2459-4-0\"  class=\"panel-grid-cell\" ><div id=\"panel-2459-4-0-0\" class=\"so-panel widget widget_sow-headline panel-first-child\" data-index=\"5\" ><div\n\t\t\t\n\t\t\tclass=\"so-widget-sow-headline so-widget-sow-headline-default-d6667f847359-2459 so-widget-fittext-wrapper\"\n\t\t\t data-fit-text-compressor=\"0.85\"\n\t\t><div class=\"sow-headline-container \">\n\t\t\t\t\t\t\t<h3 class=\"sow-headline\">\n\t\t\t\t\t\tDise\u00f1o Agenda escolar\t\t\t\t\t\t<\/h3>\n\t\t\t\t\t\t<\/div>\n<\/div><\/div><div id=\"panel-2459-4-0-1\" class=\"so-panel widget widget_sow-image panel-last-child\" data-index=\"6\" ><div\n\t\t\t\n\t\t\tclass=\"so-widget-sow-image so-widget-sow-image-default-113ccd71f3e6-2459\"\n\t\t\t\n\t\t>\n\n<div class=\"sow-image-container\">\n\t\t<img loading=\"lazy\" decoding=\"async\" src=\"https:\/\/site.educa.madrid.org\/ies.infantaelena.galapagar\/\/wp-content\/uploads\/ies.infantaelena.galapagar\/2025\/11\/Captura-de-pantalla-2025-11-14-193147-232x300.png\" width=\"232\" height=\"300\" srcset=\"https:\/\/site.educa.madrid.org\/ies.infantaelena.galapagar\/\/wp-content\/uploads\/ies.infantaelena.galapagar\/2025\/11\/Captura-de-pantalla-2025-11-14-193147-232x300.png 232w, https:\/\/site.educa.madrid.org\/ies.infantaelena.galapagar\/\/wp-content\/uploads\/ies.infantaelena.galapagar\/2025\/11\/Captura-de-pantalla-2025-11-14-193147.png 648w\" sizes=\"auto, (max-width: 232px) 100vw, 232px\" title=\"Captura de pantalla 2025-11-14 193147\" alt=\"\" \t\tclass=\"so-widget-image\"\/>\n\t<\/div>\n\n<\/div><\/div><\/div><div id=\"pgc-2459-4-1\"  class=\"panel-grid-cell\" ><div id=\"panel-2459-4-1-0\" class=\"so-panel widget widget_sow-headline panel-first-child\" data-index=\"7\" ><div\n\t\t\t\n\t\t\tclass=\"so-widget-sow-headline so-widget-sow-headline-default-e7ef05371c0e-2459 so-widget-fittext-wrapper\"\n\t\t\t data-fit-text-compressor=\"0.85\"\n\t\t><div class=\"sow-headline-container \">\n\t\t\t\t\t\t\t<h3 class=\"sow-headline\">\n\t\t\t\t\t\tOptativas\t\t\t\t\t\t<\/h3>\n\t\t\t\t\t\t<\/div>\n<\/div><\/div><div id=\"panel-2459-4-1-1\" class=\"so-panel widget widget_text\" data-index=\"8\" >\t\t\t<div class=\"textwidget\"><p><center><\/center><center>DIBUJO ART\u00cdSTICO I Y II<\/center><center>DIBUJO T\u00c9CNICO I Y II<\/center><center>EXPRESI\u00d3N ART\u00cdSTICA<\/center><center>PROYECTO CREACI\u00d3N AUDIOVISUAL Y PL\u00c1STICA<\/center><\/p>\n<\/div>\n\t\t<\/div><div id=\"panel-2459-4-1-2\" class=\"so-panel widget widget_sow-button panel-last-child\" data-index=\"9\" ><div\n\t\t\t\n\t\t\tclass=\"so-widget-sow-button so-widget-sow-button-atom-66466acb9e12-2459\"\n\t\t\t\n\t\t><div class=\"ow-button-base ow-button-align-center\">\n\t<a\n\thref=\"https:\/\/cloud.educa.madrid.org\/s\/nZZNfwMYTGBHkgs\"\n\t\tclass=\"ow-icon-placement-left ow-button-hover\" target=\"_blank\" rel=\"noopener noreferrer\" \t>\n\t\t<span>\n\t\t\t\n\t\t\tACCESO A DESCRIPCI\u00d3N DE OPTATIVAS\t\t<\/span>\n\t<\/a>\n<\/div>\n<\/div><\/div><\/div><div id=\"pgc-2459-4-2\"  class=\"panel-grid-cell\" ><div id=\"panel-2459-4-2-0\" class=\"so-panel widget widget_sow-headline panel-first-child\" data-index=\"10\" ><div\n\t\t\t\n\t\t\tclass=\"so-widget-sow-headline so-widget-sow-headline-default-d6667f847359-2459 so-widget-fittext-wrapper\"\n\t\t\t data-fit-text-compressor=\"0.85\"\n\t\t><div class=\"sow-headline-container \">\n\t\t\t\t\t\t\t<h3 class=\"sow-headline\">\n\t\t\t\t\t\tDise\u00f1o Felicitaci\u00f3n navide\u00f1a\t\t\t\t\t\t<\/h3>\n\t\t\t\t\t\t<\/div>\n<\/div><\/div><div id=\"panel-2459-4-2-1\" class=\"so-panel widget widget_sow-image panel-last-child\" data-index=\"11\" ><div\n\t\t\t\n\t\t\tclass=\"so-widget-sow-image so-widget-sow-image-default-113ccd71f3e6-2459\"\n\t\t\t\n\t\t>\n\n<div class=\"sow-image-container\">\n\t\t<img loading=\"lazy\" decoding=\"async\" src=\"https:\/\/site.educa.madrid.org\/ies.infantaelena.galapagar\/\/wp-content\/uploads\/ies.infantaelena.galapagar\/2024\/11\/Captura-de-pantalla-2024-11-10-111459-169x300.png\" width=\"169\" height=\"300\" srcset=\"https:\/\/site.educa.madrid.org\/ies.infantaelena.galapagar\/\/wp-content\/uploads\/ies.infantaelena.galapagar\/2024\/11\/Captura-de-pantalla-2024-11-10-111459-169x300.png 169w, https:\/\/site.educa.madrid.org\/ies.infantaelena.galapagar\/\/wp-content\/uploads\/ies.infantaelena.galapagar\/2024\/11\/Captura-de-pantalla-2024-11-10-111459.png 345w\" sizes=\"auto, (max-width: 169px) 100vw, 169px\" title=\"Captura de pantalla 2024-11-10 111459\" alt=\"\" \t\tclass=\"so-widget-image\"\/>\n\t<\/div>\n\n<\/div><\/div><\/div><\/div><\/div>","protected":false},"excerpt":{"rendered":"<p>Criterios de calificaci\u00f3n Aqu\u00ed podr\u00e1s consultar\u00a0 los criterios de calificaci\u00f3n de todas las asignaturas del departamento. Leer m\u00e1s&#8230; Miembros del departamento Bel\u00e9n Cabezas (JD) Silvia Pascual Recuperaci\u00f3n de pendientes \u00bfTienes alguna asignatura pendiente? Consulta como\u00a0 recuperarla. Leer m\u00e1s&#8230;. Dise\u00f1o Agenda escolar Optativas DIBUJO ART\u00cdSTICO I Y IIDIBUJO T\u00c9CNICO I Y IIEXPRESI\u00d3N ART\u00cdSTICAPROYECTO CREACI\u00d3N AUDIOVISUAL Y [&hellip;]<\/p>\n","protected":false},"author":3,"featured_media":0,"parent":2338,"menu_order":0,"comment_status":"closed","ping_status":"closed","template":"","meta":{"footnotes":""},"folder":[],"class_list":["post-2459","page","type-page","status-publish","hentry"],"rttpg_featured_image_url":null,"rttpg_author":{"display_name":"Cuenta","author_link":"https:\/\/site.educa.madrid.org\/ies.infantaelena.galapagar\/author\/cuenta_ies-infantaelena-galapagar\/"},"rttpg_comment":0,"rttpg_category":false,"rttpg_excerpt":"Criterios de calificaci\u00f3n Aqu\u00ed podr\u00e1s consultar\u00a0 los criterios de calificaci\u00f3n de todas las asignaturas del departamento. Leer m\u00e1s... Miembros del departamento Bel\u00e9n Cabezas (JD) Silvia Pascual Recuperaci\u00f3n de pendientes \u00bfTienes alguna asignatura pendiente? Consulta como\u00a0 recuperarla. Leer m\u00e1s.... Dise\u00f1o Agenda escolar Optativas DIBUJO ART\u00cdSTICO I Y IIDIBUJO T\u00c9CNICO I Y IIEXPRESI\u00d3N ART\u00cdSTICAPROYECTO CREACI\u00d3N AUDIOVISUAL Y&hellip;","post_mailing_queue_ids":[],"_links":{"self":[{"href":"https:\/\/site.educa.madrid.org\/ies.infantaelena.galapagar\/wp-json\/wp\/v2\/pages\/2459","targetHints":{"allow":["GET"]}}],"collection":[{"href":"https:\/\/site.educa.madrid.org\/ies.infantaelena.galapagar\/wp-json\/wp\/v2\/pages"}],"about":[{"href":"https:\/\/site.educa.madrid.org\/ies.infantaelena.galapagar\/wp-json\/wp\/v2\/types\/page"}],"author":[{"embeddable":true,"href":"https:\/\/site.educa.madrid.org\/ies.infantaelena.galapagar\/wp-json\/wp\/v2\/users\/3"}],"replies":[{"embeddable":true,"href":"https:\/\/site.educa.madrid.org\/ies.infantaelena.galapagar\/wp-json\/wp\/v2\/comments?post=2459"}],"version-history":[{"count":22,"href":"https:\/\/site.educa.madrid.org\/ies.infantaelena.galapagar\/wp-json\/wp\/v2\/pages\/2459\/revisions"}],"predecessor-version":[{"id":10611,"href":"https:\/\/site.educa.madrid.org\/ies.infantaelena.galapagar\/wp-json\/wp\/v2\/pages\/2459\/revisions\/10611"}],"up":[{"embeddable":true,"href":"https:\/\/site.educa.madrid.org\/ies.infantaelena.galapagar\/wp-json\/wp\/v2\/pages\/2338"}],"wp:attachment":[{"href":"https:\/\/site.educa.madrid.org\/ies.infantaelena.galapagar\/wp-json\/wp\/v2\/media?parent=2459"}],"wp:term":[{"taxonomy":"folder","embeddable":true,"href":"https:\/\/site.educa.madrid.org\/ies.infantaelena.galapagar\/wp-json\/wp\/v2\/folder?post=2459"}],"curies":[{"name":"wp","href":"https:\/\/api.w.org\/{rel}","templated":true}]}}