{"id":2482,"date":"2021-12-01T17:41:45","date_gmt":"2021-12-01T16:41:45","guid":{"rendered":"https:\/\/site.educa.madrid.org\/ies.infantaelena.galapagar\/?page_id=2482"},"modified":"2025-11-14T19:00:50","modified_gmt":"2025-11-14T18:00:50","slug":"departamento-de-lengua-y-literatura","status":"publish","type":"page","link":"https:\/\/site.educa.madrid.org\/ies.infantaelena.galapagar\/departamentos-2\/departamento-de-lengua-y-literatura\/","title":{"rendered":"Departamento de Lengua Castellana y Literatura"},"content":{"rendered":"<div id=\"pl-2482\"  class=\"panel-layout\" ><div id=\"pg-2482-0\"  class=\"panel-grid panel-has-style\" ><div class=\"panel-row-style panel-row-style-for-2482-0\" ><div id=\"pgc-2482-0-0\"  class=\"panel-grid-cell\" ><div id=\"panel-2482-0-0-0\" class=\"so-panel widget widget_sow-features panel-first-child panel-last-child\" data-index=\"0\" ><div\n\t\t\t\n\t\t\tclass=\"so-widget-sow-features so-widget-sow-features-default-1a5ba0454c27-2482\"\n\t\t\t\n\t\t>\n<div class=\"sow-features-list sow-features-responsive\">\n\n\t\t\t\t\t\t\t\t\t<div\n\t\t\t\tclass=\"sow-features-feature sow-icon-container-position-top\"\n\t\t\t\tstyle=\"display: flex; flex-direction: column; width: calc(33.333% - 25px);\"\n\t\t\t>\n\t\t\t\t\t\t\t<div class=\"sow-features-feature-right-left-container\" style=\"display: flex; flex-direction: inherit;\">\n\t\t\t\n\t\t\t\t\t\t\t\t<div\n\t\t\t\t\tclass=\"sow-icon-container sow-container-none\"\n\t\t\t\t\tstyle=\"color: #ffffff; \"\n\t\t\t\t\t\t\t\t\t>\n\t\t\t\t\t<span class=\"sow-icon-icomoon\" data-sow-icon=\"&#xe97b;\"\n\t\tstyle=\"font-size: 48px; color: #000000\" \n\t\taria-hidden=\"true\"><\/span>\t\t\t\t<\/div>\n\t\t\t\t\n\t\t\t\t<div class=\"textwidget\">\n\t\t\t\t\t\t\t\t\t\t\t<div class=\"sow-features-feature-content\">\n\t\t\t\t\t\n\t\t\t\t\t\t\t\t\t\t\t<h5>\n\t\t\t\t\t\t\t\t\t\t\t\t\t\t\t<a\n\t\t\t\t\t\t\t\t\thref=\"https:\/\/cloud.educa.madrid.org\/s\/Ny8xrbBEoqSo5Ag\"\n\t\t\t\t\t\t\t\t\ttarget=\"_blank\" rel=\"noopener noreferrer\"\t\t\t\t\t\t\t\t>\n\t\t\t\t\t\t\t\n\t\t\t\t\t\t\tCriterios de calificaci\u00f3n\t\t\t\t\t\t\t\t\t\t\t\t\t\t\t<\/a>\n\t\t\t\t\t\t\t\t\t\t\t\t\t<\/h5>\n\t\t\t\t\t\n\t\t\t\t\t\t\t\t\t\t\t<p>Aqu\u00ed podr\u00e1s consultar\u00a0 los criterios de calificaci\u00f3n de todas las asignaturas del departamento.<\/p>\n\t\t\t\t\t\n\t\t\t\t\t\t\t\t\t\t\t<\/div>\n\t\t\t\t\t\t<p class=\"sow-more-text\">\n\t\t\t\t\t\t\t<a href=\"https:\/\/cloud.educa.madrid.org\/s\/Ny8xrbBEoqSo5Ag\" target=\"_blank\" rel=\"noopener noreferrer\">\t\t\t\t\t\t\tLeer m\u00e1s...\t\t\t\t\t\t\t<\/a>\t\t\t\t\t\t<\/p>\n\t\t\t\t\t\t\t\t\t<\/div>\n\t\t\t\t\t\t\t\t\t<\/div>\n\t\t\t\t\t\t\t\t\n\t\t\t\t\t\t\t<\/div>\n\n\t\t\t\t\t\t\t\t<div\n\t\t\t\tclass=\"sow-features-feature sow-icon-container-position-top\"\n\t\t\t\tstyle=\"display: flex; flex-direction: column; width: calc(33.333% - 25px);\"\n\t\t\t>\n\t\t\t\n\t\t\t\t\t\t\t\t<div\n\t\t\t\t\tclass=\"sow-icon-container sow-container-none\"\n\t\t\t\t\tstyle=\"color: #ffffff; \"\n\t\t\t\t\t\t\t\t\t>\n\t\t\t\t\t<span class=\"sow-icon-icomoon\" data-sow-icon=\"&#xe97b;\"\n\t\tstyle=\"font-size: 48px; color: #000000\" \n\t\taria-hidden=\"true\"><\/span>\t\t\t\t<\/div>\n\t\t\t\t\n\t\t\t\t<div class=\"textwidget\">\n\t\t\t\t\t\n\t\t\t\t\t\t\t\t\t\t\t<h5>\n\t\t\t\t\t\t\t\n\t\t\t\t\t\t\tMiembros del departamento\t\t\t\t\t\t\t\t\t\t\t\t\t<\/h5>\n\t\t\t\t\t\n\t\t\t\t\t\t\t\t\t\t\t<p style=\"text-align: center\">Arancha P\u00e9rez (JD)<\/p>\n<p style=\"text-align: center\">Avelino Bern\u00e1rdez\nCelia Carmona\nMar\u00eda Jim\u00e9nez\nFrancisco Muela\nAlmudena Rodr\u00edguez\nCristina Villoslada<\/p>\t\t\t\t\t\n\t\t\t\t\t\t\t\t\t<\/div>\n\t\t\t\t\t\t\t\t\n\t\t\t\t\t\t\t<\/div>\n\n\t\t\t\t\t\t\t\t<div\n\t\t\t\tclass=\"sow-features-feature sow-icon-container-position-top\"\n\t\t\t\tstyle=\"display: flex; flex-direction: column; width: calc(33.333% - 25px);\"\n\t\t\t>\n\t\t\t\t\t\t\t<div class=\"sow-features-feature-right-left-container\" style=\"display: flex; flex-direction: inherit;\">\n\t\t\t\n\t\t\t\t\t\t\t\t<div\n\t\t\t\t\tclass=\"sow-icon-container sow-container-none\"\n\t\t\t\t\tstyle=\"color: #ffffff; \"\n\t\t\t\t\t\t\t\t\t>\n\t\t\t\t\t<span class=\"sow-icon-icomoon\" data-sow-icon=\"&#xe97b;\"\n\t\tstyle=\"font-size: 48px; color: #000000\" \n\t\taria-hidden=\"true\"><\/span>\t\t\t\t<\/div>\n\t\t\t\t\n\t\t\t\t<div class=\"textwidget\">\n\t\t\t\t\t\t\t\t\t\t\t<div class=\"sow-features-feature-content\">\n\t\t\t\t\t\n\t\t\t\t\t\t\t\t\t\t\t<h5>\n\t\t\t\t\t\t\t\t\t\t\t\t\t\t\t<a\n\t\t\t\t\t\t\t\t\thref=\"https:\/\/cloud.educa.madrid.org\/s\/Ny8xrbBEoqSo5Ag\"\n\t\t\t\t\t\t\t\t\ttarget=\"_blank\" rel=\"noopener noreferrer\"\t\t\t\t\t\t\t\t>\n\t\t\t\t\t\t\t\n\t\t\t\t\t\t\tRecuperaci\u00f3n de pendientes\t\t\t\t\t\t\t\t\t\t\t\t\t\t\t<\/a>\n\t\t\t\t\t\t\t\t\t\t\t\t\t<\/h5>\n\t\t\t\t\t\n\t\t\t\t\t\t\t\t\t\t\t<p>\u00bfTienes alguna asignatura pendiente? Consulta como\u00a0 recuperarla.<\/p>\n\t\t\t\t\t\n\t\t\t\t\t\t\t\t\t\t\t<\/div>\n\t\t\t\t\t\t<p class=\"sow-more-text\">\n\t\t\t\t\t\t\t<a href=\"https:\/\/cloud.educa.madrid.org\/s\/Ny8xrbBEoqSo5Ag\" target=\"_blank\" rel=\"noopener noreferrer\">\t\t\t\t\t\t\tLeer m\u00e1s....\t\t\t\t\t\t\t<\/a>\t\t\t\t\t\t<\/p>\n\t\t\t\t\t\t\t\t\t<\/div>\n\t\t\t\t\t\t\t\t\t<\/div>\n\t\t\t\t\t\t\t\t\n\t\t\t\t\t\t\t<\/div>\n\n\t\t\t\n<\/div>\n<\/div><\/div><\/div><\/div><\/div><div id=\"pg-2482-1\"  class=\"panel-grid panel-has-style\" ><div class=\"siteorigin-panels-stretch panel-row-style panel-row-style-for-2482-1\" data-stretch-type=\"full-width-stretch\" ><div id=\"pgc-2482-1-0\"  class=\"panel-grid-cell\" ><div id=\"panel-2482-1-0-0\" class=\"so-panel widget widget_sow-headline panel-first-child panel-last-child\" data-index=\"1\" ><div\n\t\t\t\n\t\t\tclass=\"so-widget-sow-headline so-widget-sow-headline-default-a2a726be384d-2482\"\n\t\t\t\n\t\t><div class=\"sow-headline-container \">\n\t\t\t\t\t\t<div class=\"decoration\">\n\t\t\t\t\t\t<div class=\"decoration-inside\"><\/div>\n\t\t\t\t\t<\/div>\n\t\t\t\t\t<\/div>\n<\/div><\/div><\/div><\/div><\/div><div id=\"pg-2482-2\"  class=\"panel-grid panel-no-style\" ><div id=\"pgc-2482-2-0\"  class=\"panel-grid-cell\" ><div id=\"panel-2482-2-0-0\" class=\"so-panel widget widget_sow-image panel-first-child panel-last-child\" data-index=\"2\" ><div\n\t\t\t\n\t\t\tclass=\"so-widget-sow-image so-widget-sow-image-default-113ccd71f3e6-2482\"\n\t\t\t\n\t\t>\n\n<div class=\"sow-image-container\">\n\t\t<img loading=\"lazy\" decoding=\"async\" src=\"https:\/\/site.educa.madrid.org\/ies.infantaelena.galapagar\/\/wp-content\/uploads\/ies.infantaelena.galapagar\/2021\/12\/g84e8c8b2b3dcb57a4fd6f926a9a4ed0cf1e8b613596bbf5724bd374d7e5e85a960be39c53587d10e08eba256bd7345ef_1920-768x432.jpg\" width=\"525\" height=\"295\" srcset=\"https:\/\/site.educa.madrid.org\/ies.infantaelena.galapagar\/\/wp-content\/uploads\/ies.infantaelena.galapagar\/2021\/12\/g84e8c8b2b3dcb57a4fd6f926a9a4ed0cf1e8b613596bbf5724bd374d7e5e85a960be39c53587d10e08eba256bd7345ef_1920-768x432.jpg 768w, https:\/\/site.educa.madrid.org\/ies.infantaelena.galapagar\/\/wp-content\/uploads\/ies.infantaelena.galapagar\/2021\/12\/g84e8c8b2b3dcb57a4fd6f926a9a4ed0cf1e8b613596bbf5724bd374d7e5e85a960be39c53587d10e08eba256bd7345ef_1920-300x169.jpg 300w, https:\/\/site.educa.madrid.org\/ies.infantaelena.galapagar\/\/wp-content\/uploads\/ies.infantaelena.galapagar\/2021\/12\/g84e8c8b2b3dcb57a4fd6f926a9a4ed0cf1e8b613596bbf5724bd374d7e5e85a960be39c53587d10e08eba256bd7345ef_1920-1024x576.jpg 1024w, https:\/\/site.educa.madrid.org\/ies.infantaelena.galapagar\/\/wp-content\/uploads\/ies.infantaelena.galapagar\/2021\/12\/g84e8c8b2b3dcb57a4fd6f926a9a4ed0cf1e8b613596bbf5724bd374d7e5e85a960be39c53587d10e08eba256bd7345ef_1920-1536x864.jpg 1536w, https:\/\/site.educa.madrid.org\/ies.infantaelena.galapagar\/\/wp-content\/uploads\/ies.infantaelena.galapagar\/2021\/12\/g84e8c8b2b3dcb57a4fd6f926a9a4ed0cf1e8b613596bbf5724bd374d7e5e85a960be39c53587d10e08eba256bd7345ef_1920.jpg 1920w\" sizes=\"auto, (max-width: 525px) 100vw, 525px\" alt=\"\" \t\tclass=\"so-widget-image\"\/>\n\t<\/div>\n\n<\/div><\/div><\/div><\/div><div id=\"pg-2482-3\"  class=\"panel-grid panel-has-style\" ><div class=\"siteorigin-panels-stretch panel-row-style panel-row-style-for-2482-3\" data-stretch-type=\"full-width-stretch\" ><div id=\"pgc-2482-3-0\"  class=\"panel-grid-cell\" ><div id=\"panel-2482-3-0-0\" class=\"so-panel widget widget_sow-headline panel-first-child panel-last-child\" data-index=\"3\" ><div\n\t\t\t\n\t\t\tclass=\"so-widget-sow-headline so-widget-sow-headline-default-3c20fcb07bcf-2482\"\n\t\t\t\n\t\t><div class=\"sow-headline-container \">\n\t\t\t\t\t\t<div class=\"decoration\">\n\t\t\t\t\t\t<div class=\"decoration-inside\"><\/div>\n\t\t\t\t\t<\/div>\n\t\t\t\t\t<\/div>\n<\/div><\/div><\/div><\/div><\/div><div id=\"pg-2482-4\"  class=\"panel-grid panel-no-style\" ><div id=\"pgc-2482-4-0\"  class=\"panel-grid-cell\" ><div id=\"panel-2482-4-0-0\" class=\"so-panel widget widget_sow-headline panel-first-child\" data-index=\"4\" ><div\n\t\t\t\n\t\t\tclass=\"so-widget-sow-headline so-widget-sow-headline-default-d6667f847359-2482 so-widget-fittext-wrapper\"\n\t\t\t data-fit-text-compressor=\"0.85\"\n\t\t><div class=\"sow-headline-container \">\n\t\t\t\t\t\t\t<h3 class=\"sow-headline\">\n\t\t\t\t\t\tConcurso literario IES Infanta Elena\t\t\t\t\t\t<\/h3>\n\t\t\t\t\t\t<\/div>\n<\/div><\/div><div id=\"panel-2482-4-0-1\" class=\"so-panel widget widget_sow-image panel-last-child\" data-index=\"5\" ><div\n\t\t\t\n\t\t\tclass=\"so-widget-sow-image so-widget-sow-image-default-113ccd71f3e6-2482\"\n\t\t\t\n\t\t>\n\n<div class=\"sow-image-container\">\n\t\t<img loading=\"lazy\" decoding=\"async\" src=\"https:\/\/site.educa.madrid.org\/ies.infantaelena.galapagar\/\/wp-content\/uploads\/ies.infantaelena.galapagar\/2024\/11\/Captura-de-pantalla-2024-11-10-134556-768x430.png\" width=\"525\" height=\"294\" srcset=\"https:\/\/site.educa.madrid.org\/ies.infantaelena.galapagar\/\/wp-content\/uploads\/ies.infantaelena.galapagar\/2024\/11\/Captura-de-pantalla-2024-11-10-134556-768x430.png 768w, https:\/\/site.educa.madrid.org\/ies.infantaelena.galapagar\/\/wp-content\/uploads\/ies.infantaelena.galapagar\/2024\/11\/Captura-de-pantalla-2024-11-10-134556-300x168.png 300w, https:\/\/site.educa.madrid.org\/ies.infantaelena.galapagar\/\/wp-content\/uploads\/ies.infantaelena.galapagar\/2024\/11\/Captura-de-pantalla-2024-11-10-134556-1024x573.png 1024w, https:\/\/site.educa.madrid.org\/ies.infantaelena.galapagar\/\/wp-content\/uploads\/ies.infantaelena.galapagar\/2024\/11\/Captura-de-pantalla-2024-11-10-134556.png 1097w\" sizes=\"auto, (max-width: 525px) 100vw, 525px\" title=\"Captura de pantalla 2024-11-10 134556\" alt=\"\" \t\tclass=\"so-widget-image\"\/>\n\t<\/div>\n\n<\/div><\/div><\/div><div id=\"pgc-2482-4-1\"  class=\"panel-grid-cell panel-grid-cell-empty\" ><\/div><div id=\"pgc-2482-4-2\"  class=\"panel-grid-cell\" ><div id=\"panel-2482-4-2-0\" class=\"so-panel widget widget_sow-headline panel-first-child\" data-index=\"6\" ><div\n\t\t\t\n\t\t\tclass=\"so-widget-sow-headline so-widget-sow-headline-default-e7ef05371c0e-2482 so-widget-fittext-wrapper\"\n\t\t\t data-fit-text-compressor=\"0.85\"\n\t\t><div class=\"sow-headline-container \">\n\t\t\t\t\t\t\t<h3 class=\"sow-headline\">\n\t\t\t\t\t\tOptativas\t\t\t\t\t\t<\/h3>\n\t\t\t\t\t\t<\/div>\n<\/div><\/div><div id=\"panel-2482-4-2-1\" class=\"so-panel widget widget_text\" data-index=\"7\" >\t\t\t<div class=\"textwidget\"><p><center><\/center><center>RECUPERACI\u00d3N DE LENGUA<\/center><center>PROYECTO TALLER DE TEATRO<\/center><center>LITERATURA UNIVERSAL<\/center>&nbsp;<\/p>\n<\/div>\n\t\t<\/div><div id=\"panel-2482-4-2-2\" class=\"so-panel widget widget_sow-button panel-last-child\" data-index=\"8\" ><div\n\t\t\t\n\t\t\tclass=\"so-widget-sow-button so-widget-sow-button-atom-66466acb9e12-2482\"\n\t\t\t\n\t\t><div class=\"ow-button-base ow-button-align-center\">\n\t<a\n\thref=\"https:\/\/cloud.educa.madrid.org\/s\/nZZNfwMYTGBHkgs\"\n\t\tclass=\"ow-icon-placement-left ow-button-hover\" target=\"_blank\" rel=\"noopener noreferrer\" \t>\n\t\t<span>\n\t\t\t\n\t\t\tACCESO DESCRIPCI\u00d3N DE OPTATIVAS\t\t<\/span>\n\t<\/a>\n<\/div>\n<\/div><\/div><\/div><\/div><div id=\"pg-2482-5\"  class=\"panel-grid panel-no-style\" ><div id=\"pgc-2482-5-0\"  class=\"panel-grid-cell panel-grid-cell-empty\" ><\/div><\/div><\/div>","protected":false},"excerpt":{"rendered":"<p>Criterios de calificaci\u00f3n Aqu\u00ed podr\u00e1s consultar\u00a0 los criterios de calificaci\u00f3n de todas las asignaturas del departamento. Leer m\u00e1s&#8230; Miembros del departamento Arancha P\u00e9rez (JD) Avelino Bern\u00e1rdez Celia Carmona Mar\u00eda Jim\u00e9nez Francisco Muela Almudena Rodr\u00edguez Cristina Villoslada Recuperaci\u00f3n de pendientes \u00bfTienes alguna asignatura pendiente? Consulta como\u00a0 recuperarla. Leer m\u00e1s&#8230;. Concurso literario IES Infanta Elena Optativas RECUPERACI\u00d3N [&hellip;]<\/p>\n","protected":false},"author":3,"featured_media":0,"parent":2338,"menu_order":0,"comment_status":"closed","ping_status":"closed","template":"","meta":{"footnotes":""},"folder":[],"class_list":["post-2482","page","type-page","status-publish","hentry"],"rttpg_featured_image_url":null,"rttpg_author":{"display_name":"Cuenta","author_link":"https:\/\/site.educa.madrid.org\/ies.infantaelena.galapagar\/author\/cuenta_ies-infantaelena-galapagar\/"},"rttpg_comment":0,"rttpg_category":false,"rttpg_excerpt":"Criterios de calificaci\u00f3n Aqu\u00ed podr\u00e1s consultar\u00a0 los criterios de calificaci\u00f3n de todas las asignaturas del departamento. Leer m\u00e1s... Miembros del departamento Arancha P\u00e9rez (JD) Avelino Bern\u00e1rdez Celia Carmona Mar\u00eda Jim\u00e9nez Francisco Muela Almudena Rodr\u00edguez Cristina Villoslada Recuperaci\u00f3n de pendientes \u00bfTienes alguna asignatura pendiente? Consulta como\u00a0 recuperarla. Leer m\u00e1s.... Concurso literario IES Infanta Elena Optativas RECUPERACI\u00d3N&hellip;","post_mailing_queue_ids":[],"_links":{"self":[{"href":"https:\/\/site.educa.madrid.org\/ies.infantaelena.galapagar\/wp-json\/wp\/v2\/pages\/2482","targetHints":{"allow":["GET"]}}],"collection":[{"href":"https:\/\/site.educa.madrid.org\/ies.infantaelena.galapagar\/wp-json\/wp\/v2\/pages"}],"about":[{"href":"https:\/\/site.educa.madrid.org\/ies.infantaelena.galapagar\/wp-json\/wp\/v2\/types\/page"}],"author":[{"embeddable":true,"href":"https:\/\/site.educa.madrid.org\/ies.infantaelena.galapagar\/wp-json\/wp\/v2\/users\/3"}],"replies":[{"embeddable":true,"href":"https:\/\/site.educa.madrid.org\/ies.infantaelena.galapagar\/wp-json\/wp\/v2\/comments?post=2482"}],"version-history":[{"count":20,"href":"https:\/\/site.educa.madrid.org\/ies.infantaelena.galapagar\/wp-json\/wp\/v2\/pages\/2482\/revisions"}],"predecessor-version":[{"id":10598,"href":"https:\/\/site.educa.madrid.org\/ies.infantaelena.galapagar\/wp-json\/wp\/v2\/pages\/2482\/revisions\/10598"}],"up":[{"embeddable":true,"href":"https:\/\/site.educa.madrid.org\/ies.infantaelena.galapagar\/wp-json\/wp\/v2\/pages\/2338"}],"wp:attachment":[{"href":"https:\/\/site.educa.madrid.org\/ies.infantaelena.galapagar\/wp-json\/wp\/v2\/media?parent=2482"}],"wp:term":[{"taxonomy":"folder","embeddable":true,"href":"https:\/\/site.educa.madrid.org\/ies.infantaelena.galapagar\/wp-json\/wp\/v2\/folder?post=2482"}],"curies":[{"name":"wp","href":"https:\/\/api.w.org\/{rel}","templated":true}]}}