{"id":2487,"date":"2021-12-01T17:50:13","date_gmt":"2021-12-01T16:50:13","guid":{"rendered":"https:\/\/site.educa.madrid.org\/ies.infantaelena.galapagar\/?page_id=2487"},"modified":"2025-11-15T10:59:17","modified_gmt":"2025-11-15T09:59:17","slug":"departamento-de-informatica","status":"publish","type":"page","link":"https:\/\/site.educa.madrid.org\/ies.infantaelena.galapagar\/departamentos-2\/departamento-de-informatica\/","title":{"rendered":"Departamento de Inform\u00e1tica"},"content":{"rendered":"<div id=\"pl-2487\"  class=\"panel-layout\" ><div id=\"pg-2487-0\"  class=\"panel-grid panel-has-style\" ><div class=\"panel-row-style panel-row-style-for-2487-0\" ><div id=\"pgc-2487-0-0\"  class=\"panel-grid-cell\" ><div id=\"panel-2487-0-0-0\" class=\"so-panel widget widget_sow-features panel-first-child panel-last-child\" data-index=\"0\" ><div\n\t\t\t\n\t\t\tclass=\"so-widget-sow-features so-widget-sow-features-default-1a5ba0454c27-2487\"\n\t\t\t\n\t\t>\n<div class=\"sow-features-list sow-features-responsive\">\n\n\t\t\t\t\t\t\t\t\t<div\n\t\t\t\tclass=\"sow-features-feature sow-icon-container-position-top\"\n\t\t\t\tstyle=\"display: flex; flex-direction: column; width: calc(33.333% - 25px);\"\n\t\t\t>\n\t\t\t\t\t\t\t<div class=\"sow-features-feature-right-left-container\" style=\"display: flex; flex-direction: inherit;\">\n\t\t\t\n\t\t\t\t\t\t\t\t<div\n\t\t\t\t\tclass=\"sow-icon-container sow-container-none\"\n\t\t\t\t\tstyle=\"color: #ffffff; \"\n\t\t\t\t\t\t\t\t\t>\n\t\t\t\t\t<span class=\"sow-icon-icomoon\" data-sow-icon=\"&#xe97b;\"\n\t\tstyle=\"font-size: 48px; color: #000000\" \n\t\taria-hidden=\"true\"><\/span>\t\t\t\t<\/div>\n\t\t\t\t\n\t\t\t\t<div class=\"textwidget\">\n\t\t\t\t\t\t\t\t\t\t\t<div class=\"sow-features-feature-content\">\n\t\t\t\t\t\n\t\t\t\t\t\t\t\t\t\t\t<h5>\n\t\t\t\t\t\t\t\t\t\t\t\t\t\t\t<a\n\t\t\t\t\t\t\t\t\thref=\"https:\/\/cloud.educa.madrid.org\/s\/nnAsLEPAjbj4dXp\"\n\t\t\t\t\t\t\t\t\ttarget=\"_blank\" rel=\"noopener noreferrer\"\t\t\t\t\t\t\t\t>\n\t\t\t\t\t\t\t\n\t\t\t\t\t\t\tCriterios de calificaci\u00f3n\t\t\t\t\t\t\t\t\t\t\t\t\t\t\t<\/a>\n\t\t\t\t\t\t\t\t\t\t\t\t\t<\/h5>\n\t\t\t\t\t\n\t\t\t\t\t\t\t\t\t\t\t<p>Aqu\u00ed podr\u00e1s consultar\u00a0 los criterios de calificaci\u00f3n de todas las asignaturas del departamento.<\/p>\n\t\t\t\t\t\n\t\t\t\t\t\t\t\t\t\t\t<\/div>\n\t\t\t\t\t\t<p class=\"sow-more-text\">\n\t\t\t\t\t\t\t<a href=\"https:\/\/cloud.educa.madrid.org\/s\/nnAsLEPAjbj4dXp\" target=\"_blank\" rel=\"noopener noreferrer\">\t\t\t\t\t\t\tLeer m\u00e1s...\t\t\t\t\t\t\t<\/a>\t\t\t\t\t\t<\/p>\n\t\t\t\t\t\t\t\t\t<\/div>\n\t\t\t\t\t\t\t\t\t<\/div>\n\t\t\t\t\t\t\t\t\n\t\t\t\t\t\t\t<\/div>\n\n\t\t\t\t\t\t\t\t<div\n\t\t\t\tclass=\"sow-features-feature sow-icon-container-position-top\"\n\t\t\t\tstyle=\"display: flex; flex-direction: column; width: calc(33.333% - 25px);\"\n\t\t\t>\n\t\t\t\n\t\t\t\t\t\t\t\t<div\n\t\t\t\t\tclass=\"sow-icon-container sow-container-none\"\n\t\t\t\t\tstyle=\"color: #ffffff; \"\n\t\t\t\t\t\t\t\t\t>\n\t\t\t\t\t<span class=\"sow-icon-icomoon\" data-sow-icon=\"&#xe97b;\"\n\t\tstyle=\"font-size: 48px; color: #000000\" \n\t\taria-hidden=\"true\"><\/span>\t\t\t\t<\/div>\n\t\t\t\t\n\t\t\t\t<div class=\"textwidget\">\n\t\t\t\t\t\n\t\t\t\t\t\t\t\t\t\t\t<h5>\n\t\t\t\t\t\t\t\n\t\t\t\t\t\t\tMiembros del departamento\t\t\t\t\t\t\t\t\t\t\t\t\t<\/h5>\n\t\t\t\t\t\n\t\t\t\t\t\t\t\t\t\t\t<p style=\"text-align: center\">Sergio Montero (JD)<\/p>\n<p style=\"text-align: center\">Sergio Cuesta; Ricardo Vicente;<br \/>\nRoc\u00edo Vicente; Raquel P\u00e9rez;<br \/>\nLaura Bl\u00e1zquez; Javier Zorzo;<br \/>\nIrene Barquilla; Antonio Mu\u00f1oz;<br \/>\nJulio Galar\u00f3n; Antonio Garc\u00eda;<br \/>\nRom\u00e1n Ontiyuelo; Paco Mart\u00ednez;<br \/>\nSarah Ilva; F\u00e9lix Mart\u00ednez;<br \/>\nGema Blanco; Mario Gago;<br \/>\nWilma X. Paredes; Luis M. Pacheco;<br \/>\nIv\u00e1n de Paz; Gala Rodr\u00edguez<\/p>\n\t\t\t\t\t\n\t\t\t\t\t\t\t\t\t<\/div>\n\t\t\t\t\t\t\t\t\n\t\t\t\t\t\t\t<\/div>\n\n\t\t\t\t\t\t\t\t<div\n\t\t\t\tclass=\"sow-features-feature sow-icon-container-position-top\"\n\t\t\t\tstyle=\"display: flex; flex-direction: column; width: calc(33.333% - 25px);\"\n\t\t\t>\n\t\t\t\t\t\t\t<div class=\"sow-features-feature-right-left-container\" style=\"display: flex; flex-direction: inherit;\">\n\t\t\t\n\t\t\t\t\t\t\t\t<div\n\t\t\t\t\tclass=\"sow-icon-container sow-container-none\"\n\t\t\t\t\tstyle=\"color: #ffffff; \"\n\t\t\t\t\t\t\t\t\t>\n\t\t\t\t\t<span class=\"sow-icon-icomoon\" data-sow-icon=\"&#xe97b;\"\n\t\tstyle=\"font-size: 48px; color: #000000\" \n\t\taria-hidden=\"true\"><\/span>\t\t\t\t<\/div>\n\t\t\t\t\n\t\t\t\t<div class=\"textwidget\">\n\t\t\t\t\t\t\t\t\t\t\t<div class=\"sow-features-feature-content\">\n\t\t\t\t\t\n\t\t\t\t\t\t\t\t\t\t\t<h5>\n\t\t\t\t\t\t\t\t\t\t\t\t\t\t\t<a\n\t\t\t\t\t\t\t\t\thref=\"https:\/\/cloud.educa.madrid.org\/s\/nnAsLEPAjbj4dXp\"\n\t\t\t\t\t\t\t\t\ttarget=\"_blank\" rel=\"noopener noreferrer\"\t\t\t\t\t\t\t\t>\n\t\t\t\t\t\t\t\n\t\t\t\t\t\t\tRecuperaci\u00f3n de pendientes\t\t\t\t\t\t\t\t\t\t\t\t\t\t\t<\/a>\n\t\t\t\t\t\t\t\t\t\t\t\t\t<\/h5>\n\t\t\t\t\t\n\t\t\t\t\t\t\t\t\t\t\t<p>\u00bfTienes alguna asignatura pendiente? Consulta como\u00a0 recuperarla.<\/p>\n\t\t\t\t\t\n\t\t\t\t\t\t\t\t\t\t\t<\/div>\n\t\t\t\t\t\t<p class=\"sow-more-text\">\n\t\t\t\t\t\t\t<a href=\"https:\/\/cloud.educa.madrid.org\/s\/nnAsLEPAjbj4dXp\" target=\"_blank\" rel=\"noopener noreferrer\">\t\t\t\t\t\t\tLeer m\u00e1s....\t\t\t\t\t\t\t<\/a>\t\t\t\t\t\t<\/p>\n\t\t\t\t\t\t\t\t\t<\/div>\n\t\t\t\t\t\t\t\t\t<\/div>\n\t\t\t\t\t\t\t\t\n\t\t\t\t\t\t\t<\/div>\n\n\t\t\t\n<\/div>\n<\/div><\/div><\/div><\/div><\/div><div id=\"pg-2487-1\"  class=\"panel-grid panel-has-style\" ><div class=\"siteorigin-panels-stretch panel-row-style panel-row-style-for-2487-1\" data-stretch-type=\"full-width-stretch\" ><div id=\"pgc-2487-1-0\"  class=\"panel-grid-cell\" ><div id=\"panel-2487-1-0-0\" class=\"so-panel widget widget_sow-headline panel-first-child panel-last-child\" data-index=\"1\" ><div\n\t\t\t\n\t\t\tclass=\"so-widget-sow-headline so-widget-sow-headline-default-3c20fcb07bcf-2487\"\n\t\t\t\n\t\t><div class=\"sow-headline-container \">\n\t\t\t\t\t\t<div class=\"decoration\">\n\t\t\t\t\t\t<div class=\"decoration-inside\"><\/div>\n\t\t\t\t\t<\/div>\n\t\t\t\t\t<\/div>\n<\/div><\/div><\/div><\/div><\/div><div id=\"pg-2487-2\"  class=\"panel-grid panel-no-style\" ><div id=\"pgc-2487-2-0\"  class=\"panel-grid-cell\" ><div id=\"panel-2487-2-0-0\" class=\"so-panel widget widget_sow-image panel-first-child panel-last-child\" data-index=\"2\" ><div\n\t\t\t\n\t\t\tclass=\"so-widget-sow-image so-widget-sow-image-default-113ccd71f3e6-2487\"\n\t\t\t\n\t\t>\n\n<div class=\"sow-image-container\">\n\t\t<img loading=\"lazy\" decoding=\"async\" src=\"https:\/\/site.educa.madrid.org\/ies.infantaelena.galapagar\/\/wp-content\/uploads\/ies.infantaelena.galapagar\/2021\/12\/g5aee8d841678b3bbc5a35e1e40a69937773c340588854567aa340918649d94c443d58031bb6bfb03529f47b141a42d8f_1920-768x512.jpg\" width=\"525\" height=\"350\" srcset=\"https:\/\/site.educa.madrid.org\/ies.infantaelena.galapagar\/\/wp-content\/uploads\/ies.infantaelena.galapagar\/2021\/12\/g5aee8d841678b3bbc5a35e1e40a69937773c340588854567aa340918649d94c443d58031bb6bfb03529f47b141a42d8f_1920-768x512.jpg 768w, https:\/\/site.educa.madrid.org\/ies.infantaelena.galapagar\/\/wp-content\/uploads\/ies.infantaelena.galapagar\/2021\/12\/g5aee8d841678b3bbc5a35e1e40a69937773c340588854567aa340918649d94c443d58031bb6bfb03529f47b141a42d8f_1920-300x200.jpg 300w, https:\/\/site.educa.madrid.org\/ies.infantaelena.galapagar\/\/wp-content\/uploads\/ies.infantaelena.galapagar\/2021\/12\/g5aee8d841678b3bbc5a35e1e40a69937773c340588854567aa340918649d94c443d58031bb6bfb03529f47b141a42d8f_1920-1024x683.jpg 1024w, https:\/\/site.educa.madrid.org\/ies.infantaelena.galapagar\/\/wp-content\/uploads\/ies.infantaelena.galapagar\/2021\/12\/g5aee8d841678b3bbc5a35e1e40a69937773c340588854567aa340918649d94c443d58031bb6bfb03529f47b141a42d8f_1920-391x260.jpg 391w, https:\/\/site.educa.madrid.org\/ies.infantaelena.galapagar\/\/wp-content\/uploads\/ies.infantaelena.galapagar\/2021\/12\/g5aee8d841678b3bbc5a35e1e40a69937773c340588854567aa340918649d94c443d58031bb6bfb03529f47b141a42d8f_1920-1536x1024.jpg 1536w, https:\/\/site.educa.madrid.org\/ies.infantaelena.galapagar\/\/wp-content\/uploads\/ies.infantaelena.galapagar\/2021\/12\/g5aee8d841678b3bbc5a35e1e40a69937773c340588854567aa340918649d94c443d58031bb6bfb03529f47b141a42d8f_1920-272x182.jpg 272w, https:\/\/site.educa.madrid.org\/ies.infantaelena.galapagar\/\/wp-content\/uploads\/ies.infantaelena.galapagar\/2021\/12\/g5aee8d841678b3bbc5a35e1e40a69937773c340588854567aa340918649d94c443d58031bb6bfb03529f47b141a42d8f_1920.jpg 1920w\" sizes=\"auto, (max-width: 525px) 100vw, 525px\" alt=\"\" \t\tclass=\"so-widget-image\"\/>\n\t<\/div>\n\n<\/div><\/div><\/div><\/div><div id=\"pg-2487-3\"  class=\"panel-grid panel-has-style\" ><div class=\"siteorigin-panels-stretch panel-row-style panel-row-style-for-2487-3\" data-stretch-type=\"full-width-stretch\" ><div id=\"pgc-2487-3-0\"  class=\"panel-grid-cell\" ><div id=\"panel-2487-3-0-0\" class=\"so-panel widget widget_sow-headline panel-first-child panel-last-child\" data-index=\"3\" ><div\n\t\t\t\n\t\t\tclass=\"so-widget-sow-headline so-widget-sow-headline-default-3c20fcb07bcf-2487\"\n\t\t\t\n\t\t><div class=\"sow-headline-container \">\n\t\t\t\t\t\t<div class=\"decoration\">\n\t\t\t\t\t\t<div class=\"decoration-inside\"><\/div>\n\t\t\t\t\t<\/div>\n\t\t\t\t\t<\/div>\n<\/div><\/div><\/div><\/div><\/div><div id=\"pg-2487-4\"  class=\"panel-grid panel-no-style\" ><div id=\"pgc-2487-4-0\"  class=\"panel-grid-cell\" ><div id=\"panel-2487-4-0-0\" class=\"so-panel widget widget_sow-headline panel-first-child\" data-index=\"4\" ><div\n\t\t\t\n\t\t\tclass=\"so-widget-sow-headline so-widget-sow-headline-default-ea596fdbfb60-2487 so-widget-fittext-wrapper\"\n\t\t\t data-fit-text-compressor=\"0.85\"\n\t\t><div class=\"sow-headline-container \">\n\t\t\t\t\t\t\t<h3 class=\"sow-headline\">\n\t\t\t\t\t\tMetodolog\u00eda Agile\t\t\t\t\t\t<\/h3>\n\t\t\t\t\t\t<\/div>\n<\/div><\/div><div id=\"panel-2487-4-0-1\" class=\"so-panel widget widget_text panel-last-child\" data-index=\"5\" >\t\t\t<div class=\"textwidget\"><p>Este m\u00e9todo de aprendizaje es un paso m\u00e1s en la metodolog\u00eda basada en proyectos (ABP) pero que renuevan las formas de adquirir competencias. Es, en definitiva, la clave para el desarrollo personal y profesional de nuestros alumnos. La importancia de esta metodolog\u00eda reside en que el proceso de investigaci\u00f3n recae sobre el alumnado. El profesor act\u00faa como apoyo, pero el peso del proyecto es tarea de los estudiantes.<\/p>\n<\/div>\n\t\t<\/div><\/div><div id=\"pgc-2487-4-1\"  class=\"panel-grid-cell\" ><div id=\"panel-2487-4-1-0\" class=\"so-panel widget widget_sow-headline panel-first-child\" data-index=\"6\" ><div\n\t\t\t\n\t\t\tclass=\"so-widget-sow-headline so-widget-sow-headline-default-e7ef05371c0e-2487 so-widget-fittext-wrapper\"\n\t\t\t data-fit-text-compressor=\"0.85\"\n\t\t><div class=\"sow-headline-container \">\n\t\t\t\t\t\t\t<h3 class=\"sow-headline\">\n\t\t\t\t\t\tOferta educativa\t\t\t\t\t\t<\/h3>\n\t\t\t\t\t\t<\/div>\n<\/div><\/div><div id=\"panel-2487-4-1-1\" class=\"so-panel widget widget_text panel-last-child\" data-index=\"7\" >\t\t\t<div class=\"textwidget\"><p><center><\/center><center>FP DE GRADO B\u00c1SICO<\/center><center>FP DE GRADO MEDIO<\/center><center>FP DE GRADO SUPERIOR<\/center>&nbsp;<\/p>\n<\/div>\n\t\t<\/div><\/div><div id=\"pgc-2487-4-2\"  class=\"panel-grid-cell\" ><div id=\"panel-2487-4-2-0\" class=\"so-panel widget widget_sow-headline panel-first-child\" data-index=\"8\" ><div\n\t\t\t\n\t\t\tclass=\"so-widget-sow-headline so-widget-sow-headline-default-d6667f847359-2487 so-widget-fittext-wrapper\"\n\t\t\t data-fit-text-compressor=\"0.85\"\n\t\t><div class=\"sow-headline-container \">\n\t\t\t\t\t\t\t<h3 class=\"sow-headline\">\n\t\t\t\t\t\tMuseo de la Inform\u00e1tica\t\t\t\t\t\t<\/h3>\n\t\t\t\t\t\t<\/div>\n<\/div><\/div><div id=\"panel-2487-4-2-1\" class=\"widget_text so-panel widget widget_custom_html panel-last-child\" data-index=\"9\" ><div class=\"textwidget custom-html-widget\"><iframe loading=\"lazy\" src=\"https:\/\/mediateca.educa.madrid.org\/video\/3jrn88u2huls8cwm\/fs\" width=\"320\" height=\"215\" frameborder=\"0\" scrolling=\"no\" style=\"border:0;overflow:hidden\" allowfullscreen><\/iframe><\/div><\/div><\/div><\/div><\/div>","protected":false},"excerpt":{"rendered":"<p>Criterios de calificaci\u00f3n Aqu\u00ed podr\u00e1s consultar\u00a0 los criterios de calificaci\u00f3n de todas las asignaturas del departamento. Leer m\u00e1s&#8230; Miembros del departamento Sergio Montero (JD) Sergio Cuesta; Ricardo Vicente; Roc\u00edo Vicente; Raquel P\u00e9rez; Laura Bl\u00e1zquez; Javier Zorzo; Irene Barquilla; Antonio Mu\u00f1oz; Julio Galar\u00f3n; Antonio Garc\u00eda; Rom\u00e1n Ontiyuelo; Paco Mart\u00ednez; Sarah Ilva; F\u00e9lix Mart\u00ednez; Gema Blanco; Mario [&hellip;]<\/p>\n","protected":false},"author":3,"featured_media":0,"parent":2338,"menu_order":0,"comment_status":"closed","ping_status":"closed","template":"","meta":{"footnotes":""},"folder":[],"class_list":["post-2487","page","type-page","status-publish","hentry"],"rttpg_featured_image_url":null,"rttpg_author":{"display_name":"Cuenta","author_link":"https:\/\/site.educa.madrid.org\/ies.infantaelena.galapagar\/author\/cuenta_ies-infantaelena-galapagar\/"},"rttpg_comment":0,"rttpg_category":false,"rttpg_excerpt":"Criterios de calificaci\u00f3n Aqu\u00ed podr\u00e1s consultar\u00a0 los criterios de calificaci\u00f3n de todas las asignaturas del departamento. Leer m\u00e1s... Miembros del departamento Sergio Montero (JD) Sergio Cuesta; Ricardo Vicente; Roc\u00edo Vicente; Raquel P\u00e9rez; Laura Bl\u00e1zquez; Javier Zorzo; Irene Barquilla; Antonio Mu\u00f1oz; Julio Galar\u00f3n; Antonio Garc\u00eda; Rom\u00e1n Ontiyuelo; Paco Mart\u00ednez; Sarah Ilva; F\u00e9lix Mart\u00ednez; Gema Blanco; Mario&hellip;","post_mailing_queue_ids":[],"_links":{"self":[{"href":"https:\/\/site.educa.madrid.org\/ies.infantaelena.galapagar\/wp-json\/wp\/v2\/pages\/2487","targetHints":{"allow":["GET"]}}],"collection":[{"href":"https:\/\/site.educa.madrid.org\/ies.infantaelena.galapagar\/wp-json\/wp\/v2\/pages"}],"about":[{"href":"https:\/\/site.educa.madrid.org\/ies.infantaelena.galapagar\/wp-json\/wp\/v2\/types\/page"}],"author":[{"embeddable":true,"href":"https:\/\/site.educa.madrid.org\/ies.infantaelena.galapagar\/wp-json\/wp\/v2\/users\/3"}],"replies":[{"embeddable":true,"href":"https:\/\/site.educa.madrid.org\/ies.infantaelena.galapagar\/wp-json\/wp\/v2\/comments?post=2487"}],"version-history":[{"count":26,"href":"https:\/\/site.educa.madrid.org\/ies.infantaelena.galapagar\/wp-json\/wp\/v2\/pages\/2487\/revisions"}],"predecessor-version":[{"id":10639,"href":"https:\/\/site.educa.madrid.org\/ies.infantaelena.galapagar\/wp-json\/wp\/v2\/pages\/2487\/revisions\/10639"}],"up":[{"embeddable":true,"href":"https:\/\/site.educa.madrid.org\/ies.infantaelena.galapagar\/wp-json\/wp\/v2\/pages\/2338"}],"wp:attachment":[{"href":"https:\/\/site.educa.madrid.org\/ies.infantaelena.galapagar\/wp-json\/wp\/v2\/media?parent=2487"}],"wp:term":[{"taxonomy":"folder","embeddable":true,"href":"https:\/\/site.educa.madrid.org\/ies.infantaelena.galapagar\/wp-json\/wp\/v2\/folder?post=2487"}],"curies":[{"name":"wp","href":"https:\/\/api.w.org\/{rel}","templated":true}]}}