{"id":2495,"date":"2021-12-01T18:02:47","date_gmt":"2021-12-01T17:02:47","guid":{"rendered":"https:\/\/site.educa.madrid.org\/ies.infantaelena.galapagar\/?page_id=2495"},"modified":"2025-11-14T20:01:08","modified_gmt":"2025-11-14T19:01:08","slug":"departamento-de-orientacion","status":"publish","type":"page","link":"https:\/\/site.educa.madrid.org\/ies.infantaelena.galapagar\/departamentos-2\/departamento-de-orientacion\/","title":{"rendered":"Departamento de Orientaci\u00f3n"},"content":{"rendered":"<div id=\"pl-2495\"  class=\"panel-layout\" ><div id=\"pg-2495-0\"  class=\"panel-grid panel-has-style\" ><div class=\"panel-row-style panel-row-style-for-2495-0\" ><div id=\"pgc-2495-0-0\"  class=\"panel-grid-cell\" ><div id=\"panel-2495-0-0-0\" class=\"so-panel widget widget_sow-features panel-first-child panel-last-child\" data-index=\"0\" ><div\n\t\t\t\n\t\t\tclass=\"so-widget-sow-features so-widget-sow-features-default-1a5ba0454c27-2495\"\n\t\t\t\n\t\t>\n<div class=\"sow-features-list sow-features-responsive\">\n\n\t\t\t\t\t\t\t\t\t<div\n\t\t\t\tclass=\"sow-features-feature sow-icon-container-position-top\"\n\t\t\t\tstyle=\"display: flex; flex-direction: column; width: calc(33.333% - 25px);\"\n\t\t\t>\n\t\t\t\n\t\t\t\t\t\t\t\t<div\n\t\t\t\t\tclass=\"sow-icon-container sow-container-none\"\n\t\t\t\t\tstyle=\"color: #ffffff; \"\n\t\t\t\t\t\t\t\t\t>\n\t\t\t\t\t<span class=\"sow-icon-icomoon\" data-sow-icon=\"&#xe97b;\"\n\t\tstyle=\"font-size: 48px; color: #000000\" \n\t\taria-hidden=\"true\"><\/span>\t\t\t\t<\/div>\n\t\t\t\t\n\t\t\t\t<div class=\"textwidget\">\n\t\t\t\t\t\n\t\t\t\t\t\t\t\t\t\t\t<h5>\n\t\t\t\t\t\t\t\n\t\t\t\t\t\t\tEspecialidades\t\t\t\t\t\t\t\t\t\t\t\t\t<\/h5>\n\t\t\t\t\t\n\t\t\t\t\t\t\t\t\t\t\t<p style=\"text-align: center\"><span style=\"color: #000000\">- Audici\u00f3n y Lenguaje<\/span>\n<span style=\"color: #000000\">- Orientadores<\/span>\n<span style=\"color: #000000\">- Profesores T\u00e9cnicos<\/span>\n<span style=\"color: #000000\">- Profesor de Servicios a la Comunidad<\/span>\n<span style=\"color: #000000\">- Profesor T\u00e9cnico III<\/span>\n<span style=\"color: #000000\">- Fisioterapeuta<\/span>\n<span style=\"color: #000000\">- Compensatoria<\/span>\n<span style=\"color: #000000\">- Diversificaci\u00f3n<\/span>\n<span style=\"color: #000000\">- Profesor T\u00e9cnico de Integraci\u00f3n Social<\/span><\/p>\n&nbsp;\t\t\t\t\t\n\t\t\t\t\t\t\t\t\t<\/div>\n\t\t\t\t\t\t\t\t\n\t\t\t\t\t\t\t<\/div>\n\n\t\t\t\t\t\t\t\t<div\n\t\t\t\tclass=\"sow-features-feature sow-icon-container-position-top\"\n\t\t\t\tstyle=\"display: flex; flex-direction: column; width: calc(33.333% - 25px);\"\n\t\t\t>\n\t\t\t\n\t\t\t\t\t\t\t\t<div\n\t\t\t\t\tclass=\"sow-icon-container sow-container-none\"\n\t\t\t\t\tstyle=\"color: #ffffff; \"\n\t\t\t\t\t\t\t\t\t>\n\t\t\t\t\t<span class=\"sow-icon-icomoon\" data-sow-icon=\"&#xe97b;\"\n\t\tstyle=\"font-size: 48px; color: #000000\" \n\t\taria-hidden=\"true\"><\/span>\t\t\t\t<\/div>\n\t\t\t\t\n\t\t\t\t<div class=\"textwidget\">\n\t\t\t\t\t\n\t\t\t\t\t\t\t\t\t\t\t<h5>\n\t\t\t\t\t\t\t\n\t\t\t\t\t\t\tMiembros del departamento\t\t\t\t\t\t\t\t\t\t\t\t\t<\/h5>\n\t\t\t\t\t\n\t\t\t\t\t\t\t\t\t\t\t<p style=\"text-align: center\"><span style=\"color: #000000\">Sonia Torres (JD)<\/span><\/p>\n<p style=\"margin: 0cm;text-align: center\" align=\"center\"><span style=\"color: #000000\">ORI: M\u00aa. Teresa Llopis<\/span><br \/>\n<span style=\"color: #000000\">AL: Ana Pe\u00f1a<\/span><br \/>\n<span style=\"color: #000000\">PT: Elena de la Carrera<\/span><br \/>\n<span style=\"color: #000000\">PT: Isabel Lozano<\/span><br \/>\n<span style=\"color: #000000\">PT: Noem\u00ed Santamar\u00eda<\/span><\/p>\n<p style=\"margin: 0cm;text-align: center\" align=\"center\"><span style=\"color: #000000\">PSC: Cristina Viana<\/span><\/p>\n<p style=\"margin: 0cm;text-align: center\" align=\"center\"><span style=\"color: #000000\">TIS: Tania Rodr\u00edguez<\/span><\/p>\n\t\t\t\t\t\n\t\t\t\t\t\t\t\t\t<\/div>\n\t\t\t\t\t\t\t\t\n\t\t\t\t\t\t\t<\/div>\n\n\t\t\t\t\t\t\t\t<div\n\t\t\t\tclass=\"sow-features-feature sow-icon-container-position-top\"\n\t\t\t\tstyle=\"display: flex; flex-direction: column; width: calc(33.333% - 25px);\"\n\t\t\t>\n\t\t\t\n\t\t\t\t\t\t\t\t<div\n\t\t\t\t\tclass=\"sow-icon-container sow-container-none\"\n\t\t\t\t\tstyle=\"color: #404040; \"\n\t\t\t\t\t\t\t\t\t>\n\t\t\t\t\t<span class=\"sow-icon-icomoon\" data-sow-icon=\"&#xe981;\"\n\t\tstyle=\"font-size: 48px; color: #000000\" \n\t\taria-hidden=\"true\"><\/span>\t\t\t\t<\/div>\n\t\t\t\t\n\t\t\t\t<div class=\"textwidget\">\n\t\t\t\t\t\n\t\t\t\t\t\t\t\t\t\t\t<h5>\n\t\t\t\t\t\t\t\n\t\t\t\t\t\t\tProyectos y Programas\t\t\t\t\t\t\t\t\t\t\t\t\t<\/h5>\n\t\t\t\t\t\n\t\t\t\t\t\t\t\t\t\t\t<ul>\n \t<li>C\u00edrculos de convivencia<\/li>\n \t<li>Alumnos Ayudantes y Alumnos Acompa\u00f1antes<\/li>\n \t<li>Programa de Acogida<\/li>\n \t<li>Plan de Acci\u00f3n Tutorial y Orientaci\u00f3n Acad\u00e9mica<\/li>\n \t<li>Proyecto Patio: Jugamos Tod@s<\/li>\n        <li>Plan Director<\/li>\n<\/ul>\t\t\t\t\t\n\t\t\t\t\t\t\t\t\t<\/div>\n\t\t\t\t\t\t\t\t\n\t\t\t\t\t\t\t<\/div>\n\n\t\t\t\n<\/div>\n<\/div><\/div><\/div><\/div><\/div><div id=\"pg-2495-1\"  class=\"panel-grid panel-has-style\" ><div class=\"siteorigin-panels-stretch panel-row-style panel-row-style-for-2495-1\" data-stretch-type=\"full-width-stretch\" ><div id=\"pgc-2495-1-0\"  class=\"panel-grid-cell\" ><div id=\"panel-2495-1-0-0\" class=\"so-panel widget widget_sow-headline panel-first-child panel-last-child\" data-index=\"1\" ><div\n\t\t\t\n\t\t\tclass=\"so-widget-sow-headline so-widget-sow-headline-default-b4071edc9fad-2495\"\n\t\t\t\n\t\t><div class=\"sow-headline-container \">\n\t\t\t\t\t\t<div class=\"decoration\">\n\t\t\t\t\t\t<div class=\"decoration-inside\"><\/div>\n\t\t\t\t\t<\/div>\n\t\t\t\t\t<\/div>\n<\/div><\/div><\/div><\/div><\/div><div id=\"pg-2495-2\"  class=\"panel-grid panel-no-style\" ><div id=\"pgc-2495-2-0\"  class=\"panel-grid-cell\" ><div id=\"panel-2495-2-0-0\" class=\"so-panel widget widget_sow-image panel-first-child panel-last-child\" data-index=\"2\" ><div\n\t\t\t\n\t\t\tclass=\"so-widget-sow-image so-widget-sow-image-default-113ccd71f3e6-2495\"\n\t\t\t\n\t\t>\n\n<div class=\"sow-image-container\">\n\t\t<img loading=\"lazy\" decoding=\"async\" src=\"https:\/\/site.educa.madrid.org\/ies.infantaelena.galapagar\/\/wp-content\/uploads\/ies.infantaelena.galapagar\/2022\/01\/convivencia.jpg\" width=\"450\" height=\"112\" srcset=\"https:\/\/site.educa.madrid.org\/ies.infantaelena.galapagar\/\/wp-content\/uploads\/ies.infantaelena.galapagar\/2022\/01\/convivencia.jpg 450w, https:\/\/site.educa.madrid.org\/ies.infantaelena.galapagar\/\/wp-content\/uploads\/ies.infantaelena.galapagar\/2022\/01\/convivencia-300x75.jpg 300w\" sizes=\"auto, (max-width: 450px) 100vw, 450px\" alt=\"\" \t\tclass=\"so-widget-image\"\/>\n\t<\/div>\n\n<\/div><\/div><\/div><\/div><div id=\"pg-2495-3\"  class=\"panel-grid panel-has-style\" ><div class=\"siteorigin-panels-stretch panel-row-style panel-row-style-for-2495-3\" data-stretch-type=\"full-width-stretch\" ><div id=\"pgc-2495-3-0\"  class=\"panel-grid-cell\" ><div id=\"panel-2495-3-0-0\" class=\"so-panel widget widget_sow-headline panel-first-child panel-last-child\" data-index=\"3\" ><div\n\t\t\t\n\t\t\tclass=\"so-widget-sow-headline so-widget-sow-headline-default-b4071edc9fad-2495\"\n\t\t\t\n\t\t><div class=\"sow-headline-container \">\n\t\t\t\t\t\t<div class=\"decoration\">\n\t\t\t\t\t\t<div class=\"decoration-inside\"><\/div>\n\t\t\t\t\t<\/div>\n\t\t\t\t\t<\/div>\n<\/div><\/div><\/div><\/div><\/div><div id=\"pg-2495-4\"  class=\"panel-grid panel-no-style\" ><div id=\"pgc-2495-4-0\"  class=\"panel-grid-cell\" ><div id=\"panel-2495-4-0-0\" class=\"so-panel widget widget_sow-headline panel-first-child panel-last-child\" data-index=\"4\" ><div\n\t\t\t\n\t\t\tclass=\"so-widget-sow-headline so-widget-sow-headline-default-c588980a8456-2495\"\n\t\t\t\n\t\t><div class=\"sow-headline-container \">\n\t\t\t\t\t\t\t<h1 class=\"sow-headline\">\n\t\t\t\t\t\tPROYECTO PATIO: JUGAMOS TOD@S\t\t\t\t\t\t<\/h1>\n\t\t\t\t\t\t<\/div>\n<\/div><\/div><\/div><\/div><div id=\"pg-2495-5\"  class=\"panel-grid panel-no-style\" ><div id=\"pgc-2495-5-0\"  class=\"panel-grid-cell\" ><div id=\"panel-2495-5-0-0\" class=\"so-panel widget widget_sow-image panel-first-child panel-last-child\" data-index=\"5\" ><div\n\t\t\t\n\t\t\tclass=\"so-widget-sow-image so-widget-sow-image-default-8a229a1b3a04-2495\"\n\t\t\t\n\t\t>\n\n<div class=\"sow-image-container\">\n\t\t\t<a href=\"https:\/\/site.educa.madrid.org\/ies.infantaelena.galapagar\/proyecto-patio-jugamos-tods\/\"\n\t\t\ttarget=\"_blank\" rel=\"noopener noreferrer\" \t\t>\n\t\t\t<img loading=\"lazy\" decoding=\"async\" src=\"https:\/\/site.educa.madrid.org\/ies.infantaelena.galapagar\/\/wp-content\/uploads\/ies.infantaelena.galapagar\/2025\/11\/Captura-de-pantalla-2025-11-14-195629.png\" width=\"300\" height=\"330\" srcset=\"https:\/\/site.educa.madrid.org\/ies.infantaelena.galapagar\/\/wp-content\/uploads\/ies.infantaelena.galapagar\/2025\/11\/Captura-de-pantalla-2025-11-14-195629.png 493w, https:\/\/site.educa.madrid.org\/ies.infantaelena.galapagar\/\/wp-content\/uploads\/ies.infantaelena.galapagar\/2025\/11\/Captura-de-pantalla-2025-11-14-195629-211x300.png 211w\" sizes=\"auto, (max-width: 232px) 100vw, 232px\" style=\"width: 300px; height: 330px;\" title=\"Captura de pantalla 2025-11-14 195629\" alt=\"\" \t\tclass=\"so-widget-image\"\/>\n\t<\/a><\/div>\n\n<\/div><\/div><\/div><div id=\"pgc-2495-5-1\"  class=\"panel-grid-cell\" ><div id=\"panel-2495-5-1-0\" class=\"so-panel widget widget_sow-image panel-first-child panel-last-child\" data-index=\"6\" ><div\n\t\t\t\n\t\t\tclass=\"so-widget-sow-image so-widget-sow-image-default-8b5b6f678277-2495\"\n\t\t\t\n\t\t>\n\n<div class=\"sow-image-container\">\n\t\t\t<a href=\"https:\/\/site.educa.madrid.org\/ies.infantaelena.galapagar\/proyecto-patio-jugamos-tods\/\"\n\t\t\ttarget=\"_blank\" rel=\"noopener noreferrer\" \t\t>\n\t\t\t<img loading=\"lazy\" decoding=\"async\" src=\"https:\/\/site.educa.madrid.org\/ies.infantaelena.galapagar\/\/wp-content\/uploads\/ies.infantaelena.galapagar\/2024\/11\/Captura-de-pantalla-2024-11-10-090715.png\" width=\"626\" height=\"621\" srcset=\"https:\/\/site.educa.madrid.org\/ies.infantaelena.galapagar\/\/wp-content\/uploads\/ies.infantaelena.galapagar\/2024\/11\/Captura-de-pantalla-2024-11-10-090715.png 626w, https:\/\/site.educa.madrid.org\/ies.infantaelena.galapagar\/\/wp-content\/uploads\/ies.infantaelena.galapagar\/2024\/11\/Captura-de-pantalla-2024-11-10-090715-300x298.png 300w, https:\/\/site.educa.madrid.org\/ies.infantaelena.galapagar\/\/wp-content\/uploads\/ies.infantaelena.galapagar\/2024\/11\/Captura-de-pantalla-2024-11-10-090715-150x150.png 150w, https:\/\/site.educa.madrid.org\/ies.infantaelena.galapagar\/\/wp-content\/uploads\/ies.infantaelena.galapagar\/2024\/11\/Captura-de-pantalla-2024-11-10-090715-100x100.png 100w\" sizes=\"auto, (max-width: 626px) 100vw, 626px\" title=\"Captura de pantalla 2024-11-10 090715\" alt=\"\" \t\tclass=\"so-widget-image\"\/>\n\t<\/a><\/div>\n\n<\/div><\/div><\/div><div id=\"pgc-2495-5-2\"  class=\"panel-grid-cell\" ><div id=\"panel-2495-5-2-0\" class=\"so-panel widget widget_sow-image panel-first-child panel-last-child\" data-index=\"7\" ><div\n\t\t\t\n\t\t\tclass=\"so-widget-sow-image so-widget-sow-image-default-8b5b6f678277-2495\"\n\t\t\t\n\t\t>\n\n<div class=\"sow-image-container\">\n\t\t\t<a href=\"https:\/\/site.educa.madrid.org\/ies.infantaelena.galapagar\/proyecto-patio-jugamos-tods\/\"\n\t\t\ttarget=\"_blank\" rel=\"noopener noreferrer\" \t\t>\n\t\t\t<img loading=\"lazy\" decoding=\"async\" src=\"https:\/\/site.educa.madrid.org\/ies.infantaelena.galapagar\/\/wp-content\/uploads\/ies.infantaelena.galapagar\/2025\/11\/Captura-de-pantalla-2025-05-10-214009.png\" width=\"853\" height=\"858\" srcset=\"https:\/\/site.educa.madrid.org\/ies.infantaelena.galapagar\/\/wp-content\/uploads\/ies.infantaelena.galapagar\/2025\/11\/Captura-de-pantalla-2025-05-10-214009.png 853w, https:\/\/site.educa.madrid.org\/ies.infantaelena.galapagar\/\/wp-content\/uploads\/ies.infantaelena.galapagar\/2025\/11\/Captura-de-pantalla-2025-05-10-214009-298x300.png 298w, https:\/\/site.educa.madrid.org\/ies.infantaelena.galapagar\/\/wp-content\/uploads\/ies.infantaelena.galapagar\/2025\/11\/Captura-de-pantalla-2025-05-10-214009-150x150.png 150w, https:\/\/site.educa.madrid.org\/ies.infantaelena.galapagar\/\/wp-content\/uploads\/ies.infantaelena.galapagar\/2025\/11\/Captura-de-pantalla-2025-05-10-214009-768x773.png 768w, https:\/\/site.educa.madrid.org\/ies.infantaelena.galapagar\/\/wp-content\/uploads\/ies.infantaelena.galapagar\/2025\/11\/Captura-de-pantalla-2025-05-10-214009-100x100.png 100w\" sizes=\"auto, (max-width: 853px) 100vw, 853px\" title=\"Captura de pantalla 2025-05-10 214009\" alt=\"\" \t\tclass=\"so-widget-image\"\/>\n\t<\/a><\/div>\n\n<\/div><\/div><\/div><\/div><\/div>","protected":false},"excerpt":{"rendered":"<p>Especialidades &#8211; Audici\u00f3n y Lenguaje &#8211; Orientadores &#8211; Profesores T\u00e9cnicos &#8211; Profesor de Servicios a la Comunidad &#8211; Profesor T\u00e9cnico III &#8211; Fisioterapeuta &#8211; Compensatoria &#8211; Diversificaci\u00f3n &#8211; Profesor T\u00e9cnico de Integraci\u00f3n Social &nbsp; Miembros del departamento Sonia Torres (JD) ORI: M\u00aa. Teresa Llopis AL: Ana Pe\u00f1a PT: Elena de la Carrera PT: Isabel Lozano [&hellip;]<\/p>\n","protected":false},"author":3,"featured_media":0,"parent":2338,"menu_order":0,"comment_status":"closed","ping_status":"closed","template":"","meta":{"footnotes":""},"folder":[],"class_list":["post-2495","page","type-page","status-publish","hentry"],"rttpg_featured_image_url":null,"rttpg_author":{"display_name":"Cuenta","author_link":"https:\/\/site.educa.madrid.org\/ies.infantaelena.galapagar\/author\/cuenta_ies-infantaelena-galapagar\/"},"rttpg_comment":0,"rttpg_category":false,"rttpg_excerpt":"Especialidades - Audici\u00f3n y Lenguaje - Orientadores - Profesores T\u00e9cnicos - Profesor de Servicios a la Comunidad - Profesor T\u00e9cnico III - Fisioterapeuta - Compensatoria - Diversificaci\u00f3n - Profesor T\u00e9cnico de Integraci\u00f3n Social &nbsp; Miembros del departamento Sonia Torres (JD) ORI: M\u00aa. Teresa Llopis AL: Ana Pe\u00f1a PT: Elena de la Carrera PT: Isabel Lozano&hellip;","post_mailing_queue_ids":[],"_links":{"self":[{"href":"https:\/\/site.educa.madrid.org\/ies.infantaelena.galapagar\/wp-json\/wp\/v2\/pages\/2495","targetHints":{"allow":["GET"]}}],"collection":[{"href":"https:\/\/site.educa.madrid.org\/ies.infantaelena.galapagar\/wp-json\/wp\/v2\/pages"}],"about":[{"href":"https:\/\/site.educa.madrid.org\/ies.infantaelena.galapagar\/wp-json\/wp\/v2\/types\/page"}],"author":[{"embeddable":true,"href":"https:\/\/site.educa.madrid.org\/ies.infantaelena.galapagar\/wp-json\/wp\/v2\/users\/3"}],"replies":[{"embeddable":true,"href":"https:\/\/site.educa.madrid.org\/ies.infantaelena.galapagar\/wp-json\/wp\/v2\/comments?post=2495"}],"version-history":[{"count":23,"href":"https:\/\/site.educa.madrid.org\/ies.infantaelena.galapagar\/wp-json\/wp\/v2\/pages\/2495\/revisions"}],"predecessor-version":[{"id":10629,"href":"https:\/\/site.educa.madrid.org\/ies.infantaelena.galapagar\/wp-json\/wp\/v2\/pages\/2495\/revisions\/10629"}],"up":[{"embeddable":true,"href":"https:\/\/site.educa.madrid.org\/ies.infantaelena.galapagar\/wp-json\/wp\/v2\/pages\/2338"}],"wp:attachment":[{"href":"https:\/\/site.educa.madrid.org\/ies.infantaelena.galapagar\/wp-json\/wp\/v2\/media?parent=2495"}],"wp:term":[{"taxonomy":"folder","embeddable":true,"href":"https:\/\/site.educa.madrid.org\/ies.infantaelena.galapagar\/wp-json\/wp\/v2\/folder?post=2495"}],"curies":[{"name":"wp","href":"https:\/\/api.w.org\/{rel}","templated":true}]}}