{"id":3334,"date":"2021-12-08T22:15:49","date_gmt":"2021-12-08T21:15:49","guid":{"rendered":"https:\/\/site.educa.madrid.org\/ies.infantaelena.galapagar\/?page_id=3334"},"modified":"2022-01-23T16:59:31","modified_gmt":"2022-01-23T15:59:31","slug":"acceso-a-raices-roble","status":"publish","type":"page","link":"https:\/\/site.educa.madrid.org\/ies.infantaelena.galapagar\/acceso-a-raices-roble\/","title":{"rendered":"ACCESO A RA\u00cdCES\/ROBLE"},"content":{"rendered":"\n<div class=\"wp-block-image is-style-default\"><figure class=\"aligncenter size-large is-resized\"><img loading=\"lazy\" decoding=\"async\" src=\"https:\/\/site.educa.madrid.org\/ies.infantaelena.galapagar\/\/wp-content\/uploads\/ies.infantaelena.galapagar\/2021\/12\/PORTADA_RAICES.jpg\" alt=\"\" class=\"wp-image-3336\" width=\"411\" height=\"201\" srcset=\"https:\/\/site.educa.madrid.org\/ies.infantaelena.galapagar\/\/wp-content\/uploads\/ies.infantaelena.galapagar\/2021\/12\/PORTADA_RAICES.jpg 321w, https:\/\/site.educa.madrid.org\/ies.infantaelena.galapagar\/\/wp-content\/uploads\/ies.infantaelena.galapagar\/2021\/12\/PORTADA_RAICES-300x147.jpg 300w\" sizes=\"auto, (max-width: 411px) 100vw, 411px\" \/><\/figure><\/div>\n\n\n\n<p><strong>RA\u00cdCES\/ROBLE <\/strong>es un portal cuya finalidad es la de proporcionar a las familias la informaci\u00f3n que de sus hijos publicar\u00e1n los centros educativos y profesores a lo largo del curso. Sirve, adem\u00e1s, de plataforma de interacci\u00f3n entre el centro y las familias.<\/p>\n\n\n\n<p><strong>RA\u00cdCES\/ROBLE <\/strong>est\u00e1 plenamente integrado en <strong>RA\u00cdCES <\/strong>(<strong><em>raices.madrid.org<\/em><\/strong>), el Sistema de Gesti\u00f3n Integral Educativa de la Comunidad de Madrid.<\/p>\n\n\n\n<p>El acceso a <strong>ROBLE <\/strong>por parte de los familias se realiza a trav\u00e9s de <strong>RA\u00cdCES <\/strong>(raices.madrid.org), introduciendo los tutores legales su nombre de <strong>usuario <\/strong>y <strong>contrase\u00f1a<\/strong>. Estas credenciales de acceso han de serles previamente proporcionadas por la Direcci\u00f3n del centro educativo.<\/p>\n\n\n\n<hr class=\"wp-block-separator is-style-default\"\/>\n\n\n\n<h2 class=\"wp-block-heading\">DOCUMENTACI\u00d3N<\/h2>\n\n\n\n<div class=\"wp-block-columns is-layout-flex wp-container-core-columns-is-layout-9d6595d7 wp-block-columns-is-layout-flex\">\n<div class=\"wp-block-column is-layout-flow wp-block-column-is-layout-flow\" style=\"flex-basis:25%\"><\/div>\n\n\n\n<div class=\"wp-block-column is-layout-flow wp-block-column-is-layout-flow\" style=\"flex-basis:50%\">\n<iframe loading=\"lazy\" src=\"https:\/\/mediateca.educa.madrid.org\/documentos\/ogscihpbgvxfb8xe\/fs\" width=\"630\" height=\"387\" frameborder=\"0\" scrolling=\"no\" style=\"border:0;overflow:hidden\" allowfullscreen=\"\"><\/iframe>\n<\/div>\n\n\n\n<div class=\"wp-block-column is-layout-flow wp-block-column-is-layout-flow\" style=\"flex-basis:25%\"><\/div>\n<\/div>\n\n\n\n<hr class=\"wp-block-separator\"\/>\n\n\n\n<h2 class=\"wp-block-heading\">SOLICITUD DE CREDENCIAL RA\u00cdCES\/ROBLE<\/h2>\n\n\n\n<p>La credencial puede solicitarse tanto person\u00e1ndose en la secretar\u00eda del centro o por correo electr\u00f3nico (a <em><strong>ies.infantaelena.galapagar@educa.madrid.org<\/strong><\/em>). Para solicitarla, se debe presentar la siguiente documentaci\u00f3n:<\/p>\n\n\n\n<ul class=\"wp-block-list\"><li>Nombre y apellidos del alumno\/a<\/li><li>Curso y grupo del alumno\/a<\/li><li>Nombre y apellidos del solicitante<\/li><li>Una <strong>fotocopia\/imagen del DNI, pasaporte o tarjeta de residencia<\/strong> del solicitante<\/li><\/ul>\n\n\n\n<hr class=\"wp-block-separator\"\/>\n\n\n\n<h2 class=\"wp-block-heading\">REGISTRO RA\u00cdCES\/ROBLE (V\u00cdDEO-TUTORIAL)<\/h2>\n\n\n\n<p>No dudes en visualizar el siguiente v\u00eddeo-tutorial para registrarte en Ra\u00edces.<\/p>\n\n\n\n<div class=\"wp-block-columns is-layout-flex wp-container-core-columns-is-layout-9d6595d7 wp-block-columns-is-layout-flex\">\n<div class=\"wp-block-column is-layout-flow wp-block-column-is-layout-flow\" style=\"flex-basis:25%\"><\/div>\n\n\n\n<div class=\"wp-block-column is-layout-flow wp-block-column-is-layout-flow\" style=\"flex-basis:50%\">\n<iframe loading=\"lazy\" src=\"https:\/\/mediateca.educa.madrid.org\/video\/yb47jygg9oujr5wi\/fs\" width=\"370\" height=\"300\" frameborder=\"0\" scrolling=\"no\" style=\"border:0;overflow:hidden\" allowfullscreen=\"\"><\/iframe>\n<\/div>\n\n\n\n<div class=\"wp-block-column is-layout-flow wp-block-column-is-layout-flow\" style=\"flex-basis:25%\"><\/div>\n<\/div>\n","protected":false},"excerpt":{"rendered":"<p>RA\u00cdCES\/ROBLE es un portal cuya finalidad es la de proporcionar a las familias la informaci\u00f3n que de sus hijos publicar\u00e1n los centros educativos y profesores a lo largo del curso. Sirve, adem\u00e1s, de plataforma de interacci\u00f3n entre el centro y las familias. RA\u00cdCES\/ROBLE est\u00e1 plenamente integrado en RA\u00cdCES (raices.madrid.org), el Sistema de Gesti\u00f3n Integral Educativa [&hellip;]<\/p>\n","protected":false},"author":27,"featured_media":0,"parent":0,"menu_order":0,"comment_status":"closed","ping_status":"closed","template":"fullwidth-template.php","meta":{"footnotes":""},"folder":[],"class_list":["post-3334","page","type-page","status-publish","hentry"],"rttpg_featured_image_url":null,"rttpg_author":{"display_name":"Avelino Bern\u00e1rdez Portas","author_link":"https:\/\/site.educa.madrid.org\/ies.infantaelena.galapagar\/author\/avelino_bernrdez-portas\/"},"rttpg_comment":0,"rttpg_category":false,"rttpg_excerpt":"RA\u00cdCES\/ROBLE es un portal cuya finalidad es la de proporcionar a las familias la informaci\u00f3n que de sus hijos publicar\u00e1n los centros educativos y profesores a lo largo del curso. Sirve, adem\u00e1s, de plataforma de interacci\u00f3n entre el centro y las familias. RA\u00cdCES\/ROBLE est\u00e1 plenamente integrado en RA\u00cdCES (raices.madrid.org), el Sistema de Gesti\u00f3n Integral Educativa&hellip;","post_mailing_queue_ids":[],"_links":{"self":[{"href":"https:\/\/site.educa.madrid.org\/ies.infantaelena.galapagar\/wp-json\/wp\/v2\/pages\/3334","targetHints":{"allow":["GET"]}}],"collection":[{"href":"https:\/\/site.educa.madrid.org\/ies.infantaelena.galapagar\/wp-json\/wp\/v2\/pages"}],"about":[{"href":"https:\/\/site.educa.madrid.org\/ies.infantaelena.galapagar\/wp-json\/wp\/v2\/types\/page"}],"author":[{"embeddable":true,"href":"https:\/\/site.educa.madrid.org\/ies.infantaelena.galapagar\/wp-json\/wp\/v2\/users\/27"}],"replies":[{"embeddable":true,"href":"https:\/\/site.educa.madrid.org\/ies.infantaelena.galapagar\/wp-json\/wp\/v2\/comments?post=3334"}],"version-history":[{"count":11,"href":"https:\/\/site.educa.madrid.org\/ies.infantaelena.galapagar\/wp-json\/wp\/v2\/pages\/3334\/revisions"}],"predecessor-version":[{"id":4083,"href":"https:\/\/site.educa.madrid.org\/ies.infantaelena.galapagar\/wp-json\/wp\/v2\/pages\/3334\/revisions\/4083"}],"wp:attachment":[{"href":"https:\/\/site.educa.madrid.org\/ies.infantaelena.galapagar\/wp-json\/wp\/v2\/media?parent=3334"}],"wp:term":[{"taxonomy":"folder","embeddable":true,"href":"https:\/\/site.educa.madrid.org\/ies.infantaelena.galapagar\/wp-json\/wp\/v2\/folder?post=3334"}],"curies":[{"name":"wp","href":"https:\/\/api.w.org\/{rel}","templated":true}]}}