{"id":3639,"date":"2021-12-11T21:13:55","date_gmt":"2021-12-11T20:13:55","guid":{"rendered":"https:\/\/site.educa.madrid.org\/ies.infantaelena.galapagar\/?page_id=3639"},"modified":"2025-01-25T08:18:49","modified_gmt":"2025-01-25T07:18:49","slug":"consejo-escolar","status":"publish","type":"page","link":"https:\/\/site.educa.madrid.org\/ies.infantaelena.galapagar\/consejo-escolar\/","title":{"rendered":"Representantes del Consejo Escolar"},"content":{"rendered":"<div id=\"pl-3639\"  class=\"panel-layout\" ><div id=\"pg-3639-0\"  class=\"panel-grid panel-has-style\" ><div class=\"panel-row-style panel-row-style-for-3639-0\" ><div id=\"pgc-3639-0-0\"  class=\"panel-grid-cell\" ><div id=\"panel-3639-0-0-0\" class=\"so-panel widget widget_sow-features panel-first-child panel-last-child\" data-index=\"0\" ><div\n\t\t\t\n\t\t\tclass=\"so-widget-sow-features so-widget-sow-features-default-d08744447d87-3639\"\n\t\t\t\n\t\t>\n<div class=\"sow-features-list sow-features-responsive\">\n\n\t\t\t\t\t\t\t\t\t<div\n\t\t\t\tclass=\"sow-features-feature sow-icon-container-position-top\"\n\t\t\t\tstyle=\"display: flex; flex-direction: column; width: calc(25% - 25px);\"\n\t\t\t>\n\t\t\t\n\t\t\t\t\t\t\t\t<div\n\t\t\t\t\tclass=\"sow-icon-container sow-container-none\"\n\t\t\t\t\tstyle=\"color: #ffffff; \"\n\t\t\t\t\t\t\t\t\t>\n\t\t\t\t\t<span class=\"sow-icon-fontawesome sow-fas\" data-sow-icon=\"&#xf0c0;\"\n\t\tstyle=\"font-size: 48px; color: #000000\" \n\t\taria-hidden=\"true\"><\/span>\t\t\t\t<\/div>\n\t\t\t\t\n\t\t\t\t<div class=\"textwidget\">\n\t\t\t\t\t\n\t\t\t\t\t\t\t\t\t\t\t<h4>\n\t\t\t\t\t\t\t\n\t\t\t\t\t\t\tPROFESORADO\t\t\t\t\t\t\t\t\t\t\t\t\t<\/h4>\n\t\t\t\t\t\n\t\t\t\t\t\t\t\t\t\t\t<div class=\"card-body p-4\">\n<p style=\"text-align: center\" align=\"center\">Mar\u00eda Arcenegui<\/p>\n<p style=\"text-align: center\" align=\"center\">Ricardo Ferrera<\/p>\n<p style=\"text-align: center\" align=\"center\">Ricardo Vicente<\/p>\n<p style=\"text-align: center\" align=\"center\">Sergio Cuesta<\/p>\n<p style=\"text-align: center\" align=\"center\">M\u00aa Isabel Mart\u00ednez<\/p>\n<p style=\"text-align: center\" align=\"center\">\u00c1ngeles Urrea<\/p>\n<p style=\"text-align: center\">Sonia Torres<\/p>\n<\/div>\n\t\t\t\t\t\n\t\t\t\t\t\t\t\t\t<\/div>\n\t\t\t\t\t\t\t\t\n\t\t\t\t\t\t\t<\/div>\n\n\t\t\t\t\t\t\t\t<div\n\t\t\t\tclass=\"sow-features-feature sow-icon-container-position-top\"\n\t\t\t\tstyle=\"display: flex; flex-direction: column; width: calc(25% - 25px);\"\n\t\t\t>\n\t\t\t\n\t\t\t\t\t\t\t\t<div\n\t\t\t\t\tclass=\"sow-icon-container sow-container-none\"\n\t\t\t\t\tstyle=\"color: #ffffff; \"\n\t\t\t\t\t\t\t\t\t>\n\t\t\t\t\t<span class=\"sow-icon-fontawesome sow-fas\" data-sow-icon=\"&#xf0c0;\"\n\t\tstyle=\"font-size: 48px; color: #000000\" \n\t\taria-hidden=\"true\"><\/span>\t\t\t\t<\/div>\n\t\t\t\t\n\t\t\t\t<div class=\"textwidget\">\n\t\t\t\t\t\n\t\t\t\t\t\t\t\t\t\t\t<h4>\n\t\t\t\t\t\t\t\n\t\t\t\t\t\t\tALUMNADO\t\t\t\t\t\t\t\t\t\t\t\t\t<\/h4>\n\t\t\t\t\t\n\t\t\t\t\t\t\t\t\t\t\t<div class=\"card-body p-4\">\n<p style=\"text-align: center\" align=\"center\">Miguel Abell\u00e1n<\/p>\n<p style=\"text-align: center\" align=\"center\">Emilio Cirujano<\/p>\n<p style=\"text-align: center\" align=\"center\">Marina Casillas<\/p>\n<p align=\"center\">Jorge Mulas<\/p><\/div>\t\t\t\t\t\n\t\t\t\t\t\t\t\t\t<\/div>\n\t\t\t\t\t\t\t\t\n\t\t\t\t\t\t\t<\/div>\n\n\t\t\t\t\t\t\t\t<div\n\t\t\t\tclass=\"sow-features-feature sow-icon-container-position-top\"\n\t\t\t\tstyle=\"display: flex; flex-direction: column; width: calc(25% - 25px);\"\n\t\t\t>\n\t\t\t\n\t\t\t\t\t\t\t\t<div\n\t\t\t\t\tclass=\"sow-icon-container sow-container-none\"\n\t\t\t\t\tstyle=\"color: #ffffff; \"\n\t\t\t\t\t\t\t\t\t>\n\t\t\t\t\t<span class=\"sow-icon-fontawesome sow-fas\" data-sow-icon=\"&#xf500;\"\n\t\tstyle=\"font-size: 48px; color: #000000\" \n\t\taria-hidden=\"true\"><\/span>\t\t\t\t<\/div>\n\t\t\t\t\n\t\t\t\t<div class=\"textwidget\">\n\t\t\t\t\t\n\t\t\t\t\t\t\t\t\t\t\t<h4>\n\t\t\t\t\t\t\t\n\t\t\t\t\t\t\tPADRES y MADRES\t\t\t\t\t\t\t\t\t\t\t\t\t<\/h4>\n\t\t\t\t\t\n\t\t\t\t\t\t\t\t\t\t\t<div class=\"card-body p-4\">\n<p style=\"text-align: center\" align=\"center\">Mounia Al Bahri<\/p>\n<p style=\"text-align: center\" align=\"center\">M\u00aa del Mar Tamayo<\/p>\n<p align=\"center\">Ana Gancedo (AMPA)<\/p><\/div>\t\t\t\t\t\n\t\t\t\t\t\t\t\t\t<\/div>\n\t\t\t\t\t\t\t\t\n\t\t\t\t\t\t\t<\/div>\n\n\t\t\t\t\t\t\t\t<div\n\t\t\t\tclass=\"sow-features-feature sow-icon-container-position-top\"\n\t\t\t\tstyle=\"display: flex; flex-direction: column; width: calc(25% - 25px);\"\n\t\t\t>\n\t\t\t\n\t\t\t\t\t\t\t\t<div\n\t\t\t\t\tclass=\"sow-icon-container sow-container-none\"\n\t\t\t\t\tstyle=\"color: #ffffff; \"\n\t\t\t\t\t\t\t\t\t>\n\t\t\t\t\t<span class=\"sow-icon-fontawesome sow-fas\" data-sow-icon=\"&#xf500;\"\n\t\tstyle=\"font-size: 48px; color: #000000\" \n\t\taria-hidden=\"true\"><\/span>\t\t\t\t<\/div>\n\t\t\t\t\n\t\t\t\t<div class=\"textwidget\">\n\t\t\t\t\t\n\t\t\t\t\t\t\t\t\t\t\t<h4>\n\t\t\t\t\t\t\t\n\t\t\t\t\t\t\tSERVICIOS\t\t\t\t\t\t\t\t\t\t\t\t\t<\/h4>\n\t\t\t\t\t\n\t\t\t\t\t\t\t\t\t\t\t<div class=\"card-body p-4\">\n<p style=\"text-align: center\" align=\"center\">Conrado Castillo<\/p>\n<p style=\"text-align: center\" align=\"center\">Beatriz Guti\u00e9rrez (Ayto.)<\/p>\n<\/div>\n\t\t\t\t\t\n\t\t\t\t\t\t\t\t\t<\/div>\n\t\t\t\t\t\t\t\t\n\t\t\t\t\t\t\t<\/div>\n\n\t\t\t\n<\/div>\n<\/div><\/div><\/div><\/div><\/div><div id=\"pg-3639-1\"  class=\"panel-grid panel-has-style\" ><div class=\"siteorigin-panels-stretch panel-row-style panel-row-style-for-3639-1\" data-stretch-type=\"full-width-stretch\" ><div id=\"pgc-3639-1-0\"  class=\"panel-grid-cell\" ><div id=\"panel-3639-1-0-0\" class=\"so-panel widget widget_sow-headline panel-first-child panel-last-child\" data-index=\"1\" ><div\n\t\t\t\n\t\t\tclass=\"so-widget-sow-headline so-widget-sow-headline-default-3c20fcb07bcf-3639\"\n\t\t\t\n\t\t><div class=\"sow-headline-container \">\n\t\t\t\t\t\t<div class=\"decoration\">\n\t\t\t\t\t\t<div class=\"decoration-inside\"><\/div>\n\t\t\t\t\t<\/div>\n\t\t\t\t\t<\/div>\n<\/div><\/div><\/div><\/div><\/div><\/div>","protected":false},"excerpt":{"rendered":"<p>PROFESORADO Mar\u00eda Arcenegui Ricardo Ferrera Ricardo Vicente Sergio Cuesta M\u00aa Isabel Mart\u00ednez \u00c1ngeles Urrea Sonia Torres ALUMNADO Miguel Abell\u00e1n Emilio Cirujano Marina Casillas Jorge Mulas PADRES y MADRES Mounia Al Bahri M\u00aa del Mar Tamayo Ana Gancedo (AMPA) SERVICIOS Conrado Castillo Beatriz Guti\u00e9rrez (Ayto.)<\/p>\n","protected":false},"author":3,"featured_media":0,"parent":0,"menu_order":0,"comment_status":"closed","ping_status":"closed","template":"","meta":{"footnotes":""},"folder":[],"class_list":["post-3639","page","type-page","status-publish","hentry"],"rttpg_featured_image_url":null,"rttpg_author":{"display_name":"Cuenta","author_link":"https:\/\/site.educa.madrid.org\/ies.infantaelena.galapagar\/author\/cuenta_ies-infantaelena-galapagar\/"},"rttpg_comment":0,"rttpg_category":false,"rttpg_excerpt":"PROFESORADO Mar\u00eda Arcenegui Ricardo Ferrera Ricardo Vicente Sergio Cuesta M\u00aa Isabel Mart\u00ednez \u00c1ngeles Urrea Sonia Torres ALUMNADO Miguel Abell\u00e1n Emilio Cirujano Marina Casillas Jorge Mulas PADRES y MADRES Mounia Al Bahri M\u00aa del Mar Tamayo Ana Gancedo (AMPA) SERVICIOS Conrado Castillo Beatriz Guti\u00e9rrez (Ayto.)","post_mailing_queue_ids":[],"_links":{"self":[{"href":"https:\/\/site.educa.madrid.org\/ies.infantaelena.galapagar\/wp-json\/wp\/v2\/pages\/3639","targetHints":{"allow":["GET"]}}],"collection":[{"href":"https:\/\/site.educa.madrid.org\/ies.infantaelena.galapagar\/wp-json\/wp\/v2\/pages"}],"about":[{"href":"https:\/\/site.educa.madrid.org\/ies.infantaelena.galapagar\/wp-json\/wp\/v2\/types\/page"}],"author":[{"embeddable":true,"href":"https:\/\/site.educa.madrid.org\/ies.infantaelena.galapagar\/wp-json\/wp\/v2\/users\/3"}],"replies":[{"embeddable":true,"href":"https:\/\/site.educa.madrid.org\/ies.infantaelena.galapagar\/wp-json\/wp\/v2\/comments?post=3639"}],"version-history":[{"count":40,"href":"https:\/\/site.educa.madrid.org\/ies.infantaelena.galapagar\/wp-json\/wp\/v2\/pages\/3639\/revisions"}],"predecessor-version":[{"id":9925,"href":"https:\/\/site.educa.madrid.org\/ies.infantaelena.galapagar\/wp-json\/wp\/v2\/pages\/3639\/revisions\/9925"}],"wp:attachment":[{"href":"https:\/\/site.educa.madrid.org\/ies.infantaelena.galapagar\/wp-json\/wp\/v2\/media?parent=3639"}],"wp:term":[{"taxonomy":"folder","embeddable":true,"href":"https:\/\/site.educa.madrid.org\/ies.infantaelena.galapagar\/wp-json\/wp\/v2\/folder?post=3639"}],"curies":[{"name":"wp","href":"https:\/\/api.w.org\/{rel}","templated":true}]}}