{"id":3794,"date":"2021-12-23T18:08:32","date_gmt":"2021-12-23T17:08:32","guid":{"rendered":"https:\/\/site.educa.madrid.org\/ies.infantaelena.galapagar\/?page_id=3794"},"modified":"2022-05-05T13:53:15","modified_gmt":"2022-05-05T11:53:15","slug":"proyecto-aulas-libera","status":"publish","type":"page","link":"https:\/\/site.educa.madrid.org\/ies.infantaelena.galapagar\/proyecto-aulas-libera\/","title":{"rendered":"PROYECTO AULAS LIBERA"},"content":{"rendered":"<div id=\"pl-3794\"  class=\"panel-layout\" ><div id=\"pg-3794-0\"  class=\"panel-grid panel-no-style\" ><div id=\"pgc-3794-0-0\"  class=\"panel-grid-cell\" ><div id=\"panel-3794-0-0-0\" class=\"so-panel widget widget_sow-image panel-first-child panel-last-child\" data-index=\"0\" ><div\n\t\t\t\n\t\t\tclass=\"so-widget-sow-image so-widget-sow-image-default-a258e6bfa2d8-3794\"\n\t\t\t\n\t\t>\n\n<div class=\"sow-image-container\">\n\t\t<img loading=\"lazy\" decoding=\"async\" src=\"https:\/\/site.educa.madrid.org\/ies.infantaelena.galapagar\/\/wp-content\/uploads\/ies.infantaelena.galapagar\/2021\/12\/Sin-titulo-768x218.jpg\" width=\"525\" height=\"149\" srcset=\"https:\/\/site.educa.madrid.org\/ies.infantaelena.galapagar\/\/wp-content\/uploads\/ies.infantaelena.galapagar\/2021\/12\/Sin-titulo-768x218.jpg 768w, https:\/\/site.educa.madrid.org\/ies.infantaelena.galapagar\/\/wp-content\/uploads\/ies.infantaelena.galapagar\/2021\/12\/Sin-titulo-300x85.jpg 300w, https:\/\/site.educa.madrid.org\/ies.infantaelena.galapagar\/\/wp-content\/uploads\/ies.infantaelena.galapagar\/2021\/12\/Sin-titulo-1024x291.jpg 1024w, https:\/\/site.educa.madrid.org\/ies.infantaelena.galapagar\/\/wp-content\/uploads\/ies.infantaelena.galapagar\/2021\/12\/Sin-titulo-1536x436.jpg 1536w, https:\/\/site.educa.madrid.org\/ies.infantaelena.galapagar\/\/wp-content\/uploads\/ies.infantaelena.galapagar\/2021\/12\/Sin-titulo-2048x581.jpg 2048w\" sizes=\"auto, (max-width: 525px) 100vw, 525px\" title=\"Sin t\u00edtulo\" alt=\"\" \t\tclass=\"so-widget-image\"\/>\n\t<\/div>\n\n<\/div><\/div><\/div><\/div><div id=\"pg-3794-1\"  class=\"panel-grid panel-no-style\" ><div id=\"pgc-3794-1-0\"  class=\"panel-grid-cell\" ><div id=\"panel-3794-1-0-0\" class=\"so-panel widget widget_text panel-first-child\" data-index=\"1\" >\t\t\t<div class=\"textwidget\"><p>El proyecto \u2018LIBERA, unidos contra la basuraleza\u2019 nace en el a\u00f1o 2017 para\u00a0<strong>frenar las consecuencias de la basura abandonada en los espacios naturales,<\/strong>\u00a0la basuraleza. Fue creado por la ONG ambiental <strong>SEO\/BirdLife,<\/strong>\u00a0en alianza con\u00a0<strong>Ecoembes<\/strong>, la organizaci\u00f3n medioambiental sin \u00e1nimo de lucro que promueve la econom\u00eda circular a trav\u00e9s del reciclaje de los envases.<\/p>\n<p>El objetivo de esta iniciativa es\u00a0<strong>concienciar y movilizar a la ciudadan\u00eda<\/strong>\u00a0para mantener los espacios naturales libres de basura y, as\u00ed, poder liberar mucha m\u00e1s vida en favor de la biodiversidad.<\/p>\n<p>En el IES Infanta Elena, se ha implantado este proyecto gracias a la jefa del Departamento de Biolog\u00eda y Geolog\u00eda, \u00c1ngeles Urrea, en el curso 2019-2020.<\/p>\n<\/div>\n\t\t<\/div><div id=\"panel-3794-1-0-1\" class=\"so-panel widget widget_sow-headline panel-last-child\" data-index=\"2\" ><div\n\t\t\t\n\t\t\tclass=\"so-widget-sow-headline so-widget-sow-headline-default-925311927597-3794\"\n\t\t\t\n\t\t><div class=\"sow-headline-container \">\n\t\t\t\t\t\t<div class=\"decoration\">\n\t\t\t\t\t\t<div class=\"decoration-inside\"><\/div>\n\t\t\t\t\t<\/div>\n\t\t\t\t\t<\/div>\n<\/div><\/div><\/div><\/div><div id=\"pg-3794-2\"  class=\"panel-grid panel-no-style\" ><div id=\"pgc-3794-2-0\"  class=\"panel-grid-cell\" ><div id=\"panel-3794-2-0-0\" class=\"so-panel widget widget_sow-post-carousel panel-first-child panel-last-child\" data-index=\"3\" ><div\n\t\t\t\n\t\t\tclass=\"so-widget-sow-post-carousel so-widget-sow-post-carousel-base-8bbf19a024f0-3794\"\n\t\t\t\n\t\t>\t<div\n\t\tclass=\"sow-post-carousel-wrapper sow-post-carousel-theme-base\"\n\t\tstyle=\"overflow: hidden; max-width: 100%; min-height: 182px\"\n\t>\n\t\t<div class=\"sow-carousel-title\">\n\t\t\t<div class=\"sow-carousel-navigation \">\n\t\t\t\t\t\t<a href=\"#\" class=\"sow-carousel-next\" title=\"Siguiente\" aria-label=\"Entradas siguientes\" role=\"button\"><\/a>\n\t\t\t\t\t\t<a href=\"#\" class=\"sow-carousel-previous\" title=\"Anterior\" aria-label=\"Entradas anteriores\" role=\"button\"><\/a>\n\t\t\t\t\t<\/div>\n\t<\/div>\n\n<div class=\"sow-carousel-container \">\n\t\t<div class=\"sow-carousel-wrapper\"\n\t\tdata-dir=\"ltr\"\n\t\tstyle=\"opacity: 0;\"\n\t\tdata-widget=\"post\" data-fetching=\"false\" data-page=\"1\" data-ajax-url=\"https:\/\/site.educa.madrid.org\/ies.infantaelena.galapagar\/wp-admin\/admin-ajax.php?_widgets_nonce=60b1def85f\" data-item_count=\"4\" data-carousel_settings=\"{&quot;loop&quot;:true,&quot;animation&quot;:&quot;ease&quot;,&quot;animation_speed&quot;:800,&quot;autoplay&quot;:false,&quot;pauseOnHover&quot;:false,&quot;autoplaySpeed&quot;:8000,&quot;item_overflow&quot;:true,&quot;autoplay_continuous_scroll&quot;:false}\" data-responsive=\"{&quot;desktop_slides_to_scroll&quot;:1,&quot;tablet_landscape_breakpoint&quot;:1366,&quot;tablet_landscape_slides_to_scroll&quot;:2,&quot;tablet_portrait_breakpoint&quot;:1025,&quot;tablet_portrait_slides_to_scroll&quot;:2,&quot;mobile_breakpoint&quot;:480,&quot;mobile_slides_to_scroll&quot;:1,&quot;desktop_slides_to_show&quot;:3,&quot;tablet_landscape_slides_to_show&quot;:3,&quot;tablet_portrait_slides_to_show&quot;:2,&quot;mobile_slides_to_show&quot;:1}\" data-variable_width=\"true\" \t>\n\t\t<div\n\t\t\tclass=\"sow-carousel-items\"\n\t\t\t\t\t>\n\t\t\t\t<div class=\"sow-carousel-item\" tabindex=\"-1\" style=\"float: left;\">\n\t\t<div class=\"sow-carousel-thumbnail\">\n\t\t\t\t\t\t\t<a\n\t\t\t\t\thref=\"https:\/\/site.educa.madrid.org\/ies.infantaelena.galapagar\/aula-libera\/proyecto-aula-libera-2021\/\"\n\t\t\t\t\t\t\t\t\t\tstyle=\"background-image: url( https:\/\/site.educa.madrid.org\/ies.infantaelena.galapagar\/\/wp-content\/uploads\/ies.infantaelena.galapagar\/2020\/01\/unnamed-272x182.jpg )\"\n\t\t\t\t\taria-labelledby=\"sow-carousel-id-4964\"\n\t\t\t\t\ttabindex=\"-1\"\n\t\t\t\t>\n\t\t\t\t\t<span class=\"overlay\"><\/span>\n\t\t\t\t<\/a>\n\t\t\t\t\t<\/div>\n\t\t<h3 class=\"sow-carousel-item-title\">\n\t\t\t<a\n\t\t\t\thref=\"https:\/\/site.educa.madrid.org\/ies.infantaelena.galapagar\/aula-libera\/proyecto-aula-libera-2021\/\"\n\t\t\t\tid=\"sow-carousel-id-4964\"\n\t\t\t\t\t\t\t\ttabindex=\"-1\"\n\t\t\t>\n\n\t\t\t\tProyecto Aulas Libera: Marco te\u00f3rico\t\t\t<\/a>\n\t\t<\/h3>\n\t<\/div>\n\t<div class=\"sow-carousel-item\" tabindex=\"-1\" style=\"float: left;\">\n\t\t<div class=\"sow-carousel-thumbnail\">\n\t\t\t\t\t\t\t<a\n\t\t\t\t\thref=\"https:\/\/site.educa.madrid.org\/ies.infantaelena.galapagar\/aula-libera\/dia-mundial-del-medioambiente\/\"\n\t\t\t\t\t\t\t\t\t\tstyle=\"background-image: url( https:\/\/site.educa.madrid.org\/ies.infantaelena.galapagar\/\/wp-content\/uploads\/ies.infantaelena.galapagar\/2020\/06\/Sin-titulo.jpg )\"\n\t\t\t\t\taria-labelledby=\"sow-carousel-id-4981\"\n\t\t\t\t\ttabindex=\"-1\"\n\t\t\t\t>\n\t\t\t\t\t<span class=\"overlay\"><\/span>\n\t\t\t\t<\/a>\n\t\t\t\t\t<\/div>\n\t\t<h3 class=\"sow-carousel-item-title\">\n\t\t\t<a\n\t\t\t\thref=\"https:\/\/site.educa.madrid.org\/ies.infantaelena.galapagar\/aula-libera\/dia-mundial-del-medioambiente\/\"\n\t\t\t\tid=\"sow-carousel-id-4981\"\n\t\t\t\t\t\t\t\ttabindex=\"-1\"\n\t\t\t>\n\n\t\t\t\tD\u00eda Mundial del Medioambiente 2020\t\t\t<\/a>\n\t\t<\/h3>\n\t<\/div>\n\t<div class=\"sow-carousel-item\" tabindex=\"-1\" style=\"float: left;\">\n\t\t<div class=\"sow-carousel-thumbnail\">\n\t\t\t\t\t\t\t<a\n\t\t\t\t\thref=\"https:\/\/site.educa.madrid.org\/ies.infantaelena.galapagar\/aula-libera\/proyecto-aula-libera-no-es-mi-basura-pero-si-es-mi-problema\/\"\n\t\t\t\t\t\t\t\t\t\tstyle=\"background-image: url( https:\/\/site.educa.madrid.org\/ies.infantaelena.galapagar\/\/wp-content\/uploads\/ies.infantaelena.galapagar\/2021\/04\/IMG_20210406_123542-272x182.jpg )\"\n\t\t\t\t\taria-labelledby=\"sow-carousel-id-4972\"\n\t\t\t\t\ttabindex=\"-1\"\n\t\t\t\t>\n\t\t\t\t\t<span class=\"overlay\"><\/span>\n\t\t\t\t<\/a>\n\t\t\t\t\t<\/div>\n\t\t<h3 class=\"sow-carousel-item-title\">\n\t\t\t<a\n\t\t\t\thref=\"https:\/\/site.educa.madrid.org\/ies.infantaelena.galapagar\/aula-libera\/proyecto-aula-libera-no-es-mi-basura-pero-si-es-mi-problema\/\"\n\t\t\t\tid=\"sow-carousel-id-4972\"\n\t\t\t\t\t\t\t\ttabindex=\"-1\"\n\t\t\t>\n\n\t\t\t\tProyecto Aula Libera: \u00abNo es mi basura pero s\u00ed es mi problema\u00bb\t\t\t<\/a>\n\t\t<\/h3>\n\t<\/div>\n\t<div class=\"sow-carousel-item\" tabindex=\"-1\" style=\"float: left;\">\n\t\t<div class=\"sow-carousel-thumbnail\">\n\t\t\t\t\t\t\t<a\n\t\t\t\t\thref=\"https:\/\/site.educa.madrid.org\/ies.infantaelena.galapagar\/novedades\/aula-libera-2022\/\"\n\t\t\t\t\t\t\t\t\t\tstyle=\"background-image: url( https:\/\/site.educa.madrid.org\/ies.infantaelena.galapagar\/\/wp-content\/uploads\/ies.infantaelena.galapagar\/2022\/05\/20220425_104056-272x182.jpg )\"\n\t\t\t\t\taria-labelledby=\"sow-carousel-id-4923\"\n\t\t\t\t\ttabindex=\"-1\"\n\t\t\t\t>\n\t\t\t\t\t<span class=\"overlay\"><\/span>\n\t\t\t\t<\/a>\n\t\t\t\t\t<\/div>\n\t\t<h3 class=\"sow-carousel-item-title\">\n\t\t\t<a\n\t\t\t\thref=\"https:\/\/site.educa.madrid.org\/ies.infantaelena.galapagar\/novedades\/aula-libera-2022\/\"\n\t\t\t\tid=\"sow-carousel-id-4923\"\n\t\t\t\t\t\t\t\ttabindex=\"-1\"\n\t\t\t>\n\n\t\t\t\tAula Libera 2022\t\t\t<\/a>\n\t\t<\/h3>\n\t<\/div>\n\t\t<\/div>\n\t\t\t<\/div>\n\n\t<\/div>\n\t\t<input type=\"hidden\" name=\"instance_hash\" value=\"39886ea9\"\/>\n\t<\/div>\n<\/div><\/div><\/div><\/div><div id=\"pg-3794-3\"  class=\"panel-grid panel-no-style\" ><div id=\"pgc-3794-3-0\"  class=\"panel-grid-cell\" ><div id=\"panel-3794-3-0-0\" class=\"so-panel widget widget_sow-headline panel-first-child panel-last-child\" data-index=\"4\" ><div\n\t\t\t\n\t\t\tclass=\"so-widget-sow-headline so-widget-sow-headline-default-925311927597-4923\"\n\t\t\t\n\t\t><div class=\"sow-headline-container \">\n\t\t\t\t\t\t<div class=\"decoration\">\n\t\t\t\t\t\t<div class=\"decoration-inside\"><\/div>\n\t\t\t\t\t<\/div>\n\t\t\t\t\t<\/div>\n<\/div><\/div><\/div><\/div><div id=\"pg-3794-4\"  class=\"panel-grid panel-no-style\" ><div id=\"pgc-3794-4-0\"  class=\"panel-grid-cell\" ><div id=\"panel-3794-4-0-0\" class=\"so-panel widget widget_sow-headline panel-first-child\" data-index=\"5\" ><div\n\t\t\t\n\t\t\tclass=\"so-widget-sow-headline so-widget-sow-headline-default-ea0af4cf39ae-4923\"\n\t\t\t\n\t\t><div class=\"sow-headline-container \">\n\t\t\t\t\t\t\t<h1 class=\"sow-headline\">\n\t\t\t\t\t\t1\u00aa FASE-APRENDE\t\t\t\t\t\t<\/h1>\n\t\t\t\t\t\t\t\t\t\t\t<div class=\"decoration\">\n\t\t\t\t\t\t<div class=\"decoration-inside\"><\/div>\n\t\t\t\t\t<\/div>\n\t\t\t\t\t<\/div>\n<\/div><\/div><div id=\"panel-3794-4-0-1\" class=\"so-panel widget widget_text panel-last-child\" data-index=\"6\" >\t\t\t<div class=\"textwidget\"><p>Los alumnos, a trav\u00e9s, de presentaciones ir\u00e1n adquiriendo los conocimientos para comprender la problem\u00e1tica.<\/p>\n<\/div>\n\t\t<\/div><\/div><div id=\"pgc-3794-4-1\"  class=\"panel-grid-cell\" ><div id=\"panel-3794-4-1-0\" class=\"so-panel widget widget_sow-headline panel-first-child\" data-index=\"7\" ><div\n\t\t\t\n\t\t\tclass=\"so-widget-sow-headline so-widget-sow-headline-default-ea0af4cf39ae-4923\"\n\t\t\t\n\t\t><div class=\"sow-headline-container \">\n\t\t\t\t\t\t\t<h1 class=\"sow-headline\">\n\t\t\t\t\t\t2\u00aa FASE-IDENTIFICA\t\t\t\t\t\t<\/h1>\n\t\t\t\t\t\t\t\t\t\t\t<div class=\"decoration\">\n\t\t\t\t\t\t<div class=\"decoration-inside\"><\/div>\n\t\t\t\t\t<\/div>\n\t\t\t\t\t<\/div>\n<\/div><\/div><div id=\"panel-3794-4-1-1\" class=\"so-panel widget widget_text panel-last-child\" data-index=\"8\" >\t\t\t<div class=\"textwidget\"><p>A trav\u00e9s de juegos y actividades fuera de las clases, se implican activamente la conservaci\u00f3n del entorno natural m\u00e1s pr\u00f3ximo.<\/p>\n<\/div>\n\t\t<\/div><\/div><div id=\"pgc-3794-4-2\"  class=\"panel-grid-cell\" ><div id=\"panel-3794-4-2-0\" class=\"so-panel widget widget_sow-headline panel-first-child\" data-index=\"9\" ><div\n\t\t\t\n\t\t\tclass=\"so-widget-sow-headline so-widget-sow-headline-default-ea0af4cf39ae-4923\"\n\t\t\t\n\t\t><div class=\"sow-headline-container \">\n\t\t\t\t\t\t\t<h1 class=\"sow-headline\">\n\t\t\t\t\t\t3\u00aa FASE-SOLUCIONA\t\t\t\t\t\t<\/h1>\n\t\t\t\t\t\t\t\t\t\t\t<div class=\"decoration\">\n\t\t\t\t\t\t<div class=\"decoration-inside\"><\/div>\n\t\t\t\t\t<\/div>\n\t\t\t\t\t<\/div>\n<\/div><\/div><div id=\"panel-3794-4-2-1\" class=\"so-panel widget widget_text panel-last-child\" data-index=\"10\" >\t\t\t<div class=\"textwidget\"><p>Se ponen a prueba los conocimientos adquiridos a trav\u00e9s de la presentaci\u00f3n de proyectos que planten una soluci\u00f3n al problema de las basuras.<\/p>\n<\/div>\n\t\t<\/div><\/div><\/div><div id=\"pg-3794-5\"  class=\"panel-grid panel-no-style\" ><div id=\"pgc-3794-5-0\"  class=\"panel-grid-cell\" ><div id=\"panel-3794-5-0-0\" class=\"widget_text so-panel widget widget_custom_html panel-first-child panel-last-child\" data-index=\"11\" ><div class=\"textwidget custom-html-widget\"><iframe loading=\"lazy\" src=\"https:\/\/mediateca.educa.madrid.org\/video\/xtxqxffjx3oqze9p\/fs\" width=\"420\" height=\"315\" frameborder=\"0\" scrolling=\"no\" style=\"border:0;overflow:hidden\" allowfullscreen><\/iframe><\/div><\/div><\/div><div id=\"pgc-3794-5-1\"  class=\"panel-grid-cell\" ><div id=\"panel-3794-5-1-0\" class=\"widget_text so-panel widget widget_custom_html panel-first-child panel-last-child\" data-index=\"12\" ><div class=\"textwidget custom-html-widget\"><iframe loading=\"lazy\" src=\"https:\/\/mediateca.educa.madrid.org\/video\/ljhb1dtrddda3nwe\/fs\" width=\"420\" height=\"315\" frameborder=\"0\" scrolling=\"no\" style=\"border:0;overflow:hidden\" allowfullscreen><\/iframe><\/div><\/div><\/div><div id=\"pgc-3794-5-2\"  class=\"panel-grid-cell\" ><div id=\"panel-3794-5-2-0\" class=\"widget_text so-panel widget widget_custom_html panel-first-child panel-last-child\" data-index=\"13\" ><div class=\"textwidget custom-html-widget\"><iframe loading=\"lazy\" src=\"https:\/\/mediateca.educa.madrid.org\/video\/smi5oukhjpuiwjuq\/fs\" width=\"420\" height=\"315\" frameborder=\"0\" scrolling=\"no\" style=\"border:0;overflow:hidden\" allowfullscreen><\/iframe><\/div><\/div><\/div><\/div><\/div>","protected":false},"excerpt":{"rendered":"<p>El proyecto \u2018LIBERA, unidos contra la basuraleza\u2019 nace en el a\u00f1o 2017 para\u00a0frenar las consecuencias de la basura abandonada en los espacios naturales,\u00a0la basuraleza. Fue creado por la ONG ambiental SEO\/BirdLife,\u00a0en alianza con\u00a0Ecoembes, la organizaci\u00f3n medioambiental sin \u00e1nimo de lucro que promueve la econom\u00eda circular a trav\u00e9s del reciclaje de los envases. El objetivo de [&hellip;]<\/p>\n","protected":false},"author":3,"featured_media":0,"parent":0,"menu_order":0,"comment_status":"closed","ping_status":"closed","template":"fullwidth-template.php","meta":{"footnotes":""},"folder":[],"class_list":["post-3794","page","type-page","status-publish","hentry"],"rttpg_featured_image_url":null,"rttpg_author":{"display_name":"Cuenta","author_link":"https:\/\/site.educa.madrid.org\/ies.infantaelena.galapagar\/author\/cuenta_ies-infantaelena-galapagar\/"},"rttpg_comment":0,"rttpg_category":"","rttpg_excerpt":"El proyecto \u2018LIBERA, unidos contra la basuraleza\u2019 nace en el a\u00f1o 2017 para\u00a0frenar las consecuencias de la basura abandonada en los espacios naturales,\u00a0la basuraleza. Fue creado por la ONG ambiental SEO\/BirdLife,\u00a0en alianza con\u00a0Ecoembes, la organizaci\u00f3n medioambiental sin \u00e1nimo de lucro que promueve la econom\u00eda circular a trav\u00e9s del reciclaje de los envases. El objetivo de&hellip;","post_mailing_queue_ids":[],"_links":{"self":[{"href":"https:\/\/site.educa.madrid.org\/ies.infantaelena.galapagar\/wp-json\/wp\/v2\/pages\/3794","targetHints":{"allow":["GET"]}}],"collection":[{"href":"https:\/\/site.educa.madrid.org\/ies.infantaelena.galapagar\/wp-json\/wp\/v2\/pages"}],"about":[{"href":"https:\/\/site.educa.madrid.org\/ies.infantaelena.galapagar\/wp-json\/wp\/v2\/types\/page"}],"author":[{"embeddable":true,"href":"https:\/\/site.educa.madrid.org\/ies.infantaelena.galapagar\/wp-json\/wp\/v2\/users\/3"}],"replies":[{"embeddable":true,"href":"https:\/\/site.educa.madrid.org\/ies.infantaelena.galapagar\/wp-json\/wp\/v2\/comments?post=3794"}],"version-history":[{"count":29,"href":"https:\/\/site.educa.madrid.org\/ies.infantaelena.galapagar\/wp-json\/wp\/v2\/pages\/3794\/revisions"}],"predecessor-version":[{"id":4996,"href":"https:\/\/site.educa.madrid.org\/ies.infantaelena.galapagar\/wp-json\/wp\/v2\/pages\/3794\/revisions\/4996"}],"wp:attachment":[{"href":"https:\/\/site.educa.madrid.org\/ies.infantaelena.galapagar\/wp-json\/wp\/v2\/media?parent=3794"}],"wp:term":[{"taxonomy":"folder","embeddable":true,"href":"https:\/\/site.educa.madrid.org\/ies.infantaelena.galapagar\/wp-json\/wp\/v2\/folder?post=3794"}],"curies":[{"name":"wp","href":"https:\/\/api.w.org\/{rel}","templated":true}]}}