{"id":4300,"date":"2022-02-18T18:07:53","date_gmt":"2022-02-18T17:07:53","guid":{"rendered":"https:\/\/site.educa.madrid.org\/ies.infantaelena.galapagar\/?page_id=4300"},"modified":"2024-10-29T20:45:41","modified_gmt":"2024-10-29T19:45:41","slug":"asociacion-de-madres-y-padres-de-alumnos","status":"publish","type":"page","link":"https:\/\/site.educa.madrid.org\/ies.infantaelena.galapagar\/asociacion-de-madres-y-padres-de-alumnos\/","title":{"rendered":"ASOCIACI\u00d3N DE MADRES Y PADRES DE ALUMNOS"},"content":{"rendered":"<div id=\"pl-4300\"  class=\"panel-layout\" ><div id=\"pg-4300-0\"  class=\"panel-grid panel-no-style\" ><div id=\"pgc-4300-0-0\"  class=\"panel-grid-cell\" ><div id=\"panel-4300-0-0-0\" class=\"so-panel widget widget_sow-image panel-first-child panel-last-child\" data-index=\"0\" ><div\n\t\t\t\n\t\t\tclass=\"so-widget-sow-image so-widget-sow-image-default-c67d20f9f743-4300\"\n\t\t\t\n\t\t>\n\n<div class=\"sow-image-container\">\n\t\t<img loading=\"lazy\" decoding=\"async\" src=\"https:\/\/site.educa.madrid.org\/ies.infantaelena.galapagar\/\/wp-content\/uploads\/ies.infantaelena.galapagar\/2024\/10\/Graffitti_IESInfantaElena-1.png\" width=\"1000\" height=\"300\" srcset=\"https:\/\/site.educa.madrid.org\/ies.infantaelena.galapagar\/\/wp-content\/uploads\/ies.infantaelena.galapagar\/2024\/10\/Graffitti_IESInfantaElena-1.png 1000w, https:\/\/site.educa.madrid.org\/ies.infantaelena.galapagar\/\/wp-content\/uploads\/ies.infantaelena.galapagar\/2024\/10\/Graffitti_IESInfantaElena-1-300x90.png 300w, https:\/\/site.educa.madrid.org\/ies.infantaelena.galapagar\/\/wp-content\/uploads\/ies.infantaelena.galapagar\/2024\/10\/Graffitti_IESInfantaElena-1-768x230.png 768w\" sizes=\"auto, (max-width: 1000px) 100vw, 1000px\" title=\"Graffitti_IESInfantaElena\" alt=\"\" \t\tclass=\"so-widget-image\"\/>\n\t<\/div>\n\n<\/div><\/div><\/div><\/div><div id=\"pg-4300-1\"  class=\"panel-grid panel-no-style\" ><div id=\"pgc-4300-1-0\"  class=\"panel-grid-cell\" ><div id=\"panel-4300-1-0-0\" class=\"so-panel widget widget_text panel-first-child panel-last-child\" data-index=\"1\" >\t\t\t<div class=\"textwidget\"><p>Como cada a\u00f1o, la Asociaci\u00f3n de Madres y Padres de Alumnos (AMPA) se pone a disposici\u00f3n de las familias de todo el alumnado que cursa estudios en este Centro, apoy\u00e1ndolas en todo lo que concierne a la educaci\u00f3n de nuestras hijas e hijos.<\/p>\n<p><strong>\u00bfSabes qui\u00e9nes somos y qu\u00e9 hacemos?\u00a0<\/strong><\/p>\n<p>La AMPA es la Asociaci\u00f3n de\u00a0Madres y Padres de Alumnos del Instituto, y representa a todas las familias en las actividades del Centro y en el Consejo Escolar. Adem\u00e1s, apoya las tareas educativas y sirve de interlocuci\u00f3n con el Equipo Directivo.<\/p>\n<p><strong>\u00bfA\u00fan no eres una familia socia de la AMPA?<\/strong><\/p>\n<p>Ser socia de la AMPA significa <strong>formar parte<\/strong> de todo lo que concierne a la educaci\u00f3n de nuestras hijas e hijos.<\/p>\n<p>A trav\u00e9s de una cuota anual de 25\u20ac por familia (incluye a todos los hijos\/as), contribuyes a <strong>que podamos<\/strong> <strong>realizar m\u00e1s actividades<\/strong> y a colaborar desde la AMPA en el <strong>apoyo integral del alumnado.<\/strong><\/p>\n<p><strong>Ser una familia socia <u>no implica trabajo extra<\/u> <\/strong>ni participar de la Junta Directiva ni como vocal, aunque si quieres hacerlo, \u00a1te esperamos!<\/p>\n<p><u>Nos preocupa enormemente que en un centro con tal cantidad de alumnado <strong>haya tan pocas familias socias,<\/strong><\/u> y creemos que es necesario <strong>reactivar la AMPA,<\/strong> no solo como representante de las familias sino tambi\u00e9n como pieza importante en la educaci\u00f3n secundaria de nuestros hijos e hijas.<\/p>\n<p>La AMPA se renov\u00f3 por completo en el curso 2022\/23, y est\u00e1 tratando de construir un proyecto s\u00f3lido.<\/p>\n<p><strong>\u00bfQu\u00e9 hemos hecho e<\/strong><strong>n estos cursos?<\/strong><\/p>\n<ul>\n<li><strong>Reuniones<\/strong> con el equipo directivo para tratar diferentes asuntos de importancia que conciernen al alumnado.<\/li>\n<li>Financiaci\u00f3n de la <strong>salida al albergue<\/strong> para la formaci\u00f3n de Alumnos Ayudantes y Mediadores.<\/li>\n<li><strong>Chocolatada<\/strong> de la San Silvestre (31 diciembre).<\/li>\n<li>Financiaci\u00f3n del proyecto de <strong>renovaci\u00f3n del muro de la entrada <\/strong>(realizado por el alumnado).<\/li>\n<li>Env\u00edo de <strong>comunicaciones<\/strong> de inter\u00e9s a las familias.<\/li>\n<\/ul>\n<p><strong>\u00bfQu\u00e9 nos gustar\u00eda hacer adem\u00e1s?<\/strong><\/p>\n<ul>\n<li><strong>Realizar talleres y charlas para familias,<\/strong> para dotarlas de recursos y habilidades para la educaci\u00f3n de sus hijos e hijas.<\/li>\n<li><strong>Renovaci\u00f3n del patio <\/strong>del centro: mejorar las zonas ajardinadas, los muros de las pistas, etc.<\/li>\n<li>Plantear <strong>actividades extraescolares.<\/strong><\/li>\n<li>Renovaci\u00f3n del <strong>blog y logotipo.<\/strong><\/li>\n<li>Colaborar y apoyar al instituto en <strong>actividades educativas<\/strong> del centro.<\/li>\n<\/ul>\n<p>Pero todo esto <strong><u>no es posible si no hay aportaciones de las familias.<\/u><\/strong> Ser socias implica un gran cambio en el centro y en el alumnado, por<strong> una sola cuota por curso y familia, cuyo importe es de <u>25 euros\/a\u00f1o.<\/u><\/strong><\/p>\n<p>&nbsp;<\/p>\n<p>\u00bfTienes otras ideas o quieres implicarte m\u00e1s? Escr\u00edbenos a nuestro correo electr\u00f3nico: <a href=\"mailto:ampaiegalapagar@gmail.com\">ampaiegalapagar@gmail.com<\/a><\/p>\n<\/div>\n\t\t<\/div><\/div><\/div><div id=\"pg-4300-2\"  class=\"panel-grid panel-no-style\" ><div id=\"pgc-4300-2-0\"  class=\"panel-grid-cell\" ><div id=\"panel-4300-2-0-0\" class=\"so-panel widget widget_sow-headline panel-first-child\" data-index=\"2\" ><div\n\t\t\t\n\t\t\tclass=\"so-widget-sow-headline so-widget-sow-headline-default-3089cf55fee1-4300\"\n\t\t\t\n\t\t><div class=\"sow-headline-container \">\n\t\t\t\t\t\t<div class=\"decoration\">\n\t\t\t\t\t\t<div class=\"decoration-inside\"><\/div>\n\t\t\t\t\t<\/div>\n\t\t\t\t\t<\/div>\n<\/div><\/div><div id=\"panel-4300-2-0-1\" class=\"so-panel widget widget_sow-headline\" data-index=\"3\" ><div\n\t\t\t\n\t\t\tclass=\"so-widget-sow-headline so-widget-sow-headline-default-3089cf55fee1-4300\"\n\t\t\t\n\t\t><div class=\"sow-headline-container \">\n\t\t\t\t\t\t\t<h1 class=\"sow-headline\">\n\t\t\t\t\t\tHAZTE SOCIO DE LA AMPA\t\t\t\t\t\t<\/h1>\n\t\t\t\t\t\t\t\t\t\t\t<div class=\"decoration\">\n\t\t\t\t\t\t<div class=\"decoration-inside\"><\/div>\n\t\t\t\t\t<\/div>\n\t\t\t\t\t<\/div>\n<\/div><\/div><div id=\"panel-4300-2-0-2\" class=\"so-panel widget widget_text\" data-index=\"4\" ><div class=\"panel-widget-style panel-widget-style-for-4300-2-0-2\" >\t\t\t<div class=\"textwidget\"><p>Para haceros socias de la AMPA basta rellenar el siguiente formulario:<\/p>\n<p><a href=\"https:\/\/forms.gle\/jduRRJ3CegcPNkDZA\"><strong>https:\/\/forms.gle\/jduRRJ3CegcPNkDZA<\/strong><\/a><\/p>\n<p><u>Y realizar el pago de la cuota <strong>(25\u20ac)<\/strong> mediante ingreso o transferencia <\/u>a la cuenta bancaria de la Asociaci\u00f3n de Madres y Padres de Alumnos del IES Infanta Elena:<\/p>\n<p><strong>CAIXABANK\u00a0 \u00a0 ES80 2100 4187 7413 0016 0304<\/strong><\/p>\n<p>Es <strong>muy importante <\/strong>que al hacer el ingreso o transferencia, en el apartado<strong> \u201cconcepto\u201d <\/strong>figuren<strong> los dos apellidos <\/strong>del alumna\/o o alumnas\/os<strong> de la familia asociada<\/strong>.<\/p>\n<p>Deb\u00e9is enviarnos despu\u00e9s el <strong>justificante del ingreso<\/strong> a nuestro correo electr\u00f3nico: <a href=\"mailto:ampaiegalapagar@gmail.com\">ampaiegalapagar@gmail.com<\/a><\/p>\n<p>Si ya sois socios de la AMPA pero necesit\u00e1is cambiar alg\u00fan dato, pod\u00e9is hacerlo a trav\u00e9s del mismo formulario.<\/p>\n<p>Tambi\u00e9n pod\u00e9is daros de alta rellenando a mano el cup\u00f3n que pod\u00e9is descargar m\u00e1s abajo, y entregarlo junto con el justificante de la transferencia en:<\/p>\n<ul>\n<li>La Secretar\u00eda del Instituto, junto con el sobre de Matr\u00edcula.<\/li>\n<li>El buz\u00f3n de la AMPA que hay frente a la Conserjer\u00eda.<\/li>\n<li>El correo electr\u00f3nico:\u00a0 <a href=\"mailto:ampaiegalapagar@gmail.com\"><strong>ampaiegalapagar@gmail.com<\/strong><\/a><\/li>\n<\/ul>\n<p>Pueden pertenecer a la asociaci\u00f3n todos los padres, madres o tutores legales de alumnos y alumnas que cursen estudios en el Instituto. La asociaci\u00f3n tiene car\u00e1cter voluntario.<\/p>\n<p>&nbsp;<\/p>\n<p>SI QUIERES UNA ENSE\u00d1ANZA P\u00daBLICA DE CALIDAD, PARTICIPA.<\/p>\n<p>CUANTAS M\u00c1S SEAMOS, MEJOR SER\u00c1 LA EDUCACI\u00d3N<\/p>\n<p>DE NUESTRAS HIJAS E HIJOS.<\/p>\n<p>&nbsp;<\/p>\n<p>:::::: HAZTE SOCIA DE LA AMPA ::::<\/p>\n<\/div>\n\t\t<\/div><\/div><div id=\"panel-4300-2-0-3\" class=\"so-panel widget widget_sow-headline\" data-index=\"5\" ><div\n\t\t\t\n\t\t\tclass=\"so-widget-sow-headline so-widget-sow-headline-default-3089cf55fee1-4300\"\n\t\t\t\n\t\t><div class=\"sow-headline-container \">\n\t\t\t\t\t\t<div class=\"decoration\">\n\t\t\t\t\t\t<div class=\"decoration-inside\"><\/div>\n\t\t\t\t\t<\/div>\n\t\t\t\t\t<\/div>\n<\/div><\/div><div id=\"panel-4300-2-0-4\" class=\"so-panel widget widget_sow-headline\" data-index=\"6\" ><div\n\t\t\t\n\t\t\tclass=\"so-widget-sow-headline so-widget-sow-headline-default-1b2860954c1e-4300\"\n\t\t\t\n\t\t><div class=\"sow-headline-container \">\n\t\t\t\t\t\t\t<h1 class=\"sow-headline\">\n\t\t\t\t\t\t\t\t\t\t\t\t\t<a href=\"https:\/\/cloud.educa.madrid.org\/s\/LsiyaRNzM9cXk4Q\" target=\"_blank\" rel=\"noopener noreferrer\">\n\t\t\t\t\t\t\t\tFICHA PARA FORMAR PARTE DE LA AMPA<\/a>\t\t\t\t\t\t<\/h1>\n\t\t\t\t\t\t\t\t\t\t\t<div class=\"decoration\">\n\t\t\t\t\t\t<div class=\"decoration-inside\"><\/div>\n\t\t\t\t\t<\/div>\n\t\t\t\t\t<\/div>\n<\/div><\/div><div id=\"panel-4300-2-0-5\" class=\"so-panel widget widget_text\" data-index=\"7\" >\t\t\t<div class=\"textwidget\"><p>Para acceder a la ficha de inscripci\u00f3n, pincha <a href=\"https:\/\/cloud.educa.madrid.org\/s\/LsiyaRNzM9cXk4Q\"><strong>AQU\u00cd<\/strong><\/a><\/p>\n<\/div>\n\t\t<\/div><div id=\"panel-4300-2-0-6\" class=\"so-panel widget widget_sow-headline panel-last-child\" data-index=\"8\" ><div\n\t\t\t\n\t\t\tclass=\"so-widget-sow-headline so-widget-sow-headline-default-13130294b4aa-4300\"\n\t\t\t\n\t\t><div class=\"sow-headline-container \">\n\t\t\t\t\t\t<div class=\"decoration\">\n\t\t\t\t\t\t<div class=\"decoration-inside\"><\/div>\n\t\t\t\t\t<\/div>\n\t\t\t\t\t<\/div>\n<\/div><\/div><\/div><\/div><div id=\"pg-4300-3\"  class=\"panel-grid panel-no-style\" ><div id=\"pgc-4300-3-0\"  class=\"panel-grid-cell\" ><div id=\"panel-4300-3-0-0\" class=\"so-panel widget widget_sow-image panel-first-child panel-last-child\" data-index=\"9\" ><div\n\t\t\t\n\t\t\tclass=\"so-widget-sow-image so-widget-sow-image-default-8b5b6f678277-4300\"\n\t\t\t\n\t\t>\n\n<div class=\"sow-image-container\">\n\t\t<img loading=\"lazy\" decoding=\"async\" src=\"https:\/\/site.educa.madrid.org\/ies.infantaelena.galapagar\/\/wp-content\/uploads\/ies.infantaelena.galapagar\/2024\/10\/Graffiti_INFANTAELENA_calle-1-scaled.jpg\" width=\"2560\" height=\"1156\" srcset=\"https:\/\/site.educa.madrid.org\/ies.infantaelena.galapagar\/\/wp-content\/uploads\/ies.infantaelena.galapagar\/2024\/10\/Graffiti_INFANTAELENA_calle-1-scaled.jpg 2560w, https:\/\/site.educa.madrid.org\/ies.infantaelena.galapagar\/\/wp-content\/uploads\/ies.infantaelena.galapagar\/2024\/10\/Graffiti_INFANTAELENA_calle-1-300x135.jpg 300w, https:\/\/site.educa.madrid.org\/ies.infantaelena.galapagar\/\/wp-content\/uploads\/ies.infantaelena.galapagar\/2024\/10\/Graffiti_INFANTAELENA_calle-1-1024x462.jpg 1024w, https:\/\/site.educa.madrid.org\/ies.infantaelena.galapagar\/\/wp-content\/uploads\/ies.infantaelena.galapagar\/2024\/10\/Graffiti_INFANTAELENA_calle-1-768x347.jpg 768w, https:\/\/site.educa.madrid.org\/ies.infantaelena.galapagar\/\/wp-content\/uploads\/ies.infantaelena.galapagar\/2024\/10\/Graffiti_INFANTAELENA_calle-1-1536x693.jpg 1536w, https:\/\/site.educa.madrid.org\/ies.infantaelena.galapagar\/\/wp-content\/uploads\/ies.infantaelena.galapagar\/2024\/10\/Graffiti_INFANTAELENA_calle-1-2048x924.jpg 2048w\" sizes=\"auto, (max-width: 2560px) 100vw, 2560px\" title=\"Graffiti_INFANTAELENA_calle\" alt=\"\" \t\tclass=\"so-widget-image\"\/>\n\t<\/div>\n\n<\/div><\/div><\/div><\/div><\/div>","protected":false},"excerpt":{"rendered":"<p>Como cada a\u00f1o, la Asociaci\u00f3n de Madres y Padres de Alumnos (AMPA) se pone a disposici\u00f3n de las familias de todo el alumnado que cursa estudios en este Centro, apoy\u00e1ndolas en todo lo que concierne a la educaci\u00f3n de nuestras hijas e hijos. \u00bfSabes qui\u00e9nes somos y qu\u00e9 hacemos?\u00a0 La AMPA es la Asociaci\u00f3n de\u00a0Madres [&hellip;]<\/p>\n","protected":false},"author":3,"featured_media":0,"parent":0,"menu_order":0,"comment_status":"closed","ping_status":"closed","template":"","meta":{"footnotes":""},"folder":[],"class_list":["post-4300","page","type-page","status-publish","hentry"],"rttpg_featured_image_url":null,"rttpg_author":{"display_name":"Cuenta","author_link":"https:\/\/site.educa.madrid.org\/ies.infantaelena.galapagar\/author\/cuenta_ies-infantaelena-galapagar\/"},"rttpg_comment":0,"rttpg_category":false,"rttpg_excerpt":"Como cada a\u00f1o, la Asociaci\u00f3n de Madres y Padres de Alumnos (AMPA) se pone a disposici\u00f3n de las familias de todo el alumnado que cursa estudios en este Centro, apoy\u00e1ndolas en todo lo que concierne a la educaci\u00f3n de nuestras hijas e hijos. \u00bfSabes qui\u00e9nes somos y qu\u00e9 hacemos?\u00a0 La AMPA es la Asociaci\u00f3n de\u00a0Madres&hellip;","post_mailing_queue_ids":[],"_links":{"self":[{"href":"https:\/\/site.educa.madrid.org\/ies.infantaelena.galapagar\/wp-json\/wp\/v2\/pages\/4300","targetHints":{"allow":["GET"]}}],"collection":[{"href":"https:\/\/site.educa.madrid.org\/ies.infantaelena.galapagar\/wp-json\/wp\/v2\/pages"}],"about":[{"href":"https:\/\/site.educa.madrid.org\/ies.infantaelena.galapagar\/wp-json\/wp\/v2\/types\/page"}],"author":[{"embeddable":true,"href":"https:\/\/site.educa.madrid.org\/ies.infantaelena.galapagar\/wp-json\/wp\/v2\/users\/3"}],"replies":[{"embeddable":true,"href":"https:\/\/site.educa.madrid.org\/ies.infantaelena.galapagar\/wp-json\/wp\/v2\/comments?post=4300"}],"version-history":[{"count":38,"href":"https:\/\/site.educa.madrid.org\/ies.infantaelena.galapagar\/wp-json\/wp\/v2\/pages\/4300\/revisions"}],"predecessor-version":[{"id":9613,"href":"https:\/\/site.educa.madrid.org\/ies.infantaelena.galapagar\/wp-json\/wp\/v2\/pages\/4300\/revisions\/9613"}],"wp:attachment":[{"href":"https:\/\/site.educa.madrid.org\/ies.infantaelena.galapagar\/wp-json\/wp\/v2\/media?parent=4300"}],"wp:term":[{"taxonomy":"folder","embeddable":true,"href":"https:\/\/site.educa.madrid.org\/ies.infantaelena.galapagar\/wp-json\/wp\/v2\/folder?post=4300"}],"curies":[{"name":"wp","href":"https:\/\/api.w.org\/{rel}","templated":true}]}}