{"id":9427,"date":"2024-07-15T22:31:58","date_gmt":"2024-07-15T20:31:58","guid":{"rendered":"https:\/\/site.educa.madrid.org\/ies.infantaelena.galapagar\/?page_id=9427"},"modified":"2025-11-01T13:06:59","modified_gmt":"2025-11-01T12:06:59","slug":"plan-digital-de-centro-pdc","status":"publish","type":"page","link":"https:\/\/site.educa.madrid.org\/ies.infantaelena.galapagar\/plan-digital-de-centro-pdc\/","title":{"rendered":"Plan Digital de Centro (PDC)"},"content":{"rendered":"<div id=\"pl-9427\"  class=\"panel-layout\" ><div id=\"pg-9427-0\"  class=\"panel-grid panel-no-style\" ><div id=\"pgc-9427-0-0\"  class=\"panel-grid-cell\" ><div id=\"panel-9427-0-0-0\" class=\"so-panel widget widget_text panel-first-child\" data-index=\"0\" ><h3 class=\"widget-title\">Plan Digital de Centro (PDC)<\/h3>\t\t\t<div class=\"textwidget\"><p>El\u00a0Plan Digital de Centro\u00a0es un instrumento clave para adecuar y facilitar el uso de los medios digitales en el proceso de ense\u00f1anza-aprendizaje, con el objetivo de impulsar el desarrollo pleno e integral del alumnado.\u00a0Este proyecto debe dar coherencia y guiar el uso de las tecnolog\u00edas, y debe ser parte integrante del Proyecto Educativo, el Proyecto de Direcci\u00f3n y la Programaci\u00f3n General Anual.<\/p>\n<p>En este sentido, el Marco Europeo para Organizaciones Educativas Digitalmente Competentes (DigCompOrg), desarrollado por el Centro Com\u00fan de Investigaci\u00f3n (JRC) de la Comisi\u00f3n Europea, es la referencia fundamental para que los centros desarrollen su potencial digital a trav\u00e9s de un Plan. Este marco forma parte del estudio Furthering Innovative Education, puesto en marcha por la Direcci\u00f3n General de Educaci\u00f3n Cultura de la Comisi\u00f3n Europea y el Centro Com\u00fan de Investigaci\u00f3n\u2013Instituto de Estudios de Prospectiva Tecnol\u00f3gica (IPTS).<\/p>\n<\/div>\n\t\t<\/div><div id=\"panel-9427-0-0-1\" class=\"so-panel widget widget_sow-headline panel-last-child\" data-index=\"1\" ><div\n\t\t\t\n\t\t\tclass=\"so-widget-sow-headline so-widget-sow-headline-default-f244ea1b8e16-9427\"\n\t\t\t\n\t\t><div class=\"sow-headline-container \">\n\t\t\t\t\t\t<div class=\"decoration\">\n\t\t\t\t\t\t<div class=\"decoration-inside\"><\/div>\n\t\t\t\t\t<\/div>\n\t\t\t\t\t<\/div>\n<\/div><\/div><\/div><\/div><div id=\"pg-9427-1\"  class=\"panel-grid panel-no-style\" ><div id=\"pgc-9427-1-0\"  class=\"panel-grid-cell\" ><div id=\"panel-9427-1-0-0\" class=\"so-panel widget widget_sow-image panel-first-child panel-last-child\" data-index=\"2\" ><div\n\t\t\t\n\t\t\tclass=\"so-widget-sow-image so-widget-sow-image-default-e4c2d9f6c920-9427\"\n\t\t\t\n\t\t>\n\n<div class=\"sow-image-container\">\n\t\t\t<a href=\"https:\/\/cloud.educa.madrid.org\/s\/sY4c4NqZ9MaQZY3\"\n\t\t\ttarget=\"_blank\" rel=\"noopener noreferrer\" \t\t>\n\t\t\t<img loading=\"lazy\" decoding=\"async\" src=\"https:\/\/site.educa.madrid.org\/ies.infantaelena.galapagar\/\/wp-content\/uploads\/ies.infantaelena.galapagar\/2024\/07\/Sin-titulo-216x300.jpg\" width=\"216\" height=\"300\" srcset=\"https:\/\/site.educa.madrid.org\/ies.infantaelena.galapagar\/\/wp-content\/uploads\/ies.infantaelena.galapagar\/2024\/07\/Sin-titulo-216x300.jpg 216w, https:\/\/site.educa.madrid.org\/ies.infantaelena.galapagar\/\/wp-content\/uploads\/ies.infantaelena.galapagar\/2024\/07\/Sin-titulo.jpg 451w\" sizes=\"auto, (max-width: 216px) 100vw, 216px\" title=\"Sin t\u00edtulo\" alt=\"\" \t\tclass=\"so-widget-image\"\/>\n\t<\/a><\/div>\n\n<\/div><\/div><\/div><div id=\"pgc-9427-1-1\"  class=\"panel-grid-cell panel-grid-cell-empty\" ><\/div><div id=\"pgc-9427-1-2\"  class=\"panel-grid-cell\" ><div id=\"panel-9427-1-2-0\" class=\"so-panel widget widget_sow-image panel-first-child panel-last-child\" data-index=\"3\" ><div\n\t\t\t\n\t\t\tclass=\"so-widget-sow-image so-widget-sow-image-default-4e6925654b7a-9427\"\n\t\t\t\n\t\t>\n\n<div class=\"sow-image-container\">\n\t\t\t<a href=\"https:\/\/cloud.educa.madrid.org\/s\/dE4d6g72frxLYyR\"\n\t\t\ttarget=\"_blank\" rel=\"noopener noreferrer\" \t\t>\n\t\t\t<img loading=\"lazy\" decoding=\"async\" src=\"https:\/\/site.educa.madrid.org\/ies.infantaelena.galapagar\/\/wp-content\/uploads\/ies.infantaelena.galapagar\/2024\/07\/Captura-de-pantalla-2024-07-18-212618-210x300.png\" width=\"210\" height=\"300\" srcset=\"https:\/\/site.educa.madrid.org\/ies.infantaelena.galapagar\/\/wp-content\/uploads\/ies.infantaelena.galapagar\/2024\/07\/Captura-de-pantalla-2024-07-18-212618-210x300.png 210w, https:\/\/site.educa.madrid.org\/ies.infantaelena.galapagar\/\/wp-content\/uploads\/ies.infantaelena.galapagar\/2024\/07\/Captura-de-pantalla-2024-07-18-212618.png 437w\" sizes=\"auto, (max-width: 210px) 100vw, 210px\" title=\"Captura de pantalla 2024-07-18 212618\" alt=\"\" \t\tclass=\"so-widget-image\"\/>\n\t<\/a><\/div>\n\n<\/div><\/div><\/div><\/div><div id=\"pg-9427-2\"  class=\"panel-grid panel-no-style\" ><div id=\"pgc-9427-2-0\"  class=\"panel-grid-cell\" ><div id=\"panel-9427-2-0-0\" class=\"so-panel widget widget_sow-headline panel-first-child panel-last-child\" data-index=\"4\" ><div\n\t\t\t\n\t\t\tclass=\"so-widget-sow-headline so-widget-sow-headline-default-f244ea1b8e16-9427\"\n\t\t\t\n\t\t><div class=\"sow-headline-container \">\n\t\t\t\t\t\t<div class=\"decoration\">\n\t\t\t\t\t\t<div class=\"decoration-inside\"><\/div>\n\t\t\t\t\t<\/div>\n\t\t\t\t\t<\/div>\n<\/div><\/div><\/div><\/div><div id=\"pg-9427-3\"  class=\"panel-grid panel-no-style\" ><div id=\"pgc-9427-3-0\"  class=\"panel-grid-cell\" ><div id=\"panel-9427-3-0-0\" class=\"so-panel widget widget_sow-headline panel-first-child\" data-index=\"5\" ><div\n\t\t\t\n\t\t\tclass=\"so-widget-sow-headline so-widget-sow-headline-default-789cccd54b12-9427\"\n\t\t\t\n\t\t><div class=\"sow-headline-container \">\n\t\t\t\t\t\t\t<h2 class=\"sow-headline\">\n\t\t\t\t\t\tGu\u00eda Alumnado\t\t\t\t\t\t<\/h2>\n\t\t\t\t\t\t\t\t\t\t\t<div class=\"decoration\">\n\t\t\t\t\t\t<div class=\"decoration-inside\"><\/div>\n\t\t\t\t\t<\/div>\n\t\t\t\t\t<\/div>\n<\/div><\/div><div id=\"panel-9427-3-0-1\" class=\"so-panel widget widget_sow-image panel-last-child\" data-index=\"6\" ><div\n\t\t\t\n\t\t\tclass=\"so-widget-sow-image so-widget-sow-image-default-8b5b6f678277-9427\"\n\t\t\t\n\t\t>\n\n<div class=\"sow-image-container\">\n\t\t\t<a href=\"https:\/\/cloud.educa.madrid.org\/s\/R8j3BRTJAQZP7gS\"\n\t\t\ttarget=\"_blank\" rel=\"noopener noreferrer\" \t\t>\n\t\t\t<img loading=\"lazy\" decoding=\"async\" src=\"https:\/\/site.educa.madrid.org\/ies.infantaelena.galapagar\/\/wp-content\/uploads\/ies.infantaelena.galapagar\/2024\/07\/guia-alumno.jpeg\" width=\"177\" height=\"249\" sizes=\"auto, (max-width: 177px) 100vw, 177px\" title=\"guia alumno\" alt=\"\" \t\tclass=\"so-widget-image\"\/>\n\t<\/a><\/div>\n\n<\/div><\/div><\/div><div id=\"pgc-9427-3-1\"  class=\"panel-grid-cell\" ><div id=\"panel-9427-3-1-0\" class=\"so-panel widget widget_sow-headline panel-first-child\" data-index=\"7\" ><div\n\t\t\t\n\t\t\tclass=\"so-widget-sow-headline so-widget-sow-headline-default-789cccd54b12-9427\"\n\t\t\t\n\t\t><div class=\"sow-headline-container \">\n\t\t\t\t\t\t\t<h2 class=\"sow-headline\">\n\t\t\t\t\t\tGu\u00eda Docentes\t\t\t\t\t\t<\/h2>\n\t\t\t\t\t\t\t\t\t\t\t<div class=\"decoration\">\n\t\t\t\t\t\t<div class=\"decoration-inside\"><\/div>\n\t\t\t\t\t<\/div>\n\t\t\t\t\t<\/div>\n<\/div><\/div><div id=\"panel-9427-3-1-1\" class=\"so-panel widget widget_sow-image panel-last-child\" data-index=\"8\" ><div\n\t\t\t\n\t\t\tclass=\"so-widget-sow-image so-widget-sow-image-default-8b5b6f678277-9427\"\n\t\t\t\n\t\t>\n\n<div class=\"sow-image-container\">\n\t\t\t<a href=\"https:\/\/cloud.educa.madrid.org\/s\/PGe7aREsBWgX6KJ\"\n\t\t\ttarget=\"_blank\" rel=\"noopener noreferrer\" \t\t>\n\t\t\t<img loading=\"lazy\" decoding=\"async\" src=\"https:\/\/site.educa.madrid.org\/ies.infantaelena.galapagar\/\/wp-content\/uploads\/ies.infantaelena.galapagar\/2024\/07\/guia-docentes.jpeg\" width=\"176\" height=\"250\" sizes=\"auto, (max-width: 176px) 100vw, 176px\" title=\"guia docentes\" alt=\"\" \t\tclass=\"so-widget-image\"\/>\n\t<\/a><\/div>\n\n<\/div><\/div><\/div><div id=\"pgc-9427-3-2\"  class=\"panel-grid-cell\" ><div id=\"panel-9427-3-2-0\" class=\"so-panel widget widget_sow-headline panel-first-child\" data-index=\"9\" ><div\n\t\t\t\n\t\t\tclass=\"so-widget-sow-headline so-widget-sow-headline-default-789cccd54b12-9427\"\n\t\t\t\n\t\t><div class=\"sow-headline-container \">\n\t\t\t\t\t\t\t<h2 class=\"sow-headline\">\n\t\t\t\t\t\tGu\u00eda Familias\t\t\t\t\t\t<\/h2>\n\t\t\t\t\t\t\t\t\t\t\t<div class=\"decoration\">\n\t\t\t\t\t\t<div class=\"decoration-inside\"><\/div>\n\t\t\t\t\t<\/div>\n\t\t\t\t\t<\/div>\n<\/div><\/div><div id=\"panel-9427-3-2-1\" class=\"so-panel widget widget_sow-image panel-last-child\" data-index=\"10\" ><div\n\t\t\t\n\t\t\tclass=\"so-widget-sow-image so-widget-sow-image-default-89f16426b92c-9427\"\n\t\t\t\n\t\t>\n\n<div class=\"sow-image-container\">\n\t\t\t<a href=\"https:\/\/cloud.educa.madrid.org\/s\/jM7PxkoBXgYsast\"\n\t\t\ttarget=\"_blank\" rel=\"noopener noreferrer\" \t\t>\n\t\t\t<img loading=\"lazy\" decoding=\"async\" src=\"https:\/\/site.educa.madrid.org\/ies.infantaelena.galapagar\/\/wp-content\/uploads\/ies.infantaelena.galapagar\/2024\/07\/guia-familias.jpeg\" width=\"177\" height=\"250\" sizes=\"auto, (max-width: 177px) 100vw, 177px\" title=\"guia familias\" alt=\"\" \t\tclass=\"so-widget-image\"\/>\n\t<\/a><\/div>\n\n<\/div><\/div><\/div><\/div><div id=\"pg-9427-4\"  class=\"panel-grid panel-no-style\" ><div id=\"pgc-9427-4-0\"  class=\"panel-grid-cell panel-grid-cell-empty\" ><\/div><\/div><\/div>","protected":false},"excerpt":{"rendered":"<p>El\u00a0Plan Digital de Centro\u00a0es un instrumento clave para adecuar y facilitar el uso de los medios digitales en el proceso de ense\u00f1anza-aprendizaje, con el objetivo de impulsar el desarrollo pleno e integral del alumnado.\u00a0Este proyecto debe dar coherencia y guiar el uso de las tecnolog\u00edas, y debe ser parte integrante del Proyecto Educativo, el Proyecto [&hellip;]<\/p>\n","protected":false},"author":27,"featured_media":0,"parent":0,"menu_order":0,"comment_status":"closed","ping_status":"closed","template":"","meta":{"footnotes":""},"folder":[],"class_list":["post-9427","page","type-page","status-publish","hentry"],"rttpg_featured_image_url":null,"rttpg_author":{"display_name":"Avelino Bern\u00e1rdez Portas","author_link":"https:\/\/site.educa.madrid.org\/ies.infantaelena.galapagar\/author\/avelino_bernrdez-portas\/"},"rttpg_comment":0,"rttpg_category":false,"rttpg_excerpt":"El\u00a0Plan Digital de Centro\u00a0es un instrumento clave para adecuar y facilitar el uso de los medios digitales en el proceso de ense\u00f1anza-aprendizaje, con el objetivo de impulsar el desarrollo pleno e integral del alumnado.\u00a0Este proyecto debe dar coherencia y guiar el uso de las tecnolog\u00edas, y debe ser parte integrante del Proyecto Educativo, el Proyecto&hellip;","post_mailing_queue_ids":[],"_links":{"self":[{"href":"https:\/\/site.educa.madrid.org\/ies.infantaelena.galapagar\/wp-json\/wp\/v2\/pages\/9427","targetHints":{"allow":["GET"]}}],"collection":[{"href":"https:\/\/site.educa.madrid.org\/ies.infantaelena.galapagar\/wp-json\/wp\/v2\/pages"}],"about":[{"href":"https:\/\/site.educa.madrid.org\/ies.infantaelena.galapagar\/wp-json\/wp\/v2\/types\/page"}],"author":[{"embeddable":true,"href":"https:\/\/site.educa.madrid.org\/ies.infantaelena.galapagar\/wp-json\/wp\/v2\/users\/27"}],"replies":[{"embeddable":true,"href":"https:\/\/site.educa.madrid.org\/ies.infantaelena.galapagar\/wp-json\/wp\/v2\/comments?post=9427"}],"version-history":[{"count":7,"href":"https:\/\/site.educa.madrid.org\/ies.infantaelena.galapagar\/wp-json\/wp\/v2\/pages\/9427\/revisions"}],"predecessor-version":[{"id":10547,"href":"https:\/\/site.educa.madrid.org\/ies.infantaelena.galapagar\/wp-json\/wp\/v2\/pages\/9427\/revisions\/10547"}],"wp:attachment":[{"href":"https:\/\/site.educa.madrid.org\/ies.infantaelena.galapagar\/wp-json\/wp\/v2\/media?parent=9427"}],"wp:term":[{"taxonomy":"folder","embeddable":true,"href":"https:\/\/site.educa.madrid.org\/ies.infantaelena.galapagar\/wp-json\/wp\/v2\/folder?post=9427"}],"curies":[{"name":"wp","href":"https:\/\/api.w.org\/{rel}","templated":true}]}}