{"id":1040,"date":"2023-02-14T09:56:14","date_gmt":"2023-02-14T08:56:14","guid":{"rendered":"https:\/\/site.educa.madrid.org\/ies.joaquinturina.madrid\/?page_id=1040"},"modified":"2025-11-13T19:37:37","modified_gmt":"2025-11-13T18:37:37","slug":"extraescolares","status":"publish","type":"page","link":"https:\/\/site.educa.madrid.org\/ies.joaquinturina.madrid\/index.php\/extraescolares\/","title":{"rendered":"IPAFD"},"content":{"rendered":"\n<h2 class=\"wp-block-heading has-vivid-red-color has-text-color\"><strong>IPAFD (Instituto Promotor de la Actividad F\u00edsica y el Deporte)<\/strong><\/h2>\n\n\n\n<p>El Programa IPAFD es una iniciativa educativa cuyo objetivo es fomentar la pr\u00e1ctica de la actividad f\u00edsica entre los estudiantes de los Institutos P\u00fablicos madrile\u00f1os. En la actualidad, participan m\u00e1s de 28.000 alumnos, entre 12 y 18 a\u00f1os, representando a cada uno de sus centros.<\/p>\n\n\n\n<p>Las modalidades deportivas en las que los alumnos podr\u00e1n participar en el centro son:<\/p>\n\n\n\n<ul class=\"wp-block-list\">\n<li>Hockey<\/li>\n\n\n\n<li>Esgrima<\/li>\n\n\n\n<li>Lucha ol\u00edmpica<\/li>\n\n\n\n<li>F\u00fatbol sala<\/li>\n\n\n\n<li>Baloncesto<\/li>\n\n\n\n<li class=\"has-vivid-cyan-blue-color has-text-color has-link-color wp-elements-f6be4008c91296c3605f125150a11f40\">Tenis de mesa \u00a1nuevo!<\/li>\n<\/ul>\n\n\n\n<p>Entre los <strong>objetivos<\/strong> del Programa destacan:<\/p>\n\n\n\n<ul class=\"wp-block-list\">\n<li>Integrar la pr\u00e1ctica deportiva en la rutina escolar y que se convierta en un h\u00e1bito en la vida diaria.<\/li>\n\n\n\n<li>Fomentar la socializaci\u00f3n e integraci\u00f3n de los alumnos en su centro.<\/li>\n\n\n\n<li>Potenciar los valores que definen el Juego Limpio.<\/li>\n<\/ul>\n\n\n\n<p>Para <strong>m\u00e1s informaci\u00f3n<\/strong> visita la web de:<\/p>\n\n\n\n<ul class=\"wp-block-list\">\n<li><a href=\"http:\/\/www.comunidad.madrid\/servicios\/deportes\/institutos-promotores-actividad-fisica-deporte-ipafd\">IPAFD<\/a><\/li>\n\n\n\n<li>Campeonatos Escolares<\/li>\n<\/ul>\n\n\n\n<p>Consulta y accede a los siguientes <strong>ficheros adicionales<\/strong><\/p>\n\n\n\n<ul class=\"wp-block-list\">\n<li>Autorizaci\u00f3n familias<\/li>\n\n\n\n<li><a href=\"https:\/\/site.educa.madrid.org\/ies.joaquinturina.madrid\/\/wp-content\/uploads\/ies.joaquinturina.madrid\/2025\/10\/hoja-de-inscripcion-escuelas-deportivas.pdf\" target=\"_blank\" rel=\"noreferrer noopener\">Hoja inscripci\u00f3n<\/a><\/li>\n\n\n\n<li>Carta informativa del director<\/li>\n<\/ul>\n\n\n\n<p><strong>Informaci\u00f3n pr\u00e1ctica<\/strong><\/p>\n\n\n\n<ul class=\"wp-block-list\">\n<li>Todos los alumnos y alumnas del centro se podr\u00e1n inscribir a este programa. <\/li>\n\n\n\n<li>El <strong>coste<\/strong> es de 14 euros anuales<\/li>\n\n\n\n<li>La inscripci\u00f3n permitir\u00e1 participar en un <strong>m\u00e1ximo de 2 escuelas<\/strong>.<\/li>\n\n\n\n<li>Las escuelas funcionar\u00e1n<strong> desde el mes de octubre hasta el mes de mayo<\/strong> ambos incluidos.<\/li>\n\n\n\n<li>Los entrenamientos ser\u00e1n dirigidos por entrenadores enviados por las distintas federaciones deportivas.<\/li>\n\n\n\n<li>Habr\u00e1 <strong>2 sesiones de entrenamiento a la semana<\/strong> que se realizar\u00e1n en las instalaciones deportivas del instituto. <\/li>\n\n\n\n<li>A lo largo del curso se realizar\u00e1n competiciones o partidos amistosos.&nbsp;<\/li>\n<\/ul>\n\n\n\n<p>Las modalidades deportivas en las que los alumnos podr\u00e1n participar, su&nbsp;horario y lugar de realizaci\u00f3n de actividades son las siguientes:&nbsp;<\/p>\n\n\n\n<p><strong>Martes y jueves<\/strong><\/p>\n\n\n\n<ul class=\"wp-block-list\">\n<li>Esgrima: 15:45 \u2013 16:45&nbsp;<em>(gimnasio del centro)<\/em><\/li>\n\n\n\n<li>F\u00fatbol sala: 15:45 \u2013 17:15&nbsp;<em>(patio)<\/em><\/li>\n\n\n\n<li>Lucha ol\u00edmpica: 16:45 \u2013 18:15&nbsp;<em>(gimnasio del centro)<\/em><\/li>\n\n\n\n<li>Hockey: 17:15 \u2013 18:45&nbsp;<em>(patio)<\/em><\/li>\n<\/ul>\n\n\n\n<p class=\"has-vivid-cyan-blue-color has-text-color has-link-color wp-elements-d91d266a15b652d53ced013c7b6b857a\"><strong>Martes y viernes (novedad)<\/strong><\/p>\n\n\n\n<ul class=\"wp-block-list\">\n<li>Baloncesto: martes 18:45 \u2013 19:45 y viernes 15:00 \u2013 17:00&nbsp;&nbsp;<em>(patio)<\/em><\/li>\n\n\n\n<li>Tenis de mesa: martes de 18:15 a 19:45 y viernes de 14:45 a 16:15 <em>(gimnasio del centro)<\/em><\/li>\n<\/ul>\n\n\n\n<p>Toda la informaci\u00f3n se les dar\u00e1 a los alumnos y alumnas <strong>durante los primeros d\u00edas de clase <\/strong>del curso.<\/p>\n","protected":false},"excerpt":{"rendered":"<p>IPAFD (Instituto Promotor de la Actividad F\u00edsica y el Deporte) El Programa IPAFD es una iniciativa educativa cuyo objetivo es fomentar la pr\u00e1ctica de la actividad f\u00edsica entre los estudiantes de los Institutos P\u00fablicos madrile\u00f1os. En la actualidad, participan m\u00e1s de 28.000 alumnos, entre 12 y 18 a\u00f1os, representando a cada uno de sus centros. &hellip; <\/p>\n<p class=\"link-more\"><a href=\"https:\/\/site.educa.madrid.org\/ies.joaquinturina.madrid\/index.php\/extraescolares\/\" class=\"more-link\">Continuar leyendo<span class=\"screen-reader-text\"> \u00abIPAFD\u00bb<\/span><\/a><\/p>\n","protected":false},"author":4,"featured_media":0,"parent":0,"menu_order":0,"comment_status":"closed","ping_status":"closed","template":"","meta":{"footnotes":""},"folder":[20],"class_list":["post-1040","page","type-page","status-publish","hentry"],"rttpg_featured_image_url":null,"rttpg_author":{"display_name":"#CompDigEdu Turina","author_link":"https:\/\/site.educa.madrid.org\/ies.joaquinturina.madrid\/index.php\/author\/cuenta_compdigedu-ies-joaquinturina-madrid\/"},"rttpg_comment":0,"rttpg_category":" <a href=\"https:\/\/site.educa.madrid.org\/ies.joaquinturina.madrid\/?taxonomy=folder&#038;term=planes-y-proyectos-1672496106\" rel=\"tag\">Proyectos<\/a>","rttpg_excerpt":"IPAFD (Instituto Promotor de la Actividad F\u00edsica y el Deporte) El Programa IPAFD es una iniciativa educativa cuyo objetivo es fomentar la pr\u00e1ctica de la actividad f\u00edsica entre los estudiantes de los Institutos P\u00fablicos madrile\u00f1os. En la actualidad, participan m\u00e1s de 28.000 alumnos, entre 12 y 18 a\u00f1os, representando a cada uno de sus centros.&hellip;","post_mailing_queue_ids":[],"_links":{"self":[{"href":"https:\/\/site.educa.madrid.org\/ies.joaquinturina.madrid\/index.php\/wp-json\/wp\/v2\/pages\/1040","targetHints":{"allow":["GET"]}}],"collection":[{"href":"https:\/\/site.educa.madrid.org\/ies.joaquinturina.madrid\/index.php\/wp-json\/wp\/v2\/pages"}],"about":[{"href":"https:\/\/site.educa.madrid.org\/ies.joaquinturina.madrid\/index.php\/wp-json\/wp\/v2\/types\/page"}],"author":[{"embeddable":true,"href":"https:\/\/site.educa.madrid.org\/ies.joaquinturina.madrid\/index.php\/wp-json\/wp\/v2\/users\/4"}],"replies":[{"embeddable":true,"href":"https:\/\/site.educa.madrid.org\/ies.joaquinturina.madrid\/index.php\/wp-json\/wp\/v2\/comments?post=1040"}],"version-history":[{"count":18,"href":"https:\/\/site.educa.madrid.org\/ies.joaquinturina.madrid\/index.php\/wp-json\/wp\/v2\/pages\/1040\/revisions"}],"predecessor-version":[{"id":2701,"href":"https:\/\/site.educa.madrid.org\/ies.joaquinturina.madrid\/index.php\/wp-json\/wp\/v2\/pages\/1040\/revisions\/2701"}],"wp:attachment":[{"href":"https:\/\/site.educa.madrid.org\/ies.joaquinturina.madrid\/index.php\/wp-json\/wp\/v2\/media?parent=1040"}],"wp:term":[{"taxonomy":"folder","embeddable":true,"href":"https:\/\/site.educa.madrid.org\/ies.joaquinturina.madrid\/index.php\/wp-json\/wp\/v2\/folder?post=1040"}],"curies":[{"name":"wp","href":"https:\/\/api.w.org\/{rel}","templated":true}]}}