{"id":112,"date":"2022-05-06T16:38:51","date_gmt":"2022-05-06T14:38:51","guid":{"rendered":"https:\/\/site.educa.madrid.org\/ies.joaquinturina.madrid\/?page_id=112"},"modified":"2024-06-04T22:14:25","modified_gmt":"2024-06-04T20:14:25","slug":"espacio-tic","status":"publish","type":"page","link":"https:\/\/site.educa.madrid.org\/ies.joaquinturina.madrid\/index.php\/planes-y-proyectos\/espacio-tic\/","title":{"rendered":"Espacio TIC"},"content":{"rendered":"\n<div class=\"wp-block-group\"><div class=\"wp-block-group__inner-container is-layout-flow wp-block-group-is-layout-flow\">\n<p>En esta secci\u00f3n encontrar\u00e1s manuales e informaci\u00f3n de utilidad seg\u00fan colectivo<\/p>\n<\/div><\/div>\n\n\n\n<h2 class=\"wp-block-heading has-text-align-center has-vivid-red-color has-text-color\"><strong>Docentes<\/strong><\/h2>\n\n\n\n<hr class=\"wp-block-separator has-text-color has-vivid-cyan-blue-color has-css-opacity has-vivid-cyan-blue-background-color has-background is-style-wide\"\/>\n\n\n\n<div class=\"wp-block-columns is-layout-flex wp-container-core-columns-is-layout-9d6595d7 wp-block-columns-is-layout-flex\">\n<div class=\"wp-block-column is-layout-flow wp-block-column-is-layout-flow\">\n<div class=\"wp-block-media-text alignwide\" style=\"grid-template-columns:16% auto\"><figure class=\"wp-block-media-text__media\"><a href=\"https:\/\/documentacion.educa.madrid.org\/books\/correo\"><img loading=\"lazy\" decoding=\"async\" width=\"136\" height=\"118\" src=\"https:\/\/site.educa.madrid.org\/ies.joaquinturina.madrid\/\/wp-content\/uploads\/ies.joaquinturina.madrid\/2023\/01\/Captura-de-pantalla-2023-01-03-a-las-11.50.29.png\" alt=\"\" class=\"wp-image-636 size-full\"\/><\/a><\/figure><div class=\"wp-block-media-text__content\">\n<ul class=\"wp-block-list\">\n<li><a href=\"https:\/\/documentacion.educa.madrid.org\/books\/correo\">Correo<\/a><\/li>\n<\/ul>\n<\/div><\/div>\n<\/div>\n<\/div>\n\n\n\n<div class=\"wp-block-media-text alignwide\" style=\"grid-template-columns:16% auto\"><figure class=\"wp-block-media-text__media\"><img loading=\"lazy\" decoding=\"async\" width=\"82\" height=\"80\" src=\"https:\/\/site.educa.madrid.org\/ies.joaquinturina.madrid\/\/wp-content\/uploads\/ies.joaquinturina.madrid\/2023\/01\/Captura-de-pantalla-2023-01-03-a-las-11.49.48-e1672744795805.png\" alt=\"\" class=\"wp-image-635 size-full\"\/><\/figure><div class=\"wp-block-media-text__content\">\n<ul class=\"wp-block-list\">\n<li><a href=\"https:\/\/documentacion.educa.madrid.org\/shelves\/aula-virtual\">Aula Virtual<\/a><\/li>\n<\/ul>\n<\/div><\/div>\n\n\n\n<div class=\"wp-block-media-text alignwide\" style=\"grid-template-columns:16% auto\"><figure class=\"wp-block-media-text__media\"><img loading=\"lazy\" decoding=\"async\" width=\"834\" height=\"834\" src=\"https:\/\/site.educa.madrid.org\/ies.joaquinturina.madrid\/\/wp-content\/uploads\/ies.joaquinturina.madrid\/2023\/01\/raices.png\" alt=\"\" class=\"wp-image-684 size-full\" srcset=\"https:\/\/site.educa.madrid.org\/ies.joaquinturina.madrid\/\/wp-content\/uploads\/ies.joaquinturina.madrid\/2023\/01\/raices.png 834w, https:\/\/site.educa.madrid.org\/ies.joaquinturina.madrid\/\/wp-content\/uploads\/ies.joaquinturina.madrid\/2023\/01\/raices-300x300.png 300w, https:\/\/site.educa.madrid.org\/ies.joaquinturina.madrid\/\/wp-content\/uploads\/ies.joaquinturina.madrid\/2023\/01\/raices-150x150.png 150w, https:\/\/site.educa.madrid.org\/ies.joaquinturina.madrid\/\/wp-content\/uploads\/ies.joaquinturina.madrid\/2023\/01\/raices-768x768.png 768w, https:\/\/site.educa.madrid.org\/ies.joaquinturina.madrid\/\/wp-content\/uploads\/ies.joaquinturina.madrid\/2023\/01\/raices-100x100.png 100w\" sizes=\"auto, (max-width: 706px) 89vw, (max-width: 767px) 82vw, 740px\" \/><\/figure><div class=\"wp-block-media-text__content\">\n<ul class=\"wp-block-list\">\n<li><a href=\"https:\/\/raices.educa.madrid.org\/category\/destinatarios\/profesorado\/\">Ra\u00edces<\/a><\/li>\n\n\n\n<li><a href=\"https:\/\/site.educa.madrid.org\/ies.joaquinturina.madrid\/\/wp-content\/uploads\/ies.joaquinturina.madrid\/2023\/03\/Cuaderno-del-profesor.pdf\">Gu\u00eda Cuaderno del Profesor<\/a><\/li>\n\n\n\n<li><a href=\"https:\/\/site.educa.madrid.org\/ies.joaquinturina.madrid\/\/wp-content\/uploads\/ies.joaquinturina.madrid\/2023\/03\/ROBLE-Guia-del-profesor.pdf\">Roble: Gu\u00eda para profesores<\/a><\/li>\n<\/ul>\n<\/div><\/div>\n\n\n\n<h2 class=\"wp-block-heading has-text-align-center has-vivid-red-color has-text-color\"><strong>Familias<\/strong><\/h2>\n\n\n\n<hr class=\"wp-block-separator has-text-color has-vivid-cyan-blue-color has-css-opacity has-vivid-cyan-blue-background-color has-background is-style-wide\"\/>\n\n\n\n<p>La plataforma <strong>ROBLE<\/strong>, integrada en RA\u00cdCES (Sistema Integral de Gesti\u00f3n  Educativa de la Comunidad de Madrid), est\u00e1 dise\u00f1ada para la comunicaci\u00f3n entre el centro y las familias. <\/p>\n\n\n\n<div class=\"wp-block-media-text alignwide\" style=\"grid-template-columns:16% auto\"><figure class=\"wp-block-media-text__media\"><a href=\"https:\/\/www.comunidad.madrid\/servicios\/educacion\/raices#roble\"><img loading=\"lazy\" decoding=\"async\" width=\"476\" height=\"478\" src=\"https:\/\/site.educa.madrid.org\/ies.joaquinturina.madrid\/\/wp-content\/uploads\/ies.joaquinturina.madrid\/2023\/01\/Captura-de-pantalla-2023-01-03-a-las-15.04.16.png\" alt=\"\" class=\"wp-image-687 size-full\" srcset=\"https:\/\/site.educa.madrid.org\/ies.joaquinturina.madrid\/\/wp-content\/uploads\/ies.joaquinturina.madrid\/2023\/01\/Captura-de-pantalla-2023-01-03-a-las-15.04.16.png 476w, https:\/\/site.educa.madrid.org\/ies.joaquinturina.madrid\/\/wp-content\/uploads\/ies.joaquinturina.madrid\/2023\/01\/Captura-de-pantalla-2023-01-03-a-las-15.04.16-300x300.png 300w, https:\/\/site.educa.madrid.org\/ies.joaquinturina.madrid\/\/wp-content\/uploads\/ies.joaquinturina.madrid\/2023\/01\/Captura-de-pantalla-2023-01-03-a-las-15.04.16-150x150.png 150w, https:\/\/site.educa.madrid.org\/ies.joaquinturina.madrid\/\/wp-content\/uploads\/ies.joaquinturina.madrid\/2023\/01\/Captura-de-pantalla-2023-01-03-a-las-15.04.16-100x100.png 100w\" sizes=\"auto, (max-width: 476px) 100vw, 476px\" \/><\/a><\/figure><div class=\"wp-block-media-text__content\">\n<ul class=\"wp-block-list\" id=\"block-5ecf5b54-ddfc-446b-a4cd-927e9011d759\" style=\"font-size:16px\">\n<li><a rel=\"noreferrer noopener\" href=\"https:\/\/www.educa2.madrid.org\/web\/educamadrid\/principal\/files\/2e9cba19-0042-4a14-8b02-245de81b6b2e\/ROBLE-WEB-Familias-Guia-Visual-1.4.pdf\" target=\"_blank\">Gu\u00eda Roble Web<\/a><\/li>\n\n\n\n<li><a rel=\"noreferrer noopener\" href=\"https:\/\/www.educa2.madrid.org\/web\/educamadrid\/principal\/files\/2e9cba19-0042-4a14-8b02-245de81b6b2e\/ROBLE-APP-Guia-Visual-1.1.pdf\" target=\"_blank\">Gu\u00eda Roble App<\/a><\/li>\n\n\n\n<li><a rel=\"noreferrer noopener\" href=\"https:\/\/www.educa2.madrid.org\/web\/educamadrid\/principal\/files\/2e9cba19-0042-4a14-8b02-245de81b6b2e\/ROBLE-WEB-Visual-Ventanas-emergentes-1.0.pdf\" target=\"_blank\">Gu\u00eda desbloqueo ventanas emergentes<\/a><\/li>\n\n\n\n<li><a rel=\"noreferrer noopener\" href=\"https:\/\/www.educa2.madrid.org\/web\/educamadrid\/principal\/files\/2e9cba19-0042-4a14-8b02-245de81b6b2e\/Seguimiento-educativo-para-tutores-legales-1_0.pdf\" target=\"_blank\">Gu\u00eda seguimiento educativo para tutores legales<\/a><\/li>\n<\/ul>\n<\/div><\/div>\n\n\n\n<div class=\"wp-block-media-text alignwide\" style=\"grid-template-columns:19% auto\"><figure class=\"wp-block-media-text__media\"><a href=\"https:\/\/documentacion.educa.madrid.org\/shelves\/alumnos-y-familias\"><img loading=\"lazy\" decoding=\"async\" width=\"250\" height=\"148\" src=\"https:\/\/site.educa.madrid.org\/ies.joaquinturina.madrid\/\/wp-content\/uploads\/ies.joaquinturina.madrid\/2023\/01\/images.png\" alt=\"\" class=\"wp-image-751 size-full\"\/><\/a><\/figure><div class=\"wp-block-media-text__content\">\n<ul class=\"wp-block-list\">\n<li><a rel=\"noreferrer noopener\" href=\"https:\/\/documentacion.educa.madrid.org\/shelves\/alumnos-y-familias\" target=\"_blank\">Ayuda EducaMadrid<\/a><\/li>\n<\/ul>\n<\/div><\/div>\n\n\n\n<h2 class=\"wp-block-heading has-text-align-center has-vivid-red-color has-text-color\"><strong>Gu\u00eda de comunicaci\u00f3n alumnado centro<\/strong><\/h2>\n\n\n\n<hr class=\"wp-block-separator has-alpha-channel-opacity is-style-wide\"\/>\n\n\n\n<div style=\"position: relative; width: 100%; height: 0; padding-top: 250.0000%;\n padding-bottom: 0; box-shadow: 0 2px 8px 0 rgba(63,69,81,0.16); margin-top: 1.6em; margin-bottom: 0.9em; overflow: hidden;\n border-radius: 8px; will-change: transform;\">\n  <iframe loading=\"lazy\" style=\"position: absolute; width: 100%; height: 100%; top: 0; left: 0; border: none; padding: 0;margin: 0;\"\n    src=\"https:&#x2F;&#x2F;www.canva.com&#x2F;design&#x2F;DAFhrm2A8hI&#x2F;watch?embed\" allowfullscreen=\"allowfullscreen\" allow=\"fullscreen\">\n  <\/iframe>\n<\/div>\n<a href=\"https:&#x2F;&#x2F;www.canva.com&#x2F;design&#x2F;DAFhrm2A8hI&#x2F;watch?utm_content=DAFhrm2A8hI&amp;utm_campaign=designshare&amp;utm_medium=embeds&amp;utm_source=link\" target=\"_blank\" rel=\"noopener\">Infograf\u00eda Gu\u00eda Comunicaci\u00f3n<\/a> de #CompDigEdu IES Joaqu\u00edn Turina\n","protected":false},"excerpt":{"rendered":"<p>En esta secci\u00f3n encontrar\u00e1s manuales e informaci\u00f3n de utilidad seg\u00fan colectivo Docentes Familias La plataforma ROBLE, integrada en RA\u00cdCES (Sistema Integral de Gesti\u00f3n Educativa de la Comunidad de Madrid), est\u00e1 dise\u00f1ada para la comunicaci\u00f3n entre el centro y las familias. Gu\u00eda de comunicaci\u00f3n alumnado centro Infograf\u00eda Gu\u00eda Comunicaci\u00f3n de #CompDigEdu IES Joaqu\u00edn Turina<\/p>\n","protected":false},"author":2,"featured_media":0,"parent":448,"menu_order":0,"comment_status":"closed","ping_status":"closed","template":"","meta":{"footnotes":""},"folder":[20],"class_list":["post-112","page","type-page","status-publish","hentry"],"rttpg_featured_image_url":null,"rttpg_author":{"display_name":"Cuenta TIC","author_link":"https:\/\/site.educa.madrid.org\/ies.joaquinturina.madrid\/index.php\/author\/cuenta_tic-ies-joaquinturina-madrid\/"},"rttpg_comment":0,"rttpg_category":" <a href=\"https:\/\/site.educa.madrid.org\/ies.joaquinturina.madrid\/?taxonomy=folder&#038;term=planes-y-proyectos-1672496106\" rel=\"tag\">Proyectos<\/a>","rttpg_excerpt":"En esta secci\u00f3n encontrar\u00e1s manuales e informaci\u00f3n de utilidad seg\u00fan colectivo Docentes Familias La plataforma ROBLE, integrada en RA\u00cdCES (Sistema Integral de Gesti\u00f3n Educativa de la Comunidad de Madrid), est\u00e1 dise\u00f1ada para la comunicaci\u00f3n entre el centro y las familias. Gu\u00eda de comunicaci\u00f3n alumnado centro Infograf\u00eda Gu\u00eda Comunicaci\u00f3n de #CompDigEdu IES Joaqu\u00edn Turina","post_mailing_queue_ids":[],"_links":{"self":[{"href":"https:\/\/site.educa.madrid.org\/ies.joaquinturina.madrid\/index.php\/wp-json\/wp\/v2\/pages\/112","targetHints":{"allow":["GET"]}}],"collection":[{"href":"https:\/\/site.educa.madrid.org\/ies.joaquinturina.madrid\/index.php\/wp-json\/wp\/v2\/pages"}],"about":[{"href":"https:\/\/site.educa.madrid.org\/ies.joaquinturina.madrid\/index.php\/wp-json\/wp\/v2\/types\/page"}],"author":[{"embeddable":true,"href":"https:\/\/site.educa.madrid.org\/ies.joaquinturina.madrid\/index.php\/wp-json\/wp\/v2\/users\/2"}],"replies":[{"embeddable":true,"href":"https:\/\/site.educa.madrid.org\/ies.joaquinturina.madrid\/index.php\/wp-json\/wp\/v2\/comments?post=112"}],"version-history":[{"count":37,"href":"https:\/\/site.educa.madrid.org\/ies.joaquinturina.madrid\/index.php\/wp-json\/wp\/v2\/pages\/112\/revisions"}],"predecessor-version":[{"id":2029,"href":"https:\/\/site.educa.madrid.org\/ies.joaquinturina.madrid\/index.php\/wp-json\/wp\/v2\/pages\/112\/revisions\/2029"}],"up":[{"embeddable":true,"href":"https:\/\/site.educa.madrid.org\/ies.joaquinturina.madrid\/index.php\/wp-json\/wp\/v2\/pages\/448"}],"wp:attachment":[{"href":"https:\/\/site.educa.madrid.org\/ies.joaquinturina.madrid\/index.php\/wp-json\/wp\/v2\/media?parent=112"}],"wp:term":[{"taxonomy":"folder","embeddable":true,"href":"https:\/\/site.educa.madrid.org\/ies.joaquinturina.madrid\/index.php\/wp-json\/wp\/v2\/folder?post=112"}],"curies":[{"name":"wp","href":"https:\/\/api.w.org\/{rel}","templated":true}]}}