{"id":113,"date":"2022-05-06T16:38:51","date_gmt":"2022-05-06T14:38:51","guid":{"rendered":"https:\/\/site.educa.madrid.org\/ies.joaquinturina.madrid\/?page_id=113"},"modified":"2026-03-28T17:22:33","modified_gmt":"2026-03-28T16:22:33","slug":"secretaria","status":"publish","type":"page","link":"https:\/\/site.educa.madrid.org\/ies.joaquinturina.madrid\/index.php\/secretaria\/","title":{"rendered":"Secretar\u00eda"},"content":{"rendered":"\n<div class=\"wp-block-buttons is-horizontal is-content-justification-center is-layout-flex wp-container-core-buttons-is-layout-769315fb wp-block-buttons-is-layout-flex\">\n<div class=\"wp-block-button is-style-outline is-style-outline--1\"><a class=\"wp-block-button__link has-black-color has-luminous-vivid-orange-background-color has-text-color has-background has-link-color wp-element-button\" href=\"https:\/\/site.educa.madrid.org\/ies.joaquinturina.madrid\/index.php\/secretaria\/accede\/\" style=\"border-radius:0px\">ACCEDE<\/a><\/div>\n\n\n\n<div class=\"wp-block-button is-style-outline is-style-outline--2\"><a class=\"wp-block-button__link has-vivid-green-cyan-background-color has-background wp-element-button\" href=\"https:\/\/site.educa.madrid.org\/ies.joaquinturina.madrid\/index.php\/secretaria\/admision\/\" style=\"border-radius:0px\">Admisi\u00f3n<\/a><\/div>\n\n\n\n<div class=\"wp-block-button is-style-outline is-style-outline--3\"><a class=\"wp-block-button__link has-vivid-cyan-blue-background-color has-background wp-element-button\" href=\"https:\/\/site.educa.madrid.org\/ies.joaquinturina.madrid\/index.php\/secretaria\/matricula\/\" style=\"border-radius:0px\">Matr\u00edcula<\/a><\/div>\n<\/div>\n\n\n\n<h2 class=\"wp-block-heading has-text-align-center has-vivid-red-color has-text-color\"><strong>Informaci\u00f3n general<\/strong><\/h2>\n\n\n\n<hr class=\"wp-block-separator has-text-color has-vivid-cyan-blue-color has-css-opacity has-vivid-cyan-blue-background-color has-background is-style-wide\"\/>\n\n\n\n<div class=\"wp-block-columns is-layout-flex wp-container-core-columns-is-layout-9d6595d7 wp-block-columns-is-layout-flex\">\n<div class=\"wp-block-column is-layout-flow wp-block-column-is-layout-flow\">\n<h3 class=\"wp-block-heading has-text-align-center\">Horario de atenci\u00f3n al p\u00fablico<\/h3>\n\n\n\n<p style=\"font-size:14px\">Para realizar cualquier tr\u00e1mite en la Secretar\u00eda se deber\u00e1 seguir este horario de atenci\u00f3n al p\u00fablico: <\/p>\n\n\n\n<ul class=\"wp-block-list\">\n<li><strong>Septiembre a julio:<\/strong> 11:00 a 13:00<\/li>\n\n\n\n<li><strong>Agosto: <\/strong>cerrado<\/li>\n<\/ul>\n<\/div>\n<\/div>\n\n\n\n<h3 class=\"wp-block-heading has-text-align-center\">Contacto<\/h3>\n\n\n\n<p class=\"has-text-align-center\"><a href=\"mailto:secretaria.ies.joaquinturina.madrid@educa.madrid.org\" target=\"_blank\" rel=\"noreferrer noopener\">secretaria.ies.joaquinturina.madrid@educa.madrid.org<\/a><\/p>\n\n\n\n<h2 class=\"wp-block-heading has-text-align-center has-vivid-red-color has-text-color\"><strong>Tr\u00e1mites frecuentes<\/strong><\/h2>\n\n\n\n<hr class=\"wp-block-separator has-text-color has-vivid-cyan-blue-color has-css-opacity has-vivid-cyan-blue-background-color has-background is-style-wide\"\/>\n\n\n\n<p>Puedes descargarte aqu\u00ed documentos y formularios necesarios para realizar ciertos tr\u00e1mites y presentarlos en la Secretar\u00eda del Instituto:<\/p>\n\n\n\n<ul class=\"wp-block-list\">\n<li><a href=\"https:\/\/site.educa.madrid.org\/ies.joaquinturina.madrid\/\/wp-content\/uploads\/ies.joaquinturina.madrid\/2023\/01\/2023_Solicitud-Certificacion-Academica.pdf\" target=\"_blank\" rel=\"noreferrer noopener\">Solicitud Certificaci\u00f3n Acad\u00e9mica<\/a>&nbsp;&nbsp;<\/li>\n\n\n\n<li><a rel=\"noreferrer noopener\" href=\"https:\/\/site.educa.madrid.org\/ies.joaquinturina.madrid\/\/wp-content\/uploads\/ies.joaquinturina.madrid\/2023\/01\/Instrucciones-recoger-titulos.pdf\" target=\"_blank\">Instrucciones para la recogida de t\u00edtulos acad\u00e9micos<\/a><\/li>\n\n\n\n<li><a href=\"https:\/\/site.educa.madrid.org\/ies.joaquinturina.madrid\/\/wp-content\/uploads\/ies.joaquinturina.madrid\/2023\/01\/2023_Solicitud-Titulo-Bachiller.pdf\" target=\"_blank\" rel=\"noreferrer noopener\">Solicitud del t\u00edtulo de bachillerato<\/a><\/li>\n\n\n\n<li><a rel=\"noreferrer noopener\" href=\"https:\/\/site.educa.madrid.org\/ies.joaquinturina.madrid\/\/wp-content\/uploads\/ies.joaquinturina.madrid\/2023\/01\/solicitud-seg-social.pdf\" target=\"_blank\">Solicitud de asignaci\u00f3n de n\u00famero de Seguridad Social<\/a>.<\/li>\n<\/ul>\n\n\n\n<h2 class=\"wp-block-heading has-text-align-center has-vivid-red-color has-text-color\"><strong>Calendario escolar<\/strong><\/h2>\n\n\n\n<hr class=\"wp-block-separator has-text-color has-vivid-cyan-blue-color has-css-opacity has-vivid-cyan-blue-background-color has-background is-style-wide\"\/>\n\n\n\n<ul class=\"wp-block-list\">\n<li><a href=\"https:\/\/www.educa2.madrid.org\/web\/calendario-escolar-de-la-comunidad-de-madrid\/calendario-escolar-25-26\">Calendario escolar Comunidad de Madrid curso escolar 25-26<\/a><\/li>\n\n\n\n<li><a href=\"https:\/\/www.madrid.es\/portales\/munimadrid\/es\/Inicio\/Buscador\/Calendario-oficial-laboral-y-de-dias-inhabiles-y-festivos-2026-para-Madrid\/?vgnextfmt=default&amp;vgnextoid=b59770d1c3589910VgnVCM100000891ecb1aRCRD&amp;vgnextchannel=7db8fc12aa936610VgnVCM1000008a4a900aRCRD\">Festivos locales Madrid 2026<\/a><\/li>\n<\/ul>\n\n\n\n<h2 class=\"wp-block-heading has-text-align-center has-vivid-red-color has-text-color\"><strong>Protecci\u00f3n de datos<\/strong><\/h2>\n\n\n\n<hr class=\"wp-block-separator has-text-color has-vivid-cyan-blue-color has-css-opacity has-vivid-cyan-blue-background-color has-background is-style-wide\"\/>\n\n\n\n<ul class=\"wp-block-list\">\n<li><a href=\"https:\/\/dpd.educa2.madrid.org\/web\/educamadrid\/principal\/files\/69a6601a-e199-4519-a2eb-192663576204\/Informes\/Instrucciones%20Protecci\u00f3n%20de%20Datos%20V2.1.pdf?t=1645012033640\" target=\"_blank\" rel=\"noreferrer noopener\">Instrucciones de protecci\u00f3n de datos<\/a> (versi\u00f3n 2.1, 2022)<\/li>\n<\/ul>\n","protected":false},"excerpt":{"rendered":"<p>Informaci\u00f3n general Horario de atenci\u00f3n al p\u00fablico Para realizar cualquier tr\u00e1mite en la Secretar\u00eda se deber\u00e1 seguir este horario de atenci\u00f3n al p\u00fablico: Contacto secretaria.ies.joaquinturina.madrid@educa.madrid.org Tr\u00e1mites frecuentes Puedes descargarte aqu\u00ed documentos y formularios necesarios para realizar ciertos tr\u00e1mites y presentarlos en la Secretar\u00eda del Instituto: Calendario escolar Protecci\u00f3n de datos<\/p>\n","protected":false},"author":2,"featured_media":0,"parent":0,"menu_order":0,"comment_status":"closed","ping_status":"closed","template":"","meta":{"footnotes":""},"folder":[18],"class_list":["post-113","page","type-page","status-publish","hentry"],"rttpg_featured_image_url":null,"rttpg_author":{"display_name":"Cuenta TIC","author_link":"https:\/\/site.educa.madrid.org\/ies.joaquinturina.madrid\/index.php\/author\/cuenta_tic-ies-joaquinturina-madrid\/"},"rttpg_comment":0,"rttpg_category":" <a href=\"https:\/\/site.educa.madrid.org\/ies.joaquinturina.madrid\/?taxonomy=folder&#038;term=secretaria-1672496076\" rel=\"tag\">Secretar\u00eda<\/a>","rttpg_excerpt":"Informaci\u00f3n general Horario de atenci\u00f3n al p\u00fablico Para realizar cualquier tr\u00e1mite en la Secretar\u00eda se deber\u00e1 seguir este horario de atenci\u00f3n al p\u00fablico: Contacto secretaria.ies.joaquinturina.madrid@educa.madrid.org Tr\u00e1mites frecuentes Puedes descargarte aqu\u00ed documentos y formularios necesarios para realizar ciertos tr\u00e1mites y presentarlos en la Secretar\u00eda del Instituto: Calendario escolar Protecci\u00f3n de datos","post_mailing_queue_ids":[],"_links":{"self":[{"href":"https:\/\/site.educa.madrid.org\/ies.joaquinturina.madrid\/index.php\/wp-json\/wp\/v2\/pages\/113","targetHints":{"allow":["GET"]}}],"collection":[{"href":"https:\/\/site.educa.madrid.org\/ies.joaquinturina.madrid\/index.php\/wp-json\/wp\/v2\/pages"}],"about":[{"href":"https:\/\/site.educa.madrid.org\/ies.joaquinturina.madrid\/index.php\/wp-json\/wp\/v2\/types\/page"}],"author":[{"embeddable":true,"href":"https:\/\/site.educa.madrid.org\/ies.joaquinturina.madrid\/index.php\/wp-json\/wp\/v2\/users\/2"}],"replies":[{"embeddable":true,"href":"https:\/\/site.educa.madrid.org\/ies.joaquinturina.madrid\/index.php\/wp-json\/wp\/v2\/comments?post=113"}],"version-history":[{"count":39,"href":"https:\/\/site.educa.madrid.org\/ies.joaquinturina.madrid\/index.php\/wp-json\/wp\/v2\/pages\/113\/revisions"}],"predecessor-version":[{"id":2792,"href":"https:\/\/site.educa.madrid.org\/ies.joaquinturina.madrid\/index.php\/wp-json\/wp\/v2\/pages\/113\/revisions\/2792"}],"wp:attachment":[{"href":"https:\/\/site.educa.madrid.org\/ies.joaquinturina.madrid\/index.php\/wp-json\/wp\/v2\/media?parent=113"}],"wp:term":[{"taxonomy":"folder","embeddable":true,"href":"https:\/\/site.educa.madrid.org\/ies.joaquinturina.madrid\/index.php\/wp-json\/wp\/v2\/folder?post=113"}],"curies":[{"name":"wp","href":"https:\/\/api.w.org\/{rel}","templated":true}]}}