{"id":1258,"date":"2023-06-06T12:58:24","date_gmt":"2023-06-06T10:58:24","guid":{"rendered":"https:\/\/site.educa.madrid.org\/ies.joaquinturina.madrid\/?page_id=1258"},"modified":"2025-11-05T13:23:29","modified_gmt":"2025-11-05T12:23:29","slug":"accede","status":"publish","type":"page","link":"https:\/\/site.educa.madrid.org\/ies.joaquinturina.madrid\/index.php\/secretaria\/accede\/","title":{"rendered":"Accede"},"content":{"rendered":"\n<h2 class=\"wp-block-heading has-vivid-red-color has-text-color\"><strong>Programa ACCEDE<\/strong><\/h2>\n\n\n\n<hr class=\"wp-block-separator has-text-color has-vivid-cyan-blue-color has-css-opacity has-vivid-cyan-blue-background-color has-background is-style-wide\"\/>\n\n\n\n<p>Sistema de pr\u00e9stamo de libros de texto y material curricular de la Comunidad de Madrid.<\/p>\n\n\n\n<p class=\"has-text-align-left\">Los alumnos nuevos en el IES Joaqu\u00edn Turina, interesados en el programa ACCEDE, deben <strong>obligatoriamente<\/strong> presentar el Anexo I y depositar la fianza seg\u00fan se indica en las instrucciones. Los alumnos participantes se comprometen a seguir las siguientes normas del <a href=\"#reglamento\">Reglamento<\/a>.  <\/p>\n\n\n\n<div class=\"wp-block-media-text alignwide is-stacked-on-mobile is-vertically-aligned-bottom\" style=\"grid-template-columns:49% auto\"><figure class=\"wp-block-media-text__media\"><a href=\"https:\/\/www.comunidad.madrid\/servicios\/educacion\/programa-accede\"><img loading=\"lazy\" decoding=\"async\" width=\"708\" height=\"152\" src=\"https:\/\/site.educa.madrid.org\/ies.joaquinturina.madrid\/\/wp-content\/uploads\/ies.joaquinturina.madrid\/2023\/06\/Captura-de-pantalla-2023-06-06-a-las-19.36.28.png\" alt=\"\" class=\"wp-image-1270 size-full\" srcset=\"https:\/\/site.educa.madrid.org\/ies.joaquinturina.madrid\/\/wp-content\/uploads\/ies.joaquinturina.madrid\/2023\/06\/Captura-de-pantalla-2023-06-06-a-las-19.36.28.png 708w, https:\/\/site.educa.madrid.org\/ies.joaquinturina.madrid\/\/wp-content\/uploads\/ies.joaquinturina.madrid\/2023\/06\/Captura-de-pantalla-2023-06-06-a-las-19.36.28-300x64.png 300w\" sizes=\"auto, (max-width: 708px) 100vw, 708px\" \/><\/a><\/figure><div class=\"wp-block-media-text__content\">\n<ul class=\"wp-block-list\">\n<li><a href=\"https:\/\/site.educa.madrid.org\/ies.joaquinturina.madrid\/\/wp-content\/uploads\/ies.joaquinturina.madrid\/2025\/06\/INSTRUCCIONES-DE-ACCEDE-25_26.pdf\" target=\"_blank\" rel=\"noreferrer noopener\">Instrucciones curso 25-26<\/a><\/li>\n\n\n\n<li><a href=\"https:\/\/site.educa.madrid.org\/ies.joaquinturina.madrid\/\/wp-content\/uploads\/ies.joaquinturina.madrid\/2024\/06\/ADHESION-AL-PROGRAMA-ACCEDE.pdf\">Anexo I<\/a><\/li>\n<\/ul>\n<\/div><\/div>\n\n\n\n<h2 class=\"wp-block-heading has-vivid-red-color has-text-color has-link-color wp-elements-3171fa09451cfa2a8784558619c499e4\" id=\"libros-de-texto\"><strong>Libros de texto curso 25-26<\/strong><\/h2>\n\n\n\n<hr class=\"wp-block-separator has-text-color has-vivid-cyan-blue-color has-alpha-channel-opacity has-vivid-cyan-blue-background-color has-background is-style-wide\"\/>\n\n\n\n<div class=\"wp-block-buttons is-content-justification-center is-layout-flex wp-container-core-buttons-is-layout-16018d1d wp-block-buttons-is-layout-flex\">\n<div class=\"wp-block-button\"><a class=\"wp-block-button__link has-vivid-cyan-blue-background-color has-background wp-element-button\" href=\"#E1\">E1<\/a><\/div>\n\n\n\n<div class=\"wp-block-button\"><a class=\"wp-block-button__link has-vivid-green-cyan-background-color has-background wp-element-button\" href=\"#E2\">E2<\/a><\/div>\n\n\n\n<div class=\"wp-block-button\"><a class=\"wp-block-button__link has-luminous-vivid-orange-background-color has-background wp-element-button\" href=\"#E3\">E3<\/a><\/div>\n\n\n\n<div class=\"wp-block-button\"><a class=\"wp-block-button__link has-vivid-purple-background-color has-background wp-element-button\" href=\"#E4\">E4<\/a><\/div>\n\n\n\n<div class=\"wp-block-button\"><a class=\"wp-block-button__link wp-element-button\" href=\"#bachillerato\">B1\/B2<\/a><\/div>\n<\/div>\n\n\n\n<h2 class=\"wp-block-heading has-vivid-cyan-blue-color has-text-color has-link-color wp-elements-4ea4247722f6226863d832db583806d7\" id=\"E1\"><strong>1\u00ba ESO<\/strong><\/h2>\n\n\n\n<figure class=\"wp-block-table\"><table class=\"has-fixed-layout\"><thead><tr><th class=\"has-text-align-center\" data-align=\"center\">Materia<\/th><th class=\"has-text-align-center\" data-align=\"center\">T\u00edtulo (Editorial)<\/th><th class=\"has-text-align-center\" data-align=\"center\">ISBN<\/th><\/tr><\/thead><tbody><tr><td class=\"has-text-align-center\" data-align=\"center\">Biolog\u00eda y Geolog\u00eda (Programa)<\/td><td class=\"has-text-align-center\" data-align=\"center\">Biolog\u00eda y Geolog\u00eda 1\u00ba<br>(Oxford Geniox)<\/td><td class=\"has-text-align-center\" data-align=\"center\">9780190530105<\/td><\/tr><tr><td class=\"has-text-align-center\" data-align=\"center\">Biolog\u00eda y Geolog\u00eda  (Secci\u00f3n)<\/td><td class=\"has-text-align-center\" data-align=\"center\">Biology &amp; Geology 1\u00ba<br> Oxford (Geniox)<\/td><td class=\"has-text-align-center\" data-align=\"center\">9780190539238<\/td><\/tr><tr><td class=\"has-text-align-center\" data-align=\"center\">Matem\u00e1ticas<\/td><td class=\"has-text-align-center\" data-align=\"center\">Operaci\u00f3n Mundo<\/td><td class=\"has-text-align-center\" data-align=\"center\">9788414305287<\/td><\/tr><tr><td class=\"has-text-align-center\" data-align=\"center\">Ingl\u00e9s (Programa)<\/td><td class=\"has-text-align-center\" data-align=\"center\">&nbsp;On Track 1 Student&#8217;s Book<\/td><td class=\"has-text-align-center\" data-align=\"center\">9780194859967<\/td><\/tr><tr><td class=\"has-text-align-center\" data-align=\"center\">Ingl\u00e9s (Secci\u00f3n)<\/td><td class=\"has-text-align-center\" data-align=\"center\">Burlington International English B1 (2nd Ed)<\/td><td class=\"has-text-align-center\" data-align=\"center\">9789925305025<\/td><\/tr><tr><td class=\"has-text-align-center\" data-align=\"center\">Lengua<\/td><td class=\"has-text-align-center\" data-align=\"center\">Lengua Castellana y Literatura 1\u00ba (Oxford (Geniox)<\/td><td class=\"has-text-align-center\" data-align=\"center\">9780190530273<\/td><\/tr><tr><td class=\"has-text-align-center\" data-align=\"center\">Geograf\u00eda e Historia (Programa)<\/td><td class=\"has-text-align-center\" data-align=\"center\">SM<\/td><td class=\"has-text-align-center\" data-align=\"center\">9788413928029<\/td><\/tr><tr><td class=\"has-text-align-center\" data-align=\"center\">Geograf\u00eda e Historia (Secci\u00f3n)<\/td><td class=\"has-text-align-center\" data-align=\"center\">SM<\/td><td class=\"has-text-align-center\" data-align=\"center\">9788413929248<\/td><\/tr><\/tbody><\/table><\/figure>\n\n\n\n<h2 class=\"wp-block-heading has-vivid-green-cyan-color has-text-color has-link-color wp-elements-f87299e39ca2172c6a24848aeb2deebb\" id=\"E2\"><strong>2\u00ba ESO<\/strong><\/h2>\n\n\n\n<figure class=\"wp-block-table\"><table class=\"has-fixed-layout\"><thead><tr><th class=\"has-text-align-center\" data-align=\"center\">Materia<\/th><th class=\"has-text-align-center\" data-align=\"center\">T\u00edtulo (Editorial)<\/th><th class=\"has-text-align-center\" data-align=\"center\">ISBN<\/th><\/tr><\/thead><tbody><tr><td class=\"has-text-align-center\" data-align=\"center\">Matem\u00e1ticas<\/td><td class=\"has-text-align-center\" data-align=\"center\">Operaci\u00f3n Mundo<\/td><td class=\"has-text-align-center\" data-align=\"center\">9788414324950<\/td><\/tr><tr><td class=\"has-text-align-center\" data-align=\"center\">Ingl\u00e9s (Programa)<\/td><td class=\"has-text-align-center\" data-align=\"center\">On Track 2 Student&#8217;s Book<\/td><td class=\"has-text-align-center\" data-align=\"center\">9780194860239<\/td><\/tr><tr><td class=\"has-text-align-center\" data-align=\"center\">Ingl\u00e9s (Secci\u00f3n)<\/td><td class=\"has-text-align-center\" data-align=\"center\">Burlington International English B1 (2nd Ed)<\/td><td class=\"has-text-align-center\" data-align=\"center\">9789925307432<\/td><\/tr><tr><td class=\"has-text-align-center\" data-align=\"center\">F\u00edsica y Qu\u00edmica <br>(Programa)<\/td><td class=\"has-text-align-center\" data-align=\"center\">F\u00edsica y Qu\u00edmica 2\u00ba ESO<br>(Oxford Geniox)<\/td><td class=\"has-text-align-center\" data-align=\"center\">9780190539863<\/td><\/tr><tr><td class=\"has-text-align-center\" data-align=\"center\">F\u00edsica y Qu\u00edmica <br>(Secci\u00f3n)<\/td><td class=\"has-text-align-center\" data-align=\"center\">Physics and Chemistry 2<br>(Oxford Geniox)<\/td><td class=\"has-text-align-center\" data-align=\"center\">9780190541699<\/td><\/tr><tr><td class=\"has-text-align-center\" data-align=\"center\">Lengua<\/td><td class=\"has-text-align-center\" data-align=\"center\">Lengua castellana y Literatura 2\u00ba <br>(Oxford Geniox)<\/td><td class=\"has-text-align-center\" data-align=\"center\">9780190534554<\/td><\/tr><tr><td class=\"has-text-align-center\" data-align=\"center\">Geograf\u00eda e Historia <br>(Programa)<\/td><td class=\"has-text-align-center\" data-align=\"center\">Geograf\u00eda e Historia 2<br>(Editorial SM)<\/td><td class=\"has-text-align-center\" data-align=\"center\">9788498561524<\/td><\/tr><\/tbody><\/table><\/figure>\n\n\n\n<h2 class=\"wp-block-heading has-luminous-vivid-orange-color has-text-color has-link-color wp-elements-09e4af40a8535dc1525cff7683a85d2a\" id=\"E3\"><strong>3\u00ba ESO<\/strong><\/h2>\n\n\n\n<figure class=\"wp-block-table\"><table class=\"has-fixed-layout\"><thead><tr><th class=\"has-text-align-center\" data-align=\"center\">Materia<\/th><th class=\"has-text-align-center\" data-align=\"center\">T\u00edtulo (Editorial)<\/th><th class=\"has-text-align-center\" data-align=\"center\">ISBN<\/th><\/tr><\/thead><tbody><tr><td class=\"has-text-align-center\" data-align=\"center\">Biolog\u00eda y Geolog\u00eda (Programa)<\/td><td class=\"has-text-align-center\" data-align=\"center\">Biolog\u00eda y Geolog\u00eda 3\u00ba<br>Oxford (Geniox)<\/td><td class=\"has-text-align-center\" data-align=\"center\">9780190530198<\/td><\/tr><tr><td class=\"has-text-align-center\" data-align=\"center\">Biolog\u00eda y Geolog\u00eda <br>(Secci\u00f3n)<\/td><td class=\"has-text-align-center\" data-align=\"center\">Biology y Geology 3\u00ba<br>Oxford (Geniox)<\/td><td class=\"has-text-align-center\" data-align=\"center\">9780190539245<\/td><\/tr><tr><td class=\"has-text-align-center\" data-align=\"center\">Matem\u00e1ticas<\/td><td class=\"has-text-align-center\" data-align=\"center\">Matem\u00e1ticas 3<br>Operaci\u00f3n Mundo<\/td><td class=\"has-text-align-center\" data-align=\"center\">9788414305324<\/td><\/tr><tr><td class=\"has-text-align-center\" data-align=\"center\">Ingl\u00e9s (Programa)<\/td><td class=\"has-text-align-center\" data-align=\"center\">On Track 3 Student&#8217;s Book<\/td><td class=\"has-text-align-center\" data-align=\"center\">9780194860437<\/td><\/tr><tr><td class=\"has-text-align-center\" data-align=\"center\">Ingl\u00e9s <br>(Secci\u00f3n)<\/td><td class=\"has-text-align-center\" data-align=\"center\">Burlington International English B2 (2nd Ed)<\/td><td class=\"has-text-align-center\" data-align=\"center\">9789925307487<\/td><\/tr><tr><td class=\"has-text-align-center\" data-align=\"center\">Lengua<\/td><td class=\"has-text-align-center\" data-align=\"center\"><br>Lengua Castellana y Literatura 3\u00ba<br>(Oxford Geniox)<\/td><td class=\"has-text-align-center\" data-align=\"center\">9780190530365<\/td><\/tr><tr><td class=\"has-text-align-center\" data-align=\"center\">Geograf\u00eda e Historia <br>(Programa)<\/td><td class=\"has-text-align-center\" data-align=\"center\">SM<\/td><td class=\"has-text-align-center\" data-align=\"center\">9788413927992<\/td><\/tr><tr><td class=\"has-text-align-center\" data-align=\"center\">Geograf\u00eda e Historia <br>(Secci\u00f3n)<\/td><td class=\"has-text-align-center\" data-align=\"center\">SM<\/td><td class=\"has-text-align-center\" data-align=\"center\">9788413929279<\/td><\/tr><\/tbody><\/table><\/figure>\n\n\n\n<h2 class=\"wp-block-heading has-vivid-purple-color has-text-color has-link-color wp-elements-8583501272f9ab73fb8fbf5e6acdad59\" id=\"E4\"><strong>4\u00ba ESO<\/strong><\/h2>\n\n\n\n<figure class=\"wp-block-table\"><table class=\"has-fixed-layout\"><thead><tr><th class=\"has-text-align-center\" data-align=\"center\">Materia<\/th><th class=\"has-text-align-center\" data-align=\"center\">T\u00edtulo (Editorial)<\/th><th class=\"has-text-align-center\" data-align=\"center\">ISBN<\/th><\/tr><\/thead><tbody><tr><td class=\"has-text-align-center\" data-align=\"center\">Cultura Cl\u00e1sica 4<\/td><td class=\"has-text-align-center\" data-align=\"center\">Casals<\/td><td class=\"has-text-align-center\" data-align=\"center\">9788421854839<\/td><\/tr><tr><td class=\"has-text-align-center\" data-align=\"center\">Lat\u00edn 4<\/td><td class=\"has-text-align-center\" data-align=\"center\">SM<\/td><td class=\"has-text-align-center\" data-align=\"center\">9788467587029<\/td><\/tr><tr><td class=\"has-text-align-center\" data-align=\"center\">Biolog\u00eda y Geolog\u00eda<br>(Programa)<\/td><td class=\"has-text-align-center\" data-align=\"center\">Biolog\u00eda y Geolog\u00eda 4\u00ba<br>(Oxford Geniox)<\/td><td class=\"has-text-align-center\" data-align=\"center\">9780190539856<\/td><\/tr><tr><td class=\"has-text-align-center\" data-align=\"center\">Biolog\u00eda y Geolog\u00eda<br>(Secci\u00f3n)<\/td><td class=\"has-text-align-center\" data-align=\"center\">Biology &amp; Geology 4\u00ba<br>(Oxford Geniox)<\/td><td class=\"has-text-align-center\" data-align=\"center\">9780190539924<\/td><\/tr><tr><td class=\"has-text-align-center\" data-align=\"center\">Matem\u00e1ticas A 4<\/td><td class=\"has-text-align-center\" data-align=\"center\">Operaci\u00f3n Mundo<\/td><td class=\"has-text-align-center\" data-align=\"center\">9788414325513<\/td><\/tr><tr><td class=\"has-text-align-center\" data-align=\"center\">Matem\u00e1ticas B 4<\/td><td class=\"has-text-align-center\" data-align=\"center\">Operaci\u00f3n Mundo<\/td><td class=\"has-text-align-center\" data-align=\"center\">9788414324998<\/td><\/tr><tr><td class=\"has-text-align-center\" data-align=\"center\">Geograf\u00eda e Historia 4<\/td><td class=\"has-text-align-center\" data-align=\"center\">SM<\/td><td class=\"has-text-align-center\" data-align=\"center\">9788498561579<\/td><\/tr><tr><td class=\"has-text-align-center\" data-align=\"center\">Ingl\u00e9s (Programa)<\/td><td class=\"has-text-align-center\" data-align=\"center\">On Track 4 Student&#8217;s Book<\/td><td class=\"has-text-align-center\" data-align=\"center\">9780194860659<\/td><\/tr><tr><td class=\"has-text-align-center\" data-align=\"center\">Ingl\u00e9s<br>(Secci\u00f3n)<\/td><td class=\"has-text-align-center\" data-align=\"center\">Burlington International English<br>B2+ (2nd Ed)<\/td><td class=\"has-text-align-center\" data-align=\"center\">9789925308781<\/td><\/tr><tr><td class=\"has-text-align-center\" data-align=\"center\">Lengua<\/td><td class=\"has-text-align-center\" data-align=\"center\">Lengua Castellana y Literatura 4\u00ba<br>(Oxford Geniox)<\/td><td class=\"has-text-align-center\" data-align=\"center\">9780190539894<\/td><\/tr><\/tbody><\/table><\/figure>\n\n\n\n<h2 class=\"wp-block-heading has-black-color has-text-color has-link-color wp-elements-84b0774c540087b9813fec4149db224e\" id=\"bachillerato\"><strong>Bachillerato<\/strong><\/h2>\n\n\n\n<hr class=\"wp-block-separator has-text-color has-vivid-cyan-blue-color has-alpha-channel-opacity has-vivid-cyan-blue-background-color has-background is-style-wide\"\/>\n\n\n\n<p>En los primeros d\u00edas de clase, los profesores informar\u00e1n a los estudiantes de los libros que se van a utilizar en sus respectivas asignaturas, si es que va a utilizar alguno.<\/p>\n\n\n\n<h2 class=\"wp-block-heading has-cyan-bluish-gray-color has-text-color has-link-color wp-elements-67d49df4ce002139344f25408568fbef\"><strong>2\u00ba Bachillerato<\/strong><\/h2>\n\n\n\n<figure class=\"wp-block-table\"><table class=\"has-fixed-layout\"><thead><tr><th class=\"has-text-align-center\" data-align=\"center\">Materia<\/th><th class=\"has-text-align-center\" data-align=\"center\">T\u00edtulo (Editorial)<\/th><th class=\"has-text-align-center\" data-align=\"center\">ISBN<\/th><\/tr><\/thead><tbody><tr><td class=\"has-text-align-center\" data-align=\"center\">Historia de la Filosof\u00eda<\/td><td class=\"has-text-align-center\" data-align=\"center\">PAIDEIA_Textos de Filosof\u00eda para la PAU, pruebas 2025 (Anaya)<\/td><td class=\"has-text-align-center\" data-align=\"center\"><\/td><\/tr><tr><td class=\"has-text-align-center\" data-align=\"center\">Psicolog\u00eda<\/td><td class=\"has-text-align-center\" data-align=\"center\">Psicolog\u00eda (McGraw Hill)<\/td><td class=\"has-text-align-center\" data-align=\"center\"><\/td><\/tr><\/tbody><\/table><\/figure>\n\n\n\n<h2 class=\"wp-block-heading has-vivid-red-color has-text-color has-link-color wp-elements-859a3eca998a561cdb64deeb057fdae3\" id=\"reglamento\"><strong>Reglamento ACCEDE <\/strong><\/h2>\n\n\n\n<p>Aprobado en Consejo Escolar de 4 de noviembre de 2025<\/p>\n\n\n\n<ul class=\"wp-block-list\">\n<li>Para disfrutar los beneficios de la plataforma Accede de pr\u00e9stamo de libros en Ense\u00f1anza Secundaria Obligatoria, los padres deber\u00e1n cumplimentar y firmar por primera y \u00fanica vez el documento de adhesi\u00f3n, que se facilitar\u00e1 en la p\u00e1gina web del instituto. Asimismo, deber\u00e1n ingresar la cantidad de 50 \u20ac en concepto de fianza en la cuenta del instituto y enviar el justificante de ingreso y el documento de adhesi\u00f3n al responsable de la plataforma a la siguiente direcci\u00f3n: <a href=\"mailto:accede@iesjoaquinturina.com\">accede@iesjoaquinturina.com<\/a><\/li>\n\n\n\n<li>El Centro entregar\u00e1 a los alumnos dados de alta los libros de que disponga<br>a principio de curso. En caso de que no haya suficientes ejemplares, los adquirir\u00e1 lo antes posible<\/li>\n\n\n\n<li>Los alumnos deber\u00e1n devolver todos los libros a final de curso en las fechas que se especifiquen y en similar estado al que los recibieron.<\/li>\n\n\n\n<li>En caso de que un alumno no devuelva un libro o lo devuelva en mal estado, deber\u00e1 abonar la cantidad de 20 \u20ac por libro hasta un m\u00e1ximo de dos libros en concepto de recuperaci\u00f3n de fianza.<\/li>\n\n\n\n<li>Si un alumno de ja de entregar o entrega en mal estado 3 o m\u00e1s libros, quedar\u00e1 fuera del Programa y perder\u00e1 el importe de la fianza. Para poder participar de nuevo en el Programa, comprar\u00e1 a estrenar los ejemplares que no hubiese entregado, en ning\u00fan caso se admitir\u00e1n libros de segunda mano.<\/li>\n\n\n\n<li>El Instituto no aceptar\u00e1 en la entrega de libros aquellos ejemplares usados que carezcan del c\u00f3digo correspondiente asignado a ese alumno en cuesti\u00f3n.<\/li>\n\n\n\n<li>El Instituto informar\u00e1 a los padres y a los alumnos, a trav\u00e9s de los tutores de grupo, de los libros pendientes de entrega y la situaci\u00f3n de esos alumnos<\/li>\n\n\n\n<li>Una vez que los alumnos de Accede abandonen el centro o pasen a Bachillerato, tendr\u00e1n la obligaci\u00f3n de recuperar el importe de la fianza en el <strong>plazo m\u00e1ximo de un a\u00f1o<\/strong> desde su abandono del centro o desde el final del curso de 4\u00ba de ESO.<\/li>\n\n\n\n<li>Vencido ese plazo, no se devolver\u00e1 ese importe en fechas posteriores y ser\u00e1 destinado al fondo para adquisici\u00f3n de libros de texto. <\/li>\n\n\n\n<li>Para otras circunstancias que no est\u00e9n recogidas en este reglamento pero que<br>puedan suscitarse, los interesados podr\u00e1n dirigirse al responsable de Accede y,<br>en su caso, a la Direcci\u00f3n del Centro para que se diriman aplicando el sentido<br>com\u00fan.<\/li>\n<\/ul>\n\n\n\n<p><\/p>\n","protected":false},"excerpt":{"rendered":"<p>Programa ACCEDE Sistema de pr\u00e9stamo de libros de texto y material curricular de la Comunidad de Madrid. Los alumnos nuevos en el IES Joaqu\u00edn Turina, interesados en el programa ACCEDE, deben obligatoriamente presentar el Anexo I y depositar la fianza seg\u00fan se indica en las instrucciones. Los alumnos participantes se comprometen a seguir las siguientes &hellip; <\/p>\n<p class=\"link-more\"><a href=\"https:\/\/site.educa.madrid.org\/ies.joaquinturina.madrid\/index.php\/secretaria\/accede\/\" class=\"more-link\">Continuar leyendo<span class=\"screen-reader-text\"> \u00abAccede\u00bb<\/span><\/a><\/p>\n","protected":false},"author":4,"featured_media":0,"parent":113,"menu_order":0,"comment_status":"closed","ping_status":"closed","template":"","meta":{"footnotes":""},"folder":[18],"class_list":["post-1258","page","type-page","status-publish","hentry"],"rttpg_featured_image_url":null,"rttpg_author":{"display_name":"#CompDigEdu Turina","author_link":"https:\/\/site.educa.madrid.org\/ies.joaquinturina.madrid\/index.php\/author\/cuenta_compdigedu-ies-joaquinturina-madrid\/"},"rttpg_comment":0,"rttpg_category":" <a href=\"https:\/\/site.educa.madrid.org\/ies.joaquinturina.madrid\/?taxonomy=folder&#038;term=secretaria-1672496076\" rel=\"tag\">Secretar\u00eda<\/a>","rttpg_excerpt":"Programa ACCEDE Sistema de pr\u00e9stamo de libros de texto y material curricular de la Comunidad de Madrid. Los alumnos nuevos en el IES Joaqu\u00edn Turina, interesados en el programa ACCEDE, deben obligatoriamente presentar el Anexo I y depositar la fianza seg\u00fan se indica en las instrucciones. Los alumnos participantes se comprometen a seguir las siguientes&hellip;","post_mailing_queue_ids":[],"_links":{"self":[{"href":"https:\/\/site.educa.madrid.org\/ies.joaquinturina.madrid\/index.php\/wp-json\/wp\/v2\/pages\/1258","targetHints":{"allow":["GET"]}}],"collection":[{"href":"https:\/\/site.educa.madrid.org\/ies.joaquinturina.madrid\/index.php\/wp-json\/wp\/v2\/pages"}],"about":[{"href":"https:\/\/site.educa.madrid.org\/ies.joaquinturina.madrid\/index.php\/wp-json\/wp\/v2\/types\/page"}],"author":[{"embeddable":true,"href":"https:\/\/site.educa.madrid.org\/ies.joaquinturina.madrid\/index.php\/wp-json\/wp\/v2\/users\/4"}],"replies":[{"embeddable":true,"href":"https:\/\/site.educa.madrid.org\/ies.joaquinturina.madrid\/index.php\/wp-json\/wp\/v2\/comments?post=1258"}],"version-history":[{"count":50,"href":"https:\/\/site.educa.madrid.org\/ies.joaquinturina.madrid\/index.php\/wp-json\/wp\/v2\/pages\/1258\/revisions"}],"predecessor-version":[{"id":2666,"href":"https:\/\/site.educa.madrid.org\/ies.joaquinturina.madrid\/index.php\/wp-json\/wp\/v2\/pages\/1258\/revisions\/2666"}],"up":[{"embeddable":true,"href":"https:\/\/site.educa.madrid.org\/ies.joaquinturina.madrid\/index.php\/wp-json\/wp\/v2\/pages\/113"}],"wp:attachment":[{"href":"https:\/\/site.educa.madrid.org\/ies.joaquinturina.madrid\/index.php\/wp-json\/wp\/v2\/media?parent=1258"}],"wp:term":[{"taxonomy":"folder","embeddable":true,"href":"https:\/\/site.educa.madrid.org\/ies.joaquinturina.madrid\/index.php\/wp-json\/wp\/v2\/folder?post=1258"}],"curies":[{"name":"wp","href":"https:\/\/api.w.org\/{rel}","templated":true}]}}