{"id":1593,"date":"2023-11-23T11:57:27","date_gmt":"2023-11-23T10:57:27","guid":{"rendered":"https:\/\/site.educa.madrid.org\/ies.joaquinturina.madrid\/?page_id=1593"},"modified":"2024-01-19T10:44:23","modified_gmt":"2024-01-19T09:44:23","slug":"biblioteca","status":"publish","type":"page","link":"https:\/\/site.educa.madrid.org\/ies.joaquinturina.madrid\/index.php\/servicios-y-actividades\/biblioteca\/","title":{"rendered":"Biblioteca"},"content":{"rendered":"\n<p>Pincha en la imagen para acceder al cat\u00e1logo de la biblioteca del IES Joaqu\u00edn Turina (secci\u00f3n consultas en el panel izquierdo de la p\u00e1gina):<\/p>\n\n\n<div class=\"wp-block-image\">\n<figure class=\"aligncenter size-full\"><a href=\"https:\/\/abiesweb.educa.madrid.org\/home\/ies.joaquinturina.madrid\"><img loading=\"lazy\" decoding=\"async\" width=\"396\" height=\"116\" src=\"https:\/\/site.educa.madrid.org\/ies.joaquinturina.madrid\/\/wp-content\/uploads\/ies.joaquinturina.madrid\/2024\/01\/Seleccion_003.png\" alt=\"\" class=\"wp-image-1801\" srcset=\"https:\/\/site.educa.madrid.org\/ies.joaquinturina.madrid\/\/wp-content\/uploads\/ies.joaquinturina.madrid\/2024\/01\/Seleccion_003.png 396w, https:\/\/site.educa.madrid.org\/ies.joaquinturina.madrid\/\/wp-content\/uploads\/ies.joaquinturina.madrid\/2024\/01\/Seleccion_003-300x88.png 300w, https:\/\/site.educa.madrid.org\/ies.joaquinturina.madrid\/\/wp-content\/uploads\/ies.joaquinturina.madrid\/2024\/01\/Seleccion_003-391x116.png 391w\" sizes=\"auto, (max-width: 396px) 100vw, 396px\" \/><\/a><\/figure>\n<\/div>\n\n\n<h2 class=\"wp-block-heading has-vivid-red-color has-text-color\"><strong>El espacio<\/strong><\/h2>\n\n\n\n<p>En la <strong>planta baja<\/strong>, entre las aulas de Tecnolog\u00eda y M\u00fasica, est\u00e1 la biblioteca. Abre <strong>durante los recreos<\/strong> para que puedas:<\/p>\n\n\n\n<ul class=\"wp-block-list\">\n<li>Leer o estudiar<\/li>\n\n\n\n<li>Solicitar un libro al profesor que est\u00e1 en el despacho. Puedes leerlo all\u00ed y devolverlo antes de que toque el timbre o llev\u00e1rtelo a casa. En ese caso, el profesor te lo prestar\u00e1 para quince d\u00edas, que se pueden prorrogar. Es importante que lleves la agenda para anotar los datos del pr\u00e9stamo: fecha de devoluci\u00f3n, t\u00edtulo, autor\u2026<\/li>\n\n\n\n<li>Utilizar los ordenadores para tus consultas y trabajos.&nbsp;<\/li>\n\n\n\n<li>Curiosear en la secci\u00f3n novedades o en la carpeta con las recomendaciones de otros lectores.<\/li>\n\n\n\n<li>Sugerir nuevas adquisiciones de libros.<\/li>\n\n\n\n<li>Escribir tus propias recomendaciones de libros para exponer en la carpeta.&nbsp;<\/li>\n\n\n\n<li>Y jugar al ajedrez.&nbsp;<\/li>\n<\/ul>\n","protected":false},"excerpt":{"rendered":"<p>Pincha en la imagen para acceder al cat\u00e1logo de la biblioteca del IES Joaqu\u00edn Turina (secci\u00f3n consultas en el panel izquierdo de la p\u00e1gina): El espacio En la planta baja, entre las aulas de Tecnolog\u00eda y M\u00fasica, est\u00e1 la biblioteca. Abre durante los recreos para que puedas:<\/p>\n","protected":false},"author":4,"featured_media":0,"parent":388,"menu_order":0,"comment_status":"closed","ping_status":"closed","template":"","meta":{"footnotes":""},"folder":[17],"class_list":["post-1593","page","type-page","status-publish","hentry"],"rttpg_featured_image_url":null,"rttpg_author":{"display_name":"#CompDigEdu Turina","author_link":"https:\/\/site.educa.madrid.org\/ies.joaquinturina.madrid\/index.php\/author\/cuenta_compdigedu-ies-joaquinturina-madrid\/"},"rttpg_comment":0,"rttpg_category":" <a href=\"https:\/\/site.educa.madrid.org\/ies.joaquinturina.madrid\/?taxonomy=folder&#038;term=servicios-y-actividades-1672496062\" rel=\"tag\">Servicios y actividades<\/a>","rttpg_excerpt":"Pincha en la imagen para acceder al cat\u00e1logo de la biblioteca del IES Joaqu\u00edn Turina (secci\u00f3n consultas en el panel izquierdo de la p\u00e1gina): El espacio En la planta baja, entre las aulas de Tecnolog\u00eda y M\u00fasica, est\u00e1 la biblioteca. Abre durante los recreos para que puedas:","post_mailing_queue_ids":[],"_links":{"self":[{"href":"https:\/\/site.educa.madrid.org\/ies.joaquinturina.madrid\/index.php\/wp-json\/wp\/v2\/pages\/1593","targetHints":{"allow":["GET"]}}],"collection":[{"href":"https:\/\/site.educa.madrid.org\/ies.joaquinturina.madrid\/index.php\/wp-json\/wp\/v2\/pages"}],"about":[{"href":"https:\/\/site.educa.madrid.org\/ies.joaquinturina.madrid\/index.php\/wp-json\/wp\/v2\/types\/page"}],"author":[{"embeddable":true,"href":"https:\/\/site.educa.madrid.org\/ies.joaquinturina.madrid\/index.php\/wp-json\/wp\/v2\/users\/4"}],"replies":[{"embeddable":true,"href":"https:\/\/site.educa.madrid.org\/ies.joaquinturina.madrid\/index.php\/wp-json\/wp\/v2\/comments?post=1593"}],"version-history":[{"count":7,"href":"https:\/\/site.educa.madrid.org\/ies.joaquinturina.madrid\/index.php\/wp-json\/wp\/v2\/pages\/1593\/revisions"}],"predecessor-version":[{"id":1860,"href":"https:\/\/site.educa.madrid.org\/ies.joaquinturina.madrid\/index.php\/wp-json\/wp\/v2\/pages\/1593\/revisions\/1860"}],"up":[{"embeddable":true,"href":"https:\/\/site.educa.madrid.org\/ies.joaquinturina.madrid\/index.php\/wp-json\/wp\/v2\/pages\/388"}],"wp:attachment":[{"href":"https:\/\/site.educa.madrid.org\/ies.joaquinturina.madrid\/index.php\/wp-json\/wp\/v2\/media?parent=1593"}],"wp:term":[{"taxonomy":"folder","embeddable":true,"href":"https:\/\/site.educa.madrid.org\/ies.joaquinturina.madrid\/index.php\/wp-json\/wp\/v2\/folder?post=1593"}],"curies":[{"name":"wp","href":"https:\/\/api.w.org\/{rel}","templated":true}]}}