{"id":1714,"date":"2023-12-29T17:50:59","date_gmt":"2023-12-29T16:50:59","guid":{"rendered":"https:\/\/site.educa.madrid.org\/ies.joaquinturina.madrid\/?page_id=1714"},"modified":"2026-05-07T19:15:52","modified_gmt":"2026-05-07T17:15:52","slug":"informacion-a-las-familias","status":"publish","type":"page","link":"https:\/\/site.educa.madrid.org\/ies.joaquinturina.madrid\/index.php\/informacion-a-las-familias\/","title":{"rendered":"Informaci\u00f3n Familias"},"content":{"rendered":"\n<p id=\"inicio\">Esta secci\u00f3n agrupa en una misma p\u00e1gina los contenidos obligatorios o enlaces a los mismos que deben incluir las p\u00e1ginas web de los centros educativos seg\u00fan <a href=\"https:\/\/www.bocm.es\/boletin\/CM_Orden_BOCM\/2023\/12\/22\/BOCM-20231222-20.PDF\">normativa correspondiente<\/a>. <\/p>\n\n\n\n<div class=\"wp-block-buttons is-content-justification-center is-layout-flex wp-container-core-buttons-is-layout-5590e8cb wp-block-buttons-is-layout-flex\">\n<div class=\"wp-block-button is-style-outline is-style-outline--1\"><a class=\"wp-block-button__link has-vivid-green-cyan-color has-text-color has-small-font-size has-custom-font-size wp-element-button\" href=\"#oferta-educativa\">Oferta Educativa<\/a><\/div>\n\n\n\n<div class=\"wp-block-button is-style-outline is-style-outline--2\"><a class=\"wp-block-button__link has-white-color has-vivid-cyan-blue-background-color has-text-color has-background has-small-font-size has-custom-font-size wp-element-button\" href=\"#servicios-complementarios\">Servicios Complementarios<\/a><\/div>\n\n\n\n<div class=\"wp-block-button is-style-outline is-style-outline--3\"><a class=\"wp-block-button__link has-vivid-red-color has-text-color has-small-font-size has-custom-font-size wp-element-button\" href=\"#programas-proyectos\">Programas y Proyectos<\/a><\/div>\n\n\n\n<div class=\"wp-block-button\"><a class=\"wp-block-button__link has-vivid-purple-background-color has-background has-small-font-size has-custom-font-size wp-element-button\" href=\"#lineas-pec\">L\u00edneas B\u00e1sicas PEC<\/a><\/div>\n\n\n\n<div class=\"wp-block-button is-style-outline is-style-outline--4\"><a class=\"wp-block-button__link has-luminous-vivid-amber-background-color has-background has-small-font-size has-custom-font-size wp-element-button\" href=\"#normas\">Normas y organizaci\u00f3n<\/a><\/div>\n\n\n\n<div class=\"wp-block-button is-style-outline is-style-outline--5\"><a class=\"wp-block-button__link has-vivid-cyan-blue-color has-text-color has-small-font-size has-custom-font-size wp-element-button\" href=\"#contacto\">Tel\u00e9fonos y correos<\/a><\/div>\n\n\n\n<div class=\"wp-block-button\"><a class=\"wp-block-button__link has-pale-pink-background-color has-background has-small-font-size has-custom-font-size wp-element-button\" href=\"#complementarias-extraescolares\">Actividades Complementarias<\/a><\/div>\n\n\n\n<div class=\"wp-block-button is-style-outline is-style-outline--6\"><a class=\"wp-block-button__link has-cyan-bluish-gray-color has-text-color has-small-font-size has-custom-font-size wp-element-button\" href=\"#resultados\">Resultados del centro<\/a><\/div>\n<\/div>\n\n\n\n<h2 class=\"wp-block-heading has-vivid-red-color has-text-color\" id=\"oferta-educativa\"><strong>Oferta Educativa<\/strong><\/h2>\n\n\n\n<p>El IES Joaqu\u00edn Turina imparte ense\u00f1anzas de ESO y Bachillerato en turno de ma\u00f1ana. Consulta nuestra oferta educativa en el siguiente <a href=\"https:\/\/site.educa.madrid.org\/ies.joaquinturina.madrid\/index.php\/ensenanzas\/\">enlace<\/a><\/p>\n\n\n\n<p class=\"has-small-font-size\"><a href=\"#inicio\">Volver a Informaci\u00f3n a las Familias<\/a><\/p>\n\n\n\n<h2 class=\"wp-block-heading has-vivid-red-color has-text-color\" id=\"servicios-complementarios\"><strong>Servicios Complementarios<\/strong><\/h2>\n\n\n\n<p><\/p>\n\n\n\n<ul class=\"wp-block-list\">\n<li>Servicio de taquillas gestionado por la <a href=\"https:\/\/familiasturina.es\">AMPA<\/a><\/li>\n<\/ul>\n\n\n\n<p class=\"has-small-font-size\"><a href=\"#inicio\">Volver a Informaci\u00f3n a las Familias<\/a><\/p>\n\n\n\n<h2 class=\"wp-block-heading has-vivid-red-color has-text-color\" id=\"programas-proyectos\"><strong>Programas y proyectos educativos<\/strong><\/h2>\n\n\n\n<p><strong>Programa Biling\u00fce<\/strong><\/p>\n\n\n\n<ul class=\"wp-block-list\">\n<li>Grupos de secci\u00f3n y programa biling\u00fce de 1\u00ba a 4\u00ba de ESO<\/li>\n\n\n\n<li>Ingl\u00e9s Avanzado en ESO y Bachillerato<\/li>\n\n\n\n<li>Profesorado habilitado por la Comunidad de Madrid<\/li>\n<\/ul>\n\n\n\n<p><strong>Programa Refuerza<\/strong><\/p>\n\n\n\n<ul class=\"wp-block-list\">\n<li><a href=\"https:\/\/site.educa.madrid.org\/ies.joaquinturina.madrid\/index.php\/refuerza\/\">Informaci\u00f3n del Programa<\/a><\/li>\n\n\n\n<li>Refuerzo educativo en horario de tarde<\/li>\n\n\n\n<li>Lengua y Matem\u00e1ticas y otras materias de manera puntual<\/li>\n\n\n\n<li>Profesor responsable: Jos\u00e9 Luis Rodr\u00edguez Burgoa<\/li>\n<\/ul>\n\n\n\n<p><strong>4\u00ba ESO + Empresa<\/strong><\/p>\n\n\n\n<ul class=\"wp-block-list\">\n<li><a href=\"https:\/\/site.educa.madrid.org\/ies.joaquinturina.madrid\/\/wp-content\/uploads\/ies.joaquinturina.madrid\/2024\/01\/11.-PLAN-4o-ESOEMPRESA.pdf\">Informaci\u00f3n detallada del programa<\/a><\/li>\n\n\n\n<li>Realizaci\u00f3n de estancias educativas voluntarias en empresas o instituciones de 3 a 5 d\u00edas lectivos<\/li>\n\n\n\n<li>Destinatarios: alumnado de 4\u00ba de ESO<\/li>\n\n\n\n<li>Profesor responsable: Marta Rom\u00e1n Prieto<\/li>\n<\/ul>\n\n\n\n<p><strong>Centro STEM<\/strong><\/p>\n\n\n\n<ul class=\"wp-block-list\">\n<li>Centro STEM acreditado<\/li>\n\n\n\n<li><a href=\"https:\/\/site.educa.madrid.org\/ies.joaquinturina.madrid\/index.php\/2024\/01\/24\/ii-olimpiada-cientifica-turina-para-estudiantes-de-4o-de-eso-2\/\">Olimpiada cient\u00edfica Turina<\/a><\/li>\n<\/ul>\n\n\n\n<p><strong>Erasmus+<\/strong><\/p>\n\n\n\n<p><strong>Instituto Promotor de la Actividad F\u00edsica y el Deporte, <a href=\"https:\/\/site.educa.madrid.org\/ies.joaquinturina.madrid\/index.php\/extraescolares\/\">IPAFD<\/a><\/strong><\/p>\n\n\n\n<ul class=\"wp-block-list\">\n<li>Hockey<\/li>\n\n\n\n<li>Esgrima<\/li>\n\n\n\n<li>Lucha<\/li>\n\n\n\n<li>F\u00fatbol<\/li>\n<\/ul>\n\n\n\n<p><strong>Ampliaci\u00f3n de Franc\u00e9s<\/strong><\/p>\n\n\n\n<p><strong>Proyecto de Oratoria<\/strong> <strong>y Ret\u00f3rica<\/strong><\/p>\n\n\n\n<p><strong>Yincana IES Turina<\/strong><\/p>\n\n\n\n<p class=\"has-small-font-size\"><a href=\"#inicio\">Volver a Informaci\u00f3n a las Familias<\/a><\/p>\n\n\n\n<h2 class=\"wp-block-heading has-vivid-red-color has-text-color\" id=\"lineas-pec\"><strong>L\u00edneas b\u00e1sicas del Proyecto Educativo de Centro<\/strong><\/h2>\n\n\n\n<p>El IES Joaqu\u00edn Turina es un centro que se ha caracterizado en los \u00faltimos a\u00f1os por desarrollar una convivencia pac\u00edfica, inclusiva y solidaria. Es, adem\u00e1s, un instituto din\u00e1mico en el que se desarrollan numerosos proyectos propios, encaminados a ofrecer al alumnado una formaci\u00f3n de calidad en la que puedan encontrar respuesta las expectativas m\u00e1s diversas.<\/p>\n\n\n\n<p><strong>Objetivos&nbsp;del Proyecto Educativo de Centro<\/strong><\/p>\n\n\n\n<ol style=\"list-style-type:1\" class=\"wp-block-list\">\n<li>Fomentar la adquisici\u00f3n y el uso de competencias de comunicaci\u00f3n en varios idiomas (ingl\u00e9s y franc\u00e9s).<\/li>\n\n\n\n<li>Conocer el proyecto europeo y la diversidad de naciones y culturas que lo integran.<\/li>\n\n\n\n<li>Desarrollar en el alumnado el car\u00e1cter emprendedor que le posibilite una mejor incorporaci\u00f3n a la vida laboral.<\/li>\n\n\n\n<li>Mejorar las competencias digitales de todos los agentes de la comunidad educativa.<\/li>\n\n\n\n<li>Fomentar entre los alumnos el conocimiento de la pr\u00e1ctica cient\u00edfica, desde una perspectiva igualitaria.<\/li>\n\n\n\n<li>Mejorar las habilidades ret\u00f3ricas y oratorias del alumnado.<\/li>\n\n\n\n<li>Abrir el centro a su entorno, tanto el m\u00e1s cercano como el nacional e internacional.<\/li>\n\n\n\n<li>Fomentar la actividad deportiva y los valores positivos a ella asociados.<\/li>\n<\/ol>\n\n\n\n<p>Desglosamos de forma resumida las 6 l\u00edneas de actuaci\u00f3n del Proyecto Educativo de Centro:<\/p>\n\n\n\n<p><strong>Formaci\u00f3n en lenguas extranjeras<\/strong><\/p>\n\n\n\n<ul class=\"wp-block-list\">\n<li>Proyecto de Biling\u00fcismo<\/li>\n\n\n\n<li>Proyecto de Ampliaci\u00f3n de Franc\u00e9s<\/li>\n<\/ul>\n\n\n\n<p><strong>Apertura del centro al entorno e internacionalizaci\u00f3n<\/strong><\/p>\n\n\n\n<ul class=\"wp-block-list\">\n<li>Proyecto Eramus+ (Centro acreditado de 2021 a 2027)<\/li>\n\n\n\n<li>Programa de Agrupaciones de Centros Educativos del Ministerio de Educaci\u00f3n (2023 a 2025)<\/li>\n<\/ul>\n\n\n\n<p><strong>Desarrollo de las vocaciones profesionales y el esp\u00edritu emprendedor<\/strong><\/p>\n\n\n\n<ul class=\"wp-block-list\">\n<li>4\u00ba ESO + EMPRESA<\/li>\n\n\n\n<li>Proyecto <em>Turina Tu Futuro<\/em><\/li>\n<\/ul>\n\n\n\n<p><strong>Conocimiento y pr\u00e1ctica igualitaria de habilidades cient\u00edficas y de laboratorio<\/strong><\/p>\n\n\n\n<ul class=\"wp-block-list\">\n<li>Plan STEM de la Comunidad de Madrid (2023 a 2025)<\/li>\n\n\n\n<li>Proyecto <em>Turina Labs<\/em><\/li>\n<\/ul>\n\n\n\n<p><strong>Formaci\u00f3n en ret\u00f3rica y oratoria<\/strong><\/p>\n\n\n\n<ul class=\"wp-block-list\">\n<li>Proyecto de Ret\u00f3rica y Oratoria<\/li>\n<\/ul>\n\n\n\n<p><strong>Mejora de la competencia digital<\/strong><\/p>\n\n\n\n<ul class=\"wp-block-list\">\n<li>Plan Digital de Centro<\/li>\n\n\n\n<li>Participaci\u00f3n en la Red de Centros de Capacitaci\u00f3n Digital de la Comunidad de Madrid<\/li>\n<\/ul>\n\n\n\n<p class=\"has-small-font-size\"><a href=\"#inicio\">Volver a Informaci\u00f3n a las Familias<\/a><\/p>\n\n\n\n<h2 class=\"wp-block-heading has-vivid-red-color has-text-color\" id=\"normas\"><strong>Normas y organizaci\u00f3n del centro<\/strong><\/h2>\n\n\n\n<ul class=\"wp-block-list\">\n<li>Organigrama del centro<\/li>\n<\/ul>\n\n\n\n<figure class=\"wp-block-image size-large\"><img loading=\"lazy\" decoding=\"async\" width=\"1024\" height=\"674\" src=\"https:\/\/site.educa.madrid.org\/ies.joaquinturina.madrid\/\/wp-content\/uploads\/ies.joaquinturina.madrid\/2024\/01\/Organigrama-1024x674.png\" alt=\"\" class=\"wp-image-1772\" srcset=\"https:\/\/site.educa.madrid.org\/ies.joaquinturina.madrid\/\/wp-content\/uploads\/ies.joaquinturina.madrid\/2024\/01\/Organigrama-1024x674.png 1024w, https:\/\/site.educa.madrid.org\/ies.joaquinturina.madrid\/\/wp-content\/uploads\/ies.joaquinturina.madrid\/2024\/01\/Organigrama-300x197.png 300w, https:\/\/site.educa.madrid.org\/ies.joaquinturina.madrid\/\/wp-content\/uploads\/ies.joaquinturina.madrid\/2024\/01\/Organigrama-768x506.png 768w, https:\/\/site.educa.madrid.org\/ies.joaquinturina.madrid\/\/wp-content\/uploads\/ies.joaquinturina.madrid\/2024\/01\/Organigrama-1536x1011.png 1536w, https:\/\/site.educa.madrid.org\/ies.joaquinturina.madrid\/\/wp-content\/uploads\/ies.joaquinturina.madrid\/2024\/01\/Organigrama.png 1656w\" sizes=\"auto, (max-width: 706px) 89vw, (max-width: 767px) 82vw, 740px\" \/><\/figure>\n\n\n\n<ul class=\"wp-block-list\">\n<li><a href=\"https:\/\/site.educa.madrid.org\/ies.joaquinturina.madrid\/\/wp-content\/uploads\/ies.joaquinturina.madrid\/2024\/01\/Concrecion-plan-de-convivencia-2023-24.pdf\">Normas del centro: concreci\u00f3n del Plan de Convivencia<\/a><\/li>\n<\/ul>\n\n\n\n<p class=\"has-small-font-size\"><a href=\"#inicio\">Volver a Informaci\u00f3n a las Familias<\/a><\/p>\n\n\n\n<h2 class=\"wp-block-heading has-vivid-red-color has-text-color\" id=\"contacto\"><strong>Tel\u00e9fonos y correos<\/strong><\/h2>\n\n\n\n<p>En esta secci\u00f3n se indica el tel\u00e9fono de contacto del centro, donde le pasar\u00e1n con la persona o servicio requerido, adem\u00e1s de una relaci\u00f3n de correos electr\u00f3nicos para contactar con la administraci\u00f3n y direcci\u00f3n del centro. <\/p>\n\n\n\n<p><strong>Tel\u00e9fonos<\/strong><\/p>\n\n\n\n<ul class=\"wp-block-list\">\n<li>91 553 96 25<\/li>\n<\/ul>\n\n\n\n<p><strong>Relaci\u00f3n de correos de contacto<\/strong><\/p>\n\n\n\n<ul class=\"wp-block-list\">\n<li>Direcci\u00f3n: <a href=\"mailto:ies.joaquinturina.madrid@educa.madrid.org\">ies.joaquinturina.madrid@educa.madrid.org<\/a><\/li>\n\n\n\n<li>Administraci\u00f3n: <a href=\"mailto:secretaria.ies.joaquinturina.madrid@educa.madrid.org\">secretaria.ies.joaquinturina.madrid@educa.madrid.org<\/a><\/li>\n\n\n\n<li>Jefatura: <a href=\"mailto:jestudios.ies.joaquinturina.madrid@educa.madrid.org\">jestudios.ies.joaquinturina.madrid@educa.madrid.org<\/a><\/li>\n<\/ul>\n\n\n\n<p class=\"has-small-font-size\"><a href=\"#inicio\">Volver a Informaci\u00f3n a las Familias<\/a><\/p>\n\n\n\n<h2 class=\"wp-block-heading has-vivid-red-color has-text-color\" id=\"complementarias-extraescolares\"><strong>Actividades complementarias y extraescolares <\/strong><\/h2>\n\n\n\n<p><strong>Curso 25-26. Listado y precio<\/strong><\/p>\n\n\n\n<ul class=\"wp-block-list\">\n<li>Inmersi\u00f3n ling\u00fc\u00edstica en ingl\u00e9s de 3 d\u00edas al CEI El Jarama (Talamanca del Jarama). \n<ul class=\"wp-block-list\">\n<li>Alumnado de E1<\/li>\n\n\n\n<li>Precio: 202\u20ac<\/li>\n<\/ul>\n<\/li>\n\n\n\n<li>Movilidad Erasmus+ de 4 d\u00edas a Torres Vedras, Portugal (sin reciprocidad).\n<ul class=\"wp-block-list\">\n<li>Alumnado de E3<\/li>\n\n\n\n<li>Cofinanciado por la UE<\/li>\n<\/ul>\n<\/li>\n\n\n\n<li>Inmersi\u00f3n ling\u00fc\u00edstica de 6 d\u00edas en familias anfitrionas en York, Reino Unido (empresa Language Kingdom). \n<ul class=\"wp-block-list\">\n<li>Alumnado de E4<\/li>\n\n\n\n<li>Precio: 895\u20ac<\/li>\n<\/ul>\n<\/li>\n\n\n\n<li>Movilidad Erasmus+ de 5 d\u00edas a Lecco, Italia (con reciprocidad). \n<ul class=\"wp-block-list\">\n<li>Alumnado de de E4<\/li>\n\n\n\n<li>Cofinanciado por la UE<\/li>\n<\/ul>\n<\/li>\n\n\n\n<li>Movilidad Erasmus+ de 32 d\u00edas a Brescia, Italia (con reciprocidad).\n<ul class=\"wp-block-list\">\n<li>Alumnado de B1<\/li>\n\n\n\n<li>Cofinanciado por la UE<\/li>\n<\/ul>\n<\/li>\n\n\n\n<li>Movilidad Erasmus+ de 6 d\u00edas a Oslo, Noruega (con reciprocidad)\n<ul class=\"wp-block-list\">\n<li>Alumnado de B1<\/li>\n\n\n\n<li>Cofinanciado por la UE<\/li>\n<\/ul>\n<\/li>\n\n\n\n<li>Viaje a la nieve a Cerler\n<ul class=\"wp-block-list\">\n<li>Alumnado de E2<\/li>\n\n\n\n<li>Precio: 565 \u20ac<\/li>\n<\/ul>\n<\/li>\n\n\n\n<li>Viaje a M\u00e9rida\n<ul class=\"wp-block-list\">\n<li>Precio: 110 \u20ac<\/li>\n<\/ul>\n<\/li>\n\n\n\n<li>Viaje inmersi\u00f3n ling\u00fc\u00edstica a Par\u00eds\n<ul class=\"wp-block-list\">\n<li>Alumnado de Franc\u00e9s de E3<\/li>\n<\/ul>\n<\/li>\n\n\n\n<li>Diversas salidas con precios reducidos o gratuitas:\n<ul class=\"wp-block-list\">\n<li>Salidas a teatros, cines<\/li>\n\n\n\n<li>Visitas al Consejo de Seguridad Nuclear<\/li>\n\n\n\n<li>Visitas al Planetario<\/li>\n<\/ul>\n<\/li>\n<\/ul>\n\n\n\n<p class=\"has-small-font-size\"><a href=\"#inicio\">Volver a Informaci\u00f3n a las Familias<\/a><\/p>\n\n\n\n<h2 class=\"wp-block-heading has-vivid-red-color has-text-color\" id=\"resultados\"><strong>Resultados del centro<\/strong><\/h2>\n\n\n\n<p><strong>Cuestionarios del centro curso 24-25<\/strong><\/p>\n\n\n\n<p>Si desean informaci\u00f3n adicional a la publicada en los archivos siguientes, no duden en contactar con el centro. <\/p>\n\n\n\n<ul class=\"wp-block-list\">\n<li><a href=\"https:\/\/site.educa.madrid.org\/ies.joaquinturina.madrid\/\/wp-content\/uploads\/ies.joaquinturina.madrid\/2025\/12\/Preguntas-profes-.pdf\">Cuestionario profesorado<\/a><\/li>\n\n\n\n<li><a href=\"https:\/\/site.educa.madrid.org\/ies.joaquinturina.madrid\/\/wp-content\/uploads\/ies.joaquinturina.madrid\/2025\/12\/Preguntas-famil.pdf\">Cuestionario familias<\/a><\/li>\n\n\n\n<li><a href=\"https:\/\/site.educa.madrid.org\/ies.joaquinturina.madrid\/\/wp-content\/uploads\/ies.joaquinturina.madrid\/2025\/12\/Profesores.pdf\">Resultado profesorado<\/a><\/li>\n\n\n\n<li><a href=\"https:\/\/site.educa.madrid.org\/ies.joaquinturina.madrid\/\/wp-content\/uploads\/ies.joaquinturina.madrid\/2025\/12\/Familias.pdf\">Resultado familias<\/a><\/li>\n<\/ul>\n\n\n\n<p><strong>Pruebas de acceso a la universidad<\/strong> (pendiente de actualizaci\u00f3n)<\/p>\n\n\n\n<ul class=\"wp-block-list\">\n<li><a href=\"https:\/\/site.educa.madrid.org\/ies.joaquinturina.madrid\/\/wp-content\/uploads\/ies.joaquinturina.madrid\/2024\/01\/22-23-Resultados-EvAU.pdf\">Resultados EvAU curso 22-23<\/a><\/li>\n<\/ul>\n\n\n\n<p><strong>Estad\u00edsticas globales ESO<\/strong><\/p>\n\n\n\n<ul class=\"wp-block-list\">\n<li>Curso 2024-25\n<ul class=\"wp-block-list\">\n<li><a href=\"https:\/\/site.educa.madrid.org\/ies.joaquinturina.madrid\/\/wp-content\/uploads\/ies.joaquinturina.madrid\/2026\/03\/2024-25-Resultados-globales-ESO.pdf\">Resultados globales<\/a><\/li>\n\n\n\n<li><a href=\"https:\/\/site.educa.madrid.org\/ies.joaquinturina.madrid\/\/wp-content\/uploads\/ies.joaquinturina.madrid\/2026\/03\/2024-25-Resultados-materias-ESO.pdf\">Resultados por materias<\/a><\/li>\n\n\n\n<li><a href=\"https:\/\/site.educa.madrid.org\/ies.joaquinturina.madrid\/\/wp-content\/uploads\/ies.joaquinturina.madrid\/2026\/03\/2024-25-Resultados-graficos-ESO.pdf\">Resultados gr\u00e1ficos<\/a><\/li>\n<\/ul>\n<\/li>\n\n\n\n<li>Curso 2023-24\n<ul class=\"wp-block-list\">\n<li><a href=\"https:\/\/site.educa.madrid.org\/ies.joaquinturina.madrid\/\/wp-content\/uploads\/ies.joaquinturina.madrid\/2024\/01\/2023-24_resultados-eso-globales.pdf\">Resultados globales<\/a><\/li>\n\n\n\n<li><a href=\"https:\/\/site.educa.madrid.org\/ies.joaquinturina.madrid\/\/wp-content\/uploads\/ies.joaquinturina.madrid\/2024\/01\/2023-24_resultados-eso-por-materia.pdf\">Resultados por materias<\/a><\/li>\n\n\n\n<li><a href=\"https:\/\/site.educa.madrid.org\/ies.joaquinturina.madrid\/\/wp-content\/uploads\/ies.joaquinturina.madrid\/2024\/01\/2023-24_resultados-eso-graficos.pdf\">Resultados gr\u00e1ficos<\/a><\/li>\n<\/ul>\n<\/li>\n<\/ul>\n\n\n\n<p><strong>Estad\u00edsticas globales Bachillerato<\/strong> (pendiente de actualizaci\u00f3n)<\/p>\n\n\n\n<ul class=\"wp-block-list\">\n<li><a href=\"https:\/\/site.educa.madrid.org\/ies.joaquinturina.madrid\/\/wp-content\/uploads\/ies.joaquinturina.madrid\/2024\/01\/21-22-Resultados-Globales-BACH.pdf\">Resultados globales Bachillerato 21-22<\/a><\/li>\n\n\n\n<li><a href=\"https:\/\/site.educa.madrid.org\/ies.joaquinturina.madrid\/\/wp-content\/uploads\/ies.joaquinturina.madrid\/2024\/01\/21-22-Resultados-Materias-BACH.pdf\">Resultados por materias Bachillerato 21-22<\/a><\/li>\n\n\n\n<li><a href=\"https:\/\/site.educa.madrid.org\/ies.joaquinturina.madrid\/\/wp-content\/uploads\/ies.joaquinturina.madrid\/2024\/01\/21-21-Resultados-graficos-BACH-1.pdf\">Resultados gr\u00e1ficos 1\u00ba Bachillerato 21-22<\/a><\/li>\n\n\n\n<li><a href=\"https:\/\/site.educa.madrid.org\/ies.joaquinturina.madrid\/\/wp-content\/uploads\/ies.joaquinturina.madrid\/2024\/01\/21-22-Resultados-graficos-BACH-2.pdf\">Resultados gr\u00e1ficos 2\u00ba Bachillerato 21-22<\/a><\/li>\n<\/ul>\n\n\n\n<p><strong>Pruebas Cambridge 2025<\/strong><\/p>\n\n\n\n<ul class=\"wp-block-list\">\n<li>Nivel B2\n<ul class=\"wp-block-list\">\n<li>36 alumnos presentados\n<ul class=\"wp-block-list\">\n<li>3 estudiantes obtienen \u00abPass at grade A\u00bb mostrando competencia C1<\/li>\n\n\n\n<li>10 alumnos obtienen \u00abPass at grade B\u00bb<\/li>\n\n\n\n<li>14 alumnos obtienen \u00abPass at grade C\u00bb<\/li>\n<\/ul>\n<\/li>\n<\/ul>\n<\/li>\n\n\n\n<li>Nivel C1\n<ul class=\"wp-block-list\">\n<li>12 alumnos presentados\n<ul class=\"wp-block-list\">\n<li>3 alumnos obtienen \u00abPass at Grade A\u00bb, certificando nivel C2.<\/li>\n\n\n\n<li>4 alumnos obtienen \u00abPass at Grade B\u00bb.<\/li>\n\n\n\n<li>5 alumnos obtienen \u00abPass at Grade C\u00bb<\/li>\n<\/ul>\n<\/li>\n<\/ul>\n<\/li>\n<\/ul>\n\n\n\n<p class=\"has-small-font-size\"><a href=\"#inicio\">Volver a Informaci\u00f3n a las Familias<\/a><\/p>\n","protected":false},"excerpt":{"rendered":"<p>Esta secci\u00f3n agrupa en una misma p\u00e1gina los contenidos obligatorios o enlaces a los mismos que deben incluir las p\u00e1ginas web de los centros educativos seg\u00fan normativa correspondiente. Oferta Educativa El IES Joaqu\u00edn Turina imparte ense\u00f1anzas de ESO y Bachillerato en turno de ma\u00f1ana. Consulta nuestra oferta educativa en el siguiente enlace Servicios Complementarios Programas &hellip; <\/p>\n<p class=\"link-more\"><a href=\"https:\/\/site.educa.madrid.org\/ies.joaquinturina.madrid\/index.php\/informacion-a-las-familias\/\" class=\"more-link\">Continuar leyendo<span class=\"screen-reader-text\"> \u00abInformaci\u00f3n Familias\u00bb<\/span><\/a><\/p>\n","protected":false},"author":4,"featured_media":0,"parent":0,"menu_order":0,"comment_status":"closed","ping_status":"closed","template":"","meta":{"footnotes":""},"folder":[15],"class_list":["post-1714","page","type-page","status-publish","hentry"],"rttpg_featured_image_url":null,"rttpg_author":{"display_name":"#CompDigEdu Turina","author_link":"https:\/\/site.educa.madrid.org\/ies.joaquinturina.madrid\/index.php\/author\/cuenta_compdigedu-ies-joaquinturina-madrid\/"},"rttpg_comment":0,"rttpg_category":" <a href=\"https:\/\/site.educa.madrid.org\/ies.joaquinturina.madrid\/?taxonomy=folder&#038;term=inicio-1672496033\" rel=\"tag\">Inicio<\/a>","rttpg_excerpt":"Esta secci\u00f3n agrupa en una misma p\u00e1gina los contenidos obligatorios o enlaces a los mismos que deben incluir las p\u00e1ginas web de los centros educativos seg\u00fan normativa correspondiente. Oferta Educativa El IES Joaqu\u00edn Turina imparte ense\u00f1anzas de ESO y Bachillerato en turno de ma\u00f1ana. Consulta nuestra oferta educativa en el siguiente enlace Servicios Complementarios Programas&hellip;","post_mailing_queue_ids":[],"_links":{"self":[{"href":"https:\/\/site.educa.madrid.org\/ies.joaquinturina.madrid\/index.php\/wp-json\/wp\/v2\/pages\/1714","targetHints":{"allow":["GET"]}}],"collection":[{"href":"https:\/\/site.educa.madrid.org\/ies.joaquinturina.madrid\/index.php\/wp-json\/wp\/v2\/pages"}],"about":[{"href":"https:\/\/site.educa.madrid.org\/ies.joaquinturina.madrid\/index.php\/wp-json\/wp\/v2\/types\/page"}],"author":[{"embeddable":true,"href":"https:\/\/site.educa.madrid.org\/ies.joaquinturina.madrid\/index.php\/wp-json\/wp\/v2\/users\/4"}],"replies":[{"embeddable":true,"href":"https:\/\/site.educa.madrid.org\/ies.joaquinturina.madrid\/index.php\/wp-json\/wp\/v2\/comments?post=1714"}],"version-history":[{"count":50,"href":"https:\/\/site.educa.madrid.org\/ies.joaquinturina.madrid\/index.php\/wp-json\/wp\/v2\/pages\/1714\/revisions"}],"predecessor-version":[{"id":2811,"href":"https:\/\/site.educa.madrid.org\/ies.joaquinturina.madrid\/index.php\/wp-json\/wp\/v2\/pages\/1714\/revisions\/2811"}],"wp:attachment":[{"href":"https:\/\/site.educa.madrid.org\/ies.joaquinturina.madrid\/index.php\/wp-json\/wp\/v2\/media?parent=1714"}],"wp:term":[{"taxonomy":"folder","embeddable":true,"href":"https:\/\/site.educa.madrid.org\/ies.joaquinturina.madrid\/index.php\/wp-json\/wp\/v2\/folder?post=1714"}],"curies":[{"name":"wp","href":"https:\/\/api.w.org\/{rel}","templated":true}]}}