{"id":1853,"date":"2024-01-19T10:03:44","date_gmt":"2024-01-19T09:03:44","guid":{"rendered":"https:\/\/site.educa.madrid.org\/ies.joaquinturina.madrid\/?page_id=1853"},"modified":"2024-09-09T10:56:26","modified_gmt":"2024-09-09T08:56:26","slug":"refuerza","status":"publish","type":"page","link":"https:\/\/site.educa.madrid.org\/ies.joaquinturina.madrid\/index.php\/refuerza\/","title":{"rendered":"Refuerza"},"content":{"rendered":"\n<p class=\"has-text-align-left\"><a href=\"https:\/\/www.comunidad.madrid\/transparencia\/sites\/default\/files\/regulation\/documents\/07112023_instrucciones_refuerza_2023-2024_40104839.pdf\">Instrucciones <\/a>de la Direcci\u00f3n General de Educaci\u00f3n Secundaria, Formaci\u00f3n Profesional y R\u00e9gimen Especial para el desarrollo del Programa Refuerza en centros educativos que impartan Educaci\u00f3n Secundaria en centros p\u00fablicos de la Comunidad de Madrid en el curso 23-24. <\/p>\n\n\n\n<p><strong>El programa REFUERZA tiene las siguientes finalidades:<\/strong><\/p>\n\n\n\n<ul class=\"wp-block-list\">\n<li>Propiciar el \u00e9xito escolar de todos los alumnos.<\/li>\n\n\n\n<li>Mejorar los resultados acad\u00e9micos.<\/li>\n\n\n\n<li>Alcanzar un buen clima de convivencia en los centros escolares.<\/li>\n\n\n\n<li>Fomentar el sentido de responsabilidad, el trabajo en equipo y el af\u00e1n de superaci\u00f3n.<\/li>\n\n\n\n<li>Facilitar la conciliaci\u00f3n de la vida laboral y familiar.<\/li>\n<\/ul>\n\n\n\n<p><strong>Coordinador Programa Refuerza: <\/strong><\/p>\n\n\n\n<ul class=\"wp-block-list\">\n<li>Jos\u00e9 Luis Rodr\u00edguez Burgoa<\/li>\n<\/ul>\n\n\n\n<ul class=\"wp-block-list\">\n<li><a href=\"mailto:jlrodriguez1@educa.madrid.org\">jlrodriguez1@educa.madrid.org<\/a><\/li>\n<\/ul>\n\n\n\n<p>El programa llega a alumnado de ESO y principalmente se da refuerzo de Lengua y Matem\u00e1ticas y adem\u00e1s cualquier refuerzo en otras asignaturas. que se necesite puntualmente.<\/p>\n\n\n\n<ul class=\"wp-block-list\">\n<li>Horario: martes y jueves, de 16:30 a 18:00 de enero a mayo<\/li>\n<\/ul>\n","protected":false},"excerpt":{"rendered":"<p>Instrucciones de la Direcci\u00f3n General de Educaci\u00f3n Secundaria, Formaci\u00f3n Profesional y R\u00e9gimen Especial para el desarrollo del Programa Refuerza en centros educativos que impartan Educaci\u00f3n Secundaria en centros p\u00fablicos de la Comunidad de Madrid en el curso 23-24. El programa REFUERZA tiene las siguientes finalidades: Coordinador Programa Refuerza: El programa llega a alumnado de ESO &hellip; <\/p>\n<p class=\"link-more\"><a href=\"https:\/\/site.educa.madrid.org\/ies.joaquinturina.madrid\/index.php\/refuerza\/\" class=\"more-link\">Continuar leyendo<span class=\"screen-reader-text\"> \u00abRefuerza\u00bb<\/span><\/a><\/p>\n","protected":false},"author":4,"featured_media":0,"parent":0,"menu_order":0,"comment_status":"closed","ping_status":"closed","template":"","meta":{"footnotes":""},"folder":[],"class_list":["post-1853","page","type-page","status-publish","hentry"],"rttpg_featured_image_url":null,"rttpg_author":{"display_name":"#CompDigEdu Turina","author_link":"https:\/\/site.educa.madrid.org\/ies.joaquinturina.madrid\/index.php\/author\/cuenta_compdigedu-ies-joaquinturina-madrid\/"},"rttpg_comment":0,"rttpg_category":false,"rttpg_excerpt":"Instrucciones de la Direcci\u00f3n General de Educaci\u00f3n Secundaria, Formaci\u00f3n Profesional y R\u00e9gimen Especial para el desarrollo del Programa Refuerza en centros educativos que impartan Educaci\u00f3n Secundaria en centros p\u00fablicos de la Comunidad de Madrid en el curso 23-24. El programa REFUERZA tiene las siguientes finalidades: Coordinador Programa Refuerza: El programa llega a alumnado de ESO&hellip;","post_mailing_queue_ids":[],"_links":{"self":[{"href":"https:\/\/site.educa.madrid.org\/ies.joaquinturina.madrid\/index.php\/wp-json\/wp\/v2\/pages\/1853","targetHints":{"allow":["GET"]}}],"collection":[{"href":"https:\/\/site.educa.madrid.org\/ies.joaquinturina.madrid\/index.php\/wp-json\/wp\/v2\/pages"}],"about":[{"href":"https:\/\/site.educa.madrid.org\/ies.joaquinturina.madrid\/index.php\/wp-json\/wp\/v2\/types\/page"}],"author":[{"embeddable":true,"href":"https:\/\/site.educa.madrid.org\/ies.joaquinturina.madrid\/index.php\/wp-json\/wp\/v2\/users\/4"}],"replies":[{"embeddable":true,"href":"https:\/\/site.educa.madrid.org\/ies.joaquinturina.madrid\/index.php\/wp-json\/wp\/v2\/comments?post=1853"}],"version-history":[{"count":6,"href":"https:\/\/site.educa.madrid.org\/ies.joaquinturina.madrid\/index.php\/wp-json\/wp\/v2\/pages\/1853\/revisions"}],"predecessor-version":[{"id":2150,"href":"https:\/\/site.educa.madrid.org\/ies.joaquinturina.madrid\/index.php\/wp-json\/wp\/v2\/pages\/1853\/revisions\/2150"}],"wp:attachment":[{"href":"https:\/\/site.educa.madrid.org\/ies.joaquinturina.madrid\/index.php\/wp-json\/wp\/v2\/media?parent=1853"}],"wp:term":[{"taxonomy":"folder","embeddable":true,"href":"https:\/\/site.educa.madrid.org\/ies.joaquinturina.madrid\/index.php\/wp-json\/wp\/v2\/folder?post=1853"}],"curies":[{"name":"wp","href":"https:\/\/api.w.org\/{rel}","templated":true}]}}