{"id":186,"date":"2022-05-11T19:20:38","date_gmt":"2022-05-11T17:20:38","guid":{"rendered":"https:\/\/site.educa.madrid.org\/ies.joaquinturina.madrid\/?page_id=186"},"modified":"2025-11-06T11:55:45","modified_gmt":"2025-11-06T10:55:45","slug":"ingles","status":"publish","type":"page","link":"https:\/\/site.educa.madrid.org\/ies.joaquinturina.madrid\/index.php\/ingles\/","title":{"rendered":"Ingl\u00e9s"},"content":{"rendered":"\n<div class=\"wp-block-group\"><div class=\"wp-block-group__inner-container is-layout-constrained wp-block-group-is-layout-constrained\">\n<h2 class=\"wp-block-heading has-vivid-red-color has-text-color\"><strong>Componentes<\/strong><\/h2>\n\n\n\n<p>El departamento de Ingl\u00e9s est\u00e1 formado por los siguientes miembros:<\/p>\n\n\n\n<ul class=\"wp-block-list\">\n<li>Rafael Del Olmo Garc\u00eda (jefe de departamento)<\/li>\n\n\n\n<li>Patricia Figal Morate (coordinadora de biling\u00fcismo)<\/li>\n\n\n\n<li>Silvia Blanco Vieito<\/li>\n\n\n\n<li>Felipe Mart\u00ednez Santidri\u00e1n<\/li>\n\n\n\n<li>Roc\u00edo Meg\u00eda Mart\u00edn<\/li>\n\n\n\n<li>Faustino Jove Cabezas<\/li>\n<\/ul>\n\n\n\n<h2 class=\"wp-block-heading has-vivid-red-color has-text-color\"><strong>Docencia<\/strong><\/h2>\n\n\n\n<p>Las materias que imparte el departamento son las siguientes:<\/p>\n\n\n\n<ul class=\"wp-block-list\">\n<li>ESO\n<ul class=\"wp-block-list\">\n<li>Ingl\u00e9s 1\u00ba ESO (programa biling\u00fce)<\/li>\n\n\n\n<li>Ingl\u00e9s Avanzado 1\u00ba ESO (secci\u00f3n biling\u00fce)<\/li>\n\n\n\n<li>Ingl\u00e9s 2\u00ba ESO (programa biling\u00fce)<\/li>\n\n\n\n<li>Ingl\u00e9s Avanzado 2\u00ba ESO (secci\u00f3n biling\u00fce)<\/li>\n\n\n\n<li>Ingl\u00e9s 3\u00ba ESO (programa biling\u00fce)<\/li>\n\n\n\n<li>Ingl\u00e9s Avanzado 3\u00ba ESO (programa biling\u00fce)<\/li>\n\n\n\n<li>Ingl\u00e9s 4\u00ba ESO (programa biling\u00fce)<\/li>\n\n\n\n<li>Ingl\u00e9s Avanzado 4\u00ba ESO (secci\u00f3n biling\u00fce)<\/li>\n<\/ul>\n<\/li>\n\n\n\n<li>Bachillerato\n<ul class=\"wp-block-list\">\n<li>Ingl\u00e9s I 1\u00ba de Bachillerato<\/li>\n\n\n\n<li>Ingl\u00e9s Avanzado I 1\u00ba Bachillerato<\/li>\n\n\n\n<li>Ingl\u00e9s II en 2\u00ba de Bachillerato<\/li>\n\n\n\n<li>Ingl\u00e9s Avanzado II en 2\u00ba Bachillerato<\/li>\n<\/ul>\n<\/li>\n<\/ul>\n\n\n\n<h2 class=\"wp-block-heading has-vivid-red-color has-text-color\"><strong>Documentos del departamento<\/strong><\/h2>\n\n\n\n<ul class=\"wp-block-list\">\n<li><a href=\"https:\/\/site.educa.madrid.org\/ies.joaquinturina.madrid\/\/wp-content\/uploads\/ies.joaquinturina.madrid\/2025\/11\/28018903_IESJOAQUINTURINA_INGLES_SEC-BACH.pdf\">Programaci\u00f3n<\/a><\/li>\n\n\n\n<li><a href=\"https:\/\/site.educa.madrid.org\/ies.joaquinturina.madrid\/\/wp-content\/uploads\/ies.joaquinturina.madrid\/2025\/07\/Criterios-emplazamiento-IA-Bachillerato.pdf\" target=\"_blank\" rel=\"noreferrer noopener\">Criterios de admisi\u00f3n Ingl\u00e9s Avanzado en Bachillerato<\/a><\/li>\n<\/ul>\n\n\n\n<h2 class=\"wp-block-heading has-vivid-red-color has-text-color\"><strong>Recursos y proyectos del departamento<\/strong><\/h2>\n\n\n\n<ul class=\"wp-block-list\">\n<li>Participaci\u00f3n en Global Classrooms<\/li>\n\n\n\n<li>Participaci\u00f3n en Global Scholars<\/li>\n<\/ul>\n<\/div><\/div>\n","protected":false},"excerpt":{"rendered":"<p>Componentes El departamento de Ingl\u00e9s est\u00e1 formado por los siguientes miembros: Docencia Las materias que imparte el departamento son las siguientes: Documentos del departamento Recursos y proyectos del departamento<\/p>\n","protected":false},"author":2,"featured_media":0,"parent":0,"menu_order":8,"comment_status":"closed","ping_status":"closed","template":"","meta":{"footnotes":""},"folder":[22],"class_list":["post-186","page","type-page","status-publish","hentry"],"rttpg_featured_image_url":null,"rttpg_author":{"display_name":"Cuenta TIC","author_link":"https:\/\/site.educa.madrid.org\/ies.joaquinturina.madrid\/index.php\/author\/cuenta_tic-ies-joaquinturina-madrid\/"},"rttpg_comment":0,"rttpg_category":" <a href=\"https:\/\/site.educa.madrid.org\/ies.joaquinturina.madrid\/?taxonomy=folder&#038;term=quienes-somos-1672496135\" rel=\"tag\">Qui\u00e9nes somos<\/a>","rttpg_excerpt":"Componentes El departamento de Ingl\u00e9s est\u00e1 formado por los siguientes miembros: Docencia Las materias que imparte el departamento son las siguientes: Documentos del departamento Recursos y proyectos del departamento","post_mailing_queue_ids":[],"_links":{"self":[{"href":"https:\/\/site.educa.madrid.org\/ies.joaquinturina.madrid\/index.php\/wp-json\/wp\/v2\/pages\/186","targetHints":{"allow":["GET"]}}],"collection":[{"href":"https:\/\/site.educa.madrid.org\/ies.joaquinturina.madrid\/index.php\/wp-json\/wp\/v2\/pages"}],"about":[{"href":"https:\/\/site.educa.madrid.org\/ies.joaquinturina.madrid\/index.php\/wp-json\/wp\/v2\/types\/page"}],"author":[{"embeddable":true,"href":"https:\/\/site.educa.madrid.org\/ies.joaquinturina.madrid\/index.php\/wp-json\/wp\/v2\/users\/2"}],"replies":[{"embeddable":true,"href":"https:\/\/site.educa.madrid.org\/ies.joaquinturina.madrid\/index.php\/wp-json\/wp\/v2\/comments?post=186"}],"version-history":[{"count":11,"href":"https:\/\/site.educa.madrid.org\/ies.joaquinturina.madrid\/index.php\/wp-json\/wp\/v2\/pages\/186\/revisions"}],"predecessor-version":[{"id":2692,"href":"https:\/\/site.educa.madrid.org\/ies.joaquinturina.madrid\/index.php\/wp-json\/wp\/v2\/pages\/186\/revisions\/2692"}],"wp:attachment":[{"href":"https:\/\/site.educa.madrid.org\/ies.joaquinturina.madrid\/index.php\/wp-json\/wp\/v2\/media?parent=186"}],"wp:term":[{"taxonomy":"folder","embeddable":true,"href":"https:\/\/site.educa.madrid.org\/ies.joaquinturina.madrid\/index.php\/wp-json\/wp\/v2\/folder?post=186"}],"curies":[{"name":"wp","href":"https:\/\/api.w.org\/{rel}","templated":true}]}}