{"id":190,"date":"2022-05-11T19:22:12","date_gmt":"2022-05-11T17:22:12","guid":{"rendered":"https:\/\/site.educa.madrid.org\/ies.joaquinturina.madrid\/?page_id=190"},"modified":"2025-11-06T11:56:48","modified_gmt":"2025-11-06T10:56:48","slug":"lengua-y-literatura","status":"publish","type":"page","link":"https:\/\/site.educa.madrid.org\/ies.joaquinturina.madrid\/index.php\/lengua-y-literatura\/","title":{"rendered":"Lengua y Literatura"},"content":{"rendered":"\n<div class=\"wp-block-group\"><div class=\"wp-block-group__inner-container is-layout-constrained wp-block-group-is-layout-constrained\">\n<h2 class=\"wp-block-heading has-vivid-red-color has-text-color\"><strong>Componentes<\/strong><\/h2>\n\n\n\n<p>El departamento de Lengua y Literatura est\u00e1 formado por los siguientes miembros:<\/p>\n\n\n\n<ul class=\"wp-block-list\">\n<li>Jos\u00e9 Carlos L\u00f3pez Torres (jefe de departamento)<\/li>\n\n\n\n<li>Eduardo Llamosas Ramos<\/li>\n\n\n\n<li>Mart\u00edn Garc\u00eda Cillanueva<\/li>\n\n\n\n<li>Ang\u00e9lica Andreu<\/li>\n\n\n\n<li>Eva Bo Gim\u00e9nez Mari\u00f1o<\/li>\n<\/ul>\n\n\n\n<h2 class=\"wp-block-heading has-vivid-red-color has-text-color\"><strong>Docencia<\/strong><\/h2>\n\n\n\n<p>Las materias que imparte el departamento son las siguientes:<\/p>\n\n\n\n<ul class=\"wp-block-list\">\n<li>ESO\n<ul class=\"wp-block-list\">\n<li>Lengua Castellana y Literatura en 1\u00ba ESO<\/li>\n\n\n\n<li>Lengua Castellana y Literatura en 2\u00ba ESO<\/li>\n\n\n\n<li>Lengua Castellana y Literatura en 3\u00ba ESO<\/li>\n\n\n\n<li>Lengua Castellana y Literatura en 4\u00ba ESO<\/li>\n<\/ul>\n<\/li>\n\n\n\n<li>Bachillerato\n<ul class=\"wp-block-list\">\n<li>Literatura Universal en 1\u00ba de Bachillerato<\/li>\n\n\n\n<li>Lengua Castellana y Literatura I en 1\u00ba de Bachillerato<\/li>\n\n\n\n<li>Lengua Castellana y Literatura II en 2\u00ba de Bachillerato<\/li>\n<\/ul>\n<\/li>\n<\/ul>\n\n\n\n<h2 class=\"wp-block-heading has-vivid-red-color has-text-color\"><strong>Documentos del departamento<\/strong><\/h2>\n\n\n\n<ul class=\"wp-block-list\">\n<li><a href=\"https:\/\/site.educa.madrid.org\/ies.joaquinturina.madrid\/\/wp-content\/uploads\/ies.joaquinturina.madrid\/2025\/11\/28018903_IESJOAQUINTURINA_LENGUACASTELLANA_SEC-BACH.pdf\">Programaci\u00f3n<\/a><\/li>\n<\/ul>\n\n\n\n<h2 class=\"wp-block-heading has-vivid-red-color has-text-color\"><strong>Recursos y proyectos del departamento<\/strong><\/h2>\n<\/div><\/div>\n\n\n\n<h2 class=\"wp-block-heading has-vivid-red-color has-text-color\"><strong>Concurso de relatos<\/strong><\/h2>\n\n\n\n<p>Echa un vistazo a los relatos ganadores del concurso de este a\u00f1o, \u00a1Enhorabuena!<\/p>\n\n\n\n<ul class=\"wp-block-list\">\n<li>Primer Premio Categor\u00eda Bachillerato: <a href=\"https:\/\/site.educa.madrid.org\/ies.joaquinturina.madrid\/\/wp-content\/uploads\/ies.joaquinturina.madrid\/2023\/05\/Apolo-y-Jacinto-.pdf\">Apolo y Jacinto<\/a> (Violeta, B1)<\/li>\n\n\n\n<li>Primer Premio Categor\u00eda 1\u00ba y 2\u00ba ESO: <a href=\"https:\/\/site.educa.madrid.org\/ies.joaquinturina.madrid\/\/wp-content\/uploads\/ies.joaquinturina.madrid\/2023\/05\/LA_LINEA_11.pdf\">L\u00ednea 11<\/a> (V\u00edctor, E2)<\/li>\n<\/ul>\n\n\n\n<h2 class=\"wp-block-heading has-vivid-red-color has-text-color\"><strong>Proyectos curso 22-23<\/strong><\/h2>\n\n\n\n<div class=\"wp-block-media-text alignwide\" style=\"grid-template-columns:15% auto\"><figure class=\"wp-block-media-text__media\"><img loading=\"lazy\" decoding=\"async\" width=\"638\" height=\"640\" src=\"https:\/\/site.educa.madrid.org\/ies.joaquinturina.madrid\/\/wp-content\/uploads\/ies.joaquinturina.madrid\/2023\/02\/envelope-g390d2dff0_640.png\" alt=\"\" class=\"wp-image-1021 size-full\" srcset=\"https:\/\/site.educa.madrid.org\/ies.joaquinturina.madrid\/\/wp-content\/uploads\/ies.joaquinturina.madrid\/2023\/02\/envelope-g390d2dff0_640.png 638w, https:\/\/site.educa.madrid.org\/ies.joaquinturina.madrid\/\/wp-content\/uploads\/ies.joaquinturina.madrid\/2023\/02\/envelope-g390d2dff0_640-300x300.png 300w, https:\/\/site.educa.madrid.org\/ies.joaquinturina.madrid\/\/wp-content\/uploads\/ies.joaquinturina.madrid\/2023\/02\/envelope-g390d2dff0_640-150x150.png 150w, https:\/\/site.educa.madrid.org\/ies.joaquinturina.madrid\/\/wp-content\/uploads\/ies.joaquinturina.madrid\/2023\/02\/envelope-g390d2dff0_640-100x100.png 100w\" sizes=\"auto, (max-width: 638px) 100vw, 638px\" \/><\/figure><div class=\"wp-block-media-text__content\">\n<p style=\"font-size:16px\"><strong>1\u00ba ESO. Cartas de ida y vuelta. <\/strong><\/p>\n\n\n\n<p class=\"has-small-font-size\">Intercambio epistolar por correo postal con alumnos del Instituto Manuel V\u00e1zquez Montalb\u00e1n de Sant Andri\u00e0 de Besos, Barcelona<\/p>\n<\/div><\/div>\n\n\n\n<div class=\"wp-block-media-text alignwide\" style=\"grid-template-columns:15% auto\"><figure class=\"wp-block-media-text__media\"><img loading=\"lazy\" decoding=\"async\" width=\"636\" height=\"640\" src=\"https:\/\/site.educa.madrid.org\/ies.joaquinturina.madrid\/\/wp-content\/uploads\/ies.joaquinturina.madrid\/2023\/02\/amulet-g0989119b6_640.png\" alt=\"\" class=\"wp-image-1022 size-full\" srcset=\"https:\/\/site.educa.madrid.org\/ies.joaquinturina.madrid\/\/wp-content\/uploads\/ies.joaquinturina.madrid\/2023\/02\/amulet-g0989119b6_640.png 636w, https:\/\/site.educa.madrid.org\/ies.joaquinturina.madrid\/\/wp-content\/uploads\/ies.joaquinturina.madrid\/2023\/02\/amulet-g0989119b6_640-298x300.png 298w, https:\/\/site.educa.madrid.org\/ies.joaquinturina.madrid\/\/wp-content\/uploads\/ies.joaquinturina.madrid\/2023\/02\/amulet-g0989119b6_640-150x150.png 150w, https:\/\/site.educa.madrid.org\/ies.joaquinturina.madrid\/\/wp-content\/uploads\/ies.joaquinturina.madrid\/2023\/02\/amulet-g0989119b6_640-100x100.png 100w\" sizes=\"auto, (max-width: 636px) 100vw, 636px\" \/><\/figure><div class=\"wp-block-media-text__content\">\n<p style=\"font-size:16px\"><strong>2\u00ba ESO. Mit\u00f3logos 23 <\/strong><\/p>\n\n\n\n<p class=\"has-small-font-size\">Estudiantes de 2\u00ba ayudan a los de 1\u00ba a leer un libro de tema mitol\u00f3gico, a elaborar una presentaci\u00f3n digital y a preparar la exposici\u00f3n oral final, que tambi\u00e9n eval\u00faan.<\/p>\n<\/div><\/div>\n\n\n\n<div class=\"wp-block-media-text alignwide\" style=\"grid-template-columns:15% auto\"><figure class=\"wp-block-media-text__media\"><img loading=\"lazy\" decoding=\"async\" width=\"336\" height=\"274\" src=\"https:\/\/site.educa.madrid.org\/ies.joaquinturina.madrid\/\/wp-content\/uploads\/ies.joaquinturina.madrid\/2023\/02\/Captura-de-pantalla-2023-02-13-a-las-19.53.19.png\" alt=\"\" class=\"wp-image-1023 size-full\" srcset=\"https:\/\/site.educa.madrid.org\/ies.joaquinturina.madrid\/\/wp-content\/uploads\/ies.joaquinturina.madrid\/2023\/02\/Captura-de-pantalla-2023-02-13-a-las-19.53.19.png 336w, https:\/\/site.educa.madrid.org\/ies.joaquinturina.madrid\/\/wp-content\/uploads\/ies.joaquinturina.madrid\/2023\/02\/Captura-de-pantalla-2023-02-13-a-las-19.53.19-300x245.png 300w\" sizes=\"auto, (max-width: 336px) 100vw, 336px\" \/><\/figure><div class=\"wp-block-media-text__content\">\n<p style=\"font-size:16px\"><strong>3\u00ba ESO. Madrid, un libro abierto<\/strong><\/p>\n\n\n\n<p class=\"has-small-font-size\">Participaci\u00f3n en las rutas literarias del programa Madrid, un libro abierto<\/p>\n<\/div><\/div>\n\n\n\n<p class=\"has-vivid-red-color has-text-color\"><strong>M\u00e1s actividades del departamento<\/strong><\/p>\n\n\n\n<ul class=\"wp-block-list\">\n<li>Asistencia a funciones matinales en&nbsp;el Teatro de la Abad\u00eda<\/li>\n\n\n\n<li>Asistencia a funciones matinales en&nbsp;la Real Escuela Superior de Arte Dram\u00e1tico<\/li>\n\n\n\n<li>Participaci\u00f3n en la lectura continuada del Quijote en el C\u00edrculo de Bellas Artes<\/li>\n\n\n\n<li>Concurso de Ortograf\u00eda<\/li>\n\n\n\n<li>Concurso de Relatos<\/li>\n\n\n\n<li>Concurso de ilustraciones literarias<\/li>\n<\/ul>\n","protected":false},"excerpt":{"rendered":"<p>Componentes El departamento de Lengua y Literatura est\u00e1 formado por los siguientes miembros: Docencia Las materias que imparte el departamento son las siguientes: Documentos del departamento Recursos y proyectos del departamento Concurso de relatos Echa un vistazo a los relatos ganadores del concurso de este a\u00f1o, \u00a1Enhorabuena! Proyectos curso 22-23 1\u00ba ESO. Cartas de ida &hellip; <\/p>\n<p class=\"link-more\"><a href=\"https:\/\/site.educa.madrid.org\/ies.joaquinturina.madrid\/index.php\/lengua-y-literatura\/\" class=\"more-link\">Continuar leyendo<span class=\"screen-reader-text\"> \u00abLengua y Literatura\u00bb<\/span><\/a><\/p>\n","protected":false},"author":2,"featured_media":0,"parent":0,"menu_order":10,"comment_status":"closed","ping_status":"closed","template":"","meta":{"footnotes":""},"folder":[22],"class_list":["post-190","page","type-page","status-publish","hentry"],"rttpg_featured_image_url":null,"rttpg_author":{"display_name":"Cuenta TIC","author_link":"https:\/\/site.educa.madrid.org\/ies.joaquinturina.madrid\/index.php\/author\/cuenta_tic-ies-joaquinturina-madrid\/"},"rttpg_comment":0,"rttpg_category":" <a href=\"https:\/\/site.educa.madrid.org\/ies.joaquinturina.madrid\/?taxonomy=folder&#038;term=quienes-somos-1672496135\" rel=\"tag\">Qui\u00e9nes somos<\/a>","rttpg_excerpt":"Componentes El departamento de Lengua y Literatura est\u00e1 formado por los siguientes miembros: Docencia Las materias que imparte el departamento son las siguientes: Documentos del departamento Recursos y proyectos del departamento Concurso de relatos Echa un vistazo a los relatos ganadores del concurso de este a\u00f1o, \u00a1Enhorabuena! Proyectos curso 22-23 1\u00ba ESO. Cartas de ida&hellip;","post_mailing_queue_ids":[],"_links":{"self":[{"href":"https:\/\/site.educa.madrid.org\/ies.joaquinturina.madrid\/index.php\/wp-json\/wp\/v2\/pages\/190","targetHints":{"allow":["GET"]}}],"collection":[{"href":"https:\/\/site.educa.madrid.org\/ies.joaquinturina.madrid\/index.php\/wp-json\/wp\/v2\/pages"}],"about":[{"href":"https:\/\/site.educa.madrid.org\/ies.joaquinturina.madrid\/index.php\/wp-json\/wp\/v2\/types\/page"}],"author":[{"embeddable":true,"href":"https:\/\/site.educa.madrid.org\/ies.joaquinturina.madrid\/index.php\/wp-json\/wp\/v2\/users\/2"}],"replies":[{"embeddable":true,"href":"https:\/\/site.educa.madrid.org\/ies.joaquinturina.madrid\/index.php\/wp-json\/wp\/v2\/comments?post=190"}],"version-history":[{"count":20,"href":"https:\/\/site.educa.madrid.org\/ies.joaquinturina.madrid\/index.php\/wp-json\/wp\/v2\/pages\/190\/revisions"}],"predecessor-version":[{"id":2694,"href":"https:\/\/site.educa.madrid.org\/ies.joaquinturina.madrid\/index.php\/wp-json\/wp\/v2\/pages\/190\/revisions\/2694"}],"wp:attachment":[{"href":"https:\/\/site.educa.madrid.org\/ies.joaquinturina.madrid\/index.php\/wp-json\/wp\/v2\/media?parent=190"}],"wp:term":[{"taxonomy":"folder","embeddable":true,"href":"https:\/\/site.educa.madrid.org\/ies.joaquinturina.madrid\/index.php\/wp-json\/wp\/v2\/folder?post=190"}],"curies":[{"name":"wp","href":"https:\/\/api.w.org\/{rel}","templated":true}]}}