{"id":2285,"date":"2025-01-22T14:05:12","date_gmt":"2025-01-22T13:05:12","guid":{"rendered":"https:\/\/site.educa.madrid.org\/ies.joaquinturina.madrid\/?page_id=2285"},"modified":"2025-01-22T14:09:17","modified_gmt":"2025-01-22T13:09:17","slug":"quienes-somos-2","status":"publish","type":"page","link":"https:\/\/site.educa.madrid.org\/ies.joaquinturina.madrid\/index.php\/quienes-somos-2\/","title":{"rendered":"Consejo Escolar"},"content":{"rendered":"\n<h2 class=\"wp-block-heading has-vivid-red-color has-text-color\"><strong>Consejo Escolar<\/strong><\/h2>\n\n\n\n<hr class=\"wp-block-separator has-text-color has-vivid-cyan-blue-color has-css-opacity has-vivid-cyan-blue-background-color has-background aligncenter is-style-wide\"\/>\n\n\n\n<ul class=\"wp-block-list\" id=\"block-23ed54f7-46db-4c9c-9c2a-b1824ebbb82a\">\n<li><strong>Presidente: <\/strong>Fernando Fuentes Meg\u00edas<\/li>\n\n\n\n<li><strong>Secretario: <\/strong>Pedro Luis del Ama Hern\u00e1ndez<\/li>\n\n\n\n<li><strong>Jefe de estudios:<\/strong> Lola Pardo Garc\u00eda<\/li>\n\n\n\n<li><strong>Representantes del profesorado:<\/strong>\n<ul class=\"wp-block-list\">\n<li>Nuria Ballesteros Gonz\u00e1lez<\/li>\n\n\n\n<li>Julio C\u00e9sar Calvo Herraiz<\/li>\n\n\n\n<li>Raquel Garc\u00eda Mart\u00ednez<\/li>\n\n\n\n<li>Sergio Monta\u00f1ez Naz<\/li>\n\n\n\n<li>Luisa Solaguren Bego\u00f1a<\/li>\n\n\n\n<li>Juan Manuel S\u00e1nchez Moreno<\/li>\n\n\n\n<li>Isabel Rodr\u00edguez Toledano<\/li>\n<\/ul>\n<\/li>\n\n\n\n<li><strong>Representantes del alumnado:<\/strong>\n<ul class=\"wp-block-list\">\n<li>2 alumnos de 4\u00ba de ESO<\/li>\n<\/ul>\n<\/li>\n\n\n\n<li><strong>Representantes de las familias:<\/strong>\n<ul class=\"wp-block-list\">\n<li>Pablo Benito Baglieto<\/li>\n\n\n\n<li>Ana Paramio Alamillo<\/li>\n\n\n\n<li>Clara Fern\u00e1ndez L\u00f3pez (representante de libre designaci\u00f3n del AMPA)<\/li>\n<\/ul>\n<\/li>\n\n\n\n<li><strong>Representantes ayuntamiento:<\/strong>\n<ul class=\"wp-block-list\">\n<li>Mario Casaiz Pais\u00e1n<\/li>\n<\/ul>\n<\/li>\n\n\n\n<li><strong>Representantes del personal de administraci\u00f3n y servicios<\/strong>\n<ul class=\"wp-block-list\">\n<li>Mar\u00eda de los \u00c1ngeles Burgos G\u00f3mez<\/li>\n<\/ul>\n<\/li>\n<\/ul>\n","protected":false},"excerpt":{"rendered":"<p>Consejo Escolar<\/p>\n","protected":false},"author":4,"featured_media":0,"parent":0,"menu_order":0,"comment_status":"closed","ping_status":"closed","template":"","meta":{"footnotes":""},"folder":[22],"class_list":["post-2285","page","type-page","status-publish","hentry"],"rttpg_featured_image_url":null,"rttpg_author":{"display_name":"#CompDigEdu Turina","author_link":"https:\/\/site.educa.madrid.org\/ies.joaquinturina.madrid\/index.php\/author\/cuenta_compdigedu-ies-joaquinturina-madrid\/"},"rttpg_comment":0,"rttpg_category":" <a href=\"https:\/\/site.educa.madrid.org\/ies.joaquinturina.madrid\/?taxonomy=folder&#038;term=quienes-somos-1672496135\" rel=\"tag\">Qui\u00e9nes somos<\/a>","rttpg_excerpt":"Consejo Escolar","post_mailing_queue_ids":[],"_links":{"self":[{"href":"https:\/\/site.educa.madrid.org\/ies.joaquinturina.madrid\/index.php\/wp-json\/wp\/v2\/pages\/2285","targetHints":{"allow":["GET"]}}],"collection":[{"href":"https:\/\/site.educa.madrid.org\/ies.joaquinturina.madrid\/index.php\/wp-json\/wp\/v2\/pages"}],"about":[{"href":"https:\/\/site.educa.madrid.org\/ies.joaquinturina.madrid\/index.php\/wp-json\/wp\/v2\/types\/page"}],"author":[{"embeddable":true,"href":"https:\/\/site.educa.madrid.org\/ies.joaquinturina.madrid\/index.php\/wp-json\/wp\/v2\/users\/4"}],"replies":[{"embeddable":true,"href":"https:\/\/site.educa.madrid.org\/ies.joaquinturina.madrid\/index.php\/wp-json\/wp\/v2\/comments?post=2285"}],"version-history":[{"count":2,"href":"https:\/\/site.educa.madrid.org\/ies.joaquinturina.madrid\/index.php\/wp-json\/wp\/v2\/pages\/2285\/revisions"}],"predecessor-version":[{"id":2292,"href":"https:\/\/site.educa.madrid.org\/ies.joaquinturina.madrid\/index.php\/wp-json\/wp\/v2\/pages\/2285\/revisions\/2292"}],"wp:attachment":[{"href":"https:\/\/site.educa.madrid.org\/ies.joaquinturina.madrid\/index.php\/wp-json\/wp\/v2\/media?parent=2285"}],"wp:term":[{"taxonomy":"folder","embeddable":true,"href":"https:\/\/site.educa.madrid.org\/ies.joaquinturina.madrid\/index.php\/wp-json\/wp\/v2\/folder?post=2285"}],"curies":[{"name":"wp","href":"https:\/\/api.w.org\/{rel}","templated":true}]}}