{"id":2288,"date":"2025-01-22T14:07:44","date_gmt":"2025-01-22T13:07:44","guid":{"rendered":"https:\/\/site.educa.madrid.org\/ies.joaquinturina.madrid\/?page_id=2288"},"modified":"2025-02-04T11:20:26","modified_gmt":"2025-02-04T10:20:26","slug":"quienes-somos-3","status":"publish","type":"page","link":"https:\/\/site.educa.madrid.org\/ies.joaquinturina.madrid\/index.php\/quienes-somos-3\/","title":{"rendered":"AMPA"},"content":{"rendered":"\n<h2 class=\"wp-block-heading has-vivid-red-color has-text-color\"><strong>Asociaci\u00f3n de Madres y Padres de Alumnos (AMPA)<\/strong><\/h2>\n\n\n\n<hr class=\"wp-block-separator has-text-color has-vivid-cyan-blue-color has-css-opacity has-vivid-cyan-blue-background-color has-background aligncenter is-style-wide\"\/>\n\n\n\n<div class=\"wp-block-media-text is-stacked-on-mobile\" style=\"grid-template-columns:33% auto\"><figure class=\"wp-block-media-text__media\"><img loading=\"lazy\" decoding=\"async\" width=\"782\" height=\"436\" src=\"https:\/\/site.educa.madrid.org\/ies.joaquinturina.madrid\/\/wp-content\/uploads\/ies.joaquinturina.madrid\/2025\/02\/IMG-20250124-WA0016.jpg\" alt=\"\" class=\"wp-image-2361 size-full\" srcset=\"https:\/\/site.educa.madrid.org\/ies.joaquinturina.madrid\/\/wp-content\/uploads\/ies.joaquinturina.madrid\/2025\/02\/IMG-20250124-WA0016.jpg 782w, https:\/\/site.educa.madrid.org\/ies.joaquinturina.madrid\/\/wp-content\/uploads\/ies.joaquinturina.madrid\/2025\/02\/IMG-20250124-WA0016-300x167.jpg 300w, https:\/\/site.educa.madrid.org\/ies.joaquinturina.madrid\/\/wp-content\/uploads\/ies.joaquinturina.madrid\/2025\/02\/IMG-20250124-WA0016-768x428.jpg 768w\" sizes=\"auto, (max-width: 706px) 89vw, (max-width: 767px) 82vw, 740px\" \/><\/figure><div class=\"wp-block-media-text__content\">\n<p>La asociaci\u00f3n de madres y padres de alumnos del IES Joaqu\u00edn Turina agradece a todos los padres y madres que conf\u00edan en esta asociaci\u00f3n y han decidido colaborar con el instituto. La junta directiva del AMPA esta formada por:<\/p>\n<\/div><\/div>\n\n\n\n<ul class=\"wp-block-list\">\n<li>Presidente: Ignacio Bordoy Mart\u00edn<\/li>\n\n\n\n<li>Secretaria: M\u00f3nica Gray Biurrun<\/li>\n\n\n\n<li>Tesorero: Ignacio Jos\u00e9 Mart\u00ed S\u00e1nchez<\/li>\n\n\n\n<li>Vocales: Israel G\u00f3mez, Clara Fern\u00e1ndez, Sheila Melchor, Marta G\u00e1lvez, Laura Ramos, Jos\u00e9 Javier S\u00e1nchez Espinosa e Iria Rodr\u00edguez<\/li>\n<\/ul>\n\n\n\n<p><strong>Contacto<\/strong><\/p>\n\n\n\n<ul class=\"wp-block-list\">\n<li><a rel=\"noreferrer noopener\" style=\"font-size: 1rem;\" href=\"mailto:info@familiasturina.es\" target=\"_blank\">info@familiasturina.es<\/a><\/li>\n\n\n\n<li><a href=\"https:\/\/familiasturina.es\">Blog de las familias del IES Joaquin Turina de Madrid<\/a><\/li>\n<\/ul>\n","protected":false},"excerpt":{"rendered":"<p>Asociaci\u00f3n de Madres y Padres de Alumnos (AMPA) La asociaci\u00f3n de madres y padres de alumnos del IES Joaqu\u00edn Turina agradece a todos los padres y madres que conf\u00edan en esta asociaci\u00f3n y han decidido colaborar con el instituto. La junta directiva del AMPA esta formada por: Contacto<\/p>\n","protected":false},"author":4,"featured_media":0,"parent":0,"menu_order":0,"comment_status":"closed","ping_status":"closed","template":"","meta":{"footnotes":""},"folder":[22],"class_list":["post-2288","page","type-page","status-publish","hentry"],"rttpg_featured_image_url":null,"rttpg_author":{"display_name":"#CompDigEdu Turina","author_link":"https:\/\/site.educa.madrid.org\/ies.joaquinturina.madrid\/index.php\/author\/cuenta_compdigedu-ies-joaquinturina-madrid\/"},"rttpg_comment":0,"rttpg_category":" <a href=\"https:\/\/site.educa.madrid.org\/ies.joaquinturina.madrid\/?taxonomy=folder&#038;term=quienes-somos-1672496135\" rel=\"tag\">Qui\u00e9nes somos<\/a>","rttpg_excerpt":"Asociaci\u00f3n de Madres y Padres de Alumnos (AMPA) La asociaci\u00f3n de madres y padres de alumnos del IES Joaqu\u00edn Turina agradece a todos los padres y madres que conf\u00edan en esta asociaci\u00f3n y han decidido colaborar con el instituto. La junta directiva del AMPA esta formada por: Contacto","post_mailing_queue_ids":[],"_links":{"self":[{"href":"https:\/\/site.educa.madrid.org\/ies.joaquinturina.madrid\/index.php\/wp-json\/wp\/v2\/pages\/2288","targetHints":{"allow":["GET"]}}],"collection":[{"href":"https:\/\/site.educa.madrid.org\/ies.joaquinturina.madrid\/index.php\/wp-json\/wp\/v2\/pages"}],"about":[{"href":"https:\/\/site.educa.madrid.org\/ies.joaquinturina.madrid\/index.php\/wp-json\/wp\/v2\/types\/page"}],"author":[{"embeddable":true,"href":"https:\/\/site.educa.madrid.org\/ies.joaquinturina.madrid\/index.php\/wp-json\/wp\/v2\/users\/4"}],"replies":[{"embeddable":true,"href":"https:\/\/site.educa.madrid.org\/ies.joaquinturina.madrid\/index.php\/wp-json\/wp\/v2\/comments?post=2288"}],"version-history":[{"count":7,"href":"https:\/\/site.educa.madrid.org\/ies.joaquinturina.madrid\/index.php\/wp-json\/wp\/v2\/pages\/2288\/revisions"}],"predecessor-version":[{"id":2363,"href":"https:\/\/site.educa.madrid.org\/ies.joaquinturina.madrid\/index.php\/wp-json\/wp\/v2\/pages\/2288\/revisions\/2363"}],"wp:attachment":[{"href":"https:\/\/site.educa.madrid.org\/ies.joaquinturina.madrid\/index.php\/wp-json\/wp\/v2\/media?parent=2288"}],"wp:term":[{"taxonomy":"folder","embeddable":true,"href":"https:\/\/site.educa.madrid.org\/ies.joaquinturina.madrid\/index.php\/wp-json\/wp\/v2\/folder?post=2288"}],"curies":[{"name":"wp","href":"https:\/\/api.w.org\/{rel}","templated":true}]}}