{"id":2336,"date":"2025-01-29T13:49:41","date_gmt":"2025-01-29T12:49:41","guid":{"rendered":"https:\/\/site.educa.madrid.org\/ies.joaquinturina.madrid\/?page_id=2336"},"modified":"2025-09-07T20:03:44","modified_gmt":"2025-09-07T18:03:44","slug":"quienes-somos-4","status":"publish","type":"page","link":"https:\/\/site.educa.madrid.org\/ies.joaquinturina.madrid\/index.php\/quienes-somos-4\/","title":{"rendered":"Equipo Docente"},"content":{"rendered":"\n<h2 class=\"wp-block-heading has-vivid-red-color has-text-color\"><strong>Equipo Directivo<\/strong><\/h2>\n\n\n\n<hr class=\"wp-block-separator has-text-color has-vivid-cyan-blue-color has-css-opacity has-vivid-cyan-blue-background-color has-background aligncenter is-style-wide\"\/>\n\n\n\n<ul id=\"block-d1be2efc-c2cd-4b52-a174-179bde5bf852\" class=\"wp-block-list\">\n<li><strong>Director: <\/strong>Fernando Fuentes Meg\u00edas<\/li>\n\n\n\n<li><strong>Jefa de estudios: <\/strong>Lola Pardo Garc\u00eda<\/li>\n\n\n\n<li><strong>Jefe de estudios adjunto:<\/strong> Alejandro Latorre Marlasca<\/li>\n\n\n\n<li><strong>Secretario:<\/strong> Manuel L\u00f3pez Garc\u00eda<\/li>\n<\/ul>\n\n\n\n<h2 class=\"wp-block-heading has-vivid-red-color has-text-color\"><strong>Comisi\u00f3n de Coordinaci\u00f3n Pedag\u00f3gica (CCP)<\/strong><\/h2>\n\n\n\n<hr class=\"wp-block-separator has-text-color has-vivid-cyan-blue-color has-css-opacity has-vivid-cyan-blue-background-color has-background aligncenter is-style-wide\"\/>\n\n\n\n<p>Forman parte de ella los jefes de todos los departamentos did\u00e1cticos junto con el director, el jefe de estudios y el coordinador TIC.<\/p>\n\n\n\n<h2 class=\"wp-block-heading has-vivid-red-color has-text-color\"><strong>Claustro de profesores<\/strong><\/h2>\n\n\n\n<hr class=\"wp-block-separator has-text-color has-vivid-cyan-blue-color has-css-opacity has-vivid-cyan-blue-background-color has-background aligncenter is-style-wide\"\/>\n\n\n\n<p>Son miembros del mismo todos los profesores que imparten docencia en el instituto<\/p>\n","protected":false},"excerpt":{"rendered":"<p>Equipo Directivo Comisi\u00f3n de Coordinaci\u00f3n Pedag\u00f3gica (CCP) Forman parte de ella los jefes de todos los departamentos did\u00e1cticos junto con el director, el jefe de estudios y el coordinador TIC. Claustro de profesores Son miembros del mismo todos los profesores que imparten docencia en el instituto<\/p>\n","protected":false},"author":4,"featured_media":0,"parent":0,"menu_order":0,"comment_status":"closed","ping_status":"closed","template":"","meta":{"footnotes":""},"folder":[22],"class_list":["post-2336","page","type-page","status-publish","hentry"],"rttpg_featured_image_url":null,"rttpg_author":{"display_name":"#CompDigEdu Turina","author_link":"https:\/\/site.educa.madrid.org\/ies.joaquinturina.madrid\/index.php\/author\/cuenta_compdigedu-ies-joaquinturina-madrid\/"},"rttpg_comment":0,"rttpg_category":" <a href=\"https:\/\/site.educa.madrid.org\/ies.joaquinturina.madrid\/?taxonomy=folder&#038;term=quienes-somos-1672496135\" rel=\"tag\">Qui\u00e9nes somos<\/a>","rttpg_excerpt":"Equipo Directivo Comisi\u00f3n de Coordinaci\u00f3n Pedag\u00f3gica (CCP) Forman parte de ella los jefes de todos los departamentos did\u00e1cticos junto con el director, el jefe de estudios y el coordinador TIC. Claustro de profesores Son miembros del mismo todos los profesores que imparten docencia en el instituto","post_mailing_queue_ids":[],"_links":{"self":[{"href":"https:\/\/site.educa.madrid.org\/ies.joaquinturina.madrid\/index.php\/wp-json\/wp\/v2\/pages\/2336","targetHints":{"allow":["GET"]}}],"collection":[{"href":"https:\/\/site.educa.madrid.org\/ies.joaquinturina.madrid\/index.php\/wp-json\/wp\/v2\/pages"}],"about":[{"href":"https:\/\/site.educa.madrid.org\/ies.joaquinturina.madrid\/index.php\/wp-json\/wp\/v2\/types\/page"}],"author":[{"embeddable":true,"href":"https:\/\/site.educa.madrid.org\/ies.joaquinturina.madrid\/index.php\/wp-json\/wp\/v2\/users\/4"}],"replies":[{"embeddable":true,"href":"https:\/\/site.educa.madrid.org\/ies.joaquinturina.madrid\/index.php\/wp-json\/wp\/v2\/comments?post=2336"}],"version-history":[{"count":4,"href":"https:\/\/site.educa.madrid.org\/ies.joaquinturina.madrid\/index.php\/wp-json\/wp\/v2\/pages\/2336\/revisions"}],"predecessor-version":[{"id":2622,"href":"https:\/\/site.educa.madrid.org\/ies.joaquinturina.madrid\/index.php\/wp-json\/wp\/v2\/pages\/2336\/revisions\/2622"}],"wp:attachment":[{"href":"https:\/\/site.educa.madrid.org\/ies.joaquinturina.madrid\/index.php\/wp-json\/wp\/v2\/media?parent=2336"}],"wp:term":[{"taxonomy":"folder","embeddable":true,"href":"https:\/\/site.educa.madrid.org\/ies.joaquinturina.madrid\/index.php\/wp-json\/wp\/v2\/folder?post=2336"}],"curies":[{"name":"wp","href":"https:\/\/api.w.org\/{rel}","templated":true}]}}