{"id":326,"date":"2022-12-29T22:18:48","date_gmt":"2022-12-29T21:18:48","guid":{"rendered":"https:\/\/site.educa.madrid.org\/ies.joaquinturina.madrid\/?page_id=326"},"modified":"2023-12-03T10:49:49","modified_gmt":"2023-12-03T09:49:49","slug":"departamentos-2","status":"publish","type":"page","link":"https:\/\/site.educa.madrid.org\/ies.joaquinturina.madrid\/index.php\/quienes-somos\/departamentos-2\/","title":{"rendered":"Departamentos"},"content":{"rendered":"\n<p>En esta p\u00e1gina encontrar\u00e1s un listado de los departamentos did\u00e1cticos del instituto. Pinchando en cada departamento acceder\u00e1s a informaci\u00f3n importante del mismo contenida en diferentes formatos (blogs, p\u00e1ginas web, documentos de inter\u00e9s, &#8230;). <\/p>\n\n\n\n<hr class=\"wp-block-separator has-css-opacity is-style-wide\"\/>\n\n\n\n<div class=\"wp-block-buttons is-content-justification-center is-layout-flex wp-container-core-buttons-is-layout-16018d1d wp-block-buttons-is-layout-flex\">\n<div class=\"wp-block-button is-style-outline is-style-outline--1\"><a class=\"wp-block-button__link wp-element-button\" href=\"site.educa.madrid.org\/ies.joaquinturina.madrid\/index.php\/biologia-y-geologia\/\">Biolog\u00eda y Geolog\u00eda<\/a><\/div>\n\n\n\n<div class=\"wp-block-button\"><a class=\"wp-block-button__link has-pale-pink-background-color has-background wp-element-button\" href=\"site.educa.madrid.org\/ies.joaquinturina.madrid\/index.php\/dibujo\/\">Dibujo<\/a><\/div>\n\n\n\n<div class=\"wp-block-button\"><a class=\"wp-block-button__link has-luminous-vivid-orange-background-color has-background wp-element-button\" href=\"site.educa.madrid.org\/ies.joaquinturina.madrid\/index.php\/economia\/\" target=\"_blank\" rel=\"noreferrer noopener\">Econom\u00eda<\/a><\/div>\n\n\n\n<div class=\"wp-block-button\"><a class=\"wp-block-button__link has-pale-cyan-blue-background-color has-background wp-element-button\" href=\"site.educa.madrid.org\/ies.joaquinturina.madrid\/index.php\/educacion-fisica\/\">Educaci\u00f3n F\u00edsica<\/a><\/div>\n\n\n\n<div class=\"wp-block-button\"><a class=\"wp-block-button__link has-cyan-bluish-gray-background-color has-background wp-element-button\" href=\"site.educa.madrid.org\/ies.joaquinturina.madrid\/index.php\/filosofia\/\">Filosof\u00eda<\/a><\/div>\n\n\n\n<div class=\"wp-block-button\"><a class=\"wp-block-button__link has-vivid-cyan-blue-background-color has-background wp-element-button\" href=\"site.educa.madrid.org\/ies.joaquinturina.madrid\/index.php\/fisica-y-quimica\/\">F\u00edsica y Qu\u00edmica<\/a><\/div>\n\n\n\n<div class=\"wp-block-button\"><a class=\"wp-block-button__link wp-element-button\" href=\"site.educa.madrid.org\/ies.joaquinturina.madrid\/index.php\/frances\/\" target=\"_blank\" rel=\"noreferrer noopener\">Franc\u00e9s<\/a><\/div>\n\n\n\n<div class=\"wp-block-button\"><a class=\"wp-block-button__link has-black-color has-luminous-vivid-amber-background-color has-text-color has-background wp-element-button\" href=\"site.educa.madrid.org\/ies.joaquinturina.madrid\/index.php\/geografia-e-historia\/\">Geograf\u00eda e Historia<\/a><\/div>\n\n\n\n<div class=\"wp-block-button\"><a class=\"wp-block-button__link has-luminous-vivid-orange-color has-light-green-cyan-background-color has-text-color has-background wp-element-button\" href=\"https:\/\/site.educa.madrid.org\/ies.joaquinturina.madrid\/index.php\/ingles\/\">Ingl\u00e9s<\/a><\/div>\n\n\n\n<div class=\"wp-block-button\"><a class=\"wp-block-button__link has-vivid-purple-background-color has-background wp-element-button\" href=\"site.educa.madrid.org\/ies.joaquinturina.madrid\/index.php\/latin-y-griego\/\">Lat\u00edn y Griego<\/a><\/div>\n\n\n\n<div class=\"wp-block-button is-style-outline is-style-outline--2\"><a class=\"wp-block-button__link has-pale-pink-color has-text-color wp-element-button\" href=\"https:\/\/site.educa.madrid.org\/ies.joaquinturina.madrid\/index.php\/lengua-y-literatura\/\">Lengua y Literatura<\/a><\/div>\n\n\n\n<div class=\"wp-block-button\"><a class=\"wp-block-button__link has-vivid-green-cyan-background-color has-background wp-element-button\" href=\"site.educa.madrid.org\/ies.joaquinturina.madrid\/index.php\/matematicas\/\">Matem\u00e1ticas<\/a><\/div>\n\n\n\n<div class=\"wp-block-button is-style-outline is-style-outline--3\"><a class=\"wp-block-button__link has-vivid-purple-background-color has-background wp-element-button\" href=\"site.educa.madrid.org\/ies.joaquinturina.madrid\/index.php\/musica\/\">M\u00fasica<\/a><\/div>\n\n\n\n<div class=\"wp-block-button is-style-outline is-style-outline--4\"><a class=\"wp-block-button__link has-vivid-green-cyan-color has-white-background-color has-text-color has-background wp-element-button\" href=\"https:\/\/site.educa.madrid.org\/ies.joaquinturina.madrid\/index.php\/planes-y-proyectos\/orientacion\/\">Orientaci\u00f3n<\/a><\/div>\n\n\n\n<div class=\"wp-block-button is-style-outline is-style-outline--5\"><a class=\"wp-block-button__link has-vivid-cyan-blue-color has-white-background-color has-text-color has-background wp-element-button\" href=\"site.educa.madrid.org\/ies.joaquinturina.madrid\/index.php\/religion\/\">Religi\u00f3n<\/a><\/div>\n\n\n\n<div class=\"wp-block-button\"><a class=\"wp-block-button__link has-vivid-red-background-color has-background wp-element-button\" href=\"site.educa.madrid.org\/ies.joaquinturina.madrid\/index.php\/tecnologia\/\">Tecnolog\u00eda<\/a><\/div>\n<\/div>\n\n\n\n<p><\/p>\n","protected":false},"excerpt":{"rendered":"<p>En esta p\u00e1gina encontrar\u00e1s un listado de los departamentos did\u00e1cticos del instituto. Pinchando en cada departamento acceder\u00e1s a informaci\u00f3n importante del mismo contenida en diferentes formatos (blogs, p\u00e1ginas web, documentos de inter\u00e9s, &#8230;).<\/p>\n","protected":false},"author":4,"featured_media":0,"parent":451,"menu_order":0,"comment_status":"closed","ping_status":"closed","template":"","meta":{"footnotes":""},"folder":[22],"class_list":["post-326","page","type-page","status-publish","hentry"],"rttpg_featured_image_url":null,"rttpg_author":{"display_name":"#CompDigEdu Turina","author_link":"https:\/\/site.educa.madrid.org\/ies.joaquinturina.madrid\/index.php\/author\/cuenta_compdigedu-ies-joaquinturina-madrid\/"},"rttpg_comment":0,"rttpg_category":" <a href=\"https:\/\/site.educa.madrid.org\/ies.joaquinturina.madrid\/?taxonomy=folder&#038;term=quienes-somos-1672496135\" rel=\"tag\">Qui\u00e9nes somos<\/a>","rttpg_excerpt":"En esta p\u00e1gina encontrar\u00e1s un listado de los departamentos did\u00e1cticos del instituto. Pinchando en cada departamento acceder\u00e1s a informaci\u00f3n importante del mismo contenida en diferentes formatos (blogs, p\u00e1ginas web, documentos de inter\u00e9s, &#8230;).","post_mailing_queue_ids":[],"_links":{"self":[{"href":"https:\/\/site.educa.madrid.org\/ies.joaquinturina.madrid\/index.php\/wp-json\/wp\/v2\/pages\/326","targetHints":{"allow":["GET"]}}],"collection":[{"href":"https:\/\/site.educa.madrid.org\/ies.joaquinturina.madrid\/index.php\/wp-json\/wp\/v2\/pages"}],"about":[{"href":"https:\/\/site.educa.madrid.org\/ies.joaquinturina.madrid\/index.php\/wp-json\/wp\/v2\/types\/page"}],"author":[{"embeddable":true,"href":"https:\/\/site.educa.madrid.org\/ies.joaquinturina.madrid\/index.php\/wp-json\/wp\/v2\/users\/4"}],"replies":[{"embeddable":true,"href":"https:\/\/site.educa.madrid.org\/ies.joaquinturina.madrid\/index.php\/wp-json\/wp\/v2\/comments?post=326"}],"version-history":[{"count":32,"href":"https:\/\/site.educa.madrid.org\/ies.joaquinturina.madrid\/index.php\/wp-json\/wp\/v2\/pages\/326\/revisions"}],"predecessor-version":[{"id":1693,"href":"https:\/\/site.educa.madrid.org\/ies.joaquinturina.madrid\/index.php\/wp-json\/wp\/v2\/pages\/326\/revisions\/1693"}],"up":[{"embeddable":true,"href":"https:\/\/site.educa.madrid.org\/ies.joaquinturina.madrid\/index.php\/wp-json\/wp\/v2\/pages\/451"}],"wp:attachment":[{"href":"https:\/\/site.educa.madrid.org\/ies.joaquinturina.madrid\/index.php\/wp-json\/wp\/v2\/media?parent=326"}],"wp:term":[{"taxonomy":"folder","embeddable":true,"href":"https:\/\/site.educa.madrid.org\/ies.joaquinturina.madrid\/index.php\/wp-json\/wp\/v2\/folder?post=326"}],"curies":[{"name":"wp","href":"https:\/\/api.w.org\/{rel}","templated":true}]}}