{"id":448,"date":"2022-12-31T15:09:55","date_gmt":"2022-12-31T14:09:55","guid":{"rendered":"https:\/\/site.educa.madrid.org\/ies.joaquinturina.madrid\/?page_id=448"},"modified":"2023-01-24T13:50:47","modified_gmt":"2023-01-24T12:50:47","slug":"planes-y-proyectos","status":"publish","type":"page","link":"https:\/\/site.educa.madrid.org\/ies.joaquinturina.madrid\/index.php\/planes-y-proyectos\/","title":{"rendered":"Proyectos"},"content":{"rendered":"\n<p>En esta secci\u00f3n podr\u00e1s aprender m\u00e1s sobre los siguientes contenidos:<\/p>\n\n\n\n<ul class=\"wp-block-list\"><li>En el <a rel=\"noreferrer noopener\" href=\"https:\/\/site.educa.madrid.org\/ies.joaquinturina.madrid\/index.php\/espacio-tic\/\" target=\"_blank\">Espacio TIC<\/a> encontrar\u00e1s manuales para profes, alumnado y familias<\/li><li>La secci\u00f3n <a rel=\"noreferrer noopener\" href=\"https:\/\/site.educa.madrid.org\/ies.joaquinturina.madrid\/index.php\/erasmus\/\" target=\"_blank\">Erasmus+<\/a> te da m\u00e1s informaci\u00f3n sobre este proyecto de internacionalizaci\u00f3n en el que estamos inmersos en el Turina<\/li><li>La secci\u00f3n <a rel=\"noreferrer noopener\" href=\"https:\/\/site.educa.madrid.org\/ies.joaquinturina.madrid\/index.php\/orientacion\/\" target=\"_blank\">Orientaci\u00f3n<\/a> te ayudar\u00e1 a resolver muchas dudas sobre tu futuro<\/li><li>En el <a rel=\"noreferrer noopener\" href=\"https:\/\/site.educa.madrid.org\/ies.joaquinturina.madrid\/index.php\/proyecto-educativo\/\" target=\"_blank\">Proyecto Educativo<\/a> encontrar\u00e1s diversos documentos institucionales de inter\u00e9s<\/li><li>&#8230;<\/li><\/ul>\n","protected":false},"excerpt":{"rendered":"<p>En esta secci\u00f3n podr\u00e1s aprender m\u00e1s sobre los siguientes contenidos: En el Espacio TIC encontrar\u00e1s manuales para profes, alumnado y familias La secci\u00f3n Erasmus+ te da m\u00e1s informaci\u00f3n sobre este proyecto de internacionalizaci\u00f3n en el que estamos inmersos en el Turina La secci\u00f3n Orientaci\u00f3n te ayudar\u00e1 a resolver muchas dudas sobre tu futuro En el &hellip; <\/p>\n<p class=\"link-more\"><a href=\"https:\/\/site.educa.madrid.org\/ies.joaquinturina.madrid\/index.php\/planes-y-proyectos\/\" class=\"more-link\">Continuar leyendo<span class=\"screen-reader-text\"> \u00abProyectos\u00bb<\/span><\/a><\/p>\n","protected":false},"author":4,"featured_media":0,"parent":0,"menu_order":0,"comment_status":"closed","ping_status":"closed","template":"","meta":{"footnotes":""},"folder":[20],"class_list":["post-448","page","type-page","status-publish","hentry"],"rttpg_featured_image_url":null,"rttpg_author":{"display_name":"#CompDigEdu Turina","author_link":"https:\/\/site.educa.madrid.org\/ies.joaquinturina.madrid\/index.php\/author\/cuenta_compdigedu-ies-joaquinturina-madrid\/"},"rttpg_comment":0,"rttpg_category":" <a href=\"https:\/\/site.educa.madrid.org\/ies.joaquinturina.madrid\/?taxonomy=folder&#038;term=planes-y-proyectos-1672496106\" rel=\"tag\">Proyectos<\/a>","rttpg_excerpt":"En esta secci\u00f3n podr\u00e1s aprender m\u00e1s sobre los siguientes contenidos: En el Espacio TIC encontrar\u00e1s manuales para profes, alumnado y familias La secci\u00f3n Erasmus+ te da m\u00e1s informaci\u00f3n sobre este proyecto de internacionalizaci\u00f3n en el que estamos inmersos en el Turina La secci\u00f3n Orientaci\u00f3n te ayudar\u00e1 a resolver muchas dudas sobre tu futuro En el&hellip;","post_mailing_queue_ids":[],"_links":{"self":[{"href":"https:\/\/site.educa.madrid.org\/ies.joaquinturina.madrid\/index.php\/wp-json\/wp\/v2\/pages\/448","targetHints":{"allow":["GET"]}}],"collection":[{"href":"https:\/\/site.educa.madrid.org\/ies.joaquinturina.madrid\/index.php\/wp-json\/wp\/v2\/pages"}],"about":[{"href":"https:\/\/site.educa.madrid.org\/ies.joaquinturina.madrid\/index.php\/wp-json\/wp\/v2\/types\/page"}],"author":[{"embeddable":true,"href":"https:\/\/site.educa.madrid.org\/ies.joaquinturina.madrid\/index.php\/wp-json\/wp\/v2\/users\/4"}],"replies":[{"embeddable":true,"href":"https:\/\/site.educa.madrid.org\/ies.joaquinturina.madrid\/index.php\/wp-json\/wp\/v2\/comments?post=448"}],"version-history":[{"count":5,"href":"https:\/\/site.educa.madrid.org\/ies.joaquinturina.madrid\/index.php\/wp-json\/wp\/v2\/pages\/448\/revisions"}],"predecessor-version":[{"id":866,"href":"https:\/\/site.educa.madrid.org\/ies.joaquinturina.madrid\/index.php\/wp-json\/wp\/v2\/pages\/448\/revisions\/866"}],"wp:attachment":[{"href":"https:\/\/site.educa.madrid.org\/ies.joaquinturina.madrid\/index.php\/wp-json\/wp\/v2\/media?parent=448"}],"wp:term":[{"taxonomy":"folder","embeddable":true,"href":"https:\/\/site.educa.madrid.org\/ies.joaquinturina.madrid\/index.php\/wp-json\/wp\/v2\/folder?post=448"}],"curies":[{"name":"wp","href":"https:\/\/api.w.org\/{rel}","templated":true}]}}