{"id":465,"date":"2022-12-31T15:36:25","date_gmt":"2022-12-31T14:36:25","guid":{"rendered":"https:\/\/site.educa.madrid.org\/ies.joaquinturina.madrid\/?page_id=465"},"modified":"2025-09-07T20:00:00","modified_gmt":"2025-09-07T18:00:00","slug":"orientacion","status":"publish","type":"page","link":"https:\/\/site.educa.madrid.org\/ies.joaquinturina.madrid\/index.php\/planes-y-proyectos\/orientacion\/","title":{"rendered":"Orientaci\u00f3n"},"content":{"rendered":"\n<h2 class=\"wp-block-heading has-vivid-red-color has-text-color has-link-color wp-elements-f1e19a123c4ffe00dd792873e2165720\"><strong>Componentes<\/strong><\/h2>\n\n\n\n<p>El departamento de Orientaci\u00f3n est\u00e1 formado por los siguientes miembros:<\/p>\n\n\n\n<ul class=\"wp-block-list\">\n<li>Jos\u00e9 Luis Rodr\u00edguez Burgoa (jefe de departamento)<\/li>\n\n\n\n<li>Virginia Camacho L\u00f3pez (pedagog\u00eda terap\u00e9utica)<\/li>\n\n\n\n<li>Marcelo Poll\u00e1n P\u00e9rez (PSC)<\/li>\n<\/ul>\n\n\n\n<h2 class=\"wp-block-heading has-vivid-red-color has-text-color\" id=\"plan-drogas\"><strong>Plan Regional sobre Drogas<\/strong><\/h2>\n\n\n\n<hr class=\"wp-block-separator has-text-color has-vivid-cyan-blue-color has-css-opacity has-vivid-cyan-blue-background-color has-background is-style-wide\"\/>\n\n\n\n<p><strong>Protocolo <\/strong>de actuaci\u00f3n ante una situaci\u00f3n de posible riesgo, sospecha, o evidencia de consumo de drogas.&nbsp;<\/p>\n\n\n\n<p><strong>NUEVO BUZ\u00d3N DENUNCIAS&nbsp;<\/strong><\/p>\n\n\n\n<ul class=\"wp-block-list\">\n<li><strong>Buz\u00f3n de denuncias por correo electr\u00f3nico: <\/strong>Se puede enviar una denuncia al correo electr\u00f3nico <a href=\"mailto:buzonfueradrogas@educa.madrid.org\">buzonfueradrogas@educa.madrid.org<\/a> . El responsable de este buz\u00f3n de denuncias es la Unidad de Convivencia y contra el acoso escolar. <\/li>\n\n\n\n<li><strong>Buz\u00f3n de denuncias a trav\u00e9s de c\u00f3digo QR: <\/strong>&nbsp;<\/li>\n<\/ul>\n\n\n\n<div class=\"wp-block-media-text is-stacked-on-mobile\" style=\"grid-template-columns:40% auto\"><figure class=\"wp-block-media-text__media\"><a href=\"https:\/\/buzonanonimo.educa.madrid.org\/\"><img loading=\"lazy\" decoding=\"async\" width=\"810\" height=\"1024\" src=\"https:\/\/site.educa.madrid.org\/ies.joaquinturina.madrid\/\/wp-content\/uploads\/ies.joaquinturina.madrid\/2025\/02\/QR-Drogas-810x1024.png\" alt=\"\" class=\"wp-image-2371 size-full\" srcset=\"https:\/\/site.educa.madrid.org\/ies.joaquinturina.madrid\/\/wp-content\/uploads\/ies.joaquinturina.madrid\/2025\/02\/QR-Drogas-810x1024.png 810w, https:\/\/site.educa.madrid.org\/ies.joaquinturina.madrid\/\/wp-content\/uploads\/ies.joaquinturina.madrid\/2025\/02\/QR-Drogas-237x300.png 237w, https:\/\/site.educa.madrid.org\/ies.joaquinturina.madrid\/\/wp-content\/uploads\/ies.joaquinturina.madrid\/2025\/02\/QR-Drogas-768x970.png 768w, https:\/\/site.educa.madrid.org\/ies.joaquinturina.madrid\/\/wp-content\/uploads\/ies.joaquinturina.madrid\/2025\/02\/QR-Drogas.png 1002w\" sizes=\"auto, (max-width: 706px) 89vw, (max-width: 767px) 82vw, 740px\" \/><\/a><\/figure><div class=\"wp-block-media-text__content\">\n<ul class=\"wp-block-list\">\n<li>Es un buz\u00f3n an\u00f3nimo<\/li>\n\n\n\n<li>El QR llevar\u00e1 a un formulario WEB<\/li>\n\n\n\n<li>Se confirma el <em>captcha<\/em>, se rellena y se da a <em>\u00abEnviar\u00bb<\/em><\/li>\n<\/ul>\n<\/div><\/div>\n\n\n\n<h2 class=\"wp-block-heading has-vivid-red-color has-text-color\"><strong>Noticias<\/strong><\/h2>\n\n\n\n<hr class=\"wp-block-separator has-text-color has-vivid-cyan-blue-color has-css-opacity has-vivid-cyan-blue-background-color has-background is-style-wide\"\/>\n\n\n\n<ul id=\"block-f9ee0b61-2239-4199-a771-e97f00112562\" class=\"wp-block-list\">\n<li><a href=\"https:\/\/www.uam.es\/uam\/estudios\/jornadas-puertas-abiertas\">D\u00eda de Puertas Abiertas UAM 2023<\/a><\/li>\n\n\n\n<li><a href=\"https:\/\/site.educa.madrid.org\/ies.joaquinturina.madrid\/\/wp-content\/uploads\/ies.joaquinturina.madrid\/2023\/03\/JPA-2023-UCM.pdf\">Jornadas de Puertas Abiertas UCM<\/a><\/li>\n\n\n\n<li><a href=\"https:\/\/site.educa.madrid.org\/ies.joaquinturina.madrid\/index.php\/2023\/04\/25\/encuentro-familia-y-escuela-2023\/\">Encuentro Familia y Escuela 2023<\/a><\/li>\n\n\n\n<li><a href=\"https:\/\/site.educa.madrid.org\/ies.joaquinturina.madrid\/\/wp-content\/uploads\/ies.joaquinturina.madrid\/2023\/05\/JORNADAS-PUERTAS-ABIERTAS-URJC-2023.pdf\">Jornada de Puertas Abiertas URJC<\/a><\/li>\n<\/ul>\n\n\n\n<h2 class=\"wp-block-heading has-vivid-red-color has-text-color\"><strong>Programa de Alumnado Ayudante Mediador<\/strong><\/h2>\n\n\n\n<hr class=\"wp-block-separator has-text-color has-vivid-cyan-blue-color has-css-opacity has-vivid-cyan-blue-background-color has-background is-style-wide\"\/>\n\n\n\n<div class=\"container-wrapper-genially\" style=\"position: relative; min-height: 400px; max-width: 100%;\"><video class=\"loader-genially\" autoplay=\"autoplay\" loop=\"loop\" playsinline=\"playsInline\" muted=\"muted\" style=\"position: absolute;top: 45%;left: 50%;transform: translate(-50%, -50%);width: 80px;height: 80px;margin-bottom: 10%\"><source src=\"https:\/\/static.genial.ly\/resources\/loader-default.mp4\" type=\"video\/mp4\">Your browser does not support the video tag.<\/video><div id=\"6447a8e9d35d6e0012dd9a2e\" class=\"genially-embed\" style=\"margin: 0px auto; position: relative; height: auto; width: 100%;\"><\/div><\/div><script>(function (d) { var js, id = \"genially-embed-js\", ref = d.getElementsByTagName(\"script\")[0]; if (d.getElementById(id)) { return; } js = d.createElement(\"script\"); js.id = id; js.async = true; js.src = \"https:\/\/view.genial.ly\/static\/embed\/embed.js\"; ref.parentNode.insertBefore(js, ref); }(document));<\/script>\n\n\n\n<h2 class=\"wp-block-heading has-vivid-red-color has-text-color\"><strong>Formaci\u00f3n Profesional<\/strong><\/h2>\n\n\n\n<hr class=\"wp-block-separator has-text-color has-vivid-cyan-blue-color has-css-opacity has-vivid-cyan-blue-background-color has-background is-style-wide\"\/>\n\n\n\n<div class=\"wp-block-media-text alignwide\" style=\"grid-template-columns:15% auto\"><figure class=\"wp-block-media-text__media\"><img loading=\"lazy\" decoding=\"async\" width=\"640\" height=\"426\" src=\"https:\/\/site.educa.madrid.org\/ies.joaquinturina.madrid\/\/wp-content\/uploads\/ies.joaquinturina.madrid\/2023\/04\/mechanics-g46a3c325d_640.png\" alt=\"\" class=\"wp-image-1151 size-full\" srcset=\"https:\/\/site.educa.madrid.org\/ies.joaquinturina.madrid\/\/wp-content\/uploads\/ies.joaquinturina.madrid\/2023\/04\/mechanics-g46a3c325d_640.png 640w, https:\/\/site.educa.madrid.org\/ies.joaquinturina.madrid\/\/wp-content\/uploads\/ies.joaquinturina.madrid\/2023\/04\/mechanics-g46a3c325d_640-300x200.png 300w, https:\/\/site.educa.madrid.org\/ies.joaquinturina.madrid\/\/wp-content\/uploads\/ies.joaquinturina.madrid\/2023\/04\/mechanics-g46a3c325d_640-391x260.png 391w, https:\/\/site.educa.madrid.org\/ies.joaquinturina.madrid\/\/wp-content\/uploads\/ies.joaquinturina.madrid\/2023\/04\/mechanics-g46a3c325d_640-272x182.png 272w\" sizes=\"auto, (max-width: 640px) 100vw, 640px\" \/><\/figure><div class=\"wp-block-media-text__content\">\n<ul class=\"wp-block-list\">\n<li><a href=\"https:\/\/site.educa.madrid.org\/ies.joaquinturina.madrid\/\/wp-content\/uploads\/ies.joaquinturina.madrid\/2023\/04\/apps-form-prof.pdf\">Aplicaciones iOS y Android<\/a><\/li>\n\n\n\n<li><a href=\"https:\/\/site.educa.madrid.org\/ies.joaquinturina.madrid\/\/wp-content\/uploads\/ies.joaquinturina.madrid\/2023\/04\/preguntas-frecuentes-cf.pdf\">Preguntas frecuentes Ciclos Formativos<\/a><\/li>\n\n\n\n<li><a href=\"http:\/\/sauce.pntic.mec.es\/mbenit4\/fprofesional.htm\" target=\"_blank\" rel=\"noreferrer noopener\">Modelos de pruebas de acceso a ciclos formativos<\/a><\/li>\n\n\n\n<li><a href=\"https:\/\/www.todofp.es\/inicio.html\" target=\"_blank\" rel=\"noreferrer noopener\">Informaci\u00f3n estatal<\/a><\/li>\n\n\n\n<li><a href=\"https:\/\/www.comunidad.madrid\/servicios\/educacion\/formacion-profesional\" target=\"_blank\" rel=\"noreferrer noopener\">Informaci\u00f3n Comunidad de Madrid<\/a><\/li>\n<\/ul>\n<\/div><\/div>\n\n\n\n<p><strong>Admisi\u00f3n<\/strong><\/p>\n\n\n\n<p>Consulta la documentaci\u00f3n relativa a admisi\u00f3n en ciclos formativos en esta <a href=\"https:\/\/www.comunidad.madrid\/servicios\/educacion\/admision-formacion-profesional\">p\u00e1gina<\/a>. Se incluye enlace a las instrucciones as\u00ed como el plazo de entrega de solicitudes:<\/p>\n\n\n\n<div class=\"wp-block-columns is-layout-flex wp-container-core-columns-is-layout-9d6595d7 wp-block-columns-is-layout-flex\">\n<div class=\"wp-block-column is-layout-flow wp-block-column-is-layout-flow\">\n<h4 class=\"wp-block-heading has-text-align-center has-pale-cyan-blue-background-color has-background\">Grado Superior<\/h4>\n\n\n\n<ul class=\"wp-block-list\">\n<li><a href=\"https:\/\/www.comunidad.madrid\/sites\/default\/files\/doc\/educacion\/fp\/2023-02-14_instrucciones_vpe_admision_cfgs_2023-2024_0.pdf\">Instrucciones de admisi\u00f3n<\/a><\/li>\n\n\n\n<li>26 de junio a 3 de julio<\/li>\n\n\n\n<li><a href=\"https:\/\/www.comunidad.madrid\/sites\/default\/files\/oferta_fp_2023-2024_cfgs.pdf\">Oferta 23-24<\/a><\/li>\n<\/ul>\n<\/div>\n\n\n\n<div class=\"wp-block-column is-layout-flow wp-block-column-is-layout-flow\">\n<h4 class=\"wp-block-heading has-text-align-center has-pale-pink-background-color has-background\">Grado Medio<\/h4>\n\n\n\n<ul class=\"wp-block-list\">\n<li><a href=\"https:\/\/www.comunidad.madrid\/sites\/default\/files\/doc\/educacion\/fp\/2023-02-14_instrucciones_vpe_admision_cfgm_2023-2024_0.pdf\">Instrucciones de admisi\u00f3n<\/a><\/li>\n\n\n\n<li>22 a 29 de junio<\/li>\n\n\n\n<li><a href=\"https:\/\/www.comunidad.madrid\/sites\/default\/files\/oferta_fp_2023-2024_cfgm.pdf\">Oferta 23-24<\/a><\/li>\n<\/ul>\n<\/div>\n\n\n\n<div class=\"wp-block-column is-layout-flow wp-block-column-is-layout-flow\">\n<h4 class=\"wp-block-heading has-text-align-center has-light-green-cyan-background-color has-background\">Grado b\u00e1sico<\/h4>\n\n\n\n<ul class=\"wp-block-list\">\n<li><a href=\"https:\/\/www.comunidad.madrid\/sites\/default\/files\/instruccciones_vpe_admision_cgb_2023_2024.pdf\">Instrucciones de admisi\u00f3n<\/a><\/li>\n\n\n\n<li>20 a 27 de junio<\/li>\n\n\n\n<li><a href=\"https:\/\/www.comunidad.madrid\/sites\/default\/files\/oferta_fp_2023-2024_cfgb.pdf\">Oferta 23-24<\/a><\/li>\n<\/ul>\n<\/div>\n<\/div>\n\n\n\n<h2 class=\"wp-block-heading has-vivid-red-color has-text-color\"><strong>Orientaci\u00f3n Acad\u00e9mica y Profesional <\/strong><\/h2>\n\n\n\n<hr class=\"wp-block-separator has-text-color has-vivid-cyan-blue-color has-css-opacity has-vivid-cyan-blue-background-color has-background is-style-wide\"\/>\n\n\n\n<div class=\"wp-block-media-text alignwide\" style=\"grid-template-columns:15% auto\"><figure class=\"wp-block-media-text__media\"><a href=\"https:\/\/urldefense.com\/v3\/__https:\/\/www.orientaline.es\/?yafxb=18378__;!!D9dNQwwGXtA!RuR0Zjrl0p876IXJ4wT4F6BGwC9Qa9_nvhZqNnShKaJds1f0o7tTPtzSwdONcGX4cPXazdWrNo_Waaf4qkurwEgtwqf892pcbw$\"><img loading=\"lazy\" decoding=\"async\" width=\"591\" height=\"640\" src=\"https:\/\/site.educa.madrid.org\/ies.joaquinturina.madrid\/\/wp-content\/uploads\/ies.joaquinturina.madrid\/2023\/03\/compass-gcff70dfd1_640.png\" alt=\"\" class=\"wp-image-1077 size-full\" srcset=\"https:\/\/site.educa.madrid.org\/ies.joaquinturina.madrid\/\/wp-content\/uploads\/ies.joaquinturina.madrid\/2023\/03\/compass-gcff70dfd1_640.png 591w, https:\/\/site.educa.madrid.org\/ies.joaquinturina.madrid\/\/wp-content\/uploads\/ies.joaquinturina.madrid\/2023\/03\/compass-gcff70dfd1_640-277x300.png 277w\" sizes=\"auto, (max-width: 591px) 100vw, 591px\" \/><\/a><\/figure><div class=\"wp-block-media-text__content\">\n<ul class=\"wp-block-list has-black-color has-text-color\">\n<li><a href=\"https:\/\/www.comunidad.madrid\/servicios\/educacion\/ciauorienta-orientacion-academico-profesional\">#CIAU Orienta: Orientaci\u00f3n acad\u00e9mico-profesional<\/a><\/li>\n\n\n\n<li><a href=\"https:\/\/urldefense.com\/v3\/__https:\/\/www.orientaline.es\/?yafxb=18378__;!!D9dNQwwGXtA!RuR0Zjrl0p876IXJ4wT4F6BGwC9Qa9_nvhZqNnShKaJds1f0o7tTPtzSwdONcGX4cPXazdWrNo_Waaf4qkurwEgtwqf892pcbw$\">Orientaline 22-23<\/a>. Accede y busca ideas<\/li>\n\n\n\n<li><a href=\"https:\/\/dgbilinguismoycalidad.educa.madrid.org\/cuadernodeorientacion\/\" target=\"_blank\" rel=\"noreferrer noopener\">Orientaci\u00f3n Acad\u00e9mica y Profesional de la Comunidad de Madrid 2022<\/a><\/li>\n\n\n\n<li><a href=\"https:\/\/testinteressos.barcelonactiva.cat\/?gInterfaceLanguage=es\">Test de intereses profesionales<\/a><\/li>\n<\/ul>\n<\/div><\/div>\n\n\n\n<h2 class=\"wp-block-heading has-vivid-red-color has-text-color\"><strong>Orientaci\u00f3n a las familias<\/strong><\/h2>\n\n\n\n<hr class=\"wp-block-separator has-text-color has-vivid-cyan-blue-color has-css-opacity has-vivid-cyan-blue-background-color has-background is-style-wide\"\/>\n\n\n\n<ul class=\"wp-block-list\">\n<li><a href=\"https:\/\/dgbilinguismoycalidad.educa.madrid.org\/guiaparafamilias\/oferta-educativa-cam.php\">Gu\u00eda para familias<\/a><\/li>\n\n\n\n<li><a href=\"https:\/\/dgbilinguismoycalidad.educa.madrid.org\/cuadernodeorientacion\/oferta-educativa-cam.php\">Cuaderno de orientaci\u00f3n<\/a><\/li>\n<\/ul>\n\n\n\n<p>El <strong>Centro de Apoyo a las Familias (CAF)<\/strong> ofrece los siguientes servicios:<\/p>\n\n\n\n<ul class=\"wp-block-list\">\n<li>Informaci\u00f3n, Orientaci\u00f3n y Atenci\u00f3n familiar&nbsp;(jur\u00eddica, social y psicol\u00f3gica),<\/li>\n\n\n\n<li>Mediaci\u00f3n&nbsp;familiar<\/li>\n\n\n\n<li>Programa de&nbsp;atenci\u00f3n especializada a la violencia&nbsp;en el \u00e1mbito familiar<\/li>\n\n\n\n<li>El programa de&nbsp;encuentro para padres\/madres y sus hijos&nbsp;entre 0 y 3 a\u00f1os,<\/li>\n\n\n\n<li>&nbsp;Formaci\u00f3n<\/li>\n\n\n\n<li>\u00a1Nuevo! <a href=\"https:\/\/site.educa.madrid.org\/ies.joaquinturina.madrid\/\/wp-content\/uploads\/ies.joaquinturina.madrid\/2023\/04\/22-23-CAF-1-Calendario-Mayo.pdf\">Calendario de actividades mayo 2023<\/a><\/li>\n<\/ul>\n\n\n\n<h2 class=\"wp-block-heading has-vivid-red-color has-text-color\"><strong>Evaluaci\u00f3n de Acceso a la Universidad  (EvAU)<\/strong><\/h2>\n\n\n\n<hr class=\"wp-block-separator has-text-color has-vivid-cyan-blue-color has-css-opacity has-vivid-cyan-blue-background-color has-background is-style-wide\"\/>\n\n\n\n<ul class=\"wp-block-list\">\n<li><a style=\"font-size: 1rem;\" href=\"https:\/\/view.genial.ly\/5cc6f332decf900f57f12a69\">Plan para superar la EvAU<\/a><\/li>\n\n\n\n<li><a href=\"https:\/\/www.comunidad.madrid\/servicios\/educacion\/acceso-universidad-bachillerato\" target=\"_blank\" rel=\"noreferrer noopener\">Informaci\u00f3n de la Comunidad de Madrid<\/a><\/li>\n\n\n\n<li><a href=\"https:\/\/www.ucm.es\/pruebas-de-acceso\" target=\"_blank\" rel=\"noreferrer noopener\">Informaci\u00f3n de la Universidad Complutense<\/a><\/li>\n\n\n\n<li><a href=\"https:\/\/www.comunidad.madrid\/servicios\/educacion\/oferta-grados-oficiales-universidades\">Buscador de grados universitarios<\/a><\/li>\n\n\n\n<li><a href=\"https:\/\/www.comunidad.madrid\/sites\/default\/files\/doc\/educacion\/univ\/ponderaciones_23-24_para_web_nov.pdf\">Par\u00e1metros de ponderaci\u00f3n curso 23-24<\/a><\/li>\n\n\n\n<li><a href=\"http:\/\/www.emes.es\/emes\/tabid\/195\/ctl\/Privacy\/Default.aspx\">Espacio Madrile\u00f1o de Educaci\u00f3n Superior, EMES<\/a><\/li>\n\n\n\n<li><a href=\"https:\/\/site.educa.madrid.org\/ies.joaquinturina.madrid\/\/wp-content\/uploads\/ies.joaquinturina.madrid\/2023\/04\/22-23-Notas-corte-UCM.pdf\">Notas de corte UCM<\/a><\/li>\n\n\n\n<li><a href=\"https:\/\/site.educa.madrid.org\/ies.joaquinturina.madrid\/\/wp-content\/uploads\/ies.joaquinturina.madrid\/2023\/04\/22-23-Explicacion-notas-corte.pdf\">\u00bfQu\u00e9 son las notas de corte?<\/a><\/li>\n<\/ul>\n\n\n\n<h2 class=\"wp-block-heading has-vivid-red-color has-text-color\"><strong>Servicio de asistencia psicol\u00f3gica para j\u00f3venes<\/strong><\/h2>\n\n\n\n<hr class=\"wp-block-separator has-text-color has-pale-cyan-blue-color has-css-opacity has-pale-cyan-blue-background-color has-background is-style-wide\"\/>\n\n\n\n<p>Este servicio ofrece ayuda y orientaci\u00f3n para gestionar tus emociones, resolver tus conflictos, dudas o crisis psicol\u00f3gicas, y desarrollar habilidades que mejoren tu bienestar. Te atender\u00e1n&nbsp;profesionales especializados, de forma&nbsp;individualizada,&nbsp;an\u00f3nima&nbsp;y confidencial. \u00a1Inf\u00f3rmate <a href=\"https:\/\/www.comunidad.madrid\/servicios\/juventud\/cuidate-eres-unic#necesitas-ayuda\">aqu\u00ed<\/a>! <\/p>\n\n\n\n<h2 class=\"wp-block-heading has-vivid-red-color has-text-color\"><strong>Ense\u00f1anzas art\u00edsticas<\/strong><\/h2>\n\n\n\n<hr class=\"wp-block-separator has-text-color has-vivid-cyan-blue-color has-css-opacity has-vivid-cyan-blue-background-color has-background is-style-wide\"\/>\n\n\n\n<ul class=\"wp-block-list\">\n<li><a href=\"https:\/\/view.genial.ly\/5ea29701d407580db9f241b2\">Centro de Informaci\u00f3n y Orientaci\u00f3n Universitario<\/a><\/li>\n<\/ul>\n\n\n\n<h2 class=\"wp-block-heading has-vivid-red-color has-text-color\"><strong>Ense\u00f1anzas de idiomas<\/strong><\/h2>\n\n\n\n<hr class=\"wp-block-separator has-text-color has-vivid-cyan-blue-color has-css-opacity has-vivid-cyan-blue-background-color has-background is-style-wide\"\/>\n\n\n\n<ul class=\"wp-block-list\">\n<li><a href=\"https:\/\/www.comunidad.madrid\/servicios\/educacion\/ensenanzas-idiomas\">Informaci\u00f3n ense\u00f1anzas de idiomas<\/a><\/li>\n<\/ul>\n\n\n\n<h2 class=\"wp-block-heading has-vivid-red-color has-text-color\"><strong>Ense\u00f1anzas deportivas<\/strong><\/h2>\n\n\n\n<hr class=\"wp-block-separator has-text-color has-vivid-cyan-blue-color has-css-opacity has-vivid-cyan-blue-background-color has-background is-style-wide\"\/>\n\n\n\n<ul class=\"wp-block-list\">\n<li><a href=\"https:\/\/www.comunidad.madrid\/servicios\/educacion\/ensenanzas-deportivas\">Informaci\u00f3n ense\u00f1anzas deportivas<\/a><\/li>\n<\/ul>\n","protected":false},"excerpt":{"rendered":"<p>Componentes El departamento de Orientaci\u00f3n est\u00e1 formado por los siguientes miembros: Plan Regional sobre Drogas Protocolo de actuaci\u00f3n ante una situaci\u00f3n de posible riesgo, sospecha, o evidencia de consumo de drogas.&nbsp; NUEVO BUZ\u00d3N DENUNCIAS&nbsp; Noticias Programa de Alumnado Ayudante Mediador Your browser does not support the video tag. Formaci\u00f3n Profesional Admisi\u00f3n Consulta la documentaci\u00f3n relativa &hellip; <\/p>\n<p class=\"link-more\"><a href=\"https:\/\/site.educa.madrid.org\/ies.joaquinturina.madrid\/index.php\/planes-y-proyectos\/orientacion\/\" class=\"more-link\">Continuar leyendo<span class=\"screen-reader-text\"> \u00abOrientaci\u00f3n\u00bb<\/span><\/a><\/p>\n","protected":false},"author":4,"featured_media":0,"parent":448,"menu_order":0,"comment_status":"closed","ping_status":"closed","template":"","meta":{"footnotes":""},"folder":[20],"class_list":["post-465","page","type-page","status-publish","hentry"],"rttpg_featured_image_url":null,"rttpg_author":{"display_name":"#CompDigEdu Turina","author_link":"https:\/\/site.educa.madrid.org\/ies.joaquinturina.madrid\/index.php\/author\/cuenta_compdigedu-ies-joaquinturina-madrid\/"},"rttpg_comment":0,"rttpg_category":" <a href=\"https:\/\/site.educa.madrid.org\/ies.joaquinturina.madrid\/?taxonomy=folder&#038;term=planes-y-proyectos-1672496106\" rel=\"tag\">Proyectos<\/a>","rttpg_excerpt":"Componentes El departamento de Orientaci\u00f3n est\u00e1 formado por los siguientes miembros: Plan Regional sobre Drogas Protocolo de actuaci\u00f3n ante una situaci\u00f3n de posible riesgo, sospecha, o evidencia de consumo de drogas.&nbsp; NUEVO BUZ\u00d3N DENUNCIAS&nbsp; Noticias Programa de Alumnado Ayudante Mediador Your browser does not support the video tag. Formaci\u00f3n Profesional Admisi\u00f3n Consulta la documentaci\u00f3n relativa&hellip;","post_mailing_queue_ids":[],"_links":{"self":[{"href":"https:\/\/site.educa.madrid.org\/ies.joaquinturina.madrid\/index.php\/wp-json\/wp\/v2\/pages\/465","targetHints":{"allow":["GET"]}}],"collection":[{"href":"https:\/\/site.educa.madrid.org\/ies.joaquinturina.madrid\/index.php\/wp-json\/wp\/v2\/pages"}],"about":[{"href":"https:\/\/site.educa.madrid.org\/ies.joaquinturina.madrid\/index.php\/wp-json\/wp\/v2\/types\/page"}],"author":[{"embeddable":true,"href":"https:\/\/site.educa.madrid.org\/ies.joaquinturina.madrid\/index.php\/wp-json\/wp\/v2\/users\/4"}],"replies":[{"embeddable":true,"href":"https:\/\/site.educa.madrid.org\/ies.joaquinturina.madrid\/index.php\/wp-json\/wp\/v2\/comments?post=465"}],"version-history":[{"count":50,"href":"https:\/\/site.educa.madrid.org\/ies.joaquinturina.madrid\/index.php\/wp-json\/wp\/v2\/pages\/465\/revisions"}],"predecessor-version":[{"id":2620,"href":"https:\/\/site.educa.madrid.org\/ies.joaquinturina.madrid\/index.php\/wp-json\/wp\/v2\/pages\/465\/revisions\/2620"}],"up":[{"embeddable":true,"href":"https:\/\/site.educa.madrid.org\/ies.joaquinturina.madrid\/index.php\/wp-json\/wp\/v2\/pages\/448"}],"wp:attachment":[{"href":"https:\/\/site.educa.madrid.org\/ies.joaquinturina.madrid\/index.php\/wp-json\/wp\/v2\/media?parent=465"}],"wp:term":[{"taxonomy":"folder","embeddable":true,"href":"https:\/\/site.educa.madrid.org\/ies.joaquinturina.madrid\/index.php\/wp-json\/wp\/v2\/folder?post=465"}],"curies":[{"name":"wp","href":"https:\/\/api.w.org\/{rel}","templated":true}]}}