{"id":570,"date":"2023-01-03T09:16:03","date_gmt":"2023-01-03T08:16:03","guid":{"rendered":"https:\/\/site.educa.madrid.org\/ies.joaquinturina.madrid\/?page_id=570"},"modified":"2026-01-08T23:26:28","modified_gmt":"2026-01-08T22:26:28","slug":"jefatura","status":"publish","type":"page","link":"https:\/\/site.educa.madrid.org\/ies.joaquinturina.madrid\/index.php\/quienes-somos\/jefatura\/","title":{"rendered":"Jefatura"},"content":{"rendered":"\n<h2 class=\"wp-block-heading has-vivid-red-color has-text-color\"><strong>Materias pendientes curso 25-26<\/strong><\/h2>\n\n\n\n<p>El procedimiento de recuperaci\u00f3n de materias pendientes debe consultarse en la programaci\u00f3n did\u00e1ctica de la materia que se puede encontrar en la secci\u00f3n del <a href=\"https:\/\/site.educa.madrid.org\/ies.joaquinturina.madrid\/index.php\/quienes-somos\/departamentos-2\/\">departamento<\/a> correspondiente.<\/p>\n\n\n\n<ul class=\"wp-block-list\">\n<li><a href=\"https:\/\/site.educa.madrid.org\/ies.joaquinturina.madrid\/\/wp-content\/uploads\/ies.joaquinturina.madrid\/2026\/01\/2025-2026-PENDIENTES-ESO-1.pdf\">Calendario de ex\u00e1menes de materias pendientes ESO<\/a><\/li>\n\n\n\n<li><a href=\"https:\/\/site.educa.madrid.org\/ies.joaquinturina.madrid\/\/wp-content\/uploads\/ies.joaquinturina.madrid\/2026\/01\/2025-2026-PENDIENTES-BACHILLERATO-1.pdf\">Calendario de ex\u00e1menes de materias pendientes Bachillerato<\/a><\/li>\n<\/ul>\n\n\n\n<h2 class=\"wp-block-heading has-vivid-red-color has-text-color\"><strong>Proceso de reclamaci\u00f3n notas finales ordinarias o extraordinarias<\/strong><\/h2>\n\n\n\n<p>Los impresos de reclamaci\u00f3n deber\u00e1n presentarse<strong> presencialmente<\/strong> en Jefatura de Estudios o bien enviarlos <strong>por correo electr\u00f3nico<\/strong> a la direcci\u00f3n<\/p>\n\n\n\n<p class=\"has-text-align-center\">&nbsp;<a rel=\"noreferrer noopener\" href=\"mailto:jestudios.ies.joaquinturina.madrid@educa.madrid.org\" target=\"_blank\">jestudios.ies.joaquinturina.madrid@educa.madrid.org<\/a> <\/p>\n\n\n\n<p>Por ambas v\u00edas se dar\u00e1 confirmaci\u00f3n de la recepci\u00f3n de la documentaci\u00f3n y se enviar\u00e1 la decisi\u00f3n del Departamento correspondiente dentro de los plazos establecidos<\/p>\n\n\n\n<p class=\"has-text-align-center has-pale-cyan-blue-background-color has-background\"><a href=\"https:\/\/site.educa.madrid.org\/ies.joaquinturina.madrid\/\/wp-content\/uploads\/ies.joaquinturina.madrid\/2023\/05\/Reclamacion-calificaciones-ESO-y-BACHILLERATO-1.pdf\">Resumen del procedimiento ESO y Bachillerato<\/a><\/p>\n\n\n\n<p>Para reclamar una nota, hay que seguir el siguiente proceso en el que primero se solicita al reclamaci\u00f3n al jefe o jefa del departamento correspondiente, rellenando una de estas dos solicitudes:<\/p>\n\n\n\n<ul class=\"wp-block-list\">\n<li><a href=\"https:\/\/site.educa.madrid.org\/ies.joaquinturina.madrid\/\/wp-content\/uploads\/ies.joaquinturina.madrid\/2023\/01\/RECLAMACION-NOTAS-FINALES-JEFE-DE-DEPARTAMENTOmenor-de-edad.pdf\" target=\"_blank\" rel=\"noreferrer noopener\">Solicitud reclamaci\u00f3n departamento menores de edad<\/a><\/li>\n\n\n\n<li><a href=\"https:\/\/site.educa.madrid.org\/ies.joaquinturina.madrid\/\/wp-content\/uploads\/ies.joaquinturina.madrid\/2023\/01\/RECLAMACION-NOTAS-FINALES-JEFE-DE-DEPARTAMENTO.pdf\" target=\"_blank\" rel=\"noreferrer noopener\">Solicitud reclamaci\u00f3n departamento mayores de edad<\/a><\/li>\n<\/ul>\n\n\n\n<p>Si una vez obtenida la respuesta del Departamento no se est\u00e1 de acuerdo, entonces hay que solicitar la reclamaci\u00f3n a la Direcci\u00f3n de \u00c1rea Territorial, rellenando una de estas dos solicitudes:<\/p>\n\n\n\n<ul class=\"wp-block-list\">\n<li><a rel=\"noreferrer noopener\" href=\"https:\/\/site.educa.madrid.org\/ies.joaquinturina.madrid\/\/wp-content\/uploads\/ies.joaquinturina.madrid\/2023\/01\/RECLAMACION-DE-NOTAS-FINALES-A-LA-DAT-MADRID-CAPITALMenores.pdf\" target=\"_blank\">Solicitud reclamaci\u00f3n DAT menores de edad<\/a><\/li>\n\n\n\n<li><a rel=\"noreferrer noopener\" href=\"https:\/\/site.educa.madrid.org\/ies.joaquinturina.madrid\/\/wp-content\/uploads\/ies.joaquinturina.madrid\/2023\/01\/RECLAMACION-DE-NOTAS-FINALES-A-LA-DAT-MADRID-CAPITALMayores.pdf\" target=\"_blank\">Solicitud reclamaci\u00f3n DAT mayores de edad<\/a><\/li>\n<\/ul>\n\n\n\n<p>El <strong>plazo para presentar la reclamaci\u00f3n es de 48 horas<\/strong> una vez que se comunican las calificaciones.<\/p>\n\n\n\n<h2 class=\"wp-block-heading has-vivid-red-color has-text-color\"><strong>Normas de conducta<\/strong><\/h2>\n\n\n\n<ul class=\"wp-block-list\">\n<li><a href=\"https:\/\/site.educa.madrid.org\/ies.joaquinturina.madrid\/\/wp-content\/uploads\/ies.joaquinturina.madrid\/2023\/01\/Plan-de-Convivencia-del-IES-Joaquin-Turina-2022-2023.pdf\">Plan de Convivencia<\/a><\/li>\n\n\n\n<li><a href=\"https:\/\/www.educa2.madrid.org\/web\/convivencia\">Informaci\u00f3n oficial sobre convivencia de la Comunidad de Madrid<\/a><\/li>\n<\/ul>\n\n\n\n<h3 class=\"wp-block-heading has-text-align-left has-vivid-red-color has-text-color\"><strong>Extractos de programaciones<\/strong><\/h3>\n\n\n\n<ul class=\"wp-block-list\">\n<li>Consultar la informaci\u00f3n en el <a href=\"https:\/\/site.educa.madrid.org\/ies.joaquinturina.madrid\/index.php\/quienes-somos\/departamentos-2\/\">departamento<\/a> correspondiente<\/li>\n<\/ul>\n","protected":false},"excerpt":{"rendered":"<p>Materias pendientes curso 25-26 El procedimiento de recuperaci\u00f3n de materias pendientes debe consultarse en la programaci\u00f3n did\u00e1ctica de la materia que se puede encontrar en la secci\u00f3n del departamento correspondiente. Proceso de reclamaci\u00f3n notas finales ordinarias o extraordinarias Los impresos de reclamaci\u00f3n deber\u00e1n presentarse presencialmente en Jefatura de Estudios o bien enviarlos por correo electr\u00f3nico &hellip; <\/p>\n<p class=\"link-more\"><a href=\"https:\/\/site.educa.madrid.org\/ies.joaquinturina.madrid\/index.php\/quienes-somos\/jefatura\/\" class=\"more-link\">Continuar leyendo<span class=\"screen-reader-text\"> \u00abJefatura\u00bb<\/span><\/a><\/p>\n","protected":false},"author":4,"featured_media":0,"parent":451,"menu_order":0,"comment_status":"closed","ping_status":"closed","template":"","meta":{"footnotes":""},"folder":[22],"class_list":["post-570","page","type-page","status-publish","hentry"],"rttpg_featured_image_url":null,"rttpg_author":{"display_name":"#CompDigEdu Turina","author_link":"https:\/\/site.educa.madrid.org\/ies.joaquinturina.madrid\/index.php\/author\/cuenta_compdigedu-ies-joaquinturina-madrid\/"},"rttpg_comment":0,"rttpg_category":" <a href=\"https:\/\/site.educa.madrid.org\/ies.joaquinturina.madrid\/?taxonomy=folder&#038;term=quienes-somos-1672496135\" rel=\"tag\">Qui\u00e9nes somos<\/a>","rttpg_excerpt":"Materias pendientes curso 25-26 El procedimiento de recuperaci\u00f3n de materias pendientes debe consultarse en la programaci\u00f3n did\u00e1ctica de la materia que se puede encontrar en la secci\u00f3n del departamento correspondiente. Proceso de reclamaci\u00f3n notas finales ordinarias o extraordinarias Los impresos de reclamaci\u00f3n deber\u00e1n presentarse presencialmente en Jefatura de Estudios o bien enviarlos por correo electr\u00f3nico&hellip;","post_mailing_queue_ids":[],"_links":{"self":[{"href":"https:\/\/site.educa.madrid.org\/ies.joaquinturina.madrid\/index.php\/wp-json\/wp\/v2\/pages\/570","targetHints":{"allow":["GET"]}}],"collection":[{"href":"https:\/\/site.educa.madrid.org\/ies.joaquinturina.madrid\/index.php\/wp-json\/wp\/v2\/pages"}],"about":[{"href":"https:\/\/site.educa.madrid.org\/ies.joaquinturina.madrid\/index.php\/wp-json\/wp\/v2\/types\/page"}],"author":[{"embeddable":true,"href":"https:\/\/site.educa.madrid.org\/ies.joaquinturina.madrid\/index.php\/wp-json\/wp\/v2\/users\/4"}],"replies":[{"embeddable":true,"href":"https:\/\/site.educa.madrid.org\/ies.joaquinturina.madrid\/index.php\/wp-json\/wp\/v2\/comments?post=570"}],"version-history":[{"count":38,"href":"https:\/\/site.educa.madrid.org\/ies.joaquinturina.madrid\/index.php\/wp-json\/wp\/v2\/pages\/570\/revisions"}],"predecessor-version":[{"id":2730,"href":"https:\/\/site.educa.madrid.org\/ies.joaquinturina.madrid\/index.php\/wp-json\/wp\/v2\/pages\/570\/revisions\/2730"}],"up":[{"embeddable":true,"href":"https:\/\/site.educa.madrid.org\/ies.joaquinturina.madrid\/index.php\/wp-json\/wp\/v2\/pages\/451"}],"wp:attachment":[{"href":"https:\/\/site.educa.madrid.org\/ies.joaquinturina.madrid\/index.php\/wp-json\/wp\/v2\/media?parent=570"}],"wp:term":[{"taxonomy":"folder","embeddable":true,"href":"https:\/\/site.educa.madrid.org\/ies.joaquinturina.madrid\/index.php\/wp-json\/wp\/v2\/folder?post=570"}],"curies":[{"name":"wp","href":"https:\/\/api.w.org\/{rel}","templated":true}]}}