{"id":727,"date":"2023-01-10T11:05:46","date_gmt":"2023-01-10T10:05:46","guid":{"rendered":"https:\/\/site.educa.madrid.org\/ies.joaquinturina.madrid\/?page_id=727"},"modified":"2025-10-23T11:45:37","modified_gmt":"2025-10-23T09:45:37","slug":"tutores","status":"publish","type":"page","link":"https:\/\/site.educa.madrid.org\/ies.joaquinturina.madrid\/index.php\/quienes-somos\/tutores\/","title":{"rendered":"Tutores"},"content":{"rendered":"\n<h2 class=\"wp-block-heading has-vivid-red-color has-text-color\"><strong>Tutores curso 25-26<\/strong><\/h2>\n\n\n\n<p>Se indica, para cada grupo, el tutor\/a correspondiente y su correo electr\u00f3nico. (*) Se debe concertar reuni\u00f3n mediante <strong>cita previa<\/strong>.  <\/p>\n\n\n\n<figure class=\"wp-block-table is-style-stripes\"><table><tbody><tr><td class=\"has-text-align-center\" data-align=\"center\"><strong>Grupo<\/strong><\/td><td class=\"has-text-align-left\" data-align=\"left\"><strong>Tutor\/a<\/strong><\/td><td><strong>Correo electr\u00f3nico<\/strong><\/td><td class=\"has-text-align-center\" data-align=\"center\">(*) <strong>Atenci\u00f3n Familias<\/strong><\/td><\/tr><tr><td class=\"has-text-align-center\" data-align=\"center\">E1A<\/td><td class=\"has-text-align-left\" data-align=\"left\">Raquel Garc\u00eda<\/td><td><a href=\"mailto:raquel.garcia4@educa.madrid.org\">raquel.garcia4@educa.madrid.org<\/a><\/td><td class=\"has-text-align-center\" data-align=\"center\">Martes 11:35<\/td><\/tr><tr><td class=\"has-text-align-center\" data-align=\"center\">E1B<\/td><td class=\"has-text-align-left\" data-align=\"left\">Luisa Solaguren<\/td><td><a href=\"mailto:luisa.solaguren@educa.madrid.org\">luisa.solaguren@educa.madrid.org<\/a><\/td><td class=\"has-text-align-center\" data-align=\"center\">Lunes 13:25<\/td><\/tr><tr><td class=\"has-text-align-center\" data-align=\"center\">E1C<\/td><td class=\"has-text-align-left\" data-align=\"left\">Carlos de Esteban<\/td><td><a href=\"andrea.calve@educa.madrid.org\"><\/a><a href=\"mailto:cdedc9@educa.madrid.org\">cdedc9@educa.madrid.org<\/a><\/td><td class=\"has-text-align-center\" data-align=\"center\">Lunes 11:35<\/td><\/tr><tr><td class=\"has-text-align-center\" data-align=\"center\">E2A<\/td><td class=\"has-text-align-left\" data-align=\"left\">Jos\u00e9 Antonio S\u00e1nchez<\/td><td><a href=\"mailto:jose.sc@educa.madrid.org\" data-type=\"mailto\" data-id=\"mailto:jose.sc@educa.madrid.org\">jose.sc@educa.madrid.org<\/a><\/td><td class=\"has-text-align-center\" data-align=\"center\">Martes 10:15<\/td><\/tr><tr><td class=\"has-text-align-center\" data-align=\"center\">E2B<\/td><td class=\"has-text-align-left\" data-align=\"left\">Mart\u00edn Garc\u00eda<\/td><td><a href=\"mailto:mgarciacillanueva@educa.madrid.org\" data-type=\"mailto\" data-id=\"mailto:mgarciacillanueva@educa.madrid.org\">mgarciacillanueva@educa.madrid.org<\/a><\/td><td class=\"has-text-align-center\" data-align=\"center\">Martes 10:15<\/td><\/tr><tr><td class=\"has-text-align-center\" data-align=\"center\">E2C<\/td><td class=\"has-text-align-left\" data-align=\"left\">Paula Garc\u00eda<\/td><td><a href=\"mailto:pgc733@educa.madrid.org\">pgc733@educa.madrid.org<\/a><\/td><td class=\"has-text-align-center\" data-align=\"center\">Lunes 12:30<\/td><\/tr><tr><td class=\"has-text-align-center\" data-align=\"center\">E3A<\/td><td class=\"has-text-align-left\" data-align=\"left\">Juan Manuel S\u00e1nchez<\/td><td><a href=\"mailto:jmsanchezmoreno@educa.madrid.org\">jmsanchezmoreno@educa.madrid.org<\/a><\/td><td class=\"has-text-align-center\" data-align=\"center\">Mi\u00e9rcoles 09:20<\/td><\/tr><tr><td class=\"has-text-align-center\" data-align=\"center\">E3B<\/td><td class=\"has-text-align-left\" data-align=\"left\">Vanesa Guti\u00e9rrez<\/td><td><a href=\"mailto:vanesa.gutierrez4@educa.madrid.org\">vanesa.gutierrez4@educa.madrid.org<\/a><\/td><td class=\"has-text-align-center\" data-align=\"center\">Jueves 09:20<\/td><\/tr><tr><td class=\"has-text-align-center\" data-align=\"center\">E3C<\/td><td class=\"has-text-align-left\" data-align=\"left\">Eva Bo Gim\u00e9nez<\/td><td><a href=\"mailto:eva.gimenez@educa.madrid.org\" data-type=\"link\" data-id=\"loreto.ayuso@educa.madrid.org\">eva.gimenez@educa.madrid.org<\/a><\/td><td class=\"has-text-align-center\" data-align=\"center\">Lunes 10:15<\/td><\/tr><tr><td class=\"has-text-align-center\" data-align=\"center\">E3D<\/td><td class=\"has-text-align-left\" data-align=\"left\">Cristina Garc\u00eda<\/td><td><a href=\"mailto:cristina.garciagarcia6@educa.madrid.org\">cristina.garciagarcia6@educa.madrid.org<\/a><\/td><td class=\"has-text-align-center\" data-align=\"center\">Martes 11:35<\/td><\/tr><tr><td class=\"has-text-align-center\" data-align=\"center\">E4A<\/td><td class=\"has-text-align-left\" data-align=\"left\">Rafael del Olmo<\/td><td><a href=\"mailto:rafael.delolmo@educa.madrid.org\">rafael.delolmo@educa.madrid.org<\/a><\/td><td class=\"has-text-align-center\" data-align=\"center\">Martes 08:25<\/td><\/tr><tr><td class=\"has-text-align-center\" data-align=\"center\">E4B<\/td><td class=\"has-text-align-left\" data-align=\"left\">Ang\u00e9lica Andreu<\/td><td><a href=\"mailto:angelica.andreu@educa.madrid.org\">angelica.andreu@educa.madrid.org<\/a><\/td><td class=\"has-text-align-center\" data-align=\"center\">Lunes 10:15<\/td><\/tr><tr><td class=\"has-text-align-center\" data-align=\"center\">E4C<\/td><td class=\"has-text-align-left\" data-align=\"left\">Juan Zanuy<\/td><td><a href=\"mailto:jzs106@educa.madrid.org\" data-type=\"mailto\" data-id=\"mailto:jzs106@educa.madrid.org\">jzs106@educa.madrid.org<\/a><\/td><td class=\"has-text-align-center\" data-align=\"center\">Martes 11.35<\/td><\/tr><tr><td class=\"has-text-align-center\" data-align=\"center\">B1A<\/td><td class=\"has-text-align-left\" data-align=\"left\">Sergio Monta\u00f1ez<\/td><td><a href=\"mailto:sergio.montaneznaz@educa.madrid.org\" data-type=\"mailto\" data-id=\"mailto:sergio.montaneznaz@educa.madrid.org\"><\/a><a href=\"sergio.montaneznaz@educa.madrid.org\">sergio.montaneznaz@educa.madrid.org<\/a><\/td><td class=\"has-text-align-center\" data-align=\"center\">Viernes 11:35<\/td><\/tr><tr><td class=\"has-text-align-center\" data-align=\"center\">B1B<\/td><td class=\"has-text-align-left\" data-align=\"left\">Nadia Oller<\/td><td><a href=\"mailto:jose.fm@educa.madrid.org\" data-type=\"mailto\" data-id=\"mailto:jose.fm@educa.madrid.org\"><a href=\"mailto:nadia.oller@educa.madrid.org\">nadia.oller@educa.madrid.org<\/a><\/a><\/td><td class=\"has-text-align-center\" data-align=\"center\">Martes 11:35<\/td><\/tr><tr><td class=\"has-text-align-center\" data-align=\"center\">B2A<\/td><td class=\"has-text-align-left\" data-align=\"left\">Sergio Mart\u00edn<\/td><td><a href=\"mailto:smartinreques@educa.madrid.org\" data-type=\"mailto\" data-id=\"mailto:smartinreques@educa.madrid.org\">smartinreques@educa.madrid.org<\/a><\/td><td class=\"has-text-align-center\" data-align=\"center\">Viernes 09:20<\/td><\/tr><tr><td class=\"has-text-align-center\" data-align=\"center\">B2B<\/td><td class=\"has-text-align-left\" data-align=\"left\">Jos\u00e9 Carlos L\u00f3pez<\/td><td><a href=\"mailto:jose.carlos.lopez.torres@educa.madrid.org\">jose.carlos.lopez.torres@educa.madrid.org<\/a><\/td><td class=\"has-text-align-center\" data-align=\"center\">Mi\u00e9rcoles 12:30<\/td><\/tr><\/tbody><\/table><\/figure>\n\n\n\n<p><\/p>\n","protected":false},"excerpt":{"rendered":"<p>Tutores curso 25-26 Se indica, para cada grupo, el tutor\/a correspondiente y su correo electr\u00f3nico. (*) Se debe concertar reuni\u00f3n mediante cita previa. Grupo Tutor\/a Correo electr\u00f3nico (*) Atenci\u00f3n Familias E1A Raquel Garc\u00eda raquel.garcia4@educa.madrid.org Martes 11:35 E1B Luisa Solaguren luisa.solaguren@educa.madrid.org Lunes 13:25 E1C Carlos de Esteban cdedc9@educa.madrid.org Lunes 11:35 E2A Jos\u00e9 Antonio S\u00e1nchez jose.sc@educa.madrid.org Martes &hellip; <\/p>\n<p class=\"link-more\"><a href=\"https:\/\/site.educa.madrid.org\/ies.joaquinturina.madrid\/index.php\/quienes-somos\/tutores\/\" class=\"more-link\">Continuar leyendo<span class=\"screen-reader-text\"> \u00abTutores\u00bb<\/span><\/a><\/p>\n","protected":false},"author":4,"featured_media":0,"parent":451,"menu_order":0,"comment_status":"closed","ping_status":"closed","template":"","meta":{"footnotes":""},"folder":[22],"class_list":["post-727","page","type-page","status-publish","hentry"],"rttpg_featured_image_url":null,"rttpg_author":{"display_name":"#CompDigEdu Turina","author_link":"https:\/\/site.educa.madrid.org\/ies.joaquinturina.madrid\/index.php\/author\/cuenta_compdigedu-ies-joaquinturina-madrid\/"},"rttpg_comment":0,"rttpg_category":" <a href=\"https:\/\/site.educa.madrid.org\/ies.joaquinturina.madrid\/?taxonomy=folder&#038;term=quienes-somos-1672496135\" rel=\"tag\">Qui\u00e9nes somos<\/a>","rttpg_excerpt":"Tutores curso 25-26 Se indica, para cada grupo, el tutor\/a correspondiente y su correo electr\u00f3nico. (*) Se debe concertar reuni\u00f3n mediante cita previa. Grupo Tutor\/a Correo electr\u00f3nico (*) Atenci\u00f3n Familias E1A Raquel Garc\u00eda raquel.garcia4@educa.madrid.org Martes 11:35 E1B Luisa Solaguren luisa.solaguren@educa.madrid.org Lunes 13:25 E1C Carlos de Esteban cdedc9@educa.madrid.org Lunes 11:35 E2A Jos\u00e9 Antonio S\u00e1nchez jose.sc@educa.madrid.org Martes&hellip;","post_mailing_queue_ids":[],"_links":{"self":[{"href":"https:\/\/site.educa.madrid.org\/ies.joaquinturina.madrid\/index.php\/wp-json\/wp\/v2\/pages\/727","targetHints":{"allow":["GET"]}}],"collection":[{"href":"https:\/\/site.educa.madrid.org\/ies.joaquinturina.madrid\/index.php\/wp-json\/wp\/v2\/pages"}],"about":[{"href":"https:\/\/site.educa.madrid.org\/ies.joaquinturina.madrid\/index.php\/wp-json\/wp\/v2\/types\/page"}],"author":[{"embeddable":true,"href":"https:\/\/site.educa.madrid.org\/ies.joaquinturina.madrid\/index.php\/wp-json\/wp\/v2\/users\/4"}],"replies":[{"embeddable":true,"href":"https:\/\/site.educa.madrid.org\/ies.joaquinturina.madrid\/index.php\/wp-json\/wp\/v2\/comments?post=727"}],"version-history":[{"count":34,"href":"https:\/\/site.educa.madrid.org\/ies.joaquinturina.madrid\/index.php\/wp-json\/wp\/v2\/pages\/727\/revisions"}],"predecessor-version":[{"id":2644,"href":"https:\/\/site.educa.madrid.org\/ies.joaquinturina.madrid\/index.php\/wp-json\/wp\/v2\/pages\/727\/revisions\/2644"}],"up":[{"embeddable":true,"href":"https:\/\/site.educa.madrid.org\/ies.joaquinturina.madrid\/index.php\/wp-json\/wp\/v2\/pages\/451"}],"wp:attachment":[{"href":"https:\/\/site.educa.madrid.org\/ies.joaquinturina.madrid\/index.php\/wp-json\/wp\/v2\/media?parent=727"}],"wp:term":[{"taxonomy":"folder","embeddable":true,"href":"https:\/\/site.educa.madrid.org\/ies.joaquinturina.madrid\/index.php\/wp-json\/wp\/v2\/folder?post=727"}],"curies":[{"name":"wp","href":"https:\/\/api.w.org\/{rel}","templated":true}]}}