{"id":861,"date":"2023-01-24T13:16:28","date_gmt":"2023-01-24T12:16:28","guid":{"rendered":"https:\/\/site.educa.madrid.org\/ies.joaquinturina.madrid\/?page_id=861"},"modified":"2025-10-22T10:21:03","modified_gmt":"2025-10-22T08:21:03","slug":"matricula","status":"publish","type":"page","link":"https:\/\/site.educa.madrid.org\/ies.joaquinturina.madrid\/index.php\/secretaria\/matricula\/","title":{"rendered":"Matr\u00edcula"},"content":{"rendered":"\n<h2 class=\"wp-block-heading has-vivid-red-color has-text-color has-link-color wp-elements-f86c23eacf93a33b52ed2076f202f5ba\"><strong>Proceso extraordinario escolarizaci\u00f3n 25-26<\/strong> <strong>DAT-Capital<\/strong><\/h2>\n\n\n\n<hr class=\"wp-block-separator has-text-color has-vivid-cyan-blue-color has-alpha-channel-opacity has-vivid-cyan-blue-background-color has-background is-style-wide\"\/>\n\n\n\n<ul class=\"wp-block-list\">\n<li>Servicio de Apoyo a la Escolarizaci\u00f3n DAT-Capital: Vitruvio, 2 (sede \u00fanica)<\/li>\n\n\n\n<li>Desde cualquier centro educativo, se ofrece informaci\u00f3n a las familias interesadas.<\/li>\n\n\n\n<li>La atenci\u00f3n en el SAE ser\u00e1 preferentemente con cita previa, a trav\u00e9s de la aplicaci\u00f3n disponible en la p\u00e1gina web de DAT Capital:<\/li>\n<\/ul>\n\n\n\n<p class=\"has-text-align-center\"><a href=\"https:\/\/www.educa2.madrid.org\/web\/direcciones-de-area\/escolarizacion-nee\" target=\"_blank\" rel=\"noreferrer noopener\">Cita Previa SAE DAT-Capital<\/a><\/p>\n\n\n\n<ul class=\"wp-block-list\">\n<li>El recurso b\u00e1sico de escolarizaci\u00f3n en el proceso extraordinario es el formulario, que deben rellenar las familias y remitir telem\u00e1ticamente al SAE. Si en el centro no disponemos de vacantes, se debe rellenar el siguiente <a href=\"https:\/\/formularios.educa.madrid.org\/index.php\/342355?lang=es.\" target=\"_blank\" rel=\"noreferrer noopener\">formulario<\/a> accesible tambi\u00e9n desde c\u00f3digo QR<\/li>\n<\/ul>\n\n\n<div class=\"wp-block-image\">\n<figure class=\"aligncenter size-full\"><img loading=\"lazy\" decoding=\"async\" width=\"137\" height=\"141\" src=\"https:\/\/site.educa.madrid.org\/ies.joaquinturina.madrid\/\/wp-content\/uploads\/ies.joaquinturina.madrid\/2025\/10\/qr.jpg\" alt=\"\" class=\"wp-image-2637\"\/><\/figure>\n<\/div>\n\n\n<h2 class=\"wp-block-heading has-vivid-red-color has-text-color\"><strong>Instrucciones<\/strong><\/h2>\n\n\n\n<hr class=\"wp-block-separator has-text-color has-vivid-cyan-blue-color has-alpha-channel-opacity has-vivid-cyan-blue-background-color has-background is-style-wide\"\/>\n\n\n\n<p>El proceso de matr\u00edcula para el curso 25-26 se realizar\u00e1&nbsp;&nbsp;<strong>online<\/strong>. El plazo para enviar la matricula y el resto de documentos adjuntos es del <strong>12 de junio al 4 de julio<\/strong><\/p>\n\n\n\n<p class=\"has-text-align-center\">Cartel informativo matr\u00edcula<\/p>\n\n\n\n<figure class=\"wp-block-image size-large\"><img loading=\"lazy\" decoding=\"async\" width=\"1024\" height=\"724\" src=\"https:\/\/site.educa.madrid.org\/ies.joaquinturina.madrid\/\/wp-content\/uploads\/ies.joaquinturina.madrid\/2025\/06\/Calendario-matricula-1024x724.jpg\" alt=\"\" class=\"wp-image-2504\" srcset=\"https:\/\/site.educa.madrid.org\/ies.joaquinturina.madrid\/\/wp-content\/uploads\/ies.joaquinturina.madrid\/2025\/06\/Calendario-matricula-1024x724.jpg 1024w, https:\/\/site.educa.madrid.org\/ies.joaquinturina.madrid\/\/wp-content\/uploads\/ies.joaquinturina.madrid\/2025\/06\/Calendario-matricula-300x212.jpg 300w, https:\/\/site.educa.madrid.org\/ies.joaquinturina.madrid\/\/wp-content\/uploads\/ies.joaquinturina.madrid\/2025\/06\/Calendario-matricula-768x543.jpg 768w, https:\/\/site.educa.madrid.org\/ies.joaquinturina.madrid\/\/wp-content\/uploads\/ies.joaquinturina.madrid\/2025\/06\/Calendario-matricula-1536x1086.jpg 1536w, https:\/\/site.educa.madrid.org\/ies.joaquinturina.madrid\/\/wp-content\/uploads\/ies.joaquinturina.madrid\/2025\/06\/Calendario-matricula-2048x1448.jpg 2048w\" sizes=\"auto, (max-width: 706px) 89vw, (max-width: 767px) 82vw, 740px\" \/><\/figure>\n\n\n\n<ul class=\"wp-block-list\">\n<li><a href=\"https:\/\/site.educa.madrid.org\/ies.joaquinturina.madrid\/\/wp-content\/uploads\/ies.joaquinturina.madrid\/2025\/06\/INSTRUCCIONES-DE-MATRICULA-25_26.pdf\">Instrucciones para cumplimentar el impreso de matr\u00edcula<\/a>&nbsp;<\/li>\n<\/ul>\n\n\n\n<ul class=\"wp-block-list\">\n<li><a href=\"https:\/\/site.educa.madrid.org\/ies.joaquinturina.madrid\/\/wp-content\/uploads\/ies.joaquinturina.madrid\/2025\/06\/Declaracion-responsable.pdf\">Declaraci\u00f3n Responsable<\/a>: adjuntar este archivo relleno y firmado a la matr\u00edcula&nbsp;<em>en el caso de que alguno de los progenitores no pueda firmar la matr\u00edcula<\/em><\/li>\n<\/ul>\n\n\n\n<h2 class=\"wp-block-heading has-vivid-red-color has-text-color\"><strong>Impresos de matr\u00edcula<\/strong><\/h2>\n\n\n\n<hr class=\"wp-block-separator has-text-color has-vivid-cyan-blue-color has-css-opacity has-vivid-cyan-blue-background-color has-background is-style-wide\"\/>\n\n\n\n<p>Es imprescindible presentar los dos documentos: <\/p>\n\n\n\n<ul class=\"wp-block-list\">\n<li><a href=\"https:\/\/site.educa.madrid.org\/ies.joaquinturina.madrid\/\/wp-content\/uploads\/ies.joaquinturina.madrid\/2025\/06\/Autorizaciones.pdf\">Autorizaciones<\/a><\/li>\n\n\n\n<li>El impreso de matr\u00edcula correspondiente:<\/li>\n<\/ul>\n\n\n\n<p class=\"has-text-align-center\">Descarga el impreso de matr\u00edcula seg\u00fan el curso en el que te vayas a matricular:<\/p>\n\n\n\n<p class=\"has-text-align-center\"><strong>Educaci\u00f3n Secundaria Obligatoria<\/strong><\/p>\n\n\n\n<div class=\"wp-block-columns is-layout-flex wp-container-core-columns-is-layout-9d6595d7 wp-block-columns-is-layout-flex\">\n<div class=\"wp-block-column is-layout-flow wp-block-column-is-layout-flow\">\n<div class=\"wp-block-buttons is-content-justification-center is-layout-flex wp-container-core-buttons-is-layout-16018d1d wp-block-buttons-is-layout-flex\">\n<div class=\"wp-block-button\"><a class=\"wp-block-button__link has-vivid-cyan-blue-background-color has-background wp-element-button\" href=\"https:\/\/site.educa.madrid.org\/ies.joaquinturina.madrid\/\/wp-content\/uploads\/ies.joaquinturina.madrid\/2025\/06\/Matricula-1o-ESO-25-26.pdf\">1\u00ba ESO<\/a><\/div>\n<\/div>\n<\/div>\n\n\n\n<div class=\"wp-block-column is-layout-flow wp-block-column-is-layout-flow\">\n<div class=\"wp-block-buttons is-content-justification-center is-layout-flex wp-container-core-buttons-is-layout-16018d1d wp-block-buttons-is-layout-flex\">\n<div class=\"wp-block-button\"><a class=\"wp-block-button__link has-vivid-red-background-color has-background wp-element-button\" href=\"https:\/\/site.educa.madrid.org\/ies.joaquinturina.madrid\/\/wp-content\/uploads\/ies.joaquinturina.madrid\/2025\/06\/Matricula-2o-ESO-25-26.pdf\">2\u00ba ESO<\/a><\/div>\n<\/div>\n<\/div>\n\n\n\n<div class=\"wp-block-column is-layout-flow wp-block-column-is-layout-flow\">\n<div class=\"wp-block-buttons is-content-justification-center is-layout-flex wp-container-core-buttons-is-layout-16018d1d wp-block-buttons-is-layout-flex\">\n<div class=\"wp-block-button\"><a class=\"wp-block-button__link has-vivid-green-cyan-background-color has-background wp-element-button\" href=\"https:\/\/site.educa.madrid.org\/ies.joaquinturina.madrid\/\/wp-content\/uploads\/ies.joaquinturina.madrid\/2025\/06\/Matricula-3o-ESO-25-26.pdf\">3\u00ba ESO<\/a><\/div>\n<\/div>\n<\/div>\n\n\n\n<div class=\"wp-block-column is-layout-flow wp-block-column-is-layout-flow\">\n<div class=\"wp-block-buttons is-content-justification-center is-layout-flex wp-container-core-buttons-is-layout-16018d1d wp-block-buttons-is-layout-flex\">\n<div class=\"wp-block-button\"><a class=\"wp-block-button__link has-luminous-vivid-orange-background-color has-background wp-element-button\" href=\"https:\/\/site.educa.madrid.org\/ies.joaquinturina.madrid\/\/wp-content\/uploads\/ies.joaquinturina.madrid\/2025\/06\/Matricula-4o-ESO25-26.pdf\">4\u00ba ESO<\/a><\/div>\n<\/div>\n<\/div>\n<\/div>\n\n\n\n<p class=\"has-text-align-center\"><strong>Bachillerato de <em>Ciencias y Tecnolog\u00eda<\/em><\/strong><\/p>\n\n\n\n<div class=\"wp-block-columns is-layout-flex wp-container-core-columns-is-layout-9d6595d7 wp-block-columns-is-layout-flex\">\n<div class=\"wp-block-column is-layout-flow wp-block-column-is-layout-flow\">\n<div class=\"wp-block-buttons is-content-justification-center is-layout-flex wp-container-core-buttons-is-layout-16018d1d wp-block-buttons-is-layout-flex\">\n<div class=\"wp-block-button\"><a class=\"wp-block-button__link has-cyan-bluish-gray-background-color has-background wp-element-button\" href=\"https:\/\/site.educa.madrid.org\/ies.joaquinturina.madrid\/\/wp-content\/uploads\/ies.joaquinturina.madrid\/2025\/06\/MATRICULA-1o-BACHILLERATO-CIENCIAS-FINAL.pdf\">1\u00ba Bachillerato<\/a><\/div>\n<\/div>\n<\/div>\n\n\n\n<div class=\"wp-block-column is-layout-flow wp-block-column-is-layout-flow\">\n<div class=\"wp-block-buttons is-content-justification-center is-layout-flex wp-container-core-buttons-is-layout-5590e8cb wp-block-buttons-is-layout-flex\">\n<div class=\"wp-block-button\"><a class=\"wp-block-button__link has-black-color has-pale-cyan-blue-background-color has-text-color has-background wp-element-button\" href=\"https:\/\/site.educa.madrid.org\/ies.joaquinturina.madrid\/\/wp-content\/uploads\/ies.joaquinturina.madrid\/2025\/06\/MATRICULA-2o-BACHILLERATO-CIENCIAS.pdf\">2 \u00ba Bachillerato <\/a><\/div>\n<\/div>\n<\/div>\n<\/div>\n\n\n\n<p class=\"has-text-align-center\"><strong>Bachillerato de <em>Humanidades y Ciencias Sociales<\/em><\/strong><\/p>\n\n\n\n<div class=\"wp-block-columns is-layout-flex wp-container-core-columns-is-layout-9d6595d7 wp-block-columns-is-layout-flex\">\n<div class=\"wp-block-column is-layout-flow wp-block-column-is-layout-flow\">\n<div class=\"wp-block-buttons is-content-justification-center is-layout-flex wp-container-core-buttons-is-layout-16018d1d wp-block-buttons-is-layout-flex\">\n<div class=\"wp-block-button\"><a class=\"wp-block-button__link has-cyan-bluish-gray-background-color has-background wp-element-button\" href=\"https:\/\/site.educa.madrid.org\/ies.joaquinturina.madrid\/\/wp-content\/uploads\/ies.joaquinturina.madrid\/2025\/06\/MATRICULA-1o-BACHILLERATO-HUM-CCSS-FINAL.pdf\">1\u00ba Bachillerato<\/a><\/div>\n<\/div>\n<\/div>\n\n\n\n<div class=\"wp-block-column is-layout-flow wp-block-column-is-layout-flow\">\n<div class=\"wp-block-buttons is-content-justification-center is-layout-flex wp-container-core-buttons-is-layout-5590e8cb wp-block-buttons-is-layout-flex\">\n<div class=\"wp-block-button\"><a class=\"wp-block-button__link has-black-color has-pale-cyan-blue-background-color has-text-color has-background wp-element-button\" href=\"https:\/\/site.educa.madrid.org\/ies.joaquinturina.madrid\/\/wp-content\/uploads\/ies.joaquinturina.madrid\/2025\/06\/MATRICULA-2o-BACHILLERATO-HUM-Y-CCSS.pdf\">2 \u00ba Bachillerato<\/a><\/div>\n<\/div>\n<\/div>\n<\/div>\n\n\n\n<h2 class=\"wp-block-heading has-vivid-red-color has-text-color\" id=\"organizaci\u00f3n-acad\u00e9mica\"><strong>Organizaci\u00f3n acad\u00e9mica por cursos<\/strong><\/h2>\n\n\n\n<hr class=\"wp-block-separator has-text-color has-vivid-cyan-blue-color has-css-opacity has-vivid-cyan-blue-background-color has-background is-style-wide\"\/>\n\n\n\n<ul class=\"wp-block-list\">\n<li><span style=\"font-size: 1rem;\">1\u00ba de ESO<\/span><\/li>\n\n\n\n<li>2\u00ba de ESO<\/li>\n\n\n\n<li>3\u00ba de ESO<\/li>\n\n\n\n<li>4\u00ba de ESO orientado a Ciencias (para la elecci\u00f3n de \u00abuna materia de modalidad no cursada\u00bb consultar impreso de matr\u00edcula)<\/li>\n\n\n\n<li>4\u00ba ESO orientado a Humanidades y Ciencias Sociales (para la elecci\u00f3n de \u00abuna materia de modalidad no cursada\u00bb consultar impreso de matr\u00edcula)<\/li>\n\n\n\n<li>1\u00ba de Bachillerato Ciencias y Tecnolog\u00eda<\/li>\n\n\n\n<li>1\u00ba Bachillerato Humanidades y Ciencias Sociales<\/li>\n\n\n\n<li>2\u00ba de Bachillerato Ciencias<\/li>\n\n\n\n<li>2\u00ba Bachillerato Humanidades y Ciencias Sociales<\/li>\n<\/ul>\n\n\n\n<h2 class=\"wp-block-heading has-vivid-red-color has-text-color\"><strong>Informaci\u00f3n materias optativas <\/strong><\/h2>\n\n\n\n<hr class=\"wp-block-separator has-text-color has-vivid-cyan-blue-color has-css-opacity has-vivid-cyan-blue-background-color has-background is-style-wide\"\/>\n\n\n\n<ul class=\"wp-block-list\">\n<li><a href=\"https:\/\/site.educa.madrid.org\/ies.joaquinturina.madrid\/\/wp-content\/uploads\/ies.joaquinturina.madrid\/2024\/06\/Optativa-Cultura-Clasica.pdf\">Cultura Cl\u00e1sica<\/a><\/li>\n\n\n\n<li><a href=\"https:\/\/site.educa.madrid.org\/ies.joaquinturina.madrid\/\/wp-content\/uploads\/ies.joaquinturina.madrid\/2025\/06\/Taller-de-Musica-2o-ESO.pdf\">Taller de M\u00fasica<\/a><\/li>\n\n\n\n<li><a href=\"https:\/\/site.educa.madrid.org\/ies.joaquinturina.madrid\/\/wp-content\/uploads\/ies.joaquinturina.madrid\/2025\/06\/Musica-4o-ESO.pdf\">M\u00fasica 4\u00ba ESO<\/a><\/li>\n\n\n\n<li><a href=\"https:\/\/site.educa.madrid.org\/ies.joaquinturina.madrid\/\/wp-content\/uploads\/ies.joaquinturina.madrid\/2023\/06\/Optativa-FR.pdf\">Franc\u00e9s<\/a><\/li>\n\n\n\n<li><a href=\"https:\/\/site.educa.madrid.org\/ies.joaquinturina.madrid\/\/wp-content\/uploads\/ies.joaquinturina.madrid\/2024\/06\/Optativa-Proyecto-de-Investigacion-e-Innovacion-Cientifico-tecnologica-en-Astronomia.pdf\">Proyecto de Investigaci\u00f3n e Innovaci\u00f3n Cient\u00edfico-tecnol\u00f3gica en Astronom\u00eda<\/a><\/li>\n\n\n\n<li><a href=\"https:\/\/site.educa.madrid.org\/ies.joaquinturina.madrid\/\/wp-content\/uploads\/ies.joaquinturina.madrid\/2023\/06\/Optativa-Religion-Catolica.pdf\">Religi\u00f3n<\/a><\/li>\n\n\n\n<li><a href=\"https:\/\/site.educa.madrid.org\/ies.joaquinturina.madrid\/\/wp-content\/uploads\/ies.joaquinturina.madrid\/2023\/06\/RESENA-FILOSOFIA-OPTATIVA-4o.pdf\">Filosof\u00eda<\/a><\/li>\n<\/ul>\n\n\n\n<p><\/p>\n","protected":false},"excerpt":{"rendered":"<p>Proceso extraordinario escolarizaci\u00f3n 25-26 DAT-Capital Cita Previa SAE DAT-Capital Instrucciones El proceso de matr\u00edcula para el curso 25-26 se realizar\u00e1&nbsp;&nbsp;online. El plazo para enviar la matricula y el resto de documentos adjuntos es del 12 de junio al 4 de julio Cartel informativo matr\u00edcula Impresos de matr\u00edcula Es imprescindible presentar los dos documentos: Descarga el &hellip; <\/p>\n<p class=\"link-more\"><a href=\"https:\/\/site.educa.madrid.org\/ies.joaquinturina.madrid\/index.php\/secretaria\/matricula\/\" class=\"more-link\">Continuar leyendo<span class=\"screen-reader-text\"> \u00abMatr\u00edcula\u00bb<\/span><\/a><\/p>\n","protected":false},"author":4,"featured_media":0,"parent":113,"menu_order":0,"comment_status":"closed","ping_status":"closed","template":"","meta":{"footnotes":""},"folder":[18],"class_list":["post-861","page","type-page","status-publish","hentry"],"rttpg_featured_image_url":null,"rttpg_author":{"display_name":"#CompDigEdu Turina","author_link":"https:\/\/site.educa.madrid.org\/ies.joaquinturina.madrid\/index.php\/author\/cuenta_compdigedu-ies-joaquinturina-madrid\/"},"rttpg_comment":0,"rttpg_category":" <a href=\"https:\/\/site.educa.madrid.org\/ies.joaquinturina.madrid\/?taxonomy=folder&#038;term=secretaria-1672496076\" rel=\"tag\">Secretar\u00eda<\/a>","rttpg_excerpt":"Proceso extraordinario escolarizaci\u00f3n 25-26 DAT-Capital Cita Previa SAE DAT-Capital Instrucciones El proceso de matr\u00edcula para el curso 25-26 se realizar\u00e1&nbsp;&nbsp;online. El plazo para enviar la matricula y el resto de documentos adjuntos es del 12 de junio al 4 de julio Cartel informativo matr\u00edcula Impresos de matr\u00edcula Es imprescindible presentar los dos documentos: Descarga el&hellip;","post_mailing_queue_ids":[],"_links":{"self":[{"href":"https:\/\/site.educa.madrid.org\/ies.joaquinturina.madrid\/index.php\/wp-json\/wp\/v2\/pages\/861","targetHints":{"allow":["GET"]}}],"collection":[{"href":"https:\/\/site.educa.madrid.org\/ies.joaquinturina.madrid\/index.php\/wp-json\/wp\/v2\/pages"}],"about":[{"href":"https:\/\/site.educa.madrid.org\/ies.joaquinturina.madrid\/index.php\/wp-json\/wp\/v2\/types\/page"}],"author":[{"embeddable":true,"href":"https:\/\/site.educa.madrid.org\/ies.joaquinturina.madrid\/index.php\/wp-json\/wp\/v2\/users\/4"}],"replies":[{"embeddable":true,"href":"https:\/\/site.educa.madrid.org\/ies.joaquinturina.madrid\/index.php\/wp-json\/wp\/v2\/comments?post=861"}],"version-history":[{"count":50,"href":"https:\/\/site.educa.madrid.org\/ies.joaquinturina.madrid\/index.php\/wp-json\/wp\/v2\/pages\/861\/revisions"}],"predecessor-version":[{"id":2639,"href":"https:\/\/site.educa.madrid.org\/ies.joaquinturina.madrid\/index.php\/wp-json\/wp\/v2\/pages\/861\/revisions\/2639"}],"up":[{"embeddable":true,"href":"https:\/\/site.educa.madrid.org\/ies.joaquinturina.madrid\/index.php\/wp-json\/wp\/v2\/pages\/113"}],"wp:attachment":[{"href":"https:\/\/site.educa.madrid.org\/ies.joaquinturina.madrid\/index.php\/wp-json\/wp\/v2\/media?parent=861"}],"wp:term":[{"taxonomy":"folder","embeddable":true,"href":"https:\/\/site.educa.madrid.org\/ies.joaquinturina.madrid\/index.php\/wp-json\/wp\/v2\/folder?post=861"}],"curies":[{"name":"wp","href":"https:\/\/api.w.org\/{rel}","templated":true}]}}