{"id":1035,"date":"2022-05-19T13:20:16","date_gmt":"2022-05-19T11:20:16","guid":{"rendered":"https:\/\/site.educa.madrid.org\/ies.laarboleda.alcorcon\/?page_id=1035"},"modified":"2026-02-18T13:37:26","modified_gmt":"2026-02-18T12:37:26","slug":"departamento-de-lengua-espanola-y-literatura","status":"publish","type":"page","link":"https:\/\/site.educa.madrid.org\/ies.laarboleda.alcorcon\/index.php\/departamento-de-lengua-espanola-y-literatura\/","title":{"rendered":"Lengua Castellana y Literatura"},"content":{"rendered":"<div id=\"pl-gb1035-6a037bad7f8b2\"  class=\"panel-layout panel-layout\" ><div id=\"pg-gb1035-6a037bad7f8b2-0\"  class=\"panel-grid panel-no-style\"  data-style=\"{&quot;background_image_attachment&quot;:false,&quot;background_display&quot;:&quot;tile&quot;,&quot;full_height&quot;:&quot;&quot;,&quot;cell_alignment&quot;:&quot;flex-start&quot;,&quot;link_overlay_new_window&quot;:&quot;&quot;}\" ><div id=\"pgc-gb1035-6a037bad7f8b2-0-0\"  class=\"panel-grid-cell\"  data-weight=\"0.3\" ><div id=\"panel-gb1035-6a037bad7f8b2-0-0-0\" class=\"so-panel widget widget_media_image panel-first-child panel-last-child\" data-index=\"0\" data-style=\"{&quot;background_image_attachment&quot;:false,&quot;background_display&quot;:&quot;tile&quot;,&quot;margin&quot;:&quot;0px 0px 0px 60px&quot;,&quot;link_overlay_new_window&quot;:&quot;&quot;}\" ><img loading=\"lazy\" decoding=\"async\" width=\"150\" height=\"150\" src=\"https:\/\/site.educa.madrid.org\/ies.laarboleda.alcorcon\/\/wp-content\/uploads\/ies.laarboleda.alcorcon\/2021\/05\/la-2-Verde-Merche-150x150.jpg\" class=\"image wp-image-205  attachment-thumbnail size-thumbnail\" alt=\"\" style=\"max-width: 100%; height: auto;\" srcset=\"https:\/\/site.educa.madrid.org\/ies.laarboleda.alcorcon\/\/wp-content\/uploads\/ies.laarboleda.alcorcon\/2021\/05\/la-2-Verde-Merche-150x150.jpg 150w, https:\/\/site.educa.madrid.org\/ies.laarboleda.alcorcon\/\/wp-content\/uploads\/ies.laarboleda.alcorcon\/2021\/05\/la-2-Verde-Merche-300x300.jpg 300w, https:\/\/site.educa.madrid.org\/ies.laarboleda.alcorcon\/\/wp-content\/uploads\/ies.laarboleda.alcorcon\/2021\/05\/la-2-Verde-Merche-450x450.jpg 450w, https:\/\/site.educa.madrid.org\/ies.laarboleda.alcorcon\/\/wp-content\/uploads\/ies.laarboleda.alcorcon\/2021\/05\/la-2-Verde-Merche.jpg 662w\" sizes=\"auto, (max-width: 150px) 100vw, 150px\" \/><\/div><\/div><div id=\"pgc-gb1035-6a037bad7f8b2-0-1\"  class=\"panel-grid-cell\"  data-weight=\"0.7\" ><div id=\"panel-gb1035-6a037bad7f8b2-0-1-0\" class=\"so-panel widget widget_text panel-first-child panel-last-child\" data-index=\"1\" data-style=\"{&quot;background_image_attachment&quot;:false,&quot;background_display&quot;:&quot;tile&quot;,&quot;background_image_size&quot;:&quot;full&quot;,&quot;background_image_opacity&quot;:&quot;100&quot;,&quot;border_thickness&quot;:&quot;1px&quot;,&quot;link_overlay_new_window&quot;:&quot;&quot;}\" ><h3 class=\"widget-title\">Departamento de Lengua Castellana y Literatura<\/h3>\t\t\t<div class=\"textwidget\"><p>La materia de Lengua Castellana y Literatura contribuye al desarrollo de todas las competencias clave como materia instrumental que es, particularmente la competencia en comunicaci\u00f3n ling\u00fc\u00edstica y la competencia en conciencia y expresi\u00f3n culturales. Para la primera de ellas nuestros esfuerzos est\u00e1n destinados a desarrollar las habilidades ling\u00fc\u00edsticas b\u00e1sicas: comprensi\u00f3n y expresi\u00f3n orales y escritas.<\/p>\n<p>Asimismo, dentro de nuestra materia la ense\u00f1anza de la Literatura tiene como fin el enriquecimiento l\u00e9xico y cultural, as\u00ed como el disfrute est\u00e9tico por parte de nuestros alumnos.<\/p>\n<p>MATERIAS<\/p>\n<p>El departamento de Lengua imparte las siguientes asignaturas:<\/p>\n<ul>\n<li>Lengua Castellana y Literatura, materia com\u00fan en toda la etapa educativa de la ESO y Bachillerato.<\/li>\n<li>Refuerzo de Lengua para 1\u00ba y 2\u00ba de la ESO.<\/li>\n<li>Lat\u00edn, en 4\u00ba de la ESO.<\/li>\n<li>Literatura Universal en 1\u00ba Bachillerato.<\/li>\n<\/ul>\n<\/div>\n\t\t<\/div><\/div><\/div><div id=\"pg-gb1035-6a037bad7f8b2-1\"  class=\"panel-grid panel-has-style\"  data-style=\"{&quot;background&quot;:&quot;#cceecc&quot;,&quot;background_image_attachment&quot;:false,&quot;background_display&quot;:&quot;tile&quot;,&quot;full_height&quot;:&quot;&quot;,&quot;cell_alignment&quot;:&quot;flex-start&quot;,&quot;link_overlay_new_window&quot;:&quot;&quot;}\" ><div class=\"panel-row-style panel-row-style-for-gb1035-6a037bad7f8b2-1\" ><div id=\"pgc-gb1035-6a037bad7f8b2-1-0\"  class=\"panel-grid-cell\"  data-weight=\"1\" ><div id=\"panel-gb1035-6a037bad7f8b2-1-0-0\" class=\"so-panel widget widget_text panel-first-child panel-last-child\" data-index=\"2\" data-style=\"{&quot;background_image_attachment&quot;:false,&quot;background_display&quot;:&quot;tile&quot;,&quot;background_image_size&quot;:&quot;full&quot;,&quot;background_image_opacity&quot;:&quot;100&quot;,&quot;border_thickness&quot;:&quot;1px&quot;,&quot;margin&quot;:&quot;0px 60px 0px 60px&quot;,&quot;link_overlay_new_window&quot;:&quot;&quot;}\" ><h3 class=\"widget-title\">Noticias y avisos<\/h3>\t\t\t<div class=\"textwidget\"><p><strong>\u00a0 \u00a0 \u00a0 \u00a0 \u00a0 \u00a0 \u00a0 \u00a0 \u00a0 \u00a0 \u00a0 \u00a0 \u00a0 \u00a0 \u00a0 \u00a0 \u00a0 \u00a0 \u00a0 \u00a0 \u00a0 \u00a0 \u00a0 \u00a0 \u00a0 \u00a0 \u00a0 CRITERIOS DE CALIFICACI\u00d3N 2025-2026<\/strong><\/p>\n<p>Aqu\u00ed pod\u00e9is encontrar los criterios de calificaci\u00f3n que el departamento de Lengua ha establecido por cursos.<\/p>\n<p>1\u00ba ESO <a href=\"https:\/\/site.educa.madrid.org\/ies.laarboleda.alcorcon\/\/wp-content\/uploads\/ies.laarboleda.alcorcon\/2025\/09\/criterios-1oESO-2025-26.pdf\">criterios 1\u00baESO 2025-26<\/a><\/p>\n<p>Refuerzo de 1\u00ba ESO <a href=\"https:\/\/site.educa.madrid.org\/ies.laarboleda.alcorcon\/\/wp-content\/uploads\/ies.laarboleda.alcorcon\/2025\/12\/Criterios-Refuerzo-Lengua-1o-ESO-2025-26.pdf\">Criterios Refuerzo Lengua 1\u00ba ESO 2025-26<\/a><\/p>\n<p>2\u00ba ESO <a href=\"https:\/\/site.educa.madrid.org\/ies.laarboleda.alcorcon\/\/wp-content\/uploads\/ies.laarboleda.alcorcon\/2025\/09\/criterios-2o-ESO-2025-26.pdf\">criterios 2\u00ba ESO 2025-26<\/a><\/p>\n<p>Refuerzo de 2\u00ba ESO <a href=\"https:\/\/site.educa.madrid.org\/ies.laarboleda.alcorcon\/\/wp-content\/uploads\/ies.laarboleda.alcorcon\/2025\/12\/criterios-2o-Refuerzo-Lengua.pdf\">criterios 2\u00ba Refuerzo Lengua<\/a><\/p>\n<p>3\u00ba ESO <a href=\"https:\/\/site.educa.madrid.org\/ies.laarboleda.alcorcon\/\/wp-content\/uploads\/ies.laarboleda.alcorcon\/2025\/09\/criterios-3o-ESO-2025-2026.pdf\">criterios 3\u00ba ESO 2025-2026<\/a><\/p>\n<p>4\u00ba ESO <a href=\"https:\/\/site.educa.madrid.org\/ies.laarboleda.alcorcon\/\/wp-content\/uploads\/ies.laarboleda.alcorcon\/2025\/09\/criterios-4o-ESO-2025-26.pdf\">criterios 4\u00ba ESO 2025-26<\/a><\/p>\n<p>Lat\u00edn 4\u00ba ESO <a href=\"https:\/\/site.educa.madrid.org\/ies.laarboleda.alcorcon\/\/wp-content\/uploads\/ies.laarboleda.alcorcon\/2025\/12\/Criterios-Latin-4-ESO-25-26.pdf\">Criterios Lat\u00edn 4 ESO 25-26<\/a><\/p>\n<p>1\u00ba Bachillerato <a href=\"https:\/\/site.educa.madrid.org\/ies.laarboleda.alcorcon\/\/wp-content\/uploads\/ies.laarboleda.alcorcon\/2025\/09\/criterios-1oBA-2025-26.pdf\">criterios 1\u00baBA 2025-26<\/a><\/p>\n<p>2\u00ba Bachillerato <a href=\"https:\/\/site.educa.madrid.org\/ies.laarboleda.alcorcon\/\/wp-content\/uploads\/ies.laarboleda.alcorcon\/2026\/02\/Criterios-y-secuenciacion-2o-BTO-CURSO-2025-26-2.pdf\">Criterios y secuenciaci\u00f3n 2\u00ba BTO CURSO 2025-26 (2)<\/a><\/p>\n<p>&nbsp;<\/p>\n<p><strong>INFORMACI\u00d3N PARA LAS PENDIENTES 2025-2026<\/strong><\/p>\n<p class=\"western\" align=\"center\"><u><b>ESO<\/b><\/u><\/p>\n<p class=\"western\" align=\"justify\">Los alumnos que tengan pendiente la Lengua y Literatura de otros cursos recuperar\u00e1n la materia si aprueban la segunda evaluaci\u00f3n de Lengua y Literatura de su curso actual. Dadas las similitudes de los contenidos m\u00ednimos de la parte de Lengua, las mismas clases del presente curso suponen un repaso y profundizaci\u00f3n para los alumnos; no obstante, puesto que la parte de Literatura no es continua (en 3\u00ba y 4\u00ba ESO), los alumnos deber\u00e1n entregar al profesor encargado de las pendientes las fichas relativas a estos contenidos en la fecha que se les indique. Dichas fichas se recoger\u00e1n en Conserjer\u00eda.<\/p>\n<p class=\"western\" align=\"justify\">El profesor encargado de impartir cada nivel pondr\u00e1 especial atenci\u00f3n en el seguimiento de estos alumnos, que quiz\u00e1 tengan mayores problemas para asumir los m\u00ednimos exigidos en la asignatura, y estar\u00e1 a su disposici\u00f3n para solventarles cualquier duda que les pudiera surgir sobre la materia. Los alumnos contar\u00e1n, adem\u00e1s, con una hora de pendientes, en la que podr\u00e1n plantear y resolver dudas de la materia con el profesor a cargo.<\/p>\n<p class=\"western\" align=\"justify\">El alumno que no apruebe la segunda evaluaci\u00f3n, podr\u00e1 presentarse a una prueba en abril donde tendr\u00e1 posibilidad de demostrar que ha adquirido los conocimientos m\u00ednimos exigidos. Si no ha entregado las fichas relativas a la Literatura, se examinar\u00e1 de esos contenidos, adem\u00e1s de los de Lengua, en el examen.<\/p>\n<p class=\"western\" align=\"justify\">Aquellos alumnos matriculados en la materia de Refuerzo de Lengua de 2\u00ba ESO podr\u00e1n recuperar la Lengua de 1\u00ba ESO y el Refuerzo de Lengua de 1\u00ba ESO si aprueban la 2\u00aa evaluaci\u00f3n de esta optativa de 2\u00ba.<\/p>\n<p align=\"justify\"><a href=\"https:\/\/site.educa.madrid.org\/ies.laarboleda.alcorcon\/\/wp-content\/uploads\/ies.laarboleda.alcorcon\/2025\/12\/PLAN-DE-RECUPERACION-1oESO-25-26.pdf\">PLAN DE RECUPERACI\u00d3N 1\u00baESO 25-26<\/a><\/p>\n<p align=\"justify\"><a href=\"https:\/\/site.educa.madrid.org\/ies.laarboleda.alcorcon\/\/wp-content\/uploads\/ies.laarboleda.alcorcon\/2025\/12\/PLAN-RECUPERACION-REFUERZO-1o.pdf\">PLAN RECUPERACI\u00d3N REFUERZO 1\u00ba<\/a><\/p>\n<p align=\"justify\"><a href=\"https:\/\/site.educa.madrid.org\/ies.laarboleda.alcorcon\/\/wp-content\/uploads\/ies.laarboleda.alcorcon\/2025\/12\/PLAN-DE-RECUPERACION-2oESO-25-26.pdf\">PLAN DE RECUPERACI\u00d3N 2\u00baESO 25-26<\/a><\/p>\n<p align=\"justify\"><a href=\"https:\/\/site.educa.madrid.org\/ies.laarboleda.alcorcon\/\/wp-content\/uploads\/ies.laarboleda.alcorcon\/2025\/12\/PLAN-RECUPERACION-REFUERZO-DE-2o.pdf\">PLAN RECUPERACI\u00d3N REFUERZO DE 2\u00ba<\/a><\/p>\n<p align=\"justify\"><a href=\"https:\/\/site.educa.madrid.org\/ies.laarboleda.alcorcon\/\/wp-content\/uploads\/ies.laarboleda.alcorcon\/2025\/12\/PLAN-DE-RECUPERACION-3oESO-25-26.pdf\">PLAN DE RECUPERACI\u00d3N 3\u00baESO 25-26<\/a><\/p>\n<p class=\"western\" align=\"center\"><u><b>BACHILLERATO<\/b><\/u><\/p>\n<p align=\"justify\">Los contenidos de los bloques de Lengua se recuperar\u00e1n si se aprueba la segunda evaluaci\u00f3n de 2\u00ba Bachillerato.<\/p>\n<p class=\"western\" align=\"justify\">En el caso de no aprobarla, se realizar\u00e1 un examen escrito en el mes de febrero (seg\u00fan calendario de jefatura) en el que, adem\u00e1s de los contenidos de Lengua,\u00a0 se incluir\u00e1n algunas cuestiones de la historia de la literatura comprendida en ese nivel (desde la Edad Media hasta el Romanticismo incluido). Los alumnos implicados recibir\u00e1n informaci\u00f3n sobre lo que tienen que hacer. Este curso se ha establecido una hora de atenci\u00f3n a pendientes.<\/p>\n<p align=\"justify\"><a href=\"https:\/\/site.educa.madrid.org\/ies.laarboleda.alcorcon\/\/wp-content\/uploads\/ies.laarboleda.alcorcon\/2025\/12\/PLAN-DE-RECUPERACION-1oBACH-25-26.pdf\">PLAN DE RECUPERACI\u00d3N 1\u00baBACH 25-26<\/a><\/p>\n<p>&nbsp;<\/p>\n<\/div>\n\t\t<\/div><\/div><\/div><\/div><\/div>\n\n\n<p><\/p>\n\n\n<div id=\"pl-gb1035-6a037bad80655\"  class=\"panel-layout panel-layout\" ><div id=\"pg-gb1035-6a037bad80655-0\"  class=\"panel-grid panel-has-style\"  data-style=\"{&quot;background&quot;:&quot;#cceecc&quot;,&quot;background_image_attachment&quot;:false,&quot;background_display&quot;:&quot;tile&quot;,&quot;full_height&quot;:&quot;&quot;,&quot;cell_alignment&quot;:&quot;flex-start&quot;,&quot;link_overlay_new_window&quot;:&quot;&quot;}\" ><div class=\"panel-row-style panel-row-style-for-gb1035-6a037bad80655-0\" ><div id=\"pgc-gb1035-6a037bad80655-0-0\"  class=\"panel-grid-cell\"  data-weight=\"1\" ><div id=\"panel-gb1035-6a037bad80655-0-0-0\" class=\"so-panel widget widget_text panel-first-child panel-last-child\" data-index=\"0\" data-style=\"{&quot;background_image_attachment&quot;:false,&quot;background_display&quot;:&quot;tile&quot;,&quot;margin&quot;:&quot;0px 60px 0px 60px&quot;,&quot;link_overlay_new_window&quot;:&quot;&quot;}\" ><h3 class=\"widget-title\">Aulas virtuales<\/h3>\t\t\t<div class=\"textwidget\"><\/div>\n\t\t<\/div><\/div><\/div><\/div><\/div>\n\n\n<p><\/p>\n","protected":false},"excerpt":{"rendered":"<p>La materia de Lengua Castellana y Literatura contribuye al desarrollo de todas las competencias clave como materia instrumental que es, particularmente la competencia en comunicaci\u00f3n ling\u00fc\u00edstica y la competencia en conciencia y expresi\u00f3n culturales. Para la primera de ellas nuestros esfuerzos est\u00e1n destinados a desarrollar las habilidades ling\u00fc\u00edsticas b\u00e1sicas: comprensi\u00f3n y expresi\u00f3n orales y escritas.<\/p><\/div>\n<div class=\"blog-btn\"><a href=\"https:\/\/site.educa.madrid.org\/ies.laarboleda.alcorcon\/index.php\/departamento-de-lengua-espanola-y-literatura\/\" class=\"home-blog-btn\">Leer m\u00e1s<\/a><\/p>\n","protected":false},"author":64,"featured_media":0,"parent":0,"menu_order":0,"comment_status":"closed","ping_status":"closed","template":"","meta":{"footnotes":""},"folder":[46],"class_list":["post-1035","page","type-page","status-publish","hentry"],"rttpg_featured_image_url":null,"rttpg_author":{"display_name":"Virginia D\u00edaz de Tuesta Garc\u00eda","author_link":"https:\/\/site.educa.madrid.org\/ies.laarboleda.alcorcon\/index.php\/author\/virginia-maria_diaz-de-tuesta-garca\/"},"rttpg_comment":0,"rttpg_category":" <a href=\"https:\/\/site.educa.madrid.org\/ies.laarboleda.alcorcon\/?taxonomy=folder&#038;term=departamentos-1653086396\" rel=\"tag\">Departamentos<\/a>","rttpg_excerpt":"La materia de Lengua Castellana y Literatura contribuye al desarrollo de todas las competencias clave como materia instrumental que es, particularmente la competencia en comunicaci\u00f3n ling\u00fc\u00edstica y la competencia en conciencia y expresi\u00f3n culturales. Para la primera de ellas nuestros esfuerzos est\u00e1n destinados a desarrollar las habilidades ling\u00fc\u00edsticas b\u00e1sicas: comprensi\u00f3n y expresi\u00f3n orales y escritas.Leer&hellip;","post_mailing_queue_ids":[],"_links":{"self":[{"href":"https:\/\/site.educa.madrid.org\/ies.laarboleda.alcorcon\/index.php\/wp-json\/wp\/v2\/pages\/1035","targetHints":{"allow":["GET"]}}],"collection":[{"href":"https:\/\/site.educa.madrid.org\/ies.laarboleda.alcorcon\/index.php\/wp-json\/wp\/v2\/pages"}],"about":[{"href":"https:\/\/site.educa.madrid.org\/ies.laarboleda.alcorcon\/index.php\/wp-json\/wp\/v2\/types\/page"}],"author":[{"embeddable":true,"href":"https:\/\/site.educa.madrid.org\/ies.laarboleda.alcorcon\/index.php\/wp-json\/wp\/v2\/users\/64"}],"replies":[{"embeddable":true,"href":"https:\/\/site.educa.madrid.org\/ies.laarboleda.alcorcon\/index.php\/wp-json\/wp\/v2\/comments?post=1035"}],"version-history":[{"count":50,"href":"https:\/\/site.educa.madrid.org\/ies.laarboleda.alcorcon\/index.php\/wp-json\/wp\/v2\/pages\/1035\/revisions"}],"predecessor-version":[{"id":6543,"href":"https:\/\/site.educa.madrid.org\/ies.laarboleda.alcorcon\/index.php\/wp-json\/wp\/v2\/pages\/1035\/revisions\/6543"}],"wp:attachment":[{"href":"https:\/\/site.educa.madrid.org\/ies.laarboleda.alcorcon\/index.php\/wp-json\/wp\/v2\/media?parent=1035"}],"wp:term":[{"taxonomy":"folder","embeddable":true,"href":"https:\/\/site.educa.madrid.org\/ies.laarboleda.alcorcon\/index.php\/wp-json\/wp\/v2\/folder?post=1035"}],"curies":[{"name":"wp","href":"https:\/\/api.w.org\/{rel}","templated":true}]}}