{"id":1055,"date":"2025-12-03T17:45:58","date_gmt":"2025-12-03T16:45:58","guid":{"rendered":"https:\/\/site.educa.madrid.org\/ies.laarboleda.alcorcon\/?page_id=1055"},"modified":"2025-12-03T17:48:59","modified_gmt":"2025-12-03T16:48:59","slug":"matematicas","status":"publish","type":"page","link":"https:\/\/site.educa.madrid.org\/ies.laarboleda.alcorcon\/index.php\/matematicas\/","title":{"rendered":"Matem\u00e1ticas"},"content":{"rendered":"<div id=\"pl-gb1055-6a0361e30aaa3\"  class=\"panel-layout panel-layout\" ><div id=\"pg-gb1055-6a0361e30aaa3-0\"  class=\"panel-grid panel-no-style\"  data-style=\"{&quot;background_image_attachment&quot;:false,&quot;background_display&quot;:&quot;tile&quot;,&quot;full_height&quot;:&quot;&quot;,&quot;cell_alignment&quot;:&quot;flex-start&quot;,&quot;link_overlay_new_window&quot;:&quot;&quot;}\" ><div id=\"pgc-gb1055-6a0361e30aaa3-0-0\"  class=\"panel-grid-cell\"  data-weight=\"0.3\" ><div id=\"panel-gb1055-6a0361e30aaa3-0-0-0\" class=\"so-panel widget widget_media_image panel-first-child panel-last-child\" data-index=\"0\" data-style=\"{&quot;background_image_attachment&quot;:false,&quot;background_display&quot;:&quot;tile&quot;,&quot;margin&quot;:&quot;0px 0px 0px 60px&quot;,&quot;link_overlay_new_window&quot;:&quot;&quot;}\" ><img loading=\"lazy\" decoding=\"async\" width=\"300\" height=\"197\" src=\"https:\/\/site.educa.madrid.org\/ies.laarboleda.alcorcon\/\/wp-content\/uploads\/ies.laarboleda.alcorcon\/2022\/05\/logo-300x197.jpg\" class=\"image wp-image-928  attachment-medium size-medium\" alt=\"\" style=\"max-width: 100%; height: auto;\" srcset=\"https:\/\/site.educa.madrid.org\/ies.laarboleda.alcorcon\/\/wp-content\/uploads\/ies.laarboleda.alcorcon\/2022\/05\/logo-300x197.jpg 300w, https:\/\/site.educa.madrid.org\/ies.laarboleda.alcorcon\/\/wp-content\/uploads\/ies.laarboleda.alcorcon\/2022\/05\/logo.jpg 567w\" sizes=\"auto, (max-width: 300px) 100vw, 300px\" \/><\/div><\/div><div id=\"pgc-gb1055-6a0361e30aaa3-0-1\"  class=\"panel-grid-cell\"  data-weight=\"0.7\" ><div id=\"panel-gb1055-6a0361e30aaa3-0-1-0\" class=\"so-panel widget widget_text panel-first-child panel-last-child\" data-index=\"1\" data-style=\"{&quot;background_image_attachment&quot;:false,&quot;background_display&quot;:&quot;tile&quot;,&quot;background_image_size&quot;:&quot;full&quot;,&quot;background_image_opacity&quot;:&quot;100&quot;,&quot;border_thickness&quot;:&quot;1px&quot;,&quot;link_overlay_new_window&quot;:&quot;&quot;}\" ><h3 class=\"widget-title\">Departamento de Matem\u00e1ticas<\/h3>\t\t\t<div class=\"textwidget\"><p>Miembros del Departamento<\/p>\n<ul>\n<li>Montserrat S\u00e1nchez<\/li>\n<li>Olga Montero Mart\u00edn<\/li>\n<li>Miguel Tar\u00edn\u00a0 (Jefe de Departamento)<\/li>\n<li>Bernd Kayser<\/li>\n<li>Virginia Aliseda<\/li>\n<li>David Varo<\/li>\n<li>Marta G\u00e1mez<\/li>\n<\/ul>\n<\/div>\n\t\t<\/div><\/div><\/div><\/div>\n\n<div id=\"pl-gb1055-6a0361e30b543\"  class=\"panel-layout panel-layout\" ><div id=\"pg-gb1055-6a0361e30b543-0\"  class=\"panel-grid panel-has-style\"  data-style=\"{&quot;background&quot;:&quot;#cceecc&quot;,&quot;background_image_attachment&quot;:false,&quot;background_display&quot;:&quot;tile&quot;,&quot;background_image_size&quot;:&quot;full&quot;,&quot;border_thickness&quot;:&quot;1px&quot;,&quot;full_height&quot;:&quot;&quot;,&quot;cell_alignment&quot;:&quot;flex-start&quot;,&quot;link_overlay_new_window&quot;:&quot;&quot;}\" ><div class=\"panel-row-style panel-row-style-for-gb1055-6a0361e30b543-0\" ><div id=\"pgc-gb1055-6a0361e30b543-0-0\"  class=\"panel-grid-cell\"  data-weight=\"1\" ><div id=\"panel-gb1055-6a0361e30b543-0-0-0\" class=\"so-panel widget widget_text panel-first-child panel-last-child\" data-index=\"0\" data-style=\"{&quot;background_image_attachment&quot;:false,&quot;background_display&quot;:&quot;tile&quot;,&quot;background_image_size&quot;:&quot;full&quot;,&quot;background_image_opacity&quot;:&quot;100&quot;,&quot;border_thickness&quot;:&quot;1px&quot;,&quot;link_overlay_new_window&quot;:&quot;&quot;}\" ><h3 class=\"widget-title\">Programaciones de Matem\u00e1ticas para el curso 25-26<\/h3>\t\t\t<div class=\"textwidget\"><p><a href=\"https:\/\/cloud.educa.madrid.org\/s\/ckKpEqeSwgCCAfw\">Enlace a las programaciones<\/a><\/p>\n<\/div>\n\t\t<\/div><\/div><\/div><\/div><div id=\"pg-gb1055-6a0361e30b543-1\"  class=\"panel-grid panel-has-style\"  data-style=\"{&quot;background&quot;:&quot;#cceecc&quot;,&quot;background_image_attachment&quot;:false,&quot;background_display&quot;:&quot;tile&quot;,&quot;background_image_size&quot;:&quot;full&quot;,&quot;border_thickness&quot;:&quot;1px&quot;,&quot;full_height&quot;:&quot;&quot;,&quot;cell_alignment&quot;:&quot;flex-start&quot;,&quot;link_overlay_new_window&quot;:&quot;&quot;}\" ><div class=\"panel-row-style panel-row-style-for-gb1055-6a0361e30b543-1\" ><div id=\"pgc-gb1055-6a0361e30b543-1-0\"  class=\"panel-grid-cell\"  data-weight=\"1\" ><div id=\"panel-gb1055-6a0361e30b543-1-0-0\" class=\"so-panel widget widget_text panel-first-child panel-last-child\" data-index=\"1\" data-style=\"{&quot;background_image_attachment&quot;:false,&quot;background_display&quot;:&quot;tile&quot;,&quot;background_image_size&quot;:&quot;full&quot;,&quot;background_image_opacity&quot;:&quot;100&quot;,&quot;border_thickness&quot;:&quot;1px&quot;,&quot;link_overlay_new_window&quot;:&quot;&quot;}\" ><h3 class=\"widget-title\">Criterios de calificaci\u00f3n del departamento del Matem\u00e1ticas para el curso 25-26<\/h3>\t\t\t<div class=\"textwidget\"><p><a href=\"https:\/\/cloud.educa.madrid.org\/s\/q6kBWwB8M38mrsf\">Enlace a los criterios de calificaci\u00f3n<\/a><\/p>\n<\/div>\n\t\t<\/div><\/div><\/div><\/div><div id=\"pg-gb1055-6a0361e30b543-2\"  class=\"panel-grid panel-has-style\"  data-style=\"{&quot;background&quot;:&quot;#cceecc&quot;,&quot;background_image_attachment&quot;:false,&quot;background_display&quot;:&quot;tile&quot;,&quot;background_image_size&quot;:&quot;full&quot;,&quot;border_thickness&quot;:&quot;1px&quot;,&quot;full_height&quot;:&quot;&quot;,&quot;cell_alignment&quot;:&quot;flex-start&quot;,&quot;link_overlay_new_window&quot;:&quot;&quot;}\" ><div class=\"panel-row-style panel-row-style-for-gb1055-6a0361e30b543-2\" ><div id=\"pgc-gb1055-6a0361e30b543-2-0\"  class=\"panel-grid-cell\"  data-weight=\"1\" ><div id=\"panel-gb1055-6a0361e30b543-2-0-0\" class=\"so-panel widget widget_text panel-first-child panel-last-child\" data-index=\"2\" data-style=\"{&quot;background_image_attachment&quot;:false,&quot;background_display&quot;:&quot;tile&quot;,&quot;background_image_size&quot;:&quot;full&quot;,&quot;border_thickness&quot;:&quot;1px&quot;,&quot;margin&quot;:&quot;0px 0px 0px 0px&quot;,&quot;link_overlay_new_window&quot;:&quot;&quot;}\" ><h3 class=\"widget-title\">Aulas virtuales del departamento de Matem\u00e1ticas<\/h3>\t\t\t<div class=\"textwidget\"><p><a href=\"https:\/\/aulavirtual33.educa.madrid.org\/ies.laarboleda.alcorcon\/course\/index.php?categoryid=78\">Enlace a las aulas virtuales<\/a><\/p>\n<\/div>\n\t\t<\/div><\/div><\/div><\/div><div id=\"pg-gb1055-6a0361e30b543-3\"  class=\"panel-grid panel-has-style\"  data-style=\"{&quot;background&quot;:&quot;#cceecc&quot;,&quot;background_image_attachment&quot;:false,&quot;background_display&quot;:&quot;tile&quot;,&quot;background_image_size&quot;:&quot;full&quot;,&quot;border_thickness&quot;:&quot;1px&quot;,&quot;full_height&quot;:&quot;&quot;,&quot;cell_alignment&quot;:&quot;flex-start&quot;,&quot;link_overlay_new_window&quot;:&quot;&quot;}\" ><div class=\"panel-row-style panel-row-style-for-gb1055-6a0361e30b543-3\" ><div id=\"pgc-gb1055-6a0361e30b543-3-0\"  class=\"panel-grid-cell\"  data-weight=\"1\" ><div id=\"panel-gb1055-6a0361e30b543-3-0-0\" class=\"so-panel widget widget_text panel-first-child panel-last-child\" data-index=\"3\" data-style=\"{&quot;background_image_attachment&quot;:false,&quot;background_display&quot;:&quot;tile&quot;,&quot;background_image_size&quot;:&quot;full&quot;,&quot;background_image_opacity&quot;:&quot;100&quot;,&quot;border_thickness&quot;:&quot;1px&quot;,&quot;link_overlay_new_window&quot;:&quot;&quot;}\" ><h3 class=\"widget-title\">Materias pendientes de cursos anteriores<\/h3>\t\t\t<div class=\"textwidget\"><p><strong>Plan de recuperaci\u00f3n de Matem\u00e1ticas y Refuerzo de Matem\u00e1ticas de 1\u00ba de ESO:<\/strong><\/p>\n<p><a href=\"https:\/\/cloud.educa.madrid.org\/s\/kNbWeW9L5PC2oWR\">Enlace al plan de recuperaci\u00f3n<\/a><\/p>\n<p>&nbsp;<\/p>\n<p><strong>Plan de recuperaci\u00f3n de Matem\u00e1ticas y Refuerzo de Matem\u00e1ticas de 2\u00ba de ESO:<\/strong><\/p>\n<p><a href=\"https:\/\/cloud.educa.madrid.org\/s\/eHyDHLFACoLTxp9\">Enlace al plan de recuperaci\u00f3n<\/a><\/p>\n<p>&nbsp;<\/p>\n<p><strong>Plan de recuperaci\u00f3n de Matem\u00e1ticas de 3\u00ba de ESO:<\/strong><\/p>\n<p><a href=\"https:\/\/cloud.educa.madrid.org\/s\/4MAXSeWFXAWegsQ\">Enlace al plan de recuperaci\u00f3n<\/a><\/p>\n<p>&nbsp;<\/p>\n<p><strong>Plan de recuperaci\u00f3n de Matem\u00e1ticas I y Matem\u00e1ticas Aplicadas a las Ciencias Sociales I de 1\u00ba de Bachillerato:<\/strong><\/p>\n<p><a href=\"https:\/\/cloud.educa.madrid.org\/s\/m66LxkGFBBxeTd3\">Enlace al plan de recuperaci\u00f3n<\/a><\/p>\n<p>&nbsp;<\/p>\n<p><strong>Clases de refuerzo para la recuperaci\u00f3n de las materias pendientes:<\/strong><\/p>\n<ul>\n<li>Alumnos con las materias de 2\u00ba de ESO en adelante suspensas: mi\u00e9rcoles de 14:20 a 15:10.<\/li>\n<\/ul>\n<\/div>\n\t\t<\/div><\/div><\/div><\/div><\/div>","protected":false},"excerpt":{"rendered":"<p>Miembros del Departamento Montserrat S\u00e1nchez Olga Montero Mart\u00edn Miguel Tar\u00edn\u00a0 (Jefe de Departamento) Bernd Kayser Virginia Aliseda David Varo Marta G\u00e1mez<\/p>\n","protected":false},"author":85,"featured_media":0,"parent":0,"menu_order":0,"comment_status":"closed","ping_status":"closed","template":"","meta":{"footnotes":""},"folder":[46],"class_list":["post-1055","page","type-page","status-publish","hentry"],"rttpg_featured_image_url":null,"rttpg_author":{"display_name":"Miguel Tar\u00edn Vegas","author_link":"https:\/\/site.educa.madrid.org\/ies.laarboleda.alcorcon\/index.php\/author\/miguel_tarn-vegas\/"},"rttpg_comment":0,"rttpg_category":" <a href=\"https:\/\/site.educa.madrid.org\/ies.laarboleda.alcorcon\/?taxonomy=folder&#038;term=departamentos-1653086396\" rel=\"tag\">Departamentos<\/a>","rttpg_excerpt":"Miembros del Departamento Montserrat S\u00e1nchez Olga Montero Mart\u00edn Miguel Tar\u00edn\u00a0 (Jefe de Departamento) Bernd Kayser Virginia Aliseda David Varo Marta G\u00e1mez","post_mailing_queue_ids":[],"_links":{"self":[{"href":"https:\/\/site.educa.madrid.org\/ies.laarboleda.alcorcon\/index.php\/wp-json\/wp\/v2\/pages\/1055","targetHints":{"allow":["GET"]}}],"collection":[{"href":"https:\/\/site.educa.madrid.org\/ies.laarboleda.alcorcon\/index.php\/wp-json\/wp\/v2\/pages"}],"about":[{"href":"https:\/\/site.educa.madrid.org\/ies.laarboleda.alcorcon\/index.php\/wp-json\/wp\/v2\/types\/page"}],"author":[{"embeddable":true,"href":"https:\/\/site.educa.madrid.org\/ies.laarboleda.alcorcon\/index.php\/wp-json\/wp\/v2\/users\/85"}],"replies":[{"embeddable":true,"href":"https:\/\/site.educa.madrid.org\/ies.laarboleda.alcorcon\/index.php\/wp-json\/wp\/v2\/comments?post=1055"}],"version-history":[{"count":43,"href":"https:\/\/site.educa.madrid.org\/ies.laarboleda.alcorcon\/index.php\/wp-json\/wp\/v2\/pages\/1055\/revisions"}],"predecessor-version":[{"id":6310,"href":"https:\/\/site.educa.madrid.org\/ies.laarboleda.alcorcon\/index.php\/wp-json\/wp\/v2\/pages\/1055\/revisions\/6310"}],"wp:attachment":[{"href":"https:\/\/site.educa.madrid.org\/ies.laarboleda.alcorcon\/index.php\/wp-json\/wp\/v2\/media?parent=1055"}],"wp:term":[{"taxonomy":"folder","embeddable":true,"href":"https:\/\/site.educa.madrid.org\/ies.laarboleda.alcorcon\/index.php\/wp-json\/wp\/v2\/folder?post=1055"}],"curies":[{"name":"wp","href":"https:\/\/api.w.org\/{rel}","templated":true}]}}