{"id":1080,"date":"2022-05-20T10:54:46","date_gmt":"2022-05-20T08:54:46","guid":{"rendered":"https:\/\/site.educa.madrid.org\/ies.laarboleda.alcorcon\/?page_id=1080"},"modified":"2026-04-15T23:12:02","modified_gmt":"2026-04-15T21:12:02","slug":"tecnologia","status":"publish","type":"page","link":"https:\/\/site.educa.madrid.org\/ies.laarboleda.alcorcon\/index.php\/tecnologia\/","title":{"rendered":"Tecnolog\u00eda"},"content":{"rendered":"<div id=\"pl-gb1080-6a03559db450f\"  class=\"panel-layout\" ><div id=\"pg-gb1080-6a03559db450f-0\"  class=\"panel-grid panel-no-style\"  data-style=\"{&quot;background_image_attachment&quot;:false,&quot;background_display&quot;:&quot;tile&quot;,&quot;full_height&quot;:&quot;&quot;,&quot;cell_alignment&quot;:&quot;flex-start&quot;,&quot;link_overlay_new_window&quot;:&quot;&quot;}\" ><div id=\"pgc-gb1080-6a03559db450f-0-0\"  class=\"panel-grid-cell\"  data-weight=\"0.3\" ><div id=\"panel-gb1080-6a03559db450f-0-0-0\" class=\"so-panel widget widget_media_image panel-first-child panel-last-child\" data-index=\"0\" data-style=\"{&quot;background_image_attachment&quot;:false,&quot;background_display&quot;:&quot;tile&quot;,&quot;margin&quot;:&quot;0px 0px 0px 60px&quot;,&quot;link_overlay_new_window&quot;:&quot;&quot;}\" ><img loading=\"lazy\" decoding=\"async\" width=\"150\" height=\"150\" src=\"https:\/\/site.educa.madrid.org\/ies.laarboleda.alcorcon\/\/wp-content\/uploads\/ies.laarboleda.alcorcon\/2022\/05\/Tecnologia-Logo-150x150.jpg\" class=\"image wp-image-1084  attachment-thumbnail size-thumbnail\" alt=\"\" style=\"max-width: 100%; height: auto;\" srcset=\"https:\/\/site.educa.madrid.org\/ies.laarboleda.alcorcon\/\/wp-content\/uploads\/ies.laarboleda.alcorcon\/2022\/05\/Tecnologia-Logo-150x150.jpg 150w, https:\/\/site.educa.madrid.org\/ies.laarboleda.alcorcon\/\/wp-content\/uploads\/ies.laarboleda.alcorcon\/2022\/05\/Tecnologia-Logo-300x300.jpg 300w\" sizes=\"auto, (max-width: 150px) 100vw, 150px\" \/><\/div><\/div><div id=\"pgc-gb1080-6a03559db450f-0-1\"  class=\"panel-grid-cell\"  data-weight=\"0.7\" ><div id=\"panel-gb1080-6a03559db450f-0-1-0\" class=\"so-panel widget widget_text panel-first-child panel-last-child\" data-index=\"1\" data-style=\"{&quot;background_image_attachment&quot;:false,&quot;background_display&quot;:&quot;tile&quot;,&quot;link_overlay_new_window&quot;:&quot;&quot;}\" ><h3 class=\"widget-title\">Departamento de Tecnolog\u00eda<\/h3>\t\t\t<div class=\"textwidget\"><\/div>\n\t\t<\/div><\/div><\/div><div id=\"pg-gb1080-6a03559db450f-1\"  class=\"panel-grid panel-has-style\"  data-style=\"{&quot;background&quot;:&quot;#cceecc&quot;,&quot;background_image_attachment&quot;:false,&quot;background_display&quot;:&quot;tile&quot;,&quot;full_height&quot;:&quot;&quot;,&quot;cell_alignment&quot;:&quot;flex-start&quot;,&quot;link_overlay_new_window&quot;:&quot;&quot;}\" ><div class=\"panel-row-style panel-row-style-for-gb1080-6a03559db450f-1\" ><div id=\"pgc-gb1080-6a03559db450f-1-0\"  class=\"panel-grid-cell\"  data-weight=\"1\" ><div id=\"panel-gb1080-6a03559db450f-1-0-0\" class=\"so-panel widget widget_text panel-first-child panel-last-child\" data-index=\"2\" data-style=\"{&quot;background_image_attachment&quot;:false,&quot;background_display&quot;:&quot;tile&quot;,&quot;margin&quot;:&quot;0px 60px 0px 60px&quot;,&quot;link_overlay_new_window&quot;:&quot;&quot;}\" ><h3 class=\"widget-title\">Noticias y avisos<\/h3>\t\t\t<div class=\"textwidget\"><\/div>\n\t\t<\/div><\/div><\/div><\/div><\/div>\n\n\n<p>\ud83d\udcdd<strong><a href=\"https:\/\/site.educa.madrid.org\/ies.laarboleda.alcorcon\/\/wp-content\/uploads\/ies.laarboleda.alcorcon\/2026\/04\/Criterios-Calificacion-Tecnologia-25-26.pdf\">Criterios de Calificaci\u00f3n Tecnolog\u00eda 2025-2026<\/a><\/strong><\/p>\n\n\n<ul class=\"wp-block-latest-posts__list has-dates has-author wp-block-latest-posts\"><li><a class=\"wp-block-latest-posts__post-title\" href=\"https:\/\/site.educa.madrid.org\/ies.laarboleda.alcorcon\/index.php\/2024\/03\/21\/el-i-e-s-la-arboleda-se-proclama-campeon-de-ajedrez-intercentros-de-alcorcon\/\">El I.E.S. La Arboleda se proclama campe\u00f3n de ajedrez intercentros de Alcorc\u00f3n.<\/a><div class=\"wp-block-latest-posts__post-author\">por Juan Carlos Gonzalez-Mohino Barbero<\/div><time datetime=\"2024-03-21T11:33:27+01:00\" class=\"wp-block-latest-posts__post-date\">21 marzo, 2024<\/time><div class=\"wp-block-latest-posts__post-full-content\">El pasado 20 de marzo se celebr\u00f3 en el primer torneo de ajedrez intercentros, organizado por el I.E.S. \u00cdtaca. Nuestros alumnos compet\u00edan tanto en la categor\u00eda de Bachillerato como en la de ESO, resultando ganadores en ambas.\n\nEn la m\u00e1xima categor\u00eda el dominio de nuestros chicos fue abrumador, ganando por 17 puntos de ventaja, no as\u00ed en el grupo de la ESO que logramos el primer puesto por tan solo medio punto, decidi\u00e9ndose todo en una \u00faltima y \u00e9pica partida.\n\nEspecial menci\u00f3n requiere nuestro representante John Terrones de 3\u00ba-A de ESO, que obtuvo el galard\u00f3n de mejor jugador individual en la categor\u00eda de Bachillerato, realizando una competici\u00f3n perfecta ganando las 8 partidas que disput\u00f3.\n\nDespu\u00e9s de haber cosechado este triunfo, quisiera enfatizar que lo m\u00e1s importante no fue el premio, lo realmente destacable fue la enorme deportividad con la que se comportaron todos los participantes y el buen ambiente que rein\u00f3 durante toda la competici\u00f3n, haciendo buena la m\u00e1xima de que en el ajedrez, como en la vida, nunca se pierde, o se gana o se aprende.\n\nA continuaci\u00f3n os dejo la clasificaci\u00f3n final y los nombres de nuestros seleccionados y ahora campeones:\n\n<strong>\u00a0Categor\u00eda Bachillerato:<\/strong>\n<table>\n<tbody>\n<tr>\n<td colspan=\"2\" width=\"215\"><strong>CLASIFICACI\u00d3N FINAL<\/strong><\/td>\n<td width=\"66\"><strong>PUNTOS<\/strong><\/td>\n<\/tr>\n<tr>\n<td width=\"28\">1\u00ba<\/td>\n<td width=\"187\">IES La Arboleda<\/td>\n<td width=\"66\">28<\/td>\n<\/tr>\n<tr>\n<td width=\"28\">2\u00ba<\/td>\n<td width=\"187\">IES Josefina Aldecoa<\/td>\n<td width=\"66\">11<\/td>\n<\/tr>\n<tr>\n<td width=\"28\">3\u00ba<\/td>\n<td width=\"187\">IES \u00cdtaca<\/td>\n<td width=\"66\">9<\/td>\n<\/tr>\n<\/tbody>\n<\/table>\n<strong>Categor\u00eda ESO:<\/strong>\n<table>\n<tbody>\n<tr>\n<td colspan=\"2\" width=\"215\"><strong>CLASIFICACI\u00d3N FINAL<\/strong><\/td>\n<td width=\"66\"><strong>PUNTOS<\/strong><\/td>\n<\/tr>\n<tr>\n<td width=\"28\">1\u00ba<\/td>\n<td width=\"187\">IES La Arboleda<\/td>\n<td width=\"66\">18<\/td>\n<\/tr>\n<tr>\n<td width=\"28\">2\u00ba<\/td>\n<td width=\"187\">IES \u00cdtaca<\/td>\n<td width=\"66\">17,5<\/td>\n<\/tr>\n<tr>\n<td width=\"28\">3\u00ba<\/td>\n<td width=\"187\">IES Prado Santo Domingo<\/td>\n<td width=\"66\">12,5<\/td>\n<\/tr>\n<\/tbody>\n<\/table>\nPor \u00faltimo, nos gustar\u00eda agradecer al IES \u00cdtaca la organizaci\u00f3n de esta excelente iniciativa, la cual no hubiese sido posible sin el esfuerzo e implicaci\u00f3n de <strong>D. Jos\u00e9 S\u00e1nchez \u00c1lvarez<\/strong>, organizador del torneo, y <strong>D. Jos\u00e9 Manuel Redondo Mart\u00edn<\/strong>, director del IES \u00cdtaca, ambos en la foto, que pusieron mucha ilusi\u00f3n y los medios humanos, t\u00e9cnicos y econ\u00f3micos para hacer viable este torneo.\n\n<img loading=\"lazy\" decoding=\"async\" class=\"alignnone size-medium wp-image-4605\" src=\"https:\/\/site.educa.madrid.org\/ies.laarboleda.alcorcon\/\/wp-content\/uploads\/ies.laarboleda.alcorcon\/2024\/03\/Ajedrez-1-300x225.jpg\" alt=\"\" width=\"300\" height=\"225\" srcset=\"https:\/\/site.educa.madrid.org\/ies.laarboleda.alcorcon\/\/wp-content\/uploads\/ies.laarboleda.alcorcon\/2024\/03\/Ajedrez-1-300x225.jpg 300w, https:\/\/site.educa.madrid.org\/ies.laarboleda.alcorcon\/\/wp-content\/uploads\/ies.laarboleda.alcorcon\/2024\/03\/Ajedrez-1-768x576.jpg 768w, https:\/\/site.educa.madrid.org\/ies.laarboleda.alcorcon\/\/wp-content\/uploads\/ies.laarboleda.alcorcon\/2024\/03\/Ajedrez-1.jpg 798w\" sizes=\"auto, (max-width: 300px) 100vw, 300px\" \/>\u00a0 \u00a0 \u00a0 \u00a0 \u00a0 \u00a0 \u00a0 \u00a0 \u00a0 \u00a0 \u00a0 \u00a0 \u00a0 \u00a0 \u00a0 \u00a0 \u00a0 \u00a0 \u00a0 \u00a0 <img loading=\"lazy\" decoding=\"async\" class=\"alignnone size-medium wp-image-4606\" src=\"https:\/\/site.educa.madrid.org\/ies.laarboleda.alcorcon\/\/wp-content\/uploads\/ies.laarboleda.alcorcon\/2024\/03\/Ajedrez-2-300x225.jpg\" alt=\"\" width=\"300\" height=\"225\" srcset=\"https:\/\/site.educa.madrid.org\/ies.laarboleda.alcorcon\/\/wp-content\/uploads\/ies.laarboleda.alcorcon\/2024\/03\/Ajedrez-2-300x225.jpg 300w, https:\/\/site.educa.madrid.org\/ies.laarboleda.alcorcon\/\/wp-content\/uploads\/ies.laarboleda.alcorcon\/2024\/03\/Ajedrez-2-768x576.jpg 768w, https:\/\/site.educa.madrid.org\/ies.laarboleda.alcorcon\/\/wp-content\/uploads\/ies.laarboleda.alcorcon\/2024\/03\/Ajedrez-2.jpg 805w\" sizes=\"auto, (max-width: 300px) 100vw, 300px\" \/>\n\nLos alumnos participanes fueron: John L Terrones, Nicol\u00e1s Calder\u00f3n, Christian M. Beswick, Ismael El Azizi, Hugo Yuste,\u00a0 David L\u00f3pez, H\u00e9ctor Rodr\u00edguez y Est\u00e9fano G. Pierola.\n<p style=\"text-align: center\"><strong>\u00a1ENHORABUENA CAMPEONES!<\/strong><\/p><\/div><\/li>\n<li><a class=\"wp-block-latest-posts__post-title\" href=\"https:\/\/site.educa.madrid.org\/ies.laarboleda.alcorcon\/index.php\/2023\/05\/15\/nueva-ediccion-del-concurso-de-puentes\/\">NUEVA  EDICCI\u00d3N DEL CONCURSO DE PUENTES.<\/a><div class=\"wp-block-latest-posts__post-author\">por Juan Carlos Gonzalez-Mohino Barbero<\/div><time datetime=\"2023-05-15T13:21:01+02:00\" class=\"wp-block-latest-posts__post-date\">15 mayo, 2023<\/time><div class=\"wp-block-latest-posts__post-full-content\"><img loading=\"lazy\" decoding=\"async\" class=\"alignnone  wp-image-3580\" src=\"https:\/\/site.educa.madrid.org\/ies.laarboleda.alcorcon\/\/wp-content\/uploads\/ies.laarboleda.alcorcon\/2023\/05\/Cartel_puentes-212x300.jpg\" alt=\"\" width=\"281\" height=\"398\" srcset=\"https:\/\/site.educa.madrid.org\/ies.laarboleda.alcorcon\/\/wp-content\/uploads\/ies.laarboleda.alcorcon\/2023\/05\/Cartel_puentes-212x300.jpg 212w, https:\/\/site.educa.madrid.org\/ies.laarboleda.alcorcon\/\/wp-content\/uploads\/ies.laarboleda.alcorcon\/2023\/05\/Cartel_puentes-724x1024.jpg 724w, https:\/\/site.educa.madrid.org\/ies.laarboleda.alcorcon\/\/wp-content\/uploads\/ies.laarboleda.alcorcon\/2023\/05\/Cartel_puentes-768x1086.jpg 768w, https:\/\/site.educa.madrid.org\/ies.laarboleda.alcorcon\/\/wp-content\/uploads\/ies.laarboleda.alcorcon\/2023\/05\/Cartel_puentes-1086x1536.jpg 1086w, https:\/\/site.educa.madrid.org\/ies.laarboleda.alcorcon\/\/wp-content\/uploads\/ies.laarboleda.alcorcon\/2023\/05\/Cartel_puentes-1448x2048.jpg 1448w, https:\/\/site.educa.madrid.org\/ies.laarboleda.alcorcon\/\/wp-content\/uploads\/ies.laarboleda.alcorcon\/2023\/05\/Cartel_puentes-scaled.jpg 1810w\" sizes=\"auto, (max-width: 281px) 100vw, 281px\" \/><\/div><\/li>\n<li><a class=\"wp-block-latest-posts__post-title\" href=\"https:\/\/site.educa.madrid.org\/ies.laarboleda.alcorcon\/index.php\/2023\/01\/25\/comunicacion-pendientes-tecnologia\/\">Comunicaci\u00f3n pendientes Tecnolog\u00eda<\/a><div class=\"wp-block-latest-posts__post-author\">por Fernando P\u00e9rez-Baquero Villalba<\/div><time datetime=\"2023-01-25T11:46:17+01:00\" class=\"wp-block-latest-posts__post-date\">25 enero, 2023<\/time><div class=\"wp-block-latest-posts__post-full-content\"><p><a href=\"https:\/\/site.educa.madrid.org\/ies.laarboleda.alcorcon\/\/wp-content\/uploads\/ies.laarboleda.alcorcon\/2023\/01\/Comunicacion_Pendientes_1_ESO.pdf\">Comunicacion_Pendientes_1_ESO<\/a><\/p>\n<p><a href=\"https:\/\/site.educa.madrid.org\/ies.laarboleda.alcorcon\/\/wp-content\/uploads\/ies.laarboleda.alcorcon\/2023\/01\/Comunicacion_Pendientes_2_ESO.pdf\">Comunicacion_Pendientes_2_ESO<\/a><\/p>\n<p><a href=\"https:\/\/site.educa.madrid.org\/ies.laarboleda.alcorcon\/\/wp-content\/uploads\/ies.laarboleda.alcorcon\/2023\/01\/Comunicacion_Pendientes_3_ESO.pdf\">Comunicacion_Pendientes_3_ESO<\/a><\/p>\n\n<!-- wp:paragraph -->\n<p><\/p>\n<!-- \/wp:paragraph --><\/div><\/li>\n<\/ul>\n\n\n<p><\/p>\n\n\n\n<p><\/p>\n\n\n<div>Tienes que a\u00f1adir un widget, una fila o un dise\u00f1o preconstruido antes de que puedas ver algo aqu\u00ed. \ud83d\ude42<\/div>\n\n\n<p><\/p>\n","protected":false},"excerpt":{"rendered":"<p>\ud83d\udcddCriterios de Calificaci\u00f3n Tecnolog\u00eda 2025-2026<\/p>\n","protected":false},"author":40,"featured_media":0,"parent":0,"menu_order":0,"comment_status":"closed","ping_status":"closed","template":"","meta":{"footnotes":""},"folder":[46],"class_list":["post-1080","page","type-page","status-publish","hentry"],"rttpg_featured_image_url":null,"rttpg_author":{"display_name":"Fernando P\u00e9rez-Baquero Villalba","author_link":"https:\/\/site.educa.madrid.org\/ies.laarboleda.alcorcon\/index.php\/author\/fernando_prez-baquero-villalba\/"},"rttpg_comment":0,"rttpg_category":" <a href=\"https:\/\/site.educa.madrid.org\/ies.laarboleda.alcorcon\/?taxonomy=folder&#038;term=departamentos-1653086396\" rel=\"tag\">Departamentos<\/a>","rttpg_excerpt":"\ud83d\udcddCriterios de Calificaci\u00f3n Tecnolog\u00eda 2025-2026","post_mailing_queue_ids":[],"_links":{"self":[{"href":"https:\/\/site.educa.madrid.org\/ies.laarboleda.alcorcon\/index.php\/wp-json\/wp\/v2\/pages\/1080","targetHints":{"allow":["GET"]}}],"collection":[{"href":"https:\/\/site.educa.madrid.org\/ies.laarboleda.alcorcon\/index.php\/wp-json\/wp\/v2\/pages"}],"about":[{"href":"https:\/\/site.educa.madrid.org\/ies.laarboleda.alcorcon\/index.php\/wp-json\/wp\/v2\/types\/page"}],"author":[{"embeddable":true,"href":"https:\/\/site.educa.madrid.org\/ies.laarboleda.alcorcon\/index.php\/wp-json\/wp\/v2\/users\/40"}],"replies":[{"embeddable":true,"href":"https:\/\/site.educa.madrid.org\/ies.laarboleda.alcorcon\/index.php\/wp-json\/wp\/v2\/comments?post=1080"}],"version-history":[{"count":14,"href":"https:\/\/site.educa.madrid.org\/ies.laarboleda.alcorcon\/index.php\/wp-json\/wp\/v2\/pages\/1080\/revisions"}],"predecessor-version":[{"id":6754,"href":"https:\/\/site.educa.madrid.org\/ies.laarboleda.alcorcon\/index.php\/wp-json\/wp\/v2\/pages\/1080\/revisions\/6754"}],"wp:attachment":[{"href":"https:\/\/site.educa.madrid.org\/ies.laarboleda.alcorcon\/index.php\/wp-json\/wp\/v2\/media?parent=1080"}],"wp:term":[{"taxonomy":"folder","embeddable":true,"href":"https:\/\/site.educa.madrid.org\/ies.laarboleda.alcorcon\/index.php\/wp-json\/wp\/v2\/folder?post=1080"}],"curies":[{"name":"wp","href":"https:\/\/api.w.org\/{rel}","templated":true}]}}