{"id":1259,"date":"2022-05-27T19:50:00","date_gmt":"2022-05-27T17:50:00","guid":{"rendered":"https:\/\/site.educa.madrid.org\/ies.laarboleda.alcorcon\/?page_id=1259"},"modified":"2023-06-01T10:41:48","modified_gmt":"2023-06-01T08:41:48","slug":"otros-tramites","status":"publish","type":"page","link":"https:\/\/site.educa.madrid.org\/ies.laarboleda.alcorcon\/index.php\/otros-tramites\/","title":{"rendered":"Otros tr\u00e1mites"},"content":{"rendered":"<p><style>\n.widget-title { text-align: center; }<br \/>\n<\/style>\n<\/p>\n\n<div id=\"pl-gb1259-6a035552ada1f\"  class=\"panel-layout\" ><div id=\"pg-gb1259-6a035552ada1f-0\"  class=\"panel-grid panel-has-style\"  data-style=\"{&quot;background&quot;:&quot;#cceecc&quot;,&quot;background_image_attachment&quot;:false,&quot;background_display&quot;:&quot;tile&quot;,&quot;full_height&quot;:&quot;&quot;,&quot;cell_alignment&quot;:&quot;flex-start&quot;,&quot;link_overlay_new_window&quot;:&quot;&quot;}\" ><div class=\"panel-row-style panel-row-style-for-gb1259-6a035552ada1f-0\" ><div id=\"pgc-gb1259-6a035552ada1f-0-0\"  class=\"panel-grid-cell\"  data-weight=\"1\" ><div id=\"panel-gb1259-6a035552ada1f-0-0-0\" class=\"so-panel widget widget_sow-editor panel-first-child panel-last-child\" data-index=\"0\" data-style=\"{&quot;background_image_attachment&quot;:false,&quot;background_display&quot;:&quot;tile&quot;,&quot;margin&quot;:&quot;0px 60px 0px 60px&quot;,&quot;link_overlay_new_window&quot;:&quot;&quot;}\" ><div\n\t\t\t\n\t\t\tclass=\"so-widget-sow-editor so-widget-sow-editor-base\"\n\t\t\t\n\t\t><h3 class=\"widget-title\">Becas<\/h3>\n<div class=\"siteorigin-widget-tinymce textwidget\">\n\t<div id=\"pg-gb1259-62bd69c2aaae0-0\" class=\"panel-grid panel-has-style\">\n<div class=\"panel-row-style panel-row-style-for-gb1259-62bd69c2aaae0-0\">\n<div id=\"pgc-gb1259-62bd69c2aaae0-0-0\" class=\"panel-grid-cell\">\n<div id=\"panel-gb1259-62bd69c2aaae0-0-0-0\" class=\"so-panel widget widget_text panel-first-child panel-last-child\" data-index=\"0\">\n<ul>\n<li class=\"widget-title\" style=\"text-align: left;\"><a href=\"http:\/\/www.educacionyfp.gob.es\/servicios-al-ciudadano\/catalogo\/estudiantes\/becas-ayudas\/para-estudiar.html\">Becas, ayudas y subvenciones del Ministerio de Educaci\u00f3n<\/a><\/li>\n<li class=\"widget-title\" style=\"text-align: left;\"><a href=\"https:\/\/www.comunidad.madrid\/servicios\/educacion\/becas-estudio-programas-segunda-oportunidad\"> Becas para el estudio de Programas de Segunda Oportunidad<\/a><\/li>\n<li class=\"widget-title\" style=\"text-align: left;\"><a href=\"http:\/\/www.educacionyfp.gob.es\/gl\/servicios-al-ciudadano\/catalogo\/estudiantes\/becas-ayudas\/para-estudiar\/primaria-secundaria\/necesidad-especifica-apoyo-educativo.html\">Becas y ayudas para alumnos con necesidad espec\u00edfica de apoyo educativo<\/a><\/li>\n<\/ul>\n<div class=\"textwidget\"><\/div>\n<\/div>\n<\/div>\n<\/div>\n<\/div>\n<\/div>\n<\/div><\/div><\/div><\/div><\/div><div id=\"pg-gb1259-6a035552ada1f-1\"  class=\"panel-grid panel-has-style\"  data-style=\"{&quot;background&quot;:&quot;#cceecc&quot;,&quot;background_image_attachment&quot;:false,&quot;background_display&quot;:&quot;tile&quot;,&quot;full_height&quot;:&quot;&quot;,&quot;cell_alignment&quot;:&quot;flex-start&quot;,&quot;link_overlay_new_window&quot;:&quot;&quot;}\" ><div class=\"panel-row-style panel-row-style-for-gb1259-6a035552ada1f-1\" ><div id=\"pgc-gb1259-6a035552ada1f-1-0\"  class=\"panel-grid-cell\"  data-weight=\"1\" ><div id=\"panel-gb1259-6a035552ada1f-1-0-0\" class=\"so-panel widget widget_sow-editor panel-first-child panel-last-child\" data-index=\"1\" data-style=\"{&quot;background_image_attachment&quot;:false,&quot;background_display&quot;:&quot;tile&quot;,&quot;margin&quot;:&quot;0px 60px 0px 60px&quot;,&quot;link_overlay_new_window&quot;:&quot;&quot;}\" ><div\n\t\t\t\n\t\t\tclass=\"so-widget-sow-editor so-widget-sow-editor-base\"\n\t\t\t\n\t\t><h3 class=\"widget-title\">Procesos de baja y cancelaci\u00f3n de matr\u00edcula<\/h3>\n<div class=\"siteorigin-widget-tinymce textwidget\">\n\t<div id=\"pg-gb1259-62bd69c2aaae0-0\" class=\"panel-grid panel-has-style\">\n<div class=\"panel-row-style panel-row-style-for-gb1259-62bd69c2aaae0-0\">\n<div id=\"pgc-gb1259-62bd69c2aaae0-0-0\" class=\"panel-grid-cell\">\n<div id=\"panel-gb1259-62bd69c2aaae0-0-0-0\" class=\"so-panel widget widget_text panel-first-child panel-last-child\" data-index=\"0\">\n<ul>\n<li class=\"widget-title\" style=\"text-align: left;\"><strong>Proceso de baja Bachillerato:<\/strong> A continuaci\u00f3n encontrar el formulario a entregar para completar el proceso de baja en Bachillerato<\/li>\n<\/ul>\n<div class=\"textwidget\">\n<p style=\"padding-left: 40px; text-align: left;\"><a href=\"https:\/\/site.educa.madrid.org\/ies.laarboleda.alcorcon\/\/wp-content\/uploads\/ies.laarboleda.alcorcon\/2022\/05\/Baja-Bachillerato-n.pdf\">Baja Bachillerato<\/a><\/p>\n<ul>\n<li>\n<p class=\"widget-title\" style=\"text-align: left;\"><strong>Proceso de cancelaci\u00f3n matricula FP:<\/strong> A continuaci\u00f3n encontrar el formulario a entregar para completar el proceso de cancelaci\u00f3n matricula en FP<\/p>\n<div class=\"textwidget\">\n<p style=\"text-align: left;\"><a href=\"https:\/\/site.educa.madrid.org\/ies.laarboleda.alcorcon\/\/wp-content\/uploads\/ies.laarboleda.alcorcon\/2022\/05\/Solicituddecancelaciondematricula-fp.pdf\">Solicitud de cancelaci\u00f3n de matr\u00edcula de Formaci\u00f3n Profesional<\/a><\/p>\n<\/div>\n<h3 class=\"widget-title\"><\/h3>\n<\/li>\n<\/ul>\n<\/div>\n<\/div>\n<\/div>\n<\/div>\n<\/div>\n<\/div>\n<\/div><\/div><\/div><\/div><\/div><div id=\"pg-gb1259-6a035552ada1f-2\"  class=\"panel-grid panel-has-style\"  data-style=\"{&quot;background&quot;:&quot;#cceecc&quot;,&quot;background_image_attachment&quot;:false,&quot;background_display&quot;:&quot;tile&quot;,&quot;full_height&quot;:&quot;&quot;,&quot;cell_alignment&quot;:&quot;flex-start&quot;,&quot;link_overlay_new_window&quot;:&quot;&quot;}\" ><div class=\"panel-row-style panel-row-style-for-gb1259-6a035552ada1f-2\" ><div id=\"pgc-gb1259-6a035552ada1f-2-0\"  class=\"panel-grid-cell\"  data-weight=\"1\" ><div id=\"panel-gb1259-6a035552ada1f-2-0-0\" class=\"so-panel widget widget_sow-editor panel-first-child panel-last-child\" data-index=\"2\" data-style=\"{&quot;background_image_attachment&quot;:false,&quot;background_display&quot;:&quot;tile&quot;,&quot;margin&quot;:&quot;0px 60px 0px 60px&quot;,&quot;link_overlay_new_window&quot;:&quot;&quot;}\" ><div\n\t\t\t\n\t\t\tclass=\"so-widget-sow-editor so-widget-sow-editor-base\"\n\t\t\t\n\t\t><h3 class=\"widget-title\">Formularios Gen\u00e9ricos<\/h3>\n<div class=\"siteorigin-widget-tinymce textwidget\">\n\t<div class=\"textwidget\">\n<div class=\"textwidget\">\n<div class=\"textwidget\">\n<div class=\"textwidget\">\n<ul>\n<li><a href=\"https:\/\/site.educa.madrid.org\/ies.laarboleda.alcorcon\/\/wp-content\/uploads\/ies.laarboleda.alcorcon\/2022\/05\/Instancia-Solicitud-general_v2.pdf\">Instancia Solicitud General (versi\u00f3n 2)<\/a><\/li>\n<li><a href=\"https:\/\/site.educa.madrid.org\/ies.laarboleda.alcorcon\/\/wp-content\/uploads\/ies.laarboleda.alcorcon\/2022\/05\/IMPRESO-SOLICITUD-CERTIFICACIONES.pdf\">Impreso de Solicitud de Certificaciones<\/a><\/li>\n<\/ul>\n<\/div>\n<\/div>\n<\/div>\n<\/div>\n<\/div>\n<\/div><\/div><\/div><\/div><\/div><\/div>\n\n\n<p><\/p>\n","protected":false},"excerpt":{"rendered":"","protected":false},"author":19,"featured_media":0,"parent":0,"menu_order":0,"comment_status":"closed","ping_status":"closed","template":"","meta":{"footnotes":""},"folder":[50],"class_list":["post-1259","page","type-page","status-publish","hentry"],"rttpg_featured_image_url":null,"rttpg_author":{"display_name":"Juan Carlos Gonzalez-Mohino Barbero","author_link":"https:\/\/site.educa.madrid.org\/ies.laarboleda.alcorcon\/index.php\/author\/juan-c_gonzlez-mohino-barbero\/"},"rttpg_comment":0,"rttpg_category":" <a href=\"https:\/\/site.educa.madrid.org\/ies.laarboleda.alcorcon\/?taxonomy=folder&#038;term=secretaria-1654027046\" rel=\"tag\">Secretar\u00eda<\/a>","rttpg_excerpt":null,"post_mailing_queue_ids":[],"_links":{"self":[{"href":"https:\/\/site.educa.madrid.org\/ies.laarboleda.alcorcon\/index.php\/wp-json\/wp\/v2\/pages\/1259","targetHints":{"allow":["GET"]}}],"collection":[{"href":"https:\/\/site.educa.madrid.org\/ies.laarboleda.alcorcon\/index.php\/wp-json\/wp\/v2\/pages"}],"about":[{"href":"https:\/\/site.educa.madrid.org\/ies.laarboleda.alcorcon\/index.php\/wp-json\/wp\/v2\/types\/page"}],"author":[{"embeddable":true,"href":"https:\/\/site.educa.madrid.org\/ies.laarboleda.alcorcon\/index.php\/wp-json\/wp\/v2\/users\/19"}],"replies":[{"embeddable":true,"href":"https:\/\/site.educa.madrid.org\/ies.laarboleda.alcorcon\/index.php\/wp-json\/wp\/v2\/comments?post=1259"}],"version-history":[{"count":13,"href":"https:\/\/site.educa.madrid.org\/ies.laarboleda.alcorcon\/index.php\/wp-json\/wp\/v2\/pages\/1259\/revisions"}],"predecessor-version":[{"id":1870,"href":"https:\/\/site.educa.madrid.org\/ies.laarboleda.alcorcon\/index.php\/wp-json\/wp\/v2\/pages\/1259\/revisions\/1870"}],"wp:attachment":[{"href":"https:\/\/site.educa.madrid.org\/ies.laarboleda.alcorcon\/index.php\/wp-json\/wp\/v2\/media?parent=1259"}],"wp:term":[{"taxonomy":"folder","embeddable":true,"href":"https:\/\/site.educa.madrid.org\/ies.laarboleda.alcorcon\/index.php\/wp-json\/wp\/v2\/folder?post=1259"}],"curies":[{"name":"wp","href":"https:\/\/api.w.org\/{rel}","templated":true}]}}