{"id":1269,"date":"2022-05-27T20:06:54","date_gmt":"2022-05-27T18:06:54","guid":{"rendered":"https:\/\/site.educa.madrid.org\/ies.laarboleda.alcorcon\/?page_id=1269"},"modified":"2025-05-21T10:28:51","modified_gmt":"2025-05-21T08:28:51","slug":"matriculacion","status":"publish","type":"page","link":"https:\/\/site.educa.madrid.org\/ies.laarboleda.alcorcon\/index.php\/matriculacion\/","title":{"rendered":"Matriculaci\u00f3n ESO"},"content":{"rendered":"<div id=\"pl-gb1269-6a034aafb5abd\"  class=\"panel-layout panel-layout\" ><div id=\"pg-gb1269-6a034aafb5abd-0\"  class=\"panel-grid panel-has-style\"  data-style=\"{&quot;background&quot;:&quot;#bbddbb&quot;,&quot;background_image_attachment&quot;:false,&quot;background_display&quot;:&quot;tile&quot;,&quot;full_height&quot;:&quot;&quot;,&quot;cell_alignment&quot;:&quot;flex-start&quot;,&quot;link_overlay_new_window&quot;:&quot;&quot;}\" ><div class=\"panel-row-style panel-row-style-for-gb1269-6a034aafb5abd-0\" ><div id=\"pgc-gb1269-6a034aafb5abd-0-0\"  class=\"panel-grid-cell\"  data-weight=\"1\" ><div id=\"panel-gb1269-6a034aafb5abd-0-0-0\" class=\"so-panel widget widget_sow-editor panel-first-child panel-last-child\" data-index=\"0\" data-style=\"{&quot;background_image_attachment&quot;:false,&quot;background_display&quot;:&quot;tile&quot;,&quot;background_image_size&quot;:&quot;full&quot;,&quot;background_image_opacity&quot;:&quot;100&quot;,&quot;border_thickness&quot;:&quot;1px&quot;,&quot;margin&quot;:&quot;0px 60px 0px 60px&quot;,&quot;link_overlay_new_window&quot;:&quot;&quot;}\" ><div\n\t\t\t\n\t\t\tclass=\"so-widget-sow-editor so-widget-sow-editor-base\"\n\t\t\t\n\t\t><h3 class=\"widget-title\">Procedimiento<\/h3>\n<div class=\"siteorigin-widget-tinymce textwidget\">\n\t<h2 class=\"CDt4Ke zfr3Q\" style=\"text-align: center\"><span class=\" gBYvFf\"><strong>Informaci\u00f3n general matr\u00edcula para alumnos de ESO<\/strong><\/span><\/h2>\n<p class=\"CDt4Ke zfr3Q\" dir=\"ltr\" style=\"text-align: center\"><strong>EL HORARIO DE SECRETAR\u00cdA ES DE LUNES A VIERNES DE<\/strong><\/p>\n<p class=\"CDt4Ke zfr3Q\" dir=\"ltr\" style=\"text-align: center\"><span class=\" jgG6ef\"><strong>09:30 a 12:00 horas.<\/strong><\/span><\/p>\n<h2 class=\"CDt4Ke zfr3Q\" style=\"text-align: center\"><span class=\" jgG6ef\"><strong>DOCUMENTACI\u00d3N PARA FORMALIZAR LA MATR\u00cdCULA DE LOS ALUMNOS\/AS DEL CENTRO.<\/strong><\/span><\/h2>\n<p class=\"CDt4Ke zfr3Q\" dir=\"ltr\">1. <em><strong>Solicitud de matr\u00edcula<\/strong><\/em>, que ser\u00e1 cumplimentada en los <strong>formularios matriculaci\u00f3n<\/strong> (los encontrar\u00e1s en la siguiente secci\u00f3n). Se debe rellenar on-line, guardar el PDF, y traer impresas todas las hojas que genere el documento. Deber\u00e1n estar firmadas por ambos padres o tutores legales, debi\u00e9ndose justificar formalmente cualquier incidencia sobre la firma o rellenar la <a class=\"XqQF9c rXJpyf\" href=\"https:\/\/drive.google.com\/file\/d\/1485iIC_cjCilPunZMfeNm1VZ6kSU3EU6\/view?usp=sharing\" target=\"_blank\" rel=\"noopener\"><strong><a href=\"https:\/\/site.educa.madrid.org\/ies.laarboleda.alcorcon\/\/wp-content\/uploads\/ies.laarboleda.alcorcon\/2025\/02\/25_26_modelo_declaracion_responsable.pdf\">25_26_modelo_declaracion_responsable<\/a><\/strong><\/a> en el archivo que encontrar\u00e1n pinchando sobre dichas palabras..<\/p>\n<p class=\"CDt4Ke zfr3Q\" dir=\"ltr\">2. <em><strong>D.N.I. o Documento identificativo<\/strong><\/em> (original y fotocopia). Para aquellos alumnos menos de 14 a\u00f1os que a\u00fan no disponen de D.N.I. entregar\u00e1n original y fotocopia del Libro de Familia o Partida de nacimiento.<\/p>\n<p class=\"CDt4Ke zfr3Q\" dir=\"ltr\">3. <em><strong>Recibo del pago del SEGURO ESCOLAR 3\u00ba y 4\u00ba\u00a0<\/strong><\/em> (1,12 EUROS).<\/p>\n<p class=\"CDt4Ke zfr3Q\" dir=\"ltr\">*No tienen que pagar seguro ni los alumnos\/as de <strong>1\u00ba y 2\u00ba E.S.O.<\/strong>, ni aquellos alumnos\/as que hayan cumplido antes del comienzo de curso 28 a\u00f1os.<\/p>\n<p dir=\"ltr\"><strong>4. Recibo del pago de la Agenda Escolar 1\u00ba y 2\u00ba ESO : 3 euros <\/strong>(documento necesario para la organizaci\u00f3n del alumno\/a)<\/p>\n<p dir=\"ltr\"><strong>IMPORTANTE:<\/strong><\/p>\n<p class=\"CDt4Ke zfr3Q\" dir=\"ltr\">Para realizar los pagos deber\u00e1n ser ingresados en la cuenta de<strong> CAIXBANK <\/strong><strong>ES09 2100 6366 9713 0018 0224<\/strong><\/p>\n<p class=\"CDt4Ke zfr3Q\" dir=\"ltr\"><strong> * Imprescindible poner el nombre del alumno\/a en el concepto del ingreso <\/strong>( seguro\/ agenda escolar)<\/p>\n<p class=\"CDt4Ke zfr3Q\" dir=\"ltr\"><strong> * ES FUNDAMENTAL PAGAR EL IMPORTE EXACTO PUES EL CENTRO NO DEVUELVE EL DINERO QUE SE PAGUE DE M\u00c1S.<\/strong><\/p>\n<p class=\"CDt4Ke zfr3Q\" dir=\"ltr\"><strong>Por eso el pago no debe hacerse desde un cajero porque no devuelve dinero. Deber\u00e1 hacerse por transferencia a la cuenta del instituto desde la propia cuenta del alumno o un ingreso en efectivo en una oficina de Caixabank.<\/strong><\/p>\n<p class=\"CDt4Ke zfr3Q\" dir=\"ltr\">5<strong>. Los alumnos\/as de 1\u00ba y 2\u00ba de ESO deber\u00e1n presentar original y fotocopia de la cartilla de la Seguridad Social.<\/strong><\/p>\n<p class=\"CDt4Ke zfr3Q\" dir=\"ltr\">6. Si es familia numerosa, original y fotocopia del carnet correspondiente.<\/p>\n<p class=\"CDt4Ke zfr3Q\" dir=\"ltr\">7. <strong>IMPORTANTE<\/strong>: leer la informaci\u00f3n sobre la <a class=\"XqQF9c rXJpyf\" href=\"https:\/\/www.google.com\/url?q=https%3A%2F%2Fcomunidad.educa.madrid.org%2Fraices%2Fwp-content%2Fuploads%2Fsites%2F5%2F2019%2F05%2FPOLITICA-DE-PRIVACIDAD_MATRICULA-.pdf&amp;sa=D&amp;sntz=1&amp;usg=AOvVaw1MNHO83WUbeUN80gQDfs7l\" target=\"_blank\" rel=\"noopener\"><strong>privacidad de la ley de protecci\u00f3n de datos<\/strong><\/a> y marcar en el formulario de matr\u00edcula el haberlo hecho.<\/p>\n<p dir=\"ltr\">8. Es imprescindible que se suba la <strong>foto del alumno\/a a la plataforma ROBLES<\/strong>, siendo una foto de carnet actualizada. Instrucciones:<\/p>\n<p><a href=\"https:\/\/mediateca.educa.madrid.org\/video\/xw41pbdysmyvgmu7\">https:\/\/mediateca.educa.madrid.org\/video\/xw41pbdysmyvgmu7<\/a><\/p>\n<p style=\"text-align: center\"><strong>LOS ALUMNOS DE 1\u00ba DE ESO DEBEN PEDIR LAS CREDENCIALES DE ROBLE EN SU CENTRO DE ORIGEN EN CASO DE NO DISPONER DE ELLAS<\/strong><\/p>\n<h2 class=\"CDt4Ke zfr3Q\" style=\"text-align: center\"><span class=\" jgG6ef\"><strong>DOCUMENTACI\u00d3N PARA FORMALIZAR LA MATR\u00cdCULA DE LOS ALUMNOS\/AS DE NUEVO INGRESO<\/strong><\/span><\/h2>\n<p class=\"CDt4Ke zfr3Q\" dir=\"ltr\"><strong>ADEM\u00c1S DE LOS DOCUMENTOS ANTERIORES, LOS NUEVOS ALUMNOS\/AS DEBEN TRAER:<\/strong><\/p>\n<p class=\"CDt4Ke zfr3Q\" dir=\"ltr\">Para todos los nuevos alumnos de la E.S.O en el centro si quieren participar en el programa ACCEDE (pr\u00e9stamo de libros), deben entregar el impreso de solicitud <a class=\"XqQF9c rXJpyf\" href=\"https:\/\/drive.google.com\/file\/d\/1BIVWuI6WS3EajsxG8s9q0JLt0kqg7iRu\/view?usp=sharing\" target=\"_blank\" rel=\"noopener\"><strong>Adhesi\u00f3n al programa ACCEDE<\/strong><\/a><strong>, <\/strong>y la certificaci\u00f3n del centro de procedencia de haber entregado los libros, si hubiera participado en dicho programa con anterioridad.<\/p>\n<p class=\"CDt4Ke zfr3Q\" dir=\"ltr\"><strong>ALUMNOS 1\u00ba de E.S.O.: Informe final de etapa, Certificado de traslado al finalizar el curso e historial acad\u00e9mico de Primaria (se solicita en el centro de procedencia).<\/strong><\/p>\n<p class=\"CDt4Ke zfr3Q\" dir=\"ltr\"><strong>ALUMNOS 2\u00ba\/3\u00ba\/4\u00ba de E.S.O.: Certificado de traslado al finalizar el curso (se solicita en el centro de procedencia).<\/strong><\/p>\n<p class=\"CDt4Ke zfr3Q\" dir=\"ltr\"><strong>NOTA IMPORTANTE:<\/strong><\/p>\n<p class=\"CDt4Ke zfr3Q\" dir=\"ltr\"><strong>No se matricular\u00e1n los alumnos\/as que no traigan todos los documentos debidamente cumplimentados. Las fotocopias de documentos deber\u00e1n ir acompa\u00f1adas de sus originales para ser compulsadas.<\/strong><\/p>\n<\/div>\n<\/div><\/div><\/div><\/div><\/div><div id=\"pg-gb1269-6a034aafb5abd-1\"  class=\"panel-grid panel-has-style\"  data-style=\"{&quot;background&quot;:&quot;#bbddbb&quot;,&quot;background_image_attachment&quot;:false,&quot;background_display&quot;:&quot;tile&quot;,&quot;full_height&quot;:&quot;&quot;,&quot;cell_alignment&quot;:&quot;flex-start&quot;,&quot;link_overlay_new_window&quot;:&quot;&quot;}\" ><div class=\"panel-row-style panel-row-style-for-gb1269-6a034aafb5abd-1\" ><div id=\"pgc-gb1269-6a034aafb5abd-1-0\"  class=\"panel-grid-cell\"  data-weight=\"1\" ><div id=\"panel-gb1269-6a034aafb5abd-1-0-0\" class=\"so-panel widget widget_text panel-first-child panel-last-child\" data-index=\"1\" data-style=\"{&quot;background_image_attachment&quot;:false,&quot;background_display&quot;:&quot;tile&quot;,&quot;background_image_size&quot;:&quot;full&quot;,&quot;background_image_opacity&quot;:&quot;100&quot;,&quot;border_thickness&quot;:&quot;1px&quot;,&quot;margin&quot;:&quot;0px 20px 0px 20px&quot;,&quot;link_overlay_new_window&quot;:&quot;&quot;}\" ><h3 class=\"widget-title\">Formularios<\/h3>\t\t\t<div class=\"textwidget\"><p class=\"CDt4Ke zfr3Q\" dir=\"ltr\">A continuaci\u00f3n encontrar\u00e1 todos los formularios para realizar la matriculaci\u00f3n. Pinche sobre el enlace A continuaci\u00f3n se abrir\u00e1 una nueva ventana donde en el icono tendr\u00e1 la opci\u00f3n de descargar. Tras la descarga, se abrir\u00e1 el fichero PDF y se rellenar\u00e1.<\/p>\n<p class=\"CDt4Ke zfr3Q\" dir=\"ltr\"><strong>NO SE RECOGER\u00c1 NING\u00daN FORMULARIO ESCRITO A MANO<\/strong><\/p>\n<ul>\n<li><a href=\"https:\/\/site.educa.madrid.org\/ies.laarboleda.alcorcon\/\/wp-content\/uploads\/ies.laarboleda.alcorcon\/2025\/05\/FormularioMatricula1ESO25.pdf\">FormularioMatricula1ESO25<\/a><\/li>\n<li><a href=\"https:\/\/site.educa.madrid.org\/ies.laarboleda.alcorcon\/\/wp-content\/uploads\/ies.laarboleda.alcorcon\/2025\/05\/FormularioMatricula2ESO25.pdf\">FormularioMatricula2ESO25<\/a><\/li>\n<li><a href=\"https:\/\/site.educa.madrid.org\/ies.laarboleda.alcorcon\/\/wp-content\/uploads\/ies.laarboleda.alcorcon\/2025\/05\/FormularioMatricula3ESO25.pdf\">FormularioMatricula3ESO25<\/a><\/li>\n<li><a href=\"https:\/\/site.educa.madrid.org\/ies.laarboleda.alcorcon\/\/wp-content\/uploads\/ies.laarboleda.alcorcon\/2025\/05\/FormularioMatricula4ESO25.pdf\">FormularioMatricula4ESO25<\/a><\/li>\n<\/ul>\n<p>&nbsp;<\/p>\n<ul>\n<li><a href=\"https:\/\/site.educa.madrid.org\/ies.laarboleda.alcorcon\/\/wp-content\/uploads\/ies.laarboleda.alcorcon\/2025\/05\/FormularioMatricula1Diversificacion25.pdf\">FormularioMatricula1Diversificacion25<\/a><\/li>\n<li><a href=\"https:\/\/site.educa.madrid.org\/ies.laarboleda.alcorcon\/\/wp-content\/uploads\/ies.laarboleda.alcorcon\/2025\/05\/FormularioMatricula2Diversificacion25.pdf\">FormularioMatricula2Diversificacion25<\/a><\/li>\n<\/ul>\n<p>&nbsp;<\/p>\n<\/div>\n\t\t<\/div><\/div><\/div><\/div><\/div>\n\n\n<p><\/p>\n\n\n\n<div class=\"wp-block-file\"><\/div>\n\n\n\n<p><\/p>\n","protected":false},"excerpt":{"rendered":"<p>Informaci\u00f3n general matr\u00edcula para alumnos de ESO EL HORARIO DE SECRETAR\u00cdA ES DE LUNES A VIERNES DE 09:30 a 12:00 horas. DOCUMENTACI\u00d3N PARA FORMALIZAR LA MATR\u00cdCULA DE LOS ALUMNOS\/AS DEL CENTRO. 1. Solicitud de matr\u00edcula, que ser\u00e1 cumplimentada en los formularios matriculaci\u00f3n (los encontrar\u00e1s en la siguiente secci\u00f3n). Se debe rellenar on-line, guardar el PDF,<\/p><\/div>\n<div class=\"blog-btn\"><a href=\"https:\/\/site.educa.madrid.org\/ies.laarboleda.alcorcon\/index.php\/matriculacion\/\" class=\"home-blog-btn\">Leer m\u00e1s<\/a><\/p>\n","protected":false},"author":19,"featured_media":0,"parent":0,"menu_order":0,"comment_status":"closed","ping_status":"closed","template":"","meta":{"footnotes":""},"folder":[50],"class_list":["post-1269","page","type-page","status-publish","hentry"],"rttpg_featured_image_url":null,"rttpg_author":{"display_name":"Juan Carlos Gonzalez-Mohino Barbero","author_link":"https:\/\/site.educa.madrid.org\/ies.laarboleda.alcorcon\/index.php\/author\/juan-c_gonzlez-mohino-barbero\/"},"rttpg_comment":0,"rttpg_category":" <a href=\"https:\/\/site.educa.madrid.org\/ies.laarboleda.alcorcon\/?taxonomy=folder&#038;term=secretaria-1654027046\" rel=\"tag\">Secretar\u00eda<\/a>","rttpg_excerpt":"Informaci\u00f3n general matr\u00edcula para alumnos de ESO EL HORARIO DE SECRETAR\u00cdA ES DE LUNES A VIERNES DE 09:30 a 12:00 horas. DOCUMENTACI\u00d3N PARA FORMALIZAR LA MATR\u00cdCULA DE LOS ALUMNOS\/AS DEL CENTRO. 1. Solicitud de matr\u00edcula, que ser\u00e1 cumplimentada en los formularios matriculaci\u00f3n (los encontrar\u00e1s en la siguiente secci\u00f3n). Se debe rellenar on-line, guardar el PDF,Leer&hellip;","post_mailing_queue_ids":[],"_links":{"self":[{"href":"https:\/\/site.educa.madrid.org\/ies.laarboleda.alcorcon\/index.php\/wp-json\/wp\/v2\/pages\/1269","targetHints":{"allow":["GET"]}}],"collection":[{"href":"https:\/\/site.educa.madrid.org\/ies.laarboleda.alcorcon\/index.php\/wp-json\/wp\/v2\/pages"}],"about":[{"href":"https:\/\/site.educa.madrid.org\/ies.laarboleda.alcorcon\/index.php\/wp-json\/wp\/v2\/types\/page"}],"author":[{"embeddable":true,"href":"https:\/\/site.educa.madrid.org\/ies.laarboleda.alcorcon\/index.php\/wp-json\/wp\/v2\/users\/19"}],"replies":[{"embeddable":true,"href":"https:\/\/site.educa.madrid.org\/ies.laarboleda.alcorcon\/index.php\/wp-json\/wp\/v2\/comments?post=1269"}],"version-history":[{"count":24,"href":"https:\/\/site.educa.madrid.org\/ies.laarboleda.alcorcon\/index.php\/wp-json\/wp\/v2\/pages\/1269\/revisions"}],"predecessor-version":[{"id":5777,"href":"https:\/\/site.educa.madrid.org\/ies.laarboleda.alcorcon\/index.php\/wp-json\/wp\/v2\/pages\/1269\/revisions\/5777"}],"wp:attachment":[{"href":"https:\/\/site.educa.madrid.org\/ies.laarboleda.alcorcon\/index.php\/wp-json\/wp\/v2\/media?parent=1269"}],"wp:term":[{"taxonomy":"folder","embeddable":true,"href":"https:\/\/site.educa.madrid.org\/ies.laarboleda.alcorcon\/index.php\/wp-json\/wp\/v2\/folder?post=1269"}],"curies":[{"name":"wp","href":"https:\/\/api.w.org\/{rel}","templated":true}]}}