{"id":1503,"date":"2022-06-17T11:55:37","date_gmt":"2022-06-17T09:55:37","guid":{"rendered":"https:\/\/site.educa.madrid.org\/ies.laarboleda.alcorcon\/?page_id=1503"},"modified":"2023-06-01T10:41:48","modified_gmt":"2023-06-01T08:41:48","slug":"solicitud-titulo-fp-basica","status":"publish","type":"page","link":"https:\/\/site.educa.madrid.org\/ies.laarboleda.alcorcon\/index.php\/solicitud-titulo-fp-basica\/","title":{"rendered":"T\u00edtulo FP B\u00e1sica"},"content":{"rendered":"<p><style>\n.widget-title { text-align: center; }<br \/>\n<\/style>\n<\/p>\n\n<div id=\"pl-gb1503-6a035fea81d5e\"  class=\"panel-layout\" ><div id=\"pg-gb1503-6a035fea81d5e-0\"  class=\"panel-grid panel-has-style\"  data-style=\"{&quot;background&quot;:&quot;#bbddbb&quot;,&quot;background_image_attachment&quot;:false,&quot;background_display&quot;:&quot;tile&quot;,&quot;full_height&quot;:&quot;&quot;,&quot;cell_alignment&quot;:&quot;flex-start&quot;,&quot;link_overlay_new_window&quot;:&quot;&quot;}\" ><div class=\"panel-row-style panel-row-style-for-gb1503-6a035fea81d5e-0\" ><div id=\"pgc-gb1503-6a035fea81d5e-0-0\"  class=\"panel-grid-cell\"  data-weight=\"1\" ><div id=\"panel-gb1503-6a035fea81d5e-0-0-0\" class=\"so-panel widget widget_sow-editor panel-first-child panel-last-child\" data-index=\"0\" data-style=\"{&quot;background_image_attachment&quot;:false,&quot;background_display&quot;:&quot;tile&quot;,&quot;margin&quot;:&quot;0px 60px 0px 60px&quot;,&quot;link_overlay_new_window&quot;:&quot;&quot;}\" ><div\n\t\t\t\n\t\t\tclass=\"so-widget-sow-editor so-widget-sow-editor-base\"\n\t\t\t\n\t\t><h3 class=\"widget-title\">Procedimiento<\/h3>\n<div class=\"siteorigin-widget-tinymce textwidget\">\n\t<p class=\"CDt4Ke zfr3Q\" dir=\"ltr\">La F.P.B. es una ense\u00f1anza obligatoria, por lo que la tramitaci\u00f3n del T\u00edtulo de Graduado en F.P.B. es autom\u00e1tico, una vez que el alumno\/a haya superado con \u00e9xito los estudios.<\/p>\n<p class=\"CDt4Ke zfr3Q\" dir=\"ltr\">El t\u00edtulo es expedido por la Comunidad de Madrid y es la Direcci\u00f3n de \u00c1rea Territorial la que nos remite a nuestro Centro los T\u00edtulos expedidos, proceso que suele demorarse alrededor de a\u00f1o y medio, tras la finalizaci\u00f3n de los estudios. Los t\u00edtulos de F.P.B. pueden ser retirados personalmente por los interesados en la Secretar\u00eda del Centro (en horario de 8:30 a 12:00 horas), previa identificaci\u00f3n.<\/p>\n<p class=\"CDt4Ke zfr3Q\" dir=\"ltr\">En caso de que no fuera posible recogerlo personalmente, podr\u00e1 hacerlo otra persona debidamente autorizada (autorizaci\u00f3n escrita y firmada por el interesado en la que conste la persona autorizada, fotocopia del Documento de Identidad del interesado y Documento de Identidad original de la persona autorizada).<\/p>\n<\/div>\n<\/div><\/div><\/div><\/div><\/div><div id=\"pg-gb1503-6a035fea81d5e-1\"  class=\"panel-grid panel-has-style\"  data-style=\"{&quot;background&quot;:&quot;#bbddbb&quot;,&quot;background_image_attachment&quot;:false,&quot;background_display&quot;:&quot;tile&quot;,&quot;full_height&quot;:&quot;&quot;,&quot;cell_alignment&quot;:&quot;flex-start&quot;,&quot;link_overlay_new_window&quot;:&quot;&quot;}\" ><div class=\"panel-row-style panel-row-style-for-gb1503-6a035fea81d5e-1\" ><div id=\"pgc-gb1503-6a035fea81d5e-1-0\"  class=\"panel-grid-cell panel-grid-cell-empty\"  data-weight=\"1\" ><\/div><\/div><\/div><\/div>\n\n\n<p><\/p>\n","protected":false},"excerpt":{"rendered":"","protected":false},"author":19,"featured_media":0,"parent":0,"menu_order":0,"comment_status":"closed","ping_status":"closed","template":"","meta":{"footnotes":""},"folder":[50],"class_list":["post-1503","page","type-page","status-publish","hentry"],"rttpg_featured_image_url":null,"rttpg_author":{"display_name":"Juan Carlos Gonzalez-Mohino Barbero","author_link":"https:\/\/site.educa.madrid.org\/ies.laarboleda.alcorcon\/index.php\/author\/juan-c_gonzlez-mohino-barbero\/"},"rttpg_comment":0,"rttpg_category":" <a href=\"https:\/\/site.educa.madrid.org\/ies.laarboleda.alcorcon\/?taxonomy=folder&#038;term=secretaria-1654027046\" rel=\"tag\">Secretar\u00eda<\/a>","rttpg_excerpt":null,"post_mailing_queue_ids":[],"_links":{"self":[{"href":"https:\/\/site.educa.madrid.org\/ies.laarboleda.alcorcon\/index.php\/wp-json\/wp\/v2\/pages\/1503","targetHints":{"allow":["GET"]}}],"collection":[{"href":"https:\/\/site.educa.madrid.org\/ies.laarboleda.alcorcon\/index.php\/wp-json\/wp\/v2\/pages"}],"about":[{"href":"https:\/\/site.educa.madrid.org\/ies.laarboleda.alcorcon\/index.php\/wp-json\/wp\/v2\/types\/page"}],"author":[{"embeddable":true,"href":"https:\/\/site.educa.madrid.org\/ies.laarboleda.alcorcon\/index.php\/wp-json\/wp\/v2\/users\/19"}],"replies":[{"embeddable":true,"href":"https:\/\/site.educa.madrid.org\/ies.laarboleda.alcorcon\/index.php\/wp-json\/wp\/v2\/comments?post=1503"}],"version-history":[{"count":5,"href":"https:\/\/site.educa.madrid.org\/ies.laarboleda.alcorcon\/index.php\/wp-json\/wp\/v2\/pages\/1503\/revisions"}],"predecessor-version":[{"id":1950,"href":"https:\/\/site.educa.madrid.org\/ies.laarboleda.alcorcon\/index.php\/wp-json\/wp\/v2\/pages\/1503\/revisions\/1950"}],"wp:attachment":[{"href":"https:\/\/site.educa.madrid.org\/ies.laarboleda.alcorcon\/index.php\/wp-json\/wp\/v2\/media?parent=1503"}],"wp:term":[{"taxonomy":"folder","embeddable":true,"href":"https:\/\/site.educa.madrid.org\/ies.laarboleda.alcorcon\/index.php\/wp-json\/wp\/v2\/folder?post=1503"}],"curies":[{"name":"wp","href":"https:\/\/api.w.org\/{rel}","templated":true}]}}