{"id":1513,"date":"2022-06-17T12:09:58","date_gmt":"2022-06-17T10:09:58","guid":{"rendered":"https:\/\/site.educa.madrid.org\/ies.laarboleda.alcorcon\/?page_id=1513"},"modified":"2025-09-29T14:29:12","modified_gmt":"2025-09-29T12:29:12","slug":"convalidacion-eso","status":"publish","type":"page","link":"https:\/\/site.educa.madrid.org\/ies.laarboleda.alcorcon\/index.php\/convalidacion-eso\/","title":{"rendered":"Convalidaci\u00f3n ESO"},"content":{"rendered":"<p><style>\n.widget-title { text-align: center; }<br \/>\n<\/style>\n<\/p>\n\n<div id=\"pl-gb1513-6a0361647a1fc\"  class=\"panel-layout\" ><div id=\"pg-gb1513-6a0361647a1fc-0\"  class=\"panel-grid panel-has-style\"  data-style=\"{&quot;background&quot;:&quot;#bbddbb&quot;,&quot;background_image_attachment&quot;:false,&quot;background_display&quot;:&quot;tile&quot;,&quot;full_height&quot;:&quot;&quot;,&quot;cell_alignment&quot;:&quot;flex-start&quot;,&quot;link_overlay_new_window&quot;:&quot;&quot;}\" ><div class=\"panel-row-style panel-row-style-for-gb1513-6a0361647a1fc-0\" ><div id=\"pgc-gb1513-6a0361647a1fc-0-0\"  class=\"panel-grid-cell\"  data-weight=\"1\" ><div id=\"panel-gb1513-6a0361647a1fc-0-0-0\" class=\"so-panel widget widget_sow-editor panel-first-child panel-last-child\" data-index=\"0\" data-style=\"{&quot;background_image_attachment&quot;:false,&quot;background_display&quot;:&quot;tile&quot;,&quot;margin&quot;:&quot;0px 60px 0px 60px&quot;,&quot;link_overlay_new_window&quot;:&quot;&quot;}\" ><div\n\t\t\t\n\t\t\tclass=\"so-widget-sow-editor so-widget-sow-editor-base\"\n\t\t\t\n\t\t><h3 class=\"widget-title\">Procedimiento<\/h3>\n<div class=\"siteorigin-widget-tinymce textwidget\">\n\t<p class=\"CDt4Ke zfr3Q\" dir=\"ltr\"><strong>Toda la informaci\u00f3n la puede encontrar pinchando\u00a0<\/strong><a class=\"XqQF9c rXJpyf\" href=\"https:\/\/www.google.com\/url?q=https%3A%2F%2Fwww.bocm.es%2Fboletin%2FCM_Orden_BOCM%2F2016%2F08%2F09%2FBOCM-20160809-1.PDF&amp;sa=D&amp;sntz=1&amp;usg=AOvVaw3dB3QQSjtO1hKwGqUJvgFz\" target=\"_blank\" rel=\"noopener\"><strong>aqu\u00ed<\/strong><\/a><\/p>\n<p class=\"CDt4Ke zfr3Q\" dir=\"ltr\">A continuaci\u00f3n encontrar\u00e1 el formulario de la solicitud de la convalidaci\u00f3n. Pinche sobre el icono \u00abVentana Externa\u00bb situado en el margen superior derecho del documento de su inter\u00e9s. A continuaci\u00f3n se abrir\u00e1 una nueva ventana donde en el icono tendr\u00e1 la opci\u00f3n de descargar. Tras la descarga, se abrir\u00e1 el fichero PDF y se rellenar\u00e1.<\/p>\n<p class=\"CDt4Ke zfr3Q\" dir=\"ltr\"><strong>NO SE RECOGER\u00c1 NING\u00daN FORMULARIO ESCRITO A MANO<\/strong><\/p>\n<\/div>\n<\/div><\/div><\/div><\/div><\/div><div id=\"pg-gb1513-6a0361647a1fc-1\"  class=\"panel-grid panel-has-style\"  data-style=\"{&quot;background&quot;:&quot;#bbddbb&quot;,&quot;background_image_attachment&quot;:false,&quot;background_display&quot;:&quot;tile&quot;,&quot;full_height&quot;:&quot;&quot;,&quot;cell_alignment&quot;:&quot;flex-start&quot;,&quot;link_overlay_new_window&quot;:&quot;&quot;}\" ><div class=\"panel-row-style panel-row-style-for-gb1513-6a0361647a1fc-1\" ><div id=\"pgc-gb1513-6a0361647a1fc-1-0\"  class=\"panel-grid-cell\"  data-weight=\"1\" ><div id=\"panel-gb1513-6a0361647a1fc-1-0-0\" class=\"so-panel widget widget_text panel-first-child panel-last-child\" data-index=\"1\" data-style=\"{&quot;background_image_attachment&quot;:false,&quot;background_display&quot;:&quot;tile&quot;,&quot;background_image_size&quot;:&quot;full&quot;,&quot;background_image_opacity&quot;:&quot;100&quot;,&quot;border_thickness&quot;:&quot;1px&quot;,&quot;margin&quot;:&quot;0px 20px 0px 20px&quot;,&quot;link_overlay_new_window&quot;:&quot;&quot;}\" ><h3 class=\"widget-title\">Formularios<\/h3>\t\t\t<div class=\"textwidget\"><p><a href=\"https:\/\/site.educa.madrid.org\/ies.laarboleda.alcorcon\/\/wp-content\/uploads\/ies.laarboleda.alcorcon\/2025\/09\/SOLICITUD-CONVALIDACION-MUSICA-1.pdf\">SOLICITUD CONVALIDACI\u00d3N M\u00daSICA (1)<\/a><\/p>\n<\/div>\n\t\t<\/div><\/div><\/div><\/div><\/div>\n\n\n<p><\/p>\n","protected":false},"excerpt":{"rendered":"","protected":false},"author":19,"featured_media":0,"parent":0,"menu_order":0,"comment_status":"closed","ping_status":"closed","template":"","meta":{"footnotes":""},"folder":[50],"class_list":["post-1513","page","type-page","status-publish","hentry"],"rttpg_featured_image_url":null,"rttpg_author":{"display_name":"Juan Carlos Gonzalez-Mohino Barbero","author_link":"https:\/\/site.educa.madrid.org\/ies.laarboleda.alcorcon\/index.php\/author\/juan-c_gonzlez-mohino-barbero\/"},"rttpg_comment":0,"rttpg_category":" <a href=\"https:\/\/site.educa.madrid.org\/ies.laarboleda.alcorcon\/?taxonomy=folder&#038;term=secretaria-1654027046\" rel=\"tag\">Secretar\u00eda<\/a>","rttpg_excerpt":null,"post_mailing_queue_ids":[],"_links":{"self":[{"href":"https:\/\/site.educa.madrid.org\/ies.laarboleda.alcorcon\/index.php\/wp-json\/wp\/v2\/pages\/1513","targetHints":{"allow":["GET"]}}],"collection":[{"href":"https:\/\/site.educa.madrid.org\/ies.laarboleda.alcorcon\/index.php\/wp-json\/wp\/v2\/pages"}],"about":[{"href":"https:\/\/site.educa.madrid.org\/ies.laarboleda.alcorcon\/index.php\/wp-json\/wp\/v2\/types\/page"}],"author":[{"embeddable":true,"href":"https:\/\/site.educa.madrid.org\/ies.laarboleda.alcorcon\/index.php\/wp-json\/wp\/v2\/users\/19"}],"replies":[{"embeddable":true,"href":"https:\/\/site.educa.madrid.org\/ies.laarboleda.alcorcon\/index.php\/wp-json\/wp\/v2\/comments?post=1513"}],"version-history":[{"count":5,"href":"https:\/\/site.educa.madrid.org\/ies.laarboleda.alcorcon\/index.php\/wp-json\/wp\/v2\/pages\/1513\/revisions"}],"predecessor-version":[{"id":6230,"href":"https:\/\/site.educa.madrid.org\/ies.laarboleda.alcorcon\/index.php\/wp-json\/wp\/v2\/pages\/1513\/revisions\/6230"}],"wp:attachment":[{"href":"https:\/\/site.educa.madrid.org\/ies.laarboleda.alcorcon\/index.php\/wp-json\/wp\/v2\/media?parent=1513"}],"wp:term":[{"taxonomy":"folder","embeddable":true,"href":"https:\/\/site.educa.madrid.org\/ies.laarboleda.alcorcon\/index.php\/wp-json\/wp\/v2\/folder?post=1513"}],"curies":[{"name":"wp","href":"https:\/\/api.w.org\/{rel}","templated":true}]}}