{"id":1524,"date":"2022-06-17T12:31:20","date_gmt":"2022-06-17T10:31:20","guid":{"rendered":"https:\/\/site.educa.madrid.org\/ies.laarboleda.alcorcon\/?page_id=1524"},"modified":"2023-09-14T14:22:22","modified_gmt":"2023-09-14T12:22:22","slug":"convalidacion-fp","status":"publish","type":"page","link":"https:\/\/site.educa.madrid.org\/ies.laarboleda.alcorcon\/index.php\/convalidacion-fp\/","title":{"rendered":"Convalidaci\u00f3n FP"},"content":{"rendered":"<style>\n.widget-title { text-align: center; }<br \/>\n<\/style>\n\n<div id=\"pl-gb1524-6a0361dfabaf8\"  class=\"panel-layout\" ><div id=\"pg-gb1524-6a0361dfabaf8-0\"  class=\"panel-grid panel-has-style\"  data-style=\"{&quot;background&quot;:&quot;#bbddbb&quot;,&quot;background_image_attachment&quot;:false,&quot;background_display&quot;:&quot;tile&quot;,&quot;full_height&quot;:&quot;&quot;,&quot;cell_alignment&quot;:&quot;flex-start&quot;,&quot;link_overlay_new_window&quot;:&quot;&quot;}\" ><div class=\"panel-row-style panel-row-style-for-gb1524-6a0361dfabaf8-0\" ><div id=\"pgc-gb1524-6a0361dfabaf8-0-0\"  class=\"panel-grid-cell\"  data-weight=\"1\" ><div id=\"panel-gb1524-6a0361dfabaf8-0-0-0\" class=\"so-panel widget widget_sow-editor panel-first-child panel-last-child\" data-index=\"0\" data-style=\"{&quot;background_image_attachment&quot;:false,&quot;background_display&quot;:&quot;tile&quot;,&quot;background_image_size&quot;:&quot;full&quot;,&quot;border_thickness&quot;:&quot;1px&quot;,&quot;margin&quot;:&quot;0px 60px 0px 60px&quot;,&quot;link_overlay_new_window&quot;:&quot;&quot;}\" ><div\n\t\t\t\n\t\t\tclass=\"so-widget-sow-editor so-widget-sow-editor-base\"\n\t\t\t\n\t\t><h3 class=\"widget-title\">Procedimiento de convalidaci\u00f3n<\/h3>\n<div class=\"siteorigin-widget-tinymce textwidget\">\n\t<p class=\"CDt4Ke zfr3Q\" dir=\"ltr\"><span class=\" yAbvcd\"><strong>CONVALIDACIONES DE M\u00d3DULOS PROFESIONALES <\/strong><\/span><\/p>\n<p class=\"CDt4Ke zfr3Q\" dir=\"ltr\"><span class=\" jgG6ef\"><strong>GENERAL:<\/strong><\/span><\/p>\n<p class=\"CDt4Ke zfr3Q\" dir=\"ltr\"><strong>Existen 3 tipos de convalidaciones en funci\u00f3n del \u00f3rgano competente para su concesi\u00f3n:<\/strong><\/p>\n<ul class=\"n8H08c UVNKR\">\n<li class=\"TYR86d wXCUfe zfr3Q\" dir=\"ltr\">\n<p class=\"CDt4Ke zfr3Q\" dir=\"ltr\"><em>Centro educativo: Direcci\u00f3n del Centro educativo.<\/em><\/p>\n<\/li>\n<li class=\"TYR86d wXCUfe zfr3Q\" dir=\"ltr\">\n<p class=\"CDt4Ke zfr3Q\" dir=\"ltr\"><em>Comunidad:\u00a0<\/em><em>D<\/em><em>irecci\u00f3n General de Educaci\u00f3n Secundaria, Formaci\u00f3n Profesional y R\u00e9gimen Especial.<\/em><\/p>\n<\/li>\n<li class=\"TYR86d wXCUfe zfr3Q\" dir=\"ltr\">\n<p class=\"CDt4Ke zfr3Q\" dir=\"ltr\"><em>Ministerio: Subdirecci\u00f3n General de Ordenaci\u00f3n e Innovaci\u00f3n de la Formaci\u00f3n Profesional del MEFP<\/em><\/p>\n<\/li>\n<\/ul>\n<p class=\"CDt4Ke zfr3Q\" dir=\"ltr\"><strong>Consideraciones Previas:<\/strong><\/p>\n<p class=\"CDt4Ke zfr3Q\" dir=\"ltr\"><strong>Para poder convalidar un m\u00f3dulo formativo se debe estar previamente matriculado del mismo.<\/strong><\/p>\n<p class=\"CDt4Ke zfr3Q\" dir=\"ltr\"><strong>Mientras no est\u00e9 resuelta la convalidaci\u00f3n, los alumnos no est\u00e1n exentos de los m\u00f3dulos profesionales cuya convalidaci\u00f3n solicitaron y por tanto deben asistir a clase.<\/strong><\/p>\n<p class=\"CDt4Ke zfr3Q\" dir=\"ltr\"><span class=\" jgG6ef\"><strong>PROCEDIMIENTO:<\/strong><\/span><\/p>\n<p class=\"CDt4Ke zfr3Q\" dir=\"ltr\">La solicitud se realiza en el centro educativo:<\/p>\n<p class=\"CDt4Ke zfr3Q\" dir=\"ltr\"><em>Para m\u00f3dulos LOE:\u00a0<\/em><em>ir a secci\u00f3n \u00abFormularios\u00bb<\/em><\/p>\n<p class=\"CDt4Ke zfr3Q\" dir=\"ltr\">Documentaci\u00f3n acreditativa:<\/p>\n<p class=\"CDt4Ke zfr3Q\" dir=\"ltr\"><em>Convalidaci\u00f3n otros estudios cursados: Certificaci\u00f3n de Estudios cursados.<\/em><\/p>\n<p class=\"CDt4Ke zfr3Q\" dir=\"ltr\"><em>Convalidaci\u00f3n unidades de Competencia: Certificado de profesionalidad \/ Otros seg<\/em><em>\u00fa<\/em><em>n en modo de obtenci<\/em><em>\u00f3<\/em><em>n de las UC.<\/em><\/p>\n<p class=\"CDt4Ke zfr3Q\" dir=\"ltr\">(*) En todos los casos debe presentarse original y copia del certificado para cotejar.<\/p>\n<p class=\"CDt4Ke zfr3Q\" dir=\"ltr\"><span class=\" jgG6ef\"><strong>PLAZOS:<\/strong><\/span><\/p>\n<p class=\"CDt4Ke zfr3Q\" dir=\"ltr\">Las convalidaciones pueden ser solicitadas desde la formalizaci\u00f3n de matricula hasta transcurridos 15 d\u00edas lectivos del curso escolar.<\/p>\n<p class=\"CDt4Ke zfr3Q\" dir=\"ltr\">Si se trata convalidaciones competencia del MEFP el plazo de solicitud es durante todo el curso.<\/p>\n<p class=\"CDt4Ke zfr3Q\" dir=\"ltr\"><em>(*) Si no se han solicitado en el momento de la matriculaci\u00f3n, se recomienda realizar la solicitud de las convalidaciones al comenzar el curso a la mayor brevedad posible en Septiembre.<\/em><\/p>\n<p class=\"CDt4Ke zfr3Q\" dir=\"ltr\"><span class=\" jgG6ef\"><strong>RESOLUCI\u00d3N:<\/strong><\/span><\/p>\n<p class=\"CDt4Ke zfr3Q\" dir=\"ltr\">El plazo de resoluci\u00f3n depende del \u00f3rgano competente:<\/p>\n<ul class=\"n8H08c UVNKR\">\n<li class=\"TYR86d wXCUfe zfr3Q\" dir=\"ltr\">\n<p class=\"CDt4Ke zfr3Q\" dir=\"ltr\"><em>Centro educativo: Es la m\u00e1s r\u00e1pida en resolver.<\/em><\/p>\n<\/li>\n<li class=\"TYR86d wXCUfe zfr3Q\" dir=\"ltr\">\n<p class=\"CDt4Ke zfr3Q\" dir=\"ltr\"><em>Comunidad:\u00a0 Tarda m\u00e1s en resolverse.<\/em><\/p>\n<\/li>\n<li class=\"TYR86d wXCUfe zfr3Q\" dir=\"ltr\">\n<p class=\"CDt4Ke zfr3Q\" dir=\"ltr\"><em>MEFP:\u00a0 Es la que tiene plazos m\u00e1s largos.<\/em><\/p>\n<\/li>\n<\/ul>\n<p class=\"CDt4Ke zfr3Q\" dir=\"ltr\"><strong>Mientras no est\u00e9 resuelta la convalidaci\u00f3n, los alumnos no est\u00e1n exentos de los m\u00f3dulos profesionales cuya convalidaci\u00f3n solicitaron y por tanto deben asistir a clase.<\/strong><\/p>\n<p class=\"CDt4Ke zfr3Q\" dir=\"ltr\"><strong>El silencio administrativo en todos los casos se considera desestimatorio.<\/strong><\/p>\n<\/div>\n<\/div><\/div><\/div><\/div><\/div><div id=\"pg-gb1524-6a0361dfabaf8-1\"  class=\"panel-grid panel-has-style\"  data-style=\"{&quot;background&quot;:&quot;#bbddbb&quot;,&quot;background_image_attachment&quot;:false,&quot;background_display&quot;:&quot;tile&quot;,&quot;full_height&quot;:&quot;&quot;,&quot;cell_alignment&quot;:&quot;flex-start&quot;,&quot;link_overlay_new_window&quot;:&quot;&quot;}\" ><div class=\"panel-row-style panel-row-style-for-gb1524-6a0361dfabaf8-1\" ><div id=\"pgc-gb1524-6a0361dfabaf8-1-0\"  class=\"panel-grid-cell\"  data-weight=\"1\" ><div id=\"panel-gb1524-6a0361dfabaf8-1-0-0\" class=\"so-panel widget widget_text panel-first-child panel-last-child\" data-index=\"1\" data-style=\"{&quot;background_image_attachment&quot;:false,&quot;background_display&quot;:&quot;tile&quot;,&quot;background_image_size&quot;:&quot;full&quot;,&quot;border_thickness&quot;:&quot;1px&quot;,&quot;margin&quot;:&quot;0px 20px 0px 20px&quot;,&quot;link_overlay_new_window&quot;:&quot;&quot;}\" ><h3 class=\"widget-title\">Formularios<\/h3>\t\t\t<div class=\"textwidget\"><p class=\"CDt4Ke zfr3Q\" dir=\"ltr\">A continuaci\u00f3n encontrar\u00e1 todos los formularios para realizar la convalidaci\u00f3n. Pinche sobre el icono \u00abVentana Externa\u00bb situado en el margen superior derecho del documento de su inter\u00e9s. A continuaci\u00f3n se abrir\u00e1 una nueva ventana donde en el icono tendr\u00e1 la opci\u00f3n de descargar. Tras la descarga, se abrir\u00e1 el fichero PDF y se rellenar\u00e1.<\/p>\n<p class=\"CDt4Ke zfr3Q\" dir=\"ltr\"><strong>NO SE RECOGER\u00c1 NING\u00daN FORMULARIO ESCRITO A MANO<\/strong><\/p>\n<ul>\n<li dir=\"ltr\"><a href=\"https:\/\/site.educa.madrid.org\/ies.laarboleda.alcorcon\/\/wp-content\/uploads\/ies.laarboleda.alcorcon\/2022\/09\/ANEXO-V-CONVALIDACIONES.docx\">ANEXO V &#8211; Solicitud convalidaci\u00f3n (m\u00f3dulos LOE)<\/a><\/li>\n<\/ul>\n<p>&nbsp;<\/p>\n<\/div>\n\t\t<\/div><\/div><\/div><\/div><\/div>\n\n\n<p><\/p>\n","protected":false},"excerpt":{"rendered":"","protected":false},"author":19,"featured_media":0,"parent":0,"menu_order":0,"comment_status":"closed","ping_status":"closed","template":"","meta":{"footnotes":""},"folder":[50],"class_list":["post-1524","page","type-page","status-publish","hentry"],"rttpg_featured_image_url":null,"rttpg_author":{"display_name":"Juan Carlos Gonzalez-Mohino Barbero","author_link":"https:\/\/site.educa.madrid.org\/ies.laarboleda.alcorcon\/index.php\/author\/juan-c_gonzlez-mohino-barbero\/"},"rttpg_comment":0,"rttpg_category":" <a href=\"https:\/\/site.educa.madrid.org\/ies.laarboleda.alcorcon\/?taxonomy=folder&#038;term=secretaria-1654027046\" rel=\"tag\">Secretar\u00eda<\/a>","rttpg_excerpt":null,"post_mailing_queue_ids":[],"_links":{"self":[{"href":"https:\/\/site.educa.madrid.org\/ies.laarboleda.alcorcon\/index.php\/wp-json\/wp\/v2\/pages\/1524","targetHints":{"allow":["GET"]}}],"collection":[{"href":"https:\/\/site.educa.madrid.org\/ies.laarboleda.alcorcon\/index.php\/wp-json\/wp\/v2\/pages"}],"about":[{"href":"https:\/\/site.educa.madrid.org\/ies.laarboleda.alcorcon\/index.php\/wp-json\/wp\/v2\/types\/page"}],"author":[{"embeddable":true,"href":"https:\/\/site.educa.madrid.org\/ies.laarboleda.alcorcon\/index.php\/wp-json\/wp\/v2\/users\/19"}],"replies":[{"embeddable":true,"href":"https:\/\/site.educa.madrid.org\/ies.laarboleda.alcorcon\/index.php\/wp-json\/wp\/v2\/comments?post=1524"}],"version-history":[{"count":8,"href":"https:\/\/site.educa.madrid.org\/ies.laarboleda.alcorcon\/index.php\/wp-json\/wp\/v2\/pages\/1524\/revisions"}],"predecessor-version":[{"id":3917,"href":"https:\/\/site.educa.madrid.org\/ies.laarboleda.alcorcon\/index.php\/wp-json\/wp\/v2\/pages\/1524\/revisions\/3917"}],"wp:attachment":[{"href":"https:\/\/site.educa.madrid.org\/ies.laarboleda.alcorcon\/index.php\/wp-json\/wp\/v2\/media?parent=1524"}],"wp:term":[{"taxonomy":"folder","embeddable":true,"href":"https:\/\/site.educa.madrid.org\/ies.laarboleda.alcorcon\/index.php\/wp-json\/wp\/v2\/folder?post=1524"}],"curies":[{"name":"wp","href":"https:\/\/api.w.org\/{rel}","templated":true}]}}