{"id":1641,"date":"2022-06-21T10:51:41","date_gmt":"2022-06-21T08:51:41","guid":{"rendered":"https:\/\/site.educa.madrid.org\/ies.laarboleda.alcorcon\/?page_id=1641"},"modified":"2025-09-29T14:18:39","modified_gmt":"2025-09-29T12:18:39","slug":"organigrama-2","status":"publish","type":"page","link":"https:\/\/site.educa.madrid.org\/ies.laarboleda.alcorcon\/index.php\/organigrama-2\/","title":{"rendered":"Organigrama"},"content":{"rendered":"\n<p><\/p>\n\n\n<div id=\"pl-gb1641-6a03781415f4a\"  class=\"panel-layout panel-layout\" ><div id=\"pg-gb1641-6a03781415f4a-0\"  class=\"panel-grid panel-has-style\"  data-style=\"{&quot;background&quot;:&quot;#cceecc&quot;,&quot;background_image_attachment&quot;:false,&quot;background_display&quot;:&quot;tile&quot;,&quot;full_height&quot;:&quot;&quot;,&quot;cell_alignment&quot;:&quot;flex-start&quot;,&quot;link_overlay_new_window&quot;:&quot;&quot;}\" ><div class=\"panel-row-style panel-row-style-for-gb1641-6a03781415f4a-0\" ><div id=\"pgc-gb1641-6a03781415f4a-0-0\"  class=\"panel-grid-cell\"  data-weight=\"1\" ><div id=\"panel-gb1641-6a03781415f4a-0-0-0\" class=\"so-panel widget widget_sow-editor panel-first-child panel-last-child\" data-index=\"0\" data-style=\"{&quot;background_image_attachment&quot;:false,&quot;background_display&quot;:&quot;tile&quot;,&quot;background_image_size&quot;:&quot;full&quot;,&quot;background_image_opacity&quot;:&quot;100&quot;,&quot;border_thickness&quot;:&quot;1px&quot;,&quot;margin&quot;:&quot;0px 60px 0px 60px&quot;,&quot;link_overlay_new_window&quot;:&quot;&quot;}\" ><div\n\t\t\t\n\t\t\tclass=\"so-widget-sow-editor so-widget-sow-editor-base\"\n\t\t\t\n\t\t><h3 class=\"widget-title\">Equipo Directivo<\/h3>\n<div class=\"siteorigin-widget-tinymce textwidget\">\n\t<ul>\n<li>Directora: Ana Mart\u00ednez-Conde Tejera<\/li>\n<li>Jefe de Estudios ESO\/Bach: Teresa Garrote Armero<\/li>\n<li>Jefe de Estudios Adjunto ESO\/Bach: Eduard Montiel Molina<\/li>\n<li>Jefe de Estudios FP:\u00a0Margarita Verdugo Mart\u00edn<\/li>\n<li>Jefe de Estudios Adjunto FP: Gema Nogueira Mart\u00edn<\/li>\n<li>Jefe de Estudios Adjunto FP: Gema Delgado Galo<\/li>\n<li>Secretaria: Cristina Pinilla Berenguer<\/li>\n<\/ul>\n<\/div>\n<\/div><\/div><\/div><\/div><\/div><div id=\"pg-gb1641-6a03781415f4a-1\"  class=\"panel-grid panel-has-style\"  data-style=\"{&quot;background&quot;:&quot;#cceecc&quot;,&quot;background_image_attachment&quot;:false,&quot;background_display&quot;:&quot;tile&quot;,&quot;full_height&quot;:&quot;&quot;,&quot;cell_alignment&quot;:&quot;flex-start&quot;,&quot;link_overlay_new_window&quot;:&quot;&quot;}\" ><div class=\"panel-row-style panel-row-style-for-gb1641-6a03781415f4a-1\" ><div id=\"pgc-gb1641-6a03781415f4a-1-0\"  class=\"panel-grid-cell\"  data-weight=\"1\" ><div id=\"panel-gb1641-6a03781415f4a-1-0-0\" class=\"so-panel widget widget_sow-editor panel-first-child panel-last-child\" data-index=\"1\" data-style=\"{&quot;background_image_attachment&quot;:false,&quot;background_display&quot;:&quot;tile&quot;,&quot;background_image_size&quot;:&quot;full&quot;,&quot;background_image_opacity&quot;:&quot;100&quot;,&quot;border_thickness&quot;:&quot;1px&quot;,&quot;margin&quot;:&quot;0px 60px 0px 60px&quot;,&quot;link_overlay_new_window&quot;:&quot;&quot;}\" ><div\n\t\t\t\n\t\t\tclass=\"so-widget-sow-editor so-widget-sow-editor-base\"\n\t\t\t\n\t\t><h3 class=\"widget-title\">Consejo Escolar<\/h3>\n<div class=\"siteorigin-widget-tinymce textwidget\">\n\t<ul>\n<li>Directora: Ana Mart\u00ednez-Conde Tejera<\/li>\n<li>Jefe de Estudios: Teresa Garrote Armero<\/li>\n<li>Jefe de Estudios FP: Margarita Verdugo Mart\u00edn<\/li>\n<li>Secretaria: Cristina Pinilla Berenguer<\/li>\n<li>Profesorado:\n<ul>\n<li>D\u00e9borak Paniagua Herreruela<\/li>\n<li>Jes\u00fas \u00c1ngel L\u00f3pez Esteban<\/li>\n<li>Marta D\u00edaz Rodr\u00edguez<\/li>\n<\/ul>\n<\/li>\n<li>Madres \/ Padres \/ Tutores:\n<ul>\n<li>Ana Rodr\u00edguez D\u00edaz<\/li>\n<li>M\u00f3nica Martos Orozco (AMPA)<\/li>\n<\/ul>\n<\/li>\n<li>Alumnado:\n<ul>\n<li>\u00a0Isolino Est\u00e9vez Borrego.<\/li>\n<li>\u00a0Alondra Vega Mardones.<\/li>\n<li>\u00a0Diana Aymar\u00e1 Garc\u00eda.<\/li>\n<\/ul>\n<\/li>\n<li>Representante del Ayuntamiento.<\/li>\n<li>Representante de las Empresas.<\/li>\n<\/ul>\n<\/div>\n<\/div><\/div><\/div><\/div><\/div><div id=\"pg-gb1641-6a03781415f4a-2\"  class=\"panel-grid panel-has-style\"  data-style=\"{&quot;background&quot;:&quot;#cceecc&quot;,&quot;background_image_attachment&quot;:false,&quot;background_display&quot;:&quot;tile&quot;,&quot;full_height&quot;:&quot;&quot;,&quot;cell_alignment&quot;:&quot;flex-start&quot;,&quot;link_overlay_new_window&quot;:&quot;&quot;}\" ><div class=\"panel-row-style panel-row-style-for-gb1641-6a03781415f4a-2\" ><div id=\"pgc-gb1641-6a03781415f4a-2-0\"  class=\"panel-grid-cell\"  data-weight=\"1\" ><div id=\"panel-gb1641-6a03781415f4a-2-0-0\" class=\"so-panel widget widget_text panel-first-child panel-last-child\" data-index=\"2\" data-style=\"{&quot;background_image_attachment&quot;:false,&quot;background_display&quot;:&quot;tile&quot;,&quot;background_image_size&quot;:&quot;full&quot;,&quot;border_thickness&quot;:&quot;1px&quot;,&quot;margin&quot;:&quot;0px 60px 0px 60px&quot;,&quot;link_overlay_new_window&quot;:&quot;&quot;}\" ><h3 class=\"widget-title\">Claustro<\/h3>\t\t\t<div class=\"textwidget\"><p>El claustro de nuestro centro cuenta con casi cien profesores repartidos entre los diferentes departamentos did\u00e1cticos:<\/p>\n<ul>\n<li>Biolog\u00eda y Geolog\u00eda<\/li>\n<li>Dibujo<\/li>\n<li>Educaci\u00f3n F\u00edsica<\/li>\n<li>Filosof\u00eda<\/li>\n<li>F\u00edsica y Qu\u00edmica<\/li>\n<li>Franc\u00e9s<\/li>\n<li>Formaci\u00f3n y Orientaci\u00f3n Laboral<\/li>\n<li>Geograf\u00eda e Historia<\/li>\n<li>Imagen Personal<\/li>\n<li>Imagen y Sonido<\/li>\n<li>Inform\u00e1tica<\/li>\n<li>Ingl\u00e9s<\/li>\n<li>Lengua Espa\u00f1ola y Literatura<\/li>\n<li>Matem\u00e1ticas<\/li>\n<li>M\u00fasica<\/li>\n<li>Orientaci\u00f3n<\/li>\n<li>Religi\u00f3n<\/li>\n<li>Tecnolog\u00eda<\/li>\n<\/ul>\n<p>&nbsp;<\/p>\n<\/div>\n\t\t<\/div><\/div><\/div><\/div><\/div>","protected":false},"excerpt":{"rendered":"","protected":false},"author":19,"featured_media":0,"parent":0,"menu_order":0,"comment_status":"closed","ping_status":"closed","template":"","meta":{"footnotes":""},"folder":[55],"class_list":["post-1641","page","type-page","status-publish","hentry"],"rttpg_featured_image_url":null,"rttpg_author":{"display_name":"Juan Carlos Gonzalez-Mohino Barbero","author_link":"https:\/\/site.educa.madrid.org\/ies.laarboleda.alcorcon\/index.php\/author\/juan-c_gonzlez-mohino-barbero\/"},"rttpg_comment":0,"rttpg_category":" <a href=\"https:\/\/site.educa.madrid.org\/ies.laarboleda.alcorcon\/?taxonomy=folder&#038;term=centro-1655801283\" rel=\"tag\">Centro<\/a>","rttpg_excerpt":null,"post_mailing_queue_ids":[],"_links":{"self":[{"href":"https:\/\/site.educa.madrid.org\/ies.laarboleda.alcorcon\/index.php\/wp-json\/wp\/v2\/pages\/1641","targetHints":{"allow":["GET"]}}],"collection":[{"href":"https:\/\/site.educa.madrid.org\/ies.laarboleda.alcorcon\/index.php\/wp-json\/wp\/v2\/pages"}],"about":[{"href":"https:\/\/site.educa.madrid.org\/ies.laarboleda.alcorcon\/index.php\/wp-json\/wp\/v2\/types\/page"}],"author":[{"embeddable":true,"href":"https:\/\/site.educa.madrid.org\/ies.laarboleda.alcorcon\/index.php\/wp-json\/wp\/v2\/users\/19"}],"replies":[{"embeddable":true,"href":"https:\/\/site.educa.madrid.org\/ies.laarboleda.alcorcon\/index.php\/wp-json\/wp\/v2\/comments?post=1641"}],"version-history":[{"count":14,"href":"https:\/\/site.educa.madrid.org\/ies.laarboleda.alcorcon\/index.php\/wp-json\/wp\/v2\/pages\/1641\/revisions"}],"predecessor-version":[{"id":6226,"href":"https:\/\/site.educa.madrid.org\/ies.laarboleda.alcorcon\/index.php\/wp-json\/wp\/v2\/pages\/1641\/revisions\/6226"}],"wp:attachment":[{"href":"https:\/\/site.educa.madrid.org\/ies.laarboleda.alcorcon\/index.php\/wp-json\/wp\/v2\/media?parent=1641"}],"wp:term":[{"taxonomy":"folder","embeddable":true,"href":"https:\/\/site.educa.madrid.org\/ies.laarboleda.alcorcon\/index.php\/wp-json\/wp\/v2\/folder?post=1641"}],"curies":[{"name":"wp","href":"https:\/\/api.w.org\/{rel}","templated":true}]}}