{"id":1649,"date":"2022-06-21T11:08:03","date_gmt":"2022-06-21T09:08:03","guid":{"rendered":"https:\/\/site.educa.madrid.org\/ies.laarboleda.alcorcon\/?page_id=1649"},"modified":"2022-10-27T18:14:42","modified_gmt":"2022-10-27T16:14:42","slug":"bachillerato","status":"publish","type":"page","link":"https:\/\/site.educa.madrid.org\/ies.laarboleda.alcorcon\/index.php\/bachillerato\/","title":{"rendered":"Bachillerato"},"content":{"rendered":"<div id=\"pl-gb1649-6a03555ae4a7b\"  class=\"panel-layout\" ><div id=\"pg-gb1649-6a03555ae4a7b-0\"  class=\"panel-grid panel-has-style\"  data-style=\"{&quot;background&quot;:&quot;#cceecc&quot;,&quot;background_image_attachment&quot;:false,&quot;background_display&quot;:&quot;tile&quot;,&quot;full_height&quot;:&quot;&quot;,&quot;cell_alignment&quot;:&quot;flex-start&quot;,&quot;link_overlay_new_window&quot;:&quot;&quot;}\" ><div class=\"panel-row-style panel-row-style-for-gb1649-6a03555ae4a7b-0\" ><div id=\"pgc-gb1649-6a03555ae4a7b-0-0\"  class=\"panel-grid-cell\"  data-weight=\"1\" ><div id=\"panel-gb1649-6a03555ae4a7b-0-0-0\" class=\"so-panel widget widget_sow-editor panel-first-child panel-last-child\" data-index=\"0\" data-style=\"{&quot;background_image_attachment&quot;:false,&quot;background_display&quot;:&quot;tile&quot;,&quot;margin&quot;:&quot;0px 60px 0px 60px&quot;,&quot;link_overlay_new_window&quot;:&quot;&quot;}\" ><div\n\t\t\t\n\t\t\tclass=\"so-widget-sow-editor so-widget-sow-editor-base\"\n\t\t\t\n\t\t><h3 class=\"widget-title\">Modelo organizativo<\/h3>\n<div class=\"siteorigin-widget-tinymce textwidget\">\n\t<p>El Bachillerato comprende dos cursos, se desarrollar\u00e1 en modalidades diferentes, y se organizar\u00e1 de modo flexible, a fin de que pueda ofrecer una preparaci\u00f3n especializada a los alumnos acorde con sus perspectivas e intereses de formaci\u00f3n o permita la incorporaci\u00f3n a la vida activa una vez finalizado el mismo. En nuestro centro se pueden cursar las modalidades de:<\/p>\n<ul>\n<li>Ciencias<\/li>\n<li>Humanidades y Ciencias Sociales<\/li>\n<\/ul>\n<p>Encuentra toda la informaci\u00f3n en: <a href=\"https:\/\/www.comunidad.madrid\/servicios\/educacion\/bachillerato\">https:\/\/www.comunidad.madrid\/servicios\/educacion\/bachillerato<\/a><\/p>\n<\/div>\n<\/div><\/div><\/div><\/div><\/div><div id=\"pg-gb1649-6a03555ae4a7b-1\"  class=\"panel-grid panel-has-style\"  data-style=\"{&quot;background&quot;:&quot;#cceecc&quot;,&quot;background_image_attachment&quot;:false,&quot;background_display&quot;:&quot;tile&quot;,&quot;full_height&quot;:&quot;&quot;,&quot;cell_alignment&quot;:&quot;flex-start&quot;,&quot;link_overlay_new_window&quot;:&quot;&quot;}\" ><div class=\"panel-row-style panel-row-style-for-gb1649-6a03555ae4a7b-1\" ><div id=\"pgc-gb1649-6a03555ae4a7b-1-0\"  class=\"panel-grid-cell\"  data-weight=\"1\" ><div id=\"panel-gb1649-6a03555ae4a7b-1-0-0\" class=\"so-panel widget widget_sow-editor panel-first-child panel-last-child\" data-index=\"1\" data-style=\"{&quot;background_image_attachment&quot;:false,&quot;background_display&quot;:&quot;tile&quot;,&quot;margin&quot;:&quot;0px 60px 0px 60px&quot;,&quot;link_overlay_new_window&quot;:&quot;&quot;}\" ><div\n\t\t\t\n\t\t\tclass=\"so-widget-sow-editor so-widget-sow-editor-base\"\n\t\t\t\n\t\t><h3 class=\"widget-title\">Modalidad de Ciencias<\/h3>\n<div class=\"siteorigin-widget-tinymce textwidget\">\n\t<p><img loading=\"lazy\" decoding=\"async\" class=\"aligncenter wp-image-1653 size-full\" src=\"https:\/\/site.educa.madrid.org\/ies.laarboleda.alcorcon\/\/wp-content\/uploads\/ies.laarboleda.alcorcon\/2022\/06\/bach_ciencias.jpg\" alt=\"\" width=\"1591\" height=\"1355\" srcset=\"https:\/\/site.educa.madrid.org\/ies.laarboleda.alcorcon\/\/wp-content\/uploads\/ies.laarboleda.alcorcon\/2022\/06\/bach_ciencias.jpg 1591w, https:\/\/site.educa.madrid.org\/ies.laarboleda.alcorcon\/\/wp-content\/uploads\/ies.laarboleda.alcorcon\/2022\/06\/bach_ciencias-300x255.jpg 300w, https:\/\/site.educa.madrid.org\/ies.laarboleda.alcorcon\/\/wp-content\/uploads\/ies.laarboleda.alcorcon\/2022\/06\/bach_ciencias-1024x872.jpg 1024w, https:\/\/site.educa.madrid.org\/ies.laarboleda.alcorcon\/\/wp-content\/uploads\/ies.laarboleda.alcorcon\/2022\/06\/bach_ciencias-768x654.jpg 768w, https:\/\/site.educa.madrid.org\/ies.laarboleda.alcorcon\/\/wp-content\/uploads\/ies.laarboleda.alcorcon\/2022\/06\/bach_ciencias-1536x1308.jpg 1536w\" sizes=\"auto, (max-width: 1591px) 100vw, 1591px\" \/><\/p>\n<\/div>\n<\/div><\/div><\/div><\/div><\/div><div id=\"pg-gb1649-6a03555ae4a7b-2\"  class=\"panel-grid panel-has-style\"  data-style=\"{&quot;background&quot;:&quot;#cceecc&quot;,&quot;background_image_attachment&quot;:false,&quot;background_display&quot;:&quot;tile&quot;,&quot;full_height&quot;:&quot;&quot;,&quot;cell_alignment&quot;:&quot;flex-start&quot;,&quot;link_overlay_new_window&quot;:&quot;&quot;}\" ><div class=\"panel-row-style panel-row-style-for-gb1649-6a03555ae4a7b-2\" ><div id=\"pgc-gb1649-6a03555ae4a7b-2-0\"  class=\"panel-grid-cell\"  data-weight=\"1\" ><div id=\"panel-gb1649-6a03555ae4a7b-2-0-0\" class=\"so-panel widget widget_sow-editor panel-first-child panel-last-child\" data-index=\"2\" data-style=\"{&quot;background_image_attachment&quot;:false,&quot;background_display&quot;:&quot;tile&quot;,&quot;margin&quot;:&quot;0px 60px 0px 60px&quot;,&quot;link_overlay_new_window&quot;:&quot;&quot;}\" ><div\n\t\t\t\n\t\t\tclass=\"so-widget-sow-editor so-widget-sow-editor-base\"\n\t\t\t\n\t\t><h3 class=\"widget-title\">Modalidad de Humanidades y Ciencias Sociales<\/h3>\n<div class=\"siteorigin-widget-tinymce textwidget\">\n\t<p>La modalidad de Humanidades y Ciencias Sociales se organiza en dos itinerarios: uno de Humanidades, caracterizado por el Lat\u00edn como materia troncal general, y otro de Ciencias Sociales, con Matem\u00e1ticas Aplicadas a Ciencias Sociales como troncal general de modalidad.<\/p>\n<p><img loading=\"lazy\" decoding=\"async\" class=\"aligncenter wp-image-1652 size-full\" src=\"https:\/\/site.educa.madrid.org\/ies.laarboleda.alcorcon\/\/wp-content\/uploads\/ies.laarboleda.alcorcon\/2022\/06\/bach_sociales.jpg\" alt=\"\" width=\"837\" height=\"740\" srcset=\"https:\/\/site.educa.madrid.org\/ies.laarboleda.alcorcon\/\/wp-content\/uploads\/ies.laarboleda.alcorcon\/2022\/06\/bach_sociales.jpg 837w, https:\/\/site.educa.madrid.org\/ies.laarboleda.alcorcon\/\/wp-content\/uploads\/ies.laarboleda.alcorcon\/2022\/06\/bach_sociales-300x265.jpg 300w, https:\/\/site.educa.madrid.org\/ies.laarboleda.alcorcon\/\/wp-content\/uploads\/ies.laarboleda.alcorcon\/2022\/06\/bach_sociales-768x679.jpg 768w\" sizes=\"auto, (max-width: 837px) 100vw, 837px\" \/><\/p>\n<\/div>\n<\/div><\/div><\/div><\/div><\/div><\/div>\n\n\n<p><\/p>\n","protected":false},"excerpt":{"rendered":"<p>El Bachillerato comprende dos cursos, se desarrollar\u00e1 en modalidades diferentes, y se organizar\u00e1 de modo flexible, a fin de que pueda ofrecer una preparaci\u00f3n especializada a los alumnos acorde con sus perspectivas e intereses de formaci\u00f3n o permita la incorporaci\u00f3n a la vida activa una vez finalizado el mismo. En nuestro centro se pueden cursar<\/p><\/div>\n<div class=\"blog-btn\"><a href=\"https:\/\/site.educa.madrid.org\/ies.laarboleda.alcorcon\/index.php\/bachillerato\/\" class=\"home-blog-btn\">Leer m\u00e1s<\/a><\/p>\n","protected":false},"author":19,"featured_media":0,"parent":0,"menu_order":0,"comment_status":"closed","ping_status":"closed","template":"","meta":{"footnotes":""},"folder":[53],"class_list":["post-1649","page","type-page","status-publish","hentry"],"rttpg_featured_image_url":null,"rttpg_author":{"display_name":"Juan Carlos Gonzalez-Mohino Barbero","author_link":"https:\/\/site.educa.madrid.org\/ies.laarboleda.alcorcon\/index.php\/author\/juan-c_gonzlez-mohino-barbero\/"},"rttpg_comment":0,"rttpg_category":" <a href=\"https:\/\/site.educa.madrid.org\/ies.laarboleda.alcorcon\/?taxonomy=folder&#038;term=oferta-educativa-1655467639\" rel=\"tag\">Oferta Educativa<\/a>","rttpg_excerpt":"El Bachillerato comprende dos cursos, se desarrollar\u00e1 en modalidades diferentes, y se organizar\u00e1 de modo flexible, a fin de que pueda ofrecer una preparaci\u00f3n especializada a los alumnos acorde con sus perspectivas e intereses de formaci\u00f3n o permita la incorporaci\u00f3n a la vida activa una vez finalizado el mismo. En nuestro centro se pueden cursarLeer&hellip;","post_mailing_queue_ids":[],"_links":{"self":[{"href":"https:\/\/site.educa.madrid.org\/ies.laarboleda.alcorcon\/index.php\/wp-json\/wp\/v2\/pages\/1649","targetHints":{"allow":["GET"]}}],"collection":[{"href":"https:\/\/site.educa.madrid.org\/ies.laarboleda.alcorcon\/index.php\/wp-json\/wp\/v2\/pages"}],"about":[{"href":"https:\/\/site.educa.madrid.org\/ies.laarboleda.alcorcon\/index.php\/wp-json\/wp\/v2\/types\/page"}],"author":[{"embeddable":true,"href":"https:\/\/site.educa.madrid.org\/ies.laarboleda.alcorcon\/index.php\/wp-json\/wp\/v2\/users\/19"}],"replies":[{"embeddable":true,"href":"https:\/\/site.educa.madrid.org\/ies.laarboleda.alcorcon\/index.php\/wp-json\/wp\/v2\/comments?post=1649"}],"version-history":[{"count":7,"href":"https:\/\/site.educa.madrid.org\/ies.laarboleda.alcorcon\/index.php\/wp-json\/wp\/v2\/pages\/1649\/revisions"}],"predecessor-version":[{"id":1663,"href":"https:\/\/site.educa.madrid.org\/ies.laarboleda.alcorcon\/index.php\/wp-json\/wp\/v2\/pages\/1649\/revisions\/1663"}],"wp:attachment":[{"href":"https:\/\/site.educa.madrid.org\/ies.laarboleda.alcorcon\/index.php\/wp-json\/wp\/v2\/media?parent=1649"}],"wp:term":[{"taxonomy":"folder","embeddable":true,"href":"https:\/\/site.educa.madrid.org\/ies.laarboleda.alcorcon\/index.php\/wp-json\/wp\/v2\/folder?post=1649"}],"curies":[{"name":"wp","href":"https:\/\/api.w.org\/{rel}","templated":true}]}}