{"id":1772,"date":"2022-06-29T20:08:59","date_gmt":"2022-06-29T18:08:59","guid":{"rendered":"https:\/\/site.educa.madrid.org\/ies.laarboleda.alcorcon\/?page_id=1772"},"modified":"2026-02-27T10:50:11","modified_gmt":"2026-02-27T09:50:11","slug":"departamento-de-imagen-y-sonido","status":"publish","type":"page","link":"https:\/\/site.educa.madrid.org\/ies.laarboleda.alcorcon\/index.php\/departamento-de-imagen-y-sonido\/","title":{"rendered":"Imagen y Sonido"},"content":{"rendered":"<p><style>\nul.wp-block-latest-posts__list { background-color: #cceecc; padding: 60px; border-bottom-style: solid; border-bottom-color: white; border-bottom-width: 30px; } ul.wp-block-latest-posts__list &gt; li { padding-left: 60px; padding-right: 60px; } ul.wp-block-latest-posts__list { margin-top: -120px; }<br \/>\n<\/style>\n<\/p>\n\n\n<div class=\"wp-block-group\"><div class=\"wp-block-group__inner-container is-layout-constrained wp-block-group-is-layout-constrained\"><\/div><\/div>\n\n\n\n<div class=\"wp-block-group\"><div class=\"wp-block-group__inner-container is-layout-constrained wp-block-group-is-layout-constrained\">\n<div class=\"wp-block-columns is-layout-flex wp-container-core-columns-is-layout-9d6595d7 wp-block-columns-is-layout-flex\">\n<div class=\"wp-block-column is-layout-flow wp-block-column-is-layout-flow\" style=\"flex-basis:100%\"><\/div>\n<\/div>\n<\/div><\/div>\n\n\n\n<details class=\"wp-block-details is-layout-flow wp-block-details-is-layout-flow\" open><summary>NOTICIAS<\/summary><ul style=\"background-color:#cceecc; font-style:normal;font-weight:500;\" class=\"wp-block-latest-posts__list has-dates aligncenter wp-block-latest-posts has-background\"><li><a class=\"wp-block-latest-posts__post-title\" href=\"https:\/\/site.educa.madrid.org\/ies.laarboleda.alcorcon\/index.php\/2026\/02\/28\/criterios-de-evaluacion-y-recuperacion-gs-realizacion-de-proyectos-audiovisuales-y-espectaculos\/\">Criterios de evaluaci\u00f3n y recuperaci\u00f3n GS Realizaci\u00f3n de Proyectos Audiovisuales y Espect\u00e1culos<\/a><time datetime=\"2026-02-28T21:26:15+01:00\" class=\"wp-block-latest-posts__post-date\">28 febrero, 2026<\/time><div class=\"wp-block-latest-posts__post-full-content\"><a href=\"https:\/\/site.educa.madrid.org\/ies.laarboleda.alcorcon\/\/wp-content\/uploads\/ies.laarboleda.alcorcon\/2026\/02\/CFGS-Realizacion-de-Proyectos-Audiovisuales-y-Espectaculos-criterios-de-calificacion-y-evaluacion.pdf\">CFGS Realizacio\u0301n de Proyectos Audiovisuales y Especta\u0301culos- criterios de calificacio\u0301n y evaluacio\u0301n<\/a><\/div><\/li>\n<li><a class=\"wp-block-latest-posts__post-title\" href=\"https:\/\/site.educa.madrid.org\/ies.laarboleda.alcorcon\/index.php\/2026\/02\/28\/criterios-de-calificacion-y-recuperacion-gm-vdj\/\">Criterios de calificaci\u00f3n y recuperaci\u00f3n GM Vdj<\/a><time datetime=\"2026-02-28T21:22:45+01:00\" class=\"wp-block-latest-posts__post-date\">28 febrero, 2026<\/time><div class=\"wp-block-latest-posts__post-full-content\"><a href=\"https:\/\/site.educa.madrid.org\/ies.laarboleda.alcorcon\/\/wp-content\/uploads\/ies.laarboleda.alcorcon\/2026\/02\/CFGM-Video-Disc-jockey-y-Sonido-Criterios-de-calificacion-y-recuperacion.pdf\">CFGM Vi\u0301deo Disc-jockey y Sonido- Criterios de calificacio\u0301n y recuperacio\u0301n<\/a><\/div><\/li>\n<li><a class=\"wp-block-latest-posts__post-title\" href=\"https:\/\/site.educa.madrid.org\/ies.laarboleda.alcorcon\/index.php\/2025\/06\/06\/calendario-exposicion-proyectos-2o-rpae-vespertino\/\">CALENDARIO EXPOSICI\u00d3N PROYECTOS 2\u00ba RPAE VESPERTINO<\/a><time datetime=\"2025-06-06T13:04:31+02:00\" class=\"wp-block-latest-posts__post-date\">6 junio, 2025<\/time><div class=\"wp-block-latest-posts__post-full-content\"><a href=\"https:\/\/site.educa.madrid.org\/ies.laarboleda.alcorcon\/\/wp-content\/uploads\/ies.laarboleda.alcorcon\/2025\/06\/Calendario-de-proyectos_VESPERTINO-2.pdf\">Calendario de proyectos_VESPERTINO<\/a><\/div><\/li>\n<li><a class=\"wp-block-latest-posts__post-title\" href=\"https:\/\/site.educa.madrid.org\/ies.laarboleda.alcorcon\/index.php\/2025\/06\/04\/fecha-presentacion-proyectos-2o-rpae-diurno\/\">FECHA PRESENTACI\u00d3N PROYECTOS 2\u00ba RPAE &#8211; DIURNO<\/a><time datetime=\"2025-06-04T12:29:48+02:00\" class=\"wp-block-latest-posts__post-date\">4 junio, 2025<\/time><div class=\"wp-block-latest-posts__post-full-content\"><a href=\"https:\/\/site.educa.madrid.org\/ies.laarboleda.alcorcon\/\/wp-content\/uploads\/ies.laarboleda.alcorcon\/2025\/06\/PRESENTACION-PROYECTOS_JUNIO-2025-RPAE.pdf\">PRESENTACIO\u0301N PROYECTOS_JUNIO 2025 RPAE<\/a><\/div><\/li>\n<li><a class=\"wp-block-latest-posts__post-title\" href=\"https:\/\/site.educa.madrid.org\/ies.laarboleda.alcorcon\/index.php\/2025\/06\/02\/examenes-convocatoria-extraordinaria-junio-2025\/\">EX\u00c1MENES CONVOCATORIA EXTRAORDINARIA JUNIO 2025<\/a><time datetime=\"2025-06-02T13:25:30+02:00\" class=\"wp-block-latest-posts__post-date\">2 junio, 2025<\/time><div class=\"wp-block-latest-posts__post-full-content\"><p><a href=\"https:\/\/site.educa.madrid.org\/ies.laarboleda.alcorcon\/\/wp-content\/uploads\/ies.laarboleda.alcorcon\/2025\/06\/EXAMENES-CONVOCATORIA-EXTRAORDINARIA_JUNIO-2025.pdf\">EX\u00c1MENES CONVOCATORIA EXTRAORDINARIA_JUNIO 2025<\/a><\/p>\n<p>\u00a0<\/p>\n\n<!-- wp:paragraph -->\n<p><\/p>\n<!-- \/wp:paragraph --><\/div><\/li>\n<\/ul><\/details>\n\n\n<div id=\"pl-gb1772-6a03781383a7a\"  class=\"panel-layout panel-layout\" ><div id=\"pg-gb1772-6a03781383a7a-0\"  class=\"panel-grid panel-has-style\"  data-style=\"{&quot;background&quot;:&quot;#cceecc&quot;,&quot;background_image_attachment&quot;:false,&quot;background_display&quot;:&quot;tile&quot;,&quot;full_height&quot;:&quot;&quot;,&quot;cell_alignment&quot;:&quot;flex-start&quot;,&quot;link_overlay_new_window&quot;:&quot;&quot;}\" ><div class=\"panel-row-style panel-row-style-for-gb1772-6a03781383a7a-0\" ><div id=\"pgc-gb1772-6a03781383a7a-0-0\"  class=\"panel-grid-cell\"  data-weight=\"1\" ><div id=\"panel-gb1772-6a03781383a7a-0-0-0\" class=\"so-panel widget widget_text panel-first-child panel-last-child\" data-index=\"0\" data-style=\"{&quot;background_image_attachment&quot;:false,&quot;background_display&quot;:&quot;tile&quot;,&quot;margin&quot;:&quot;0px 60px 0px 60px&quot;,&quot;link_overlay_new_window&quot;:&quot;&quot;}\" ><h3 class=\"widget-title\">Aulas virtuales<\/h3>\t\t\t<div class=\"textwidget\"><\/div>\n\t\t<\/div><\/div><\/div><\/div><\/div>\n\n\n<p><\/p>\n","protected":false},"excerpt":{"rendered":"","protected":false},"author":23,"featured_media":0,"parent":0,"menu_order":0,"comment_status":"closed","ping_status":"closed","template":"","meta":{"footnotes":""},"folder":[46],"class_list":["post-1772","page","type-page","status-publish","hentry"],"rttpg_featured_image_url":null,"rttpg_author":{"display_name":"Iolanda Mui\u00f1a \u00c1lvarez","author_link":"https:\/\/site.educa.madrid.org\/ies.laarboleda.alcorcon\/index.php\/author\/yolanda_muia-lvarez\/"},"rttpg_comment":0,"rttpg_category":" <a href=\"https:\/\/site.educa.madrid.org\/ies.laarboleda.alcorcon\/?taxonomy=folder&#038;term=departamentos-1653086396\" rel=\"tag\">Departamentos<\/a>","rttpg_excerpt":null,"post_mailing_queue_ids":[],"_links":{"self":[{"href":"https:\/\/site.educa.madrid.org\/ies.laarboleda.alcorcon\/index.php\/wp-json\/wp\/v2\/pages\/1772","targetHints":{"allow":["GET"]}}],"collection":[{"href":"https:\/\/site.educa.madrid.org\/ies.laarboleda.alcorcon\/index.php\/wp-json\/wp\/v2\/pages"}],"about":[{"href":"https:\/\/site.educa.madrid.org\/ies.laarboleda.alcorcon\/index.php\/wp-json\/wp\/v2\/types\/page"}],"author":[{"embeddable":true,"href":"https:\/\/site.educa.madrid.org\/ies.laarboleda.alcorcon\/index.php\/wp-json\/wp\/v2\/users\/23"}],"replies":[{"embeddable":true,"href":"https:\/\/site.educa.madrid.org\/ies.laarboleda.alcorcon\/index.php\/wp-json\/wp\/v2\/comments?post=1772"}],"version-history":[{"count":30,"href":"https:\/\/site.educa.madrid.org\/ies.laarboleda.alcorcon\/index.php\/wp-json\/wp\/v2\/pages\/1772\/revisions"}],"predecessor-version":[{"id":6575,"href":"https:\/\/site.educa.madrid.org\/ies.laarboleda.alcorcon\/index.php\/wp-json\/wp\/v2\/pages\/1772\/revisions\/6575"}],"wp:attachment":[{"href":"https:\/\/site.educa.madrid.org\/ies.laarboleda.alcorcon\/index.php\/wp-json\/wp\/v2\/media?parent=1772"}],"wp:term":[{"taxonomy":"folder","embeddable":true,"href":"https:\/\/site.educa.madrid.org\/ies.laarboleda.alcorcon\/index.php\/wp-json\/wp\/v2\/folder?post=1772"}],"curies":[{"name":"wp","href":"https:\/\/api.w.org\/{rel}","templated":true}]}}