{"id":1777,"date":"2022-06-29T20:20:56","date_gmt":"2022-06-29T18:20:56","guid":{"rendered":"https:\/\/site.educa.madrid.org\/ies.laarboleda.alcorcon\/?page_id=1777"},"modified":"2024-06-13T10:50:46","modified_gmt":"2024-06-13T08:50:46","slug":"departamento-de-informatica","status":"publish","type":"page","link":"https:\/\/site.educa.madrid.org\/ies.laarboleda.alcorcon\/index.php\/departamento-de-informatica\/","title":{"rendered":"Inform\u00e1tica"},"content":{"rendered":"<p><style>\nul.wp-block-latest-posts__list { background-color: #cceecc; padding: 60px; border-bottom-style: solid; border-bottom-color: white; border-bottom-width: 30px; } ul.wp-block-latest-posts__list > li { padding-left: 60px; padding-right: 60px; } ul.wp-block-latest-posts__list { margin-top: -120px; }<br \/>\n<\/style>\n<\/p>\n\n<div id=\"pl-gb1777-6a035551bcde9\"  class=\"panel-layout\" ><div id=\"pg-gb1777-6a035551bcde9-0\"  class=\"panel-grid panel-no-style\"  data-style=\"{&quot;background_image_attachment&quot;:false,&quot;background_display&quot;:&quot;tile&quot;,&quot;full_height&quot;:&quot;&quot;,&quot;cell_alignment&quot;:&quot;flex-start&quot;,&quot;link_overlay_new_window&quot;:&quot;&quot;}\" ><div id=\"pgc-gb1777-6a035551bcde9-0-0\"  class=\"panel-grid-cell\"  data-weight=\"0.3\" ><div id=\"panel-gb1777-6a035551bcde9-0-0-0\" class=\"so-panel widget widget_media_image panel-first-child panel-last-child\" data-index=\"0\" data-style=\"{&quot;background_image_attachment&quot;:false,&quot;background_display&quot;:&quot;tile&quot;,&quot;background_image_size&quot;:&quot;full&quot;,&quot;border_thickness&quot;:&quot;1px&quot;,&quot;margin&quot;:&quot;0px 0px 0px 60px&quot;,&quot;link_overlay_new_window&quot;:&quot;&quot;}\" ><img loading=\"lazy\" decoding=\"async\" width=\"300\" height=\"300\" src=\"https:\/\/site.educa.madrid.org\/ies.laarboleda.alcorcon\/\/wp-content\/uploads\/ies.laarboleda.alcorcon\/2021\/05\/la-2-Verde-Merche-300x300.jpg\" class=\"image wp-image-205  attachment-medium size-medium\" alt=\"\" style=\"max-width: 100%; height: auto;\" srcset=\"https:\/\/site.educa.madrid.org\/ies.laarboleda.alcorcon\/\/wp-content\/uploads\/ies.laarboleda.alcorcon\/2021\/05\/la-2-Verde-Merche-300x300.jpg 300w, https:\/\/site.educa.madrid.org\/ies.laarboleda.alcorcon\/\/wp-content\/uploads\/ies.laarboleda.alcorcon\/2021\/05\/la-2-Verde-Merche-150x150.jpg 150w, https:\/\/site.educa.madrid.org\/ies.laarboleda.alcorcon\/\/wp-content\/uploads\/ies.laarboleda.alcorcon\/2021\/05\/la-2-Verde-Merche-450x450.jpg 450w, https:\/\/site.educa.madrid.org\/ies.laarboleda.alcorcon\/\/wp-content\/uploads\/ies.laarboleda.alcorcon\/2021\/05\/la-2-Verde-Merche.jpg 662w\" sizes=\"auto, (max-width: 300px) 100vw, 300px\" \/><\/div><\/div><div id=\"pgc-gb1777-6a035551bcde9-0-1\"  class=\"panel-grid-cell\"  data-weight=\"0.7\" ><div id=\"panel-gb1777-6a035551bcde9-0-1-0\" class=\"so-panel widget widget_text panel-first-child panel-last-child\" data-index=\"1\" data-style=\"{&quot;background_image_attachment&quot;:false,&quot;background_display&quot;:&quot;tile&quot;,&quot;background_image_size&quot;:&quot;full&quot;,&quot;border_thickness&quot;:&quot;1px&quot;,&quot;link_overlay_new_window&quot;:&quot;&quot;}\" ><h3 class=\"widget-title\">Departamento de Inform\u00e1tica y Comunicaciones<\/h3>\t\t\t<div class=\"textwidget\"><p>Nuestro departamento cuenta con cinco aulas-taller en las que se imparten los cuatro <span class=\"ILfuVd\" lang=\"es\"><span class=\"hgKElc\">ciclos formativos de la especialidad adem\u00e1s de un curso de especializaci\u00f3n:<\/span><\/span><\/p>\n<ul>\n<li><span class=\"ILfuVd\" lang=\"es\"><span class=\"hgKElc\">Ciclo formativo de grado medio de Sistemas Microinform\u00e1ticos y Redes<br \/>\n<\/span><\/span><\/li>\n<li><span class=\"ILfuVd\" lang=\"es\"><span class=\"hgKElc\">Ciclo formativo de grado superior de Administraci\u00f3n de Sistemas Inform\u00e1ticos en Red<\/span><\/span><\/li>\n<li><span class=\"ILfuVd\" lang=\"es\"><span class=\"hgKElc\">Ciclo formativo de grado superior de Desarrollo de Aplicaciones Multiplataforma<\/span><\/span><\/li>\n<li><span class=\"ILfuVd\" lang=\"es\"><span class=\"hgKElc\">Ciclo formativo de grado superior de Desarrollo de Aplicaciones Web<\/span><\/span><\/li>\n<li>Curso de especializaci\u00f3n en Desarrollo de Videojuegos y Realidad Virtual<\/li>\n<\/ul>\n<p><span class=\"ILfuVd\" lang=\"es\"><span class=\"hgKElc\">Los profesores de nuestro departamento tambi\u00e9n imparten\u00a0 la asignatura de Ciencias de la Computaci\u00f3n I de bachillerato, as\u00ed como las correspondientes a la rama de inform\u00e1tica del ciclo formativo de FP B\u00e1sica de Inform\u00e1tica y Comunicaciones.<\/span><\/span><\/p>\n<\/div>\n\t\t<\/div><\/div><\/div><div id=\"pg-gb1777-6a035551bcde9-1\"  class=\"panel-grid panel-has-style\"  data-style=\"{&quot;background&quot;:&quot;#cceecc&quot;,&quot;background_image_attachment&quot;:false,&quot;background_display&quot;:&quot;tile&quot;,&quot;full_height&quot;:&quot;&quot;,&quot;cell_alignment&quot;:&quot;flex-start&quot;,&quot;link_overlay_new_window&quot;:&quot;&quot;}\" ><div class=\"panel-row-style panel-row-style-for-gb1777-6a035551bcde9-1\" ><div id=\"pgc-gb1777-6a035551bcde9-1-0\"  class=\"panel-grid-cell\"  data-weight=\"1\" ><div id=\"panel-gb1777-6a035551bcde9-1-0-0\" class=\"so-panel widget widget_text panel-first-child panel-last-child\" data-index=\"2\" data-style=\"{&quot;background_image_attachment&quot;:false,&quot;background_display&quot;:&quot;tile&quot;,&quot;margin&quot;:&quot;0px 60px 0px 60px&quot;,&quot;link_overlay_new_window&quot;:&quot;&quot;}\" ><h3 class=\"widget-title\">Noticias y avisos<\/h3>\t\t\t<div class=\"textwidget\"><\/div>\n\t\t<\/div><\/div><\/div><\/div><\/div>\n\n<ul class=\"wp-block-latest-posts__list has-dates has-author wp-block-latest-posts has-medium-font-size\"><li><a class=\"wp-block-latest-posts__post-title\" href=\"https:\/\/site.educa.madrid.org\/ies.laarboleda.alcorcon\/index.php\/2025\/12\/12\/calendario-de-presentacion-de-proyectos-diciembre-2025\/\">CALENDARIO DE PRESENTACI\u00d3N DE PROYECTOS &#8211; DICIEMBRE 2025<\/a><div class=\"wp-block-latest-posts__post-author\">por Ram\u00f3n G\u00f3nzalez Garc\u00eda<\/div><time datetime=\"2025-12-12T11:06:17+01:00\" class=\"wp-block-latest-posts__post-date\">12 diciembre, 2025<\/time><div class=\"wp-block-latest-posts__post-full-content\"><table>\n<tbody>\n<tr>\n<td width=\"111\">CICLO<\/td>\n<td width=\"180\">FECHA<\/td>\n<td width=\"249\">ALUMNOS<\/td>\n<td width=\"166\">HORARIO<\/td>\n<td width=\"207\">TUTOR\/A<\/td>\n<\/tr>\n<tr>\n<td rowspan=\"5\" width=\"111\">DAM<\/td>\n<td rowspan=\"5\" width=\"180\">VIERNES,\u00a012\u00a0DE DICIEMBRE DE 2025<\/td>\n<td width=\"249\">Andrei\u00a0Bogdan\u00a0Luca<\/td>\n<td width=\"166\">15:30<\/td>\n<td width=\"207\">Carlos\u00a0del\u00a0Cura\u00a0Alierta<\/td>\n<\/tr>\n<tr>\n<td width=\"249\">Alonso\u00a0Gonz\u00e1lez\u00a0Yuste<\/td>\n<td width=\"166\">16:00<\/td>\n<td width=\"207\">Sergio\u00a0Santamaria<\/td>\n<\/tr>\n<tr>\n<td width=\"249\">Antonio\u00a0Mateos Uriarte<\/td>\n<td width=\"166\">16:30<\/td>\n<td width=\"207\">Pedro\u00a0Caba\u00f1as<\/td>\n<\/tr>\n<tr>\n<td width=\"249\">Javier\u00a0Jurado\u00a0Mor\u00e1n<\/td>\n<td width=\"166\">17:00<\/td>\n<td width=\"207\">Jos\u00e9\u00a0Manuel\u00a0Medina<\/td>\n<\/tr>\n<tr>\n<td width=\"249\">Iv\u00e1n\u00a0Morales\u00a0Garc\u00eda<\/td>\n<td width=\"166\">17:30<\/td>\n<td width=\"207\">Jos\u00e9\u00a0Barba<\/td>\n<\/tr>\n<tr>\n<td colspan=\"5\" width=\"912\">Los\u00a0alumnos\u00a0dispondr\u00e1n\u00a0de\u00a0<strong>15<\/strong><strong>\u00a0<\/strong><strong>minutos<\/strong><strong>\u00a0<\/strong><strong>para<\/strong><strong>\u00a0<\/strong><strong>realizar<\/strong><strong>\u00a0<\/strong><strong>la<\/strong><strong>\u00a0<\/strong><strong>presentaci\u00f3n<\/strong>,\u00a0tras\u00a0lo\u00a0cual\u00a0<strong>el<\/strong><strong>\u00a0<\/strong><strong>tribunal<\/strong><strong>\u00a0<\/strong><strong>proceder\u00e1<\/strong><strong>\u00a0<\/strong><strong>a<\/strong><strong>\u00a0<\/strong><strong>formular<\/strong><strong>\u00a0<\/strong><strong>las<\/strong><strong>\u00a0<\/strong><strong>preguntas<\/strong><strong>\u00a0<\/strong><strong>que<\/strong><strong>\u00a0<\/strong><strong>considere oportunas <\/strong>relacionadas con el contenido expuesto.<\/td>\n<\/tr>\n<\/tbody>\n<\/table>\n<table>\n<tbody>\n<tr>\n<td width=\"111\">CICLO<\/td>\n<td width=\"180\">FECHA<\/td>\n<td width=\"249\">ALUMNOS<\/td>\n<td width=\"166\">HORARIO<\/td>\n<td width=\"207\">TUTOR\/A<\/td>\n<\/tr>\n<tr>\n<td rowspan=\"3\" width=\"111\">ASIR \/ AULA T21<\/td>\n<td rowspan=\"3\" width=\"180\">MARTES,\u00a016\u00a0DE DICIEMBRE DE 2025<\/td>\n<td width=\"249\">\u00c1lvaro Willes Padrino<\/td>\n<td width=\"166\">10:20 &#8211; 10:45<\/td>\n<td width=\"207\">Elena Garc\u00eda D\u00edaz<\/td>\n<\/tr>\n<tr>\n<td width=\"249\">David Catalin Stan\u00a0y Daniel G\u00f3mez Garc\u00eda<\/td>\n<td width=\"166\">11:45 &#8211; 12:10<\/td>\n<td width=\"207\">Ram\u00f3n Gonz\u00e1lez Garc\u00eda<\/td>\n<\/tr>\n<tr>\n<td width=\"249\">David Bravo Bravo<\/td>\n<td width=\"166\">12:10 &#8211; 12:35<\/td>\n<td width=\"207\">Diego Baratto Valdivia<\/td>\n<\/tr>\n<tr>\n<td colspan=\"5\" width=\"912\">Los\u00a0alumnos\u00a0dispondr\u00e1n\u00a0de\u00a0<strong>15<\/strong><strong>\u00a0<\/strong><strong>minutos<\/strong><strong>\u00a0<\/strong><strong>para<\/strong><strong>\u00a0<\/strong><strong>realizar<\/strong><strong>\u00a0<\/strong><strong>la<\/strong><strong>\u00a0<\/strong><strong>presentaci\u00f3n<\/strong>,\u00a0tras\u00a0lo\u00a0cual\u00a0<strong>el<\/strong><strong>\u00a0<\/strong><strong>tribunal<\/strong><strong> dispondr\u00e1 de 10 minutos <\/strong><strong>para <\/strong><strong>formular<\/strong><strong>\u00a0<\/strong><strong>las<\/strong><strong>\u00a0<\/strong><strong>preguntas<\/strong><strong>\u00a0<\/strong><strong>que<\/strong><strong>\u00a0<\/strong><strong>considere oportunas <\/strong>relacionadas con el contenido expuesto.<\/td>\n<\/tr>\n<\/tbody>\n<\/table><\/div><\/li>\n<li><a class=\"wp-block-latest-posts__post-title\" href=\"https:\/\/site.educa.madrid.org\/ies.laarboleda.alcorcon\/index.php\/2025\/05\/23\/proyecto-erasmus-gs-movilidades-de-larga-duracion\/\">PROYECTO ERASMUS+ GS MOVILIDADES DE LARGA DURACI\u00d3N<\/a><div class=\"wp-block-latest-posts__post-author\">por GEMA MARINA NOGUEIRA MARTIN<\/div><time datetime=\"2025-05-23T20:04:00+02:00\" class=\"wp-block-latest-posts__post-date\">23 mayo, 2025<\/time><div class=\"wp-block-latest-posts__post-full-content\"><p style=\"text-align: left\">Dos estudiantes de nuestro Ciclo Formativo de Grado Superior en Inform\u00e1tica han realizado sus pr\u00e1cticas profesionales correspondientes al m\u00f3dulo de Formaci\u00f3n en Centros de Trabajo (FCT) en el marco del proyecto Erasmus KA-131, en la ciudad de Braga (Portugal). Esta estancia formativa tuvo lugar entre el 17 de marzo y el 20 de mayo, per\u00edodo durante el cual los alumnos pudieron aplicar y consolidar sus conocimientos te\u00f3ricos y pr\u00e1cticos en dos empresas locales.<\/p>\n<p style=\"text-align: left\">Sin duda, ha sido una experiencia enriquecedora, que ha contribuido al desarrollo de sus competencias tanto profesionales como personales, fortaleciendo as\u00ed su proyecci\u00f3n en el \u00e1mbito laboral. \u00a0 \u00a0 \u00a0\u00a0\u00a0<\/p>\n\n<!-- wp:nextend\/smartslider3 {\"slider\":\"36\"} -->\n<div class=\"wp-block-nextend-smartslider3\"><\/div>\n<!-- \/wp:nextend\/smartslider3 --><\/div><\/li>\n<li><a class=\"wp-block-latest-posts__post-title\" href=\"https:\/\/site.educa.madrid.org\/ies.laarboleda.alcorcon\/index.php\/2024\/03\/16\/feria-de-ideas\/\">Feria de Ideas<\/a><div class=\"wp-block-latest-posts__post-author\">por Ram\u00f3n G\u00f3nzalez Garc\u00eda<\/div><time datetime=\"2024-03-16T22:56:57+01:00\" class=\"wp-block-latest-posts__post-date\">16 marzo, 2024<\/time><div class=\"wp-block-latest-posts__post-full-content\"><img loading=\"lazy\" decoding=\"async\" class=\"aligncenter wp-image-4503 size-full\" src=\"https:\/\/site.educa.madrid.org\/ies.laarboleda.alcorcon\/\/wp-content\/uploads\/ies.laarboleda.alcorcon\/2024\/02\/Ambiente-general-scaled.jpg\" alt=\"\" width=\"2560\" height=\"1706\" srcset=\"https:\/\/site.educa.madrid.org\/ies.laarboleda.alcorcon\/\/wp-content\/uploads\/ies.laarboleda.alcorcon\/2024\/02\/Ambiente-general-scaled.jpg 2560w, https:\/\/site.educa.madrid.org\/ies.laarboleda.alcorcon\/\/wp-content\/uploads\/ies.laarboleda.alcorcon\/2024\/02\/Ambiente-general-300x200.jpg 300w, https:\/\/site.educa.madrid.org\/ies.laarboleda.alcorcon\/\/wp-content\/uploads\/ies.laarboleda.alcorcon\/2024\/02\/Ambiente-general-1024x682.jpg 1024w, https:\/\/site.educa.madrid.org\/ies.laarboleda.alcorcon\/\/wp-content\/uploads\/ies.laarboleda.alcorcon\/2024\/02\/Ambiente-general-768x512.jpg 768w, https:\/\/site.educa.madrid.org\/ies.laarboleda.alcorcon\/\/wp-content\/uploads\/ies.laarboleda.alcorcon\/2024\/02\/Ambiente-general-391x260.jpg 391w, https:\/\/site.educa.madrid.org\/ies.laarboleda.alcorcon\/\/wp-content\/uploads\/ies.laarboleda.alcorcon\/2024\/02\/Ambiente-general-1536x1023.jpg 1536w, https:\/\/site.educa.madrid.org\/ies.laarboleda.alcorcon\/\/wp-content\/uploads\/ies.laarboleda.alcorcon\/2024\/02\/Ambiente-general-2048x1364.jpg 2048w, https:\/\/site.educa.madrid.org\/ies.laarboleda.alcorcon\/\/wp-content\/uploads\/ies.laarboleda.alcorcon\/2024\/02\/Ambiente-general-272x182.jpg 272w\" sizes=\"auto, (max-width: 2560px) 100vw, 2560px\" \/>\n\nEl pasado 28 de febrero los alumnos de segundo curso de los Ciclos de Inform\u00e1tica participaron en la II Feria de Ideas celebrada en el instituto. Esta feria supone el colof\u00f3n a los proyectos de \u201cemprendimiento\u201d que los alumnos elaboran a lo largo del curso.\n\n<hr \/><\/div><\/li>\n<li><a class=\"wp-block-latest-posts__post-title\" href=\"https:\/\/site.educa.madrid.org\/ies.laarboleda.alcorcon\/index.php\/2023\/11\/28\/visita-al-banco-de-espana\/\">Visita al Banco de Espa\u00f1a<\/a><div class=\"wp-block-latest-posts__post-author\">por Ram\u00f3n G\u00f3nzalez Garc\u00eda<\/div><time datetime=\"2023-11-28T13:55:54+01:00\" class=\"wp-block-latest-posts__post-date\">28 noviembre, 2023<\/time><div class=\"wp-block-latest-posts__post-full-content\"><img loading=\"lazy\" decoding=\"async\" class=\"aligncenter wp-image-4145 size-full\" src=\"https:\/\/site.educa.madrid.org\/ies.laarboleda.alcorcon\/\/wp-content\/uploads\/ies.laarboleda.alcorcon\/2023\/11\/image0-1-scaled.jpeg\" alt=\"\" width=\"2560\" height=\"1928\" srcset=\"https:\/\/site.educa.madrid.org\/ies.laarboleda.alcorcon\/\/wp-content\/uploads\/ies.laarboleda.alcorcon\/2023\/11\/image0-1-scaled.jpeg 2560w, https:\/\/site.educa.madrid.org\/ies.laarboleda.alcorcon\/\/wp-content\/uploads\/ies.laarboleda.alcorcon\/2023\/11\/image0-1-300x226.jpeg 300w, https:\/\/site.educa.madrid.org\/ies.laarboleda.alcorcon\/\/wp-content\/uploads\/ies.laarboleda.alcorcon\/2023\/11\/image0-1-1024x771.jpeg 1024w, https:\/\/site.educa.madrid.org\/ies.laarboleda.alcorcon\/\/wp-content\/uploads\/ies.laarboleda.alcorcon\/2023\/11\/image0-1-768x578.jpeg 768w, https:\/\/site.educa.madrid.org\/ies.laarboleda.alcorcon\/\/wp-content\/uploads\/ies.laarboleda.alcorcon\/2023\/11\/image0-1-1536x1157.jpeg 1536w, https:\/\/site.educa.madrid.org\/ies.laarboleda.alcorcon\/\/wp-content\/uploads\/ies.laarboleda.alcorcon\/2023\/11\/image0-1-2048x1542.jpeg 2048w\" sizes=\"auto, (max-width: 2560px) 100vw, 2560px\" \/>\n\nEl pasado 15 de noviembre los alumnos de 2\u00ba de ASIR y 1\u00ba de DAW, junto con sus profesores de Formaci\u00f3n y Orientaci\u00f3n Laboral, visitaron la sede central del Banco de Espa\u00f1a en Madrid para realizar un taller de finanzas.\n\n<hr \/><\/div><\/li>\n<\/ul>\n\n\n<div style=\"height:10px\" aria-hidden=\"true\" class=\"wp-block-spacer\"><\/div>\n\n\n<div id=\"pl-gb1777-6a035551c1a09\"  class=\"panel-layout\" ><div id=\"pg-gb1777-6a035551c1a09-0\"  class=\"panel-grid panel-has-style\"  data-style=\"{&quot;background&quot;:&quot;#cceecc&quot;,&quot;background_image_attachment&quot;:false,&quot;background_display&quot;:&quot;tile&quot;,&quot;full_height&quot;:&quot;&quot;,&quot;cell_alignment&quot;:&quot;flex-start&quot;,&quot;link_overlay_new_window&quot;:&quot;&quot;}\" ><div class=\"panel-row-style panel-row-style-for-gb1777-6a035551c1a09-0\" ><div id=\"pgc-gb1777-6a035551c1a09-0-0\"  class=\"panel-grid-cell\"  data-weight=\"1\" ><div id=\"panel-gb1777-6a035551c1a09-0-0-0\" class=\"so-panel widget widget_text panel-first-child panel-last-child\" data-index=\"0\" data-style=\"{&quot;background_image_attachment&quot;:false,&quot;background_display&quot;:&quot;tile&quot;,&quot;background_image_size&quot;:&quot;full&quot;,&quot;border_thickness&quot;:&quot;1px&quot;,&quot;margin&quot;:&quot;0px 60px 0px 60px&quot;,&quot;link_overlay_new_window&quot;:&quot;&quot;}\" ><h3 class=\"widget-title\">Otros contenidos<\/h3>\t\t\t<div class=\"textwidget\"><p><a href=\"https:\/\/aulavirtual33.educa.madrid.org\/ies.laarboleda.alcorcon\/course\/index.php?categoryid=76&amp;browse=courses&amp;perpage=20&amp;page=1\">Aulas virtuales de ciclos, etc.<\/a><\/p>\n<p><a href=\"https:\/\/cloud.educa.madrid.org\/s\/tHpagbR6AR6GTqE\">Programaciones<\/a><\/p>\n<\/div>\n\t\t<\/div><\/div><\/div><\/div><\/div>\n\n\n<p><\/p>\n","protected":false},"excerpt":{"rendered":"","protected":false},"author":20,"featured_media":0,"parent":0,"menu_order":0,"comment_status":"closed","ping_status":"closed","template":"","meta":{"footnotes":""},"folder":[46],"class_list":["post-1777","page","type-page","status-publish","hentry"],"rttpg_featured_image_url":null,"rttpg_author":{"display_name":"Elena Garcia D\u00edaz","author_link":"https:\/\/site.educa.madrid.org\/ies.laarboleda.alcorcon\/index.php\/author\/m-elena_garca-daz\/"},"rttpg_comment":0,"rttpg_category":" <a href=\"https:\/\/site.educa.madrid.org\/ies.laarboleda.alcorcon\/?taxonomy=folder&#038;term=departamentos-1653086396\" rel=\"tag\">Departamentos<\/a>","rttpg_excerpt":null,"post_mailing_queue_ids":[],"_links":{"self":[{"href":"https:\/\/site.educa.madrid.org\/ies.laarboleda.alcorcon\/index.php\/wp-json\/wp\/v2\/pages\/1777","targetHints":{"allow":["GET"]}}],"collection":[{"href":"https:\/\/site.educa.madrid.org\/ies.laarboleda.alcorcon\/index.php\/wp-json\/wp\/v2\/pages"}],"about":[{"href":"https:\/\/site.educa.madrid.org\/ies.laarboleda.alcorcon\/index.php\/wp-json\/wp\/v2\/types\/page"}],"author":[{"embeddable":true,"href":"https:\/\/site.educa.madrid.org\/ies.laarboleda.alcorcon\/index.php\/wp-json\/wp\/v2\/users\/20"}],"replies":[{"embeddable":true,"href":"https:\/\/site.educa.madrid.org\/ies.laarboleda.alcorcon\/index.php\/wp-json\/wp\/v2\/comments?post=1777"}],"version-history":[{"count":29,"href":"https:\/\/site.educa.madrid.org\/ies.laarboleda.alcorcon\/index.php\/wp-json\/wp\/v2\/pages\/1777\/revisions"}],"predecessor-version":[{"id":5009,"href":"https:\/\/site.educa.madrid.org\/ies.laarboleda.alcorcon\/index.php\/wp-json\/wp\/v2\/pages\/1777\/revisions\/5009"}],"wp:attachment":[{"href":"https:\/\/site.educa.madrid.org\/ies.laarboleda.alcorcon\/index.php\/wp-json\/wp\/v2\/media?parent=1777"}],"wp:term":[{"taxonomy":"folder","embeddable":true,"href":"https:\/\/site.educa.madrid.org\/ies.laarboleda.alcorcon\/index.php\/wp-json\/wp\/v2\/folder?post=1777"}],"curies":[{"name":"wp","href":"https:\/\/api.w.org\/{rel}","templated":true}]}}