{"id":1787,"date":"2022-06-29T20:54:53","date_gmt":"2022-06-29T18:54:53","guid":{"rendered":"https:\/\/site.educa.madrid.org\/ies.laarboleda.alcorcon\/?page_id=1787"},"modified":"2026-04-08T11:13:05","modified_gmt":"2026-04-08T09:13:05","slug":"imagen-personal","status":"publish","type":"page","link":"https:\/\/site.educa.madrid.org\/ies.laarboleda.alcorcon\/index.php\/imagen-personal\/","title":{"rendered":"Imagen Personal"},"content":{"rendered":"\n<p><\/p>\n\n\n<p><style>\nul.wp-block-latest-posts__list { background-color: #cceecc; padding: 60px; border-bottom-style: solid; border-bottom-color: white; border-bottom-width: 30px; } ul.wp-block-latest-posts__list &gt; li { padding-left: 60px; padding-right: 60px; } ul.wp-block-latest-posts__list { margin-top: -120px; }<br \/>\n<\/style>\n<\/p>\n\n<div id=\"pl-gb1787-6a03781278871\"  class=\"panel-layout panel-layout\" ><div id=\"pg-gb1787-6a03781278871-0\"  class=\"panel-grid panel-no-style\"  data-style=\"{&quot;background_image_attachment&quot;:false,&quot;background_display&quot;:&quot;tile&quot;,&quot;full_height&quot;:&quot;&quot;,&quot;cell_alignment&quot;:&quot;flex-start&quot;,&quot;link_overlay_new_window&quot;:&quot;&quot;}\" ><div id=\"pgc-gb1787-6a03781278871-0-0\"  class=\"panel-grid-cell\"  data-weight=\"0.3\" ><div id=\"panel-gb1787-6a03781278871-0-0-0\" class=\"so-panel widget widget_media_image panel-first-child panel-last-child\" data-index=\"0\" data-style=\"{&quot;background_image_attachment&quot;:false,&quot;background_display&quot;:&quot;tile&quot;,&quot;margin&quot;:&quot;0px 0px 0px 60px&quot;,&quot;link_overlay_new_window&quot;:&quot;&quot;}\" ><img loading=\"lazy\" decoding=\"async\" width=\"150\" height=\"150\" src=\"https:\/\/site.educa.madrid.org\/ies.laarboleda.alcorcon\/\/wp-content\/uploads\/ies.laarboleda.alcorcon\/2021\/05\/la-2-Verde-Merche-150x150.jpg\" class=\"image wp-image-205  attachment-thumbnail size-thumbnail\" alt=\"\" style=\"max-width: 100%; height: auto;\" srcset=\"https:\/\/site.educa.madrid.org\/ies.laarboleda.alcorcon\/\/wp-content\/uploads\/ies.laarboleda.alcorcon\/2021\/05\/la-2-Verde-Merche-150x150.jpg 150w, https:\/\/site.educa.madrid.org\/ies.laarboleda.alcorcon\/\/wp-content\/uploads\/ies.laarboleda.alcorcon\/2021\/05\/la-2-Verde-Merche-300x300.jpg 300w, https:\/\/site.educa.madrid.org\/ies.laarboleda.alcorcon\/\/wp-content\/uploads\/ies.laarboleda.alcorcon\/2021\/05\/la-2-Verde-Merche-450x450.jpg 450w, https:\/\/site.educa.madrid.org\/ies.laarboleda.alcorcon\/\/wp-content\/uploads\/ies.laarboleda.alcorcon\/2021\/05\/la-2-Verde-Merche.jpg 662w\" sizes=\"auto, (max-width: 150px) 100vw, 150px\" \/><\/div><\/div><div id=\"pgc-gb1787-6a03781278871-0-1\"  class=\"panel-grid-cell\"  data-weight=\"0.7\" ><div id=\"panel-gb1787-6a03781278871-0-1-0\" class=\"so-panel widget widget_text panel-first-child panel-last-child\" data-index=\"1\" data-style=\"{&quot;background_image_attachment&quot;:false,&quot;background_display&quot;:&quot;tile&quot;,&quot;background_image_size&quot;:&quot;full&quot;,&quot;border_thickness&quot;:&quot;1px&quot;,&quot;link_overlay_new_window&quot;:&quot;&quot;}\" ><h3 class=\"widget-title\">Departamento de Imagen Personal<\/h3>\t\t\t<div class=\"textwidget\"><p>La Familia Profesional de <em>Imagen Personal\u00a0<\/em>se divide en dos grandes bloques:\u00a0<strong>Peluquer\u00eda y Est\u00e9tica<\/strong>. En nuestro departamento contamos con cuatro talleres profesionales, dos corresponden a la especialidad de Est\u00e9tica, uno a la de Peluquer\u00eda, y otro mixto.<\/p>\n<div class=\"wp-block-latest-posts__post-full-content\">\n<p><strong>La oferta educativa del Departamento de Imagen Personal es:<\/strong><\/p>\n<p class=\"has-text-align-left\"><img loading=\"lazy\" decoding=\"async\" class=\"alignnone wp-image-4825\" src=\"https:\/\/site.educa.madrid.org\/ies.laarboleda.alcorcon\/\/wp-content\/uploads\/ies.laarboleda.alcorcon\/2024\/05\/FP_Basica_la_arboleda.jpg\" alt=\"\" width=\"250\" height=\"275\" srcset=\"https:\/\/site.educa.madrid.org\/ies.laarboleda.alcorcon\/\/wp-content\/uploads\/ies.laarboleda.alcorcon\/2024\/05\/FP_Basica_la_arboleda.jpg 735w, https:\/\/site.educa.madrid.org\/ies.laarboleda.alcorcon\/\/wp-content\/uploads\/ies.laarboleda.alcorcon\/2024\/05\/FP_Basica_la_arboleda-273x300.jpg 273w\" sizes=\"auto, (max-width: 250px) 100vw, 250px\" \/>\u00a0CF Grado B\u00e1sico:\u00a0<strong>1\u00ba de Peluquer\u00eda y 2\u00ba de Est\u00e9tica<\/strong><\/p>\n<p class=\"has-text-align-left\"><img loading=\"lazy\" decoding=\"async\" class=\"alignnone wp-image-4828\" src=\"https:\/\/site.educa.madrid.org\/ies.laarboleda.alcorcon\/\/wp-content\/uploads\/ies.laarboleda.alcorcon\/2024\/05\/FP_Peluqueria_la_arboleda.jpg\" alt=\"\" width=\"300\" height=\"236\" srcset=\"https:\/\/site.educa.madrid.org\/ies.laarboleda.alcorcon\/\/wp-content\/uploads\/ies.laarboleda.alcorcon\/2024\/05\/FP_Peluqueria_la_arboleda.jpg 979w, https:\/\/site.educa.madrid.org\/ies.laarboleda.alcorcon\/\/wp-content\/uploads\/ies.laarboleda.alcorcon\/2024\/05\/FP_Peluqueria_la_arboleda-300x236.jpg 300w, https:\/\/site.educa.madrid.org\/ies.laarboleda.alcorcon\/\/wp-content\/uploads\/ies.laarboleda.alcorcon\/2024\/05\/FP_Peluqueria_la_arboleda-768x605.jpg 768w\" sizes=\"auto, (max-width: 300px) 100vw, 300px\" \/>CF Grado Medio:<em><strong>\u00a0Peluquer\u00eda y Cosm\u00e9tica capilar<\/strong><\/em>.<\/p>\n<p class=\"has-text-align-left\"><img loading=\"lazy\" decoding=\"async\" class=\"alignnone wp-image-4826\" src=\"https:\/\/site.educa.madrid.org\/ies.laarboleda.alcorcon\/\/wp-content\/uploads\/ies.laarboleda.alcorcon\/2024\/05\/FP_GM_Estetica_La_arboleda.jpg\" alt=\"\" width=\"300\" height=\"300\" srcset=\"https:\/\/site.educa.madrid.org\/ies.laarboleda.alcorcon\/\/wp-content\/uploads\/ies.laarboleda.alcorcon\/2024\/05\/FP_GM_Estetica_La_arboleda.jpg 450w, https:\/\/site.educa.madrid.org\/ies.laarboleda.alcorcon\/\/wp-content\/uploads\/ies.laarboleda.alcorcon\/2024\/05\/FP_GM_Estetica_La_arboleda-300x300.jpg 300w, https:\/\/site.educa.madrid.org\/ies.laarboleda.alcorcon\/\/wp-content\/uploads\/ies.laarboleda.alcorcon\/2024\/05\/FP_GM_Estetica_La_arboleda-150x150.jpg 150w\" sizes=\"auto, (max-width: 300px) 100vw, 300px\" \/>CF Grado Medio:<strong>\u00a0Est\u00e9tica\u00a0<em>y Belleza<\/em><\/strong><\/p>\n<p class=\"has-text-align-left\"><img loading=\"lazy\" decoding=\"async\" width=\"236\" height=\"236\" class=\"wp-image-4834\" src=\"https:\/\/site.educa.madrid.org\/ies.laarboleda.alcorcon\/\/wp-content\/uploads\/ies.laarboleda.alcorcon\/2023\/09\/GS_Estetica_laarboleda.jpg\" alt=\"\" srcset=\"https:\/\/site.educa.madrid.org\/ies.laarboleda.alcorcon\/\/wp-content\/uploads\/ies.laarboleda.alcorcon\/2023\/09\/GS_Estetica_laarboleda.jpg 236w, https:\/\/site.educa.madrid.org\/ies.laarboleda.alcorcon\/\/wp-content\/uploads\/ies.laarboleda.alcorcon\/2023\/09\/GS_Estetica_laarboleda-150x150.jpg 150w\" sizes=\"auto, (max-width: 236px) 100vw, 236px\" \/>CF Grado Superior:<strong>\u00a0Est\u00e9tica\u00a0<em>Integral y B<\/em>ienestar<\/strong><\/p>\n<\/div>\n<\/div>\n\t\t<\/div><\/div><\/div><div id=\"pg-gb1787-6a03781278871-1\"  class=\"panel-grid panel-no-style\"  data-style=\"{&quot;background_image_attachment&quot;:false,&quot;background_display&quot;:&quot;tile&quot;,&quot;background_image_size&quot;:&quot;full&quot;,&quot;border_thickness&quot;:&quot;1px&quot;,&quot;full_height&quot;:&quot;&quot;,&quot;cell_alignment&quot;:&quot;flex-start&quot;,&quot;link_overlay_new_window&quot;:&quot;&quot;}\"  data-ratio=\"1\"  data-ratio-direction=\"right\" ><div id=\"pgc-gb1787-6a03781278871-1-0\"  class=\"panel-grid-cell\"  data-weight=\"1\" ><div id=\"panel-gb1787-6a03781278871-1-0-0\" class=\"so-panel widget widget_text panel-first-child panel-last-child\" data-index=\"2\" data-style=\"{&quot;background_image_attachment&quot;:false,&quot;background_display&quot;:&quot;tile&quot;,&quot;background_image_size&quot;:&quot;full&quot;,&quot;border_thickness&quot;:&quot;1px&quot;,&quot;link_overlay_new_window&quot;:&quot;&quot;}\" >\t\t\t<div class=\"textwidget\"><\/div>\n\t\t<\/div><\/div><\/div><div id=\"pg-gb1787-6a03781278871-2\"  class=\"panel-grid panel-has-style\"  data-style=\"{&quot;background&quot;:&quot;#cceecc&quot;,&quot;background_image_attachment&quot;:false,&quot;background_display&quot;:&quot;tile&quot;,&quot;background_image_size&quot;:&quot;full&quot;,&quot;border_thickness&quot;:&quot;1px&quot;,&quot;full_height&quot;:&quot;&quot;,&quot;cell_alignment&quot;:&quot;flex-start&quot;,&quot;link_overlay_new_window&quot;:&quot;&quot;}\" ><div class=\"panel-row-style panel-row-style-for-gb1787-6a03781278871-2\" ><div id=\"pgc-gb1787-6a03781278871-2-0\"  class=\"panel-grid-cell panel-grid-cell-empty\"  data-weight=\"1\" ><\/div><\/div><\/div><\/div>\n\n\n<p><strong>CRITERIOS DE CALIFICACI\u00d3N 2025-2026<\/strong><\/p>\n\n\n\n<p>PELU &#8211; Criterios calificaci\u00f3n peluquer\u00eda. <a href=\"https:\/\/site.educa.madrid.org\/ies.laarboleda.alcorcon\/\/wp-content\/uploads\/ies.laarboleda.alcorcon\/2026\/03\/criterios-calificacion-peluqueria-1.odt\">Documento 1<\/a><\/p>\n\n\n\n<p>ESTBELL &#8211; criterios de calificaci\u00f3n est\u00e9tica y belleza. <a href=\"https:\/\/site.educa.madrid.org\/ies.laarboleda.alcorcon\/\/wp-content\/uploads\/ies.laarboleda.alcorcon\/2026\/03\/criterios-de-calificacion-estetica-y-belleza.odt\">Documento 2<\/a><\/p>\n\n\n\n<p>EST &#8211; CRITERIOS DE CALIFICACI\u00d3N DEL CICLO DE EST\u00c9TICA INTEGRAL Y BIENESTAR. <a href=\"https:\/\/site.educa.madrid.org\/ies.laarboleda.alcorcon\/\/wp-content\/uploads\/ies.laarboleda.alcorcon\/2026\/03\/CRITERIOS-DE-CALIFICACION-DEL-CICLO-DE-ESTETICA-INTEGRAL-Y-BIENESTAR.odt\">Documento 3<\/a><\/p>\n\n\n\n<div class=\"wp-block-group\"><div class=\"wp-block-group__inner-container is-layout-constrained wp-block-group-is-layout-constrained\"><div id=\"pl-gb1787-6a03781279a06\"  class=\"panel-layout panel-layout\" ><div id=\"pg-gb1787-6a03781279a06-0\"  class=\"panel-grid panel-no-style\"  data-style=\"{&quot;background_image_attachment&quot;:false,&quot;background_display&quot;:&quot;tile&quot;,&quot;background_image_size&quot;:&quot;full&quot;,&quot;background_image_opacity&quot;:&quot;100&quot;,&quot;border_thickness&quot;:&quot;1px&quot;,&quot;full_height&quot;:&quot;&quot;,&quot;cell_alignment&quot;:&quot;flex-start&quot;,&quot;link_overlay_new_window&quot;:&quot;&quot;}\" ><div id=\"pgc-gb1787-6a03781279a06-0-0\"  class=\"panel-grid-cell\"  data-weight=\"1\" ><div id=\"panel-gb1787-6a03781279a06-0-0-0\" class=\"so-panel widget widget_text panel-first-child panel-last-child\" data-index=\"0\" data-style=\"{&quot;background_image_attachment&quot;:false,&quot;background_display&quot;:&quot;tile&quot;,&quot;background_image_size&quot;:&quot;full&quot;,&quot;background_image_opacity&quot;:&quot;100&quot;,&quot;border_thickness&quot;:&quot;1px&quot;,&quot;margin&quot;:&quot;0px 60px 0px 60px&quot;,&quot;link_overlay_new_window&quot;:&quot;&quot;}\" ><h3 class=\"widget-title\">Noticias<\/h3>\t\t\t<div class=\"textwidget\"><\/div>\n\t\t<\/div><\/div><\/div><\/div>\n\n<ul class=\"wp-block-latest-posts__list has-dates wp-block-latest-posts\"><li><a class=\"wp-block-latest-posts__post-title\" href=\"https:\/\/site.educa.madrid.org\/ies.laarboleda.alcorcon\/index.php\/2026\/04\/14\/concurso-fpgb\/\">CONCURSO FPGB<\/a><time datetime=\"2026-04-14T15:33:10+02:00\" class=\"wp-block-latest-posts__post-date\">14 abril, 2026<\/time><div class=\"wp-block-latest-posts__post-excerpt\">Nerea Fern\u00e1ndez, alumna de 2\u00ba de F.P. Grado B\u00e1sico, particip\u00f3 el pasado 9 de abril en el 1\u00ba Campeonato de peluquer\u00eda para F.P B\u00e1sica y UFIL, organizado por la Comunidad<\/div><div class=\"blog-btn\"><a href=\"https:\/\/site.educa.madrid.org\/ies.laarboleda.alcorcon\/index.php\/2026\/04\/14\/concurso-fpgb\/\" class=\"home-blog-btn\">Leer m\u00e1s<\/a><\/div><\/li>\n<li><a class=\"wp-block-latest-posts__post-title\" href=\"https:\/\/site.educa.madrid.org\/ies.laarboleda.alcorcon\/index.php\/2025\/06\/06\/proyecto-skills-erasmusfp-gm-2024-25\/\">PROYECTO SKILLS ERASMUS+FP GM 2024-25<\/a><time datetime=\"2025-06-06T20:44:44+02:00\" class=\"wp-block-latest-posts__post-date\">6 junio, 2025<\/time><div class=\"wp-block-latest-posts__post-excerpt\">En el marco del proyecto KA-121 Erasmus+ FP, IES La Arboleda recibi\u00f3 la visita de estudiantes procedentes de B\u00e9lgica, quienes participaron en un proyecto colaborativo que contempl\u00f3 pr\u00e1cticas profesionales en<\/div><div class=\"blog-btn\"><a href=\"https:\/\/site.educa.madrid.org\/ies.laarboleda.alcorcon\/index.php\/2025\/06\/06\/proyecto-skills-erasmusfp-gm-2024-25\/\" class=\"home-blog-btn\">Leer m\u00e1s<\/a><\/div><\/li>\n<li><a class=\"wp-block-latest-posts__post-title\" href=\"https:\/\/site.educa.madrid.org\/ies.laarboleda.alcorcon\/index.php\/2025\/02\/07\/acogida-alumnas-nantes-francia-especialidad-estetica-2\/\">ACOGIDA ALUMNAS NANTES (FRANCIA) ESPECIALIDAD EST\u00c9TICA<\/a><time datetime=\"2025-02-07T19:23:03+01:00\" class=\"wp-block-latest-posts__post-date\">7 febrero, 2025<\/time><div class=\"wp-block-latest-posts__post-excerpt\">Recibimos a nuestro centro hom\u00f3logo de Nantes (Francia) de visita Erasmus, del 20 al 31 de enero, del cual acogimos a 12 alumnas, acompa\u00f1adas de 4 profesores. Nuestra acogida se<\/div><div class=\"blog-btn\"><a href=\"https:\/\/site.educa.madrid.org\/ies.laarboleda.alcorcon\/index.php\/2025\/02\/07\/acogida-alumnas-nantes-francia-especialidad-estetica-2\/\" class=\"home-blog-btn\">Leer m\u00e1s<\/a><\/div><\/li>\n<li><a class=\"wp-block-latest-posts__post-title\" href=\"https:\/\/site.educa.madrid.org\/ies.laarboleda.alcorcon\/index.php\/2023\/11\/05\/profesoras-del-departamento-2\/\">PROFESORAS DEL DEPARTAMENTO<\/a><time datetime=\"2023-11-05T19:27:46+01:00\" class=\"wp-block-latest-posts__post-date\">5 noviembre, 2023<\/time><div class=\"wp-block-latest-posts__post-excerpt\">El departamento de IMAGEN PERSONAL est\u00e1 formado por: FP b\u00e1sica: 1\u00ba de Peluquer\u00eda y 2\u00ba de Est\u00e9tica Dos ciclos de Grado Medio: Peluquer\u00eda y Cosm\u00e9tica capilar y Est\u00e9tica y Belleza<\/div><div class=\"blog-btn\"><a href=\"https:\/\/site.educa.madrid.org\/ies.laarboleda.alcorcon\/index.php\/2023\/11\/05\/profesoras-del-departamento-2\/\" class=\"home-blog-btn\">Leer m\u00e1s<\/a><\/div><\/li>\n<li><a class=\"wp-block-latest-posts__post-title\" href=\"https:\/\/site.educa.madrid.org\/ies.laarboleda.alcorcon\/index.php\/2023\/09\/05\/departamento-imagen-personal\/\">DEPARTAMENTO IMAGEN PERSONAL<\/a><time datetime=\"2023-09-05T19:17:21+02:00\" class=\"wp-block-latest-posts__post-date\">5 septiembre, 2023<\/time><div class=\"wp-block-latest-posts__post-excerpt\">La Familia Profesional de Imagen Personal se divide en dos grandes bloques: Peluquer\u00eda y Est\u00e9tica. En nuestro departamento contamos con cuatro talleres profesionales, dos corresponden a la especialidad de Est\u00e9tica,<\/div><div class=\"blog-btn\"><a href=\"https:\/\/site.educa.madrid.org\/ies.laarboleda.alcorcon\/index.php\/2023\/09\/05\/departamento-imagen-personal\/\" class=\"home-blog-btn\">Leer m\u00e1s<\/a><\/div><\/li>\n<\/ul>\n\n\n<p><\/p>\n<\/div><\/div>\n\n\n\n<p><\/p>\n\n\n\n<div class=\"wp-block-columns is-layout-flex wp-container-core-columns-is-layout-9d6595d7 wp-block-columns-is-layout-flex\">\n<div class=\"wp-block-column is-layout-flow wp-block-column-is-layout-flow\">\n<div class=\"wp-block-group\"><div class=\"wp-block-group__inner-container is-layout-constrained wp-block-group-is-layout-constrained\">\n<figure class=\"wp-block-image\"><img decoding=\"async\" src=\"https:\/\/www.educacionfpydeportes.gob.es\/.imaging\/mte\/todofpnew-theme\/contenido-cim-gr\/dam\/todofp\/comunes\/familias\/logo-connombre\/color\/IMP.png\/jcr:content\/IMP.png.png\" alt=\"Imagen Personal - TodoFP | Ministerio de Educaci\u00f3n ...\"\/><\/figure>\n\n\n\n<p><strong>El departamento de IMAGEN PERSONAL est\u00e1 formado por:<\/strong><\/p>\n\n\n\n<p>FP b\u00e1sica: 1\u00ba de Peluquer\u00eda y 2\u00ba de Est\u00e9tica<\/p>\n\n\n\n<p>Dos ciclos de Grado Medio:<strong> Peluquer\u00eda y Cosm\u00e9tica capilar<\/strong> y <em><strong>Est\u00e9tica y Belleza<\/strong><\/em><\/p>\n\n\n\n<p>Un ciclo de Grado Superior de Est\u00e9tica <strong>Est\u00e9tica Integral<\/strong><\/p>\n\n\n\n<p><strong>Profesoras de FP B\u00e1sica:<\/strong><\/p>\n\n\n\n<p>Inmaculada Garc\u00eda<\/p>\n\n\n\n<p>Carmen Barrios<\/p>\n\n\n\n<p>Alba Mart\u00ednez<\/p>\n<\/div><\/div>\n\n\n\n<p>Sara Ruz<\/p>\n\n\n\n<p><strong>Profesoras de ciclos de Est\u00e9tica de GM y GS y de Peluquer\u00eda:<\/strong><\/p>\n\n\n\n<p>Olga Garc\u00eda<\/p>\n\n\n\n<p>Raquel Prieto<\/p>\n\n\n\n<p>Ester Agudo<\/p>\n\n\n\n<p>D\u00e9borak Paniagua<\/p>\n\n\n\n<p>Beatriz Hornero<\/p>\n\n\n\n<p>Cristina S\u00e1nchez<\/p>\n\n\n\n<p>Rosana Greciano<\/p>\n\n\n\n<p>Isabel Mart\u00edn-Mora<\/p>\n\n\n\n<p>Cristina Pinilla<\/p>\n\n\n\n<p>Gema Delgado<\/p>\n\n\n\n<p>Margarita Verdugo<\/p>\n\n\n\n<p>Vanesa Ripado<\/p>\n\n\n\n<p>Gema Marina Nogueira<\/p>\n\n\n\n<p><strong>CARGOS DEL CENTRO ASOCIADOS A NUESTRO DEPARTAMENTO<\/strong><\/p>\n\n\n\n<p><strong>Jefa de departamento<\/strong>: Olga Garc\u00eda Torrego<\/p>\n\n\n\n<p><strong>Jefa de Estudios de FP: <\/strong>Margarita Verdugo<\/p>\n\n\n\n<p><strong>Jefa de Estudios Adjunta responsable de la FPB:<\/strong> Gema Delgado<\/p>\n\n\n\n<p><strong>Jefa de Estudios Adjunta responsable de los proyectos Erasmus:<\/strong> Gema Marina Nogueira<\/p>\n\n\n\n<p><strong>Secretaria del centro y responsable del proyecto Skills:<\/strong> Cristina Pinilla<\/p>\n<\/div>\n\n\n\n<div class=\"wp-block-column is-layout-flow wp-block-column-is-layout-flow\">\n<p class=\"has-text-align-center\"><img loading=\"lazy\" decoding=\"async\" width=\"220\" height=\"148\" class=\"wp-image-3356\" style=\"width: 150px\" src=\"https:\/\/site.educa.madrid.org\/ies.laarboleda.alcorcon\/\/wp-content\/uploads\/ies.laarboleda.alcorcon\/2023\/03\/madridskills_220x148px.png\" alt=\"\"><\/p>\n\n\n\n<p><a rel=\"noreferrer noopener\" href=\"https:\/\/site.educa.madrid.org\/ies.laarboleda.alcorcon\/index.php\/2023\/03\/14\/el-ies-la-arboleda-gana-el-primer-premio-de-madrid-skills-en-peluqueria\/\" target=\"_blank\">EL IES \u00abLA ARBOLEDA\u00bb GANA EL PRIMER PREMIO DE MADRID SKILLS EN PELUQUERIA<\/a><\/p>\n<\/div>\n\n\n\n<div class=\"wp-block-column is-layout-flow wp-block-column-is-layout-flow\">\n<p class=\"has-text-align-left\"><img loading=\"lazy\" decoding=\"async\" width=\"225\" height=\"225\" class=\"wp-image-2491\" style=\"width: 150px\" src=\"https:\/\/site.educa.madrid.org\/ies.laarboleda.alcorcon\/\/wp-content\/uploads\/ies.laarboleda.alcorcon\/2022\/10\/download.png\" alt=\"\" srcset=\"https:\/\/site.educa.madrid.org\/ies.laarboleda.alcorcon\/\/wp-content\/uploads\/ies.laarboleda.alcorcon\/2022\/10\/download.png 225w, https:\/\/site.educa.madrid.org\/ies.laarboleda.alcorcon\/\/wp-content\/uploads\/ies.laarboleda.alcorcon\/2022\/10\/download-150x150.png 150w\" sizes=\"auto, (max-width: 225px) 100vw, 225px\" \/><\/p>\n\n\n\n<p><a href=\"https:\/\/site.educa.madrid.org\/ies.laarboleda.alcorcon\/index.php\/2022\/10\/20\/visita-al-salon-look\/\" target=\"_blank\" rel=\"noreferrer noopener\">Visita al Sal\u00f3n Look<\/a><\/p>\n<\/div>\n<\/div>\n","protected":false},"excerpt":{"rendered":"<p>CRITERIOS DE CALIFICACI\u00d3N 2025-2026 PELU &#8211; Criterios calificaci\u00f3n peluquer\u00eda. Documento 1 ESTBELL &#8211; criterios de calificaci\u00f3n est\u00e9tica y belleza. Documento 2 EST &#8211; CRITERIOS DE CALIFICACI\u00d3N DEL CICLO DE EST\u00c9TICA INTEGRAL Y BIENESTAR. Documento 3 El departamento de IMAGEN PERSONAL est\u00e1 formado por: FP b\u00e1sica: 1\u00ba de Peluquer\u00eda y 2\u00ba de Est\u00e9tica Dos ciclos de<\/p><\/div>\n<div class=\"blog-btn\"><a href=\"https:\/\/site.educa.madrid.org\/ies.laarboleda.alcorcon\/index.php\/imagen-personal\/\" class=\"home-blog-btn\">Leer m\u00e1s<\/a><\/p>\n","protected":false},"author":42,"featured_media":0,"parent":0,"menu_order":0,"comment_status":"closed","ping_status":"closed","template":"","meta":{"footnotes":""},"folder":[46],"class_list":["post-1787","page","type-page","status-publish","hentry"],"rttpg_featured_image_url":null,"rttpg_author":{"display_name":"M\u00aa Cristina De frutos Quintanilla","author_link":"https:\/\/site.educa.madrid.org\/ies.laarboleda.alcorcon\/index.php\/author\/m-cristina-de_frutos-quintanilla\/"},"rttpg_comment":0,"rttpg_category":" <a href=\"https:\/\/site.educa.madrid.org\/ies.laarboleda.alcorcon\/?taxonomy=folder&#038;term=departamentos-1653086396\" rel=\"tag\">Departamentos<\/a>","rttpg_excerpt":"CRITERIOS DE CALIFICACI\u00d3N 2025-2026 PELU &#8211; Criterios calificaci\u00f3n peluquer\u00eda. Documento 1 ESTBELL &#8211; criterios de calificaci\u00f3n est\u00e9tica y belleza. Documento 2 EST &#8211; CRITERIOS DE CALIFICACI\u00d3N DEL CICLO DE EST\u00c9TICA INTEGRAL Y BIENESTAR. Documento 3 El departamento de IMAGEN PERSONAL est\u00e1 formado por: FP b\u00e1sica: 1\u00ba de Peluquer\u00eda y 2\u00ba de Est\u00e9tica Dos ciclos deLeer&hellip;","post_mailing_queue_ids":[],"_links":{"self":[{"href":"https:\/\/site.educa.madrid.org\/ies.laarboleda.alcorcon\/index.php\/wp-json\/wp\/v2\/pages\/1787","targetHints":{"allow":["GET"]}}],"collection":[{"href":"https:\/\/site.educa.madrid.org\/ies.laarboleda.alcorcon\/index.php\/wp-json\/wp\/v2\/pages"}],"about":[{"href":"https:\/\/site.educa.madrid.org\/ies.laarboleda.alcorcon\/index.php\/wp-json\/wp\/v2\/types\/page"}],"author":[{"embeddable":true,"href":"https:\/\/site.educa.madrid.org\/ies.laarboleda.alcorcon\/index.php\/wp-json\/wp\/v2\/users\/42"}],"replies":[{"embeddable":true,"href":"https:\/\/site.educa.madrid.org\/ies.laarboleda.alcorcon\/index.php\/wp-json\/wp\/v2\/comments?post=1787"}],"version-history":[{"count":32,"href":"https:\/\/site.educa.madrid.org\/ies.laarboleda.alcorcon\/index.php\/wp-json\/wp\/v2\/pages\/1787\/revisions"}],"predecessor-version":[{"id":6704,"href":"https:\/\/site.educa.madrid.org\/ies.laarboleda.alcorcon\/index.php\/wp-json\/wp\/v2\/pages\/1787\/revisions\/6704"}],"wp:attachment":[{"href":"https:\/\/site.educa.madrid.org\/ies.laarboleda.alcorcon\/index.php\/wp-json\/wp\/v2\/media?parent=1787"}],"wp:term":[{"taxonomy":"folder","embeddable":true,"href":"https:\/\/site.educa.madrid.org\/ies.laarboleda.alcorcon\/index.php\/wp-json\/wp\/v2\/folder?post=1787"}],"curies":[{"name":"wp","href":"https:\/\/api.w.org\/{rel}","templated":true}]}}