{"id":1881,"date":"2022-07-31T19:37:09","date_gmt":"2022-07-31T17:37:09","guid":{"rendered":"https:\/\/site.educa.madrid.org\/ies.laarboleda.alcorcon\/?page_id=1881"},"modified":"2025-03-06T13:05:20","modified_gmt":"2025-03-06T12:05:20","slug":"contacto","status":"publish","type":"page","link":"https:\/\/site.educa.madrid.org\/ies.laarboleda.alcorcon\/index.php\/contacto\/","title":{"rendered":"Contacto"},"content":{"rendered":"<div id=\"pl-gb1881-6a0361e1e8bf2\"  class=\"panel-layout\" ><div id=\"pg-gb1881-6a0361e1e8bf2-0\"  class=\"panel-grid panel-no-style\"  data-style=\"{&quot;background_image_attachment&quot;:false,&quot;background_display&quot;:&quot;tile&quot;,&quot;full_height&quot;:&quot;&quot;,&quot;cell_alignment&quot;:&quot;flex-start&quot;,&quot;link_overlay_new_window&quot;:&quot;&quot;}\" ><div id=\"pgc-gb1881-6a0361e1e8bf2-0-0\"  class=\"panel-grid-cell\"  data-weight=\"1\" ><div id=\"panel-gb1881-6a0361e1e8bf2-0-0-0\" class=\"so-panel widget widget_text panel-first-child panel-last-child\" data-index=\"0\" data-style=\"{&quot;background_image_attachment&quot;:false,&quot;background_display&quot;:&quot;tile&quot;,&quot;background_image_size&quot;:&quot;full&quot;,&quot;background_image_opacity&quot;:&quot;100&quot;,&quot;border_thickness&quot;:&quot;1px&quot;,&quot;margin&quot;:&quot;0px 60px 0px 60px&quot;,&quot;link_overlay_new_window&quot;:&quot;&quot;}\" ><h3 class=\"widget-title\">Para contactar con secretaria:<\/h3>\t\t\t<div class=\"textwidget\"><div class=\"textwidget\">\n<div class=\"textwidget\">\n<div class=\"textwidget\">\n<ul class=\"n8H08c UVNKR\">\n<li class=\"TYR86d wXCUfe zfr3Q\" dir=\"ltr\"><strong>Tel\u00e9fono<\/strong><strong>:<\/strong> 916439991<\/li>\n<li class=\"TYR86d wXCUfe zfr3Q\" dir=\"ltr\">\n<p class=\"CDt4Ke zfr3Q\" dir=\"ltr\"><strong>Fax:<\/strong> 916440025<\/p>\n<\/li>\n<\/ul>\n<ul>\n<li class=\"CDt4Ke zfr3Q\" dir=\"ltr\"><strong>Horario de atenci\u00f3n al p\u00fablico: <\/strong>D\u00edas laborables de lunes a viernes. De 9:30 a 12:00 horas.<\/li>\n<li dir=\"ltr\"><strong>Correo<\/strong>: secretaria.ies.laarboleda.alcorcon@educa.madrid.org<\/li>\n<\/ul>\n<p><strong>AVISO IMPORTANTE<\/strong>: No se responder\u00e1n mediante correo electr\u00f3nico aquellas solicitudes de informaci\u00f3n que se encuentren ya publicadas en la p\u00e1gina web.<\/p>\n<\/div>\n<\/div>\n<\/div>\n<\/div>\n\t\t<\/div><\/div><\/div><\/div>","protected":false},"excerpt":{"rendered":"<p>Tel\u00e9fono: 916439991 Fax: 916440025 Horario de atenci\u00f3n al p\u00fablico: D\u00edas laborables de lunes a viernes. De 9:30 a 12:00 horas. Correo: secretaria.ies.laarboleda.alcorcon@educa.madrid.org AVISO IMPORTANTE: No se responder\u00e1n mediante correo electr\u00f3nico aquellas solicitudes de informaci\u00f3n que se encuentren ya publicadas en la p\u00e1gina web.<\/p>\n","protected":false},"author":19,"featured_media":0,"parent":0,"menu_order":0,"comment_status":"closed","ping_status":"closed","template":"","meta":{"footnotes":""},"folder":[50],"class_list":["post-1881","page","type-page","status-publish","hentry"],"rttpg_featured_image_url":null,"rttpg_author":{"display_name":"Juan Carlos Gonzalez-Mohino Barbero","author_link":"https:\/\/site.educa.madrid.org\/ies.laarboleda.alcorcon\/index.php\/author\/juan-c_gonzlez-mohino-barbero\/"},"rttpg_comment":0,"rttpg_category":" <a href=\"https:\/\/site.educa.madrid.org\/ies.laarboleda.alcorcon\/?taxonomy=folder&#038;term=secretaria-1654027046\" rel=\"tag\">Secretar\u00eda<\/a>","rttpg_excerpt":"Tel\u00e9fono: 916439991 Fax: 916440025 Horario de atenci\u00f3n al p\u00fablico: D\u00edas laborables de lunes a viernes. De 9:30 a 12:00 horas. Correo: secretaria.ies.laarboleda.alcorcon@educa.madrid.org AVISO IMPORTANTE: No se responder\u00e1n mediante correo electr\u00f3nico aquellas solicitudes de informaci\u00f3n que se encuentren ya publicadas en la p\u00e1gina web.","post_mailing_queue_ids":[],"_links":{"self":[{"href":"https:\/\/site.educa.madrid.org\/ies.laarboleda.alcorcon\/index.php\/wp-json\/wp\/v2\/pages\/1881","targetHints":{"allow":["GET"]}}],"collection":[{"href":"https:\/\/site.educa.madrid.org\/ies.laarboleda.alcorcon\/index.php\/wp-json\/wp\/v2\/pages"}],"about":[{"href":"https:\/\/site.educa.madrid.org\/ies.laarboleda.alcorcon\/index.php\/wp-json\/wp\/v2\/types\/page"}],"author":[{"embeddable":true,"href":"https:\/\/site.educa.madrid.org\/ies.laarboleda.alcorcon\/index.php\/wp-json\/wp\/v2\/users\/19"}],"replies":[{"embeddable":true,"href":"https:\/\/site.educa.madrid.org\/ies.laarboleda.alcorcon\/index.php\/wp-json\/wp\/v2\/comments?post=1881"}],"version-history":[{"count":4,"href":"https:\/\/site.educa.madrid.org\/ies.laarboleda.alcorcon\/index.php\/wp-json\/wp\/v2\/pages\/1881\/revisions"}],"predecessor-version":[{"id":5576,"href":"https:\/\/site.educa.madrid.org\/ies.laarboleda.alcorcon\/index.php\/wp-json\/wp\/v2\/pages\/1881\/revisions\/5576"}],"wp:attachment":[{"href":"https:\/\/site.educa.madrid.org\/ies.laarboleda.alcorcon\/index.php\/wp-json\/wp\/v2\/media?parent=1881"}],"wp:term":[{"taxonomy":"folder","embeddable":true,"href":"https:\/\/site.educa.madrid.org\/ies.laarboleda.alcorcon\/index.php\/wp-json\/wp\/v2\/folder?post=1881"}],"curies":[{"name":"wp","href":"https:\/\/api.w.org\/{rel}","templated":true}]}}