{"id":2596,"date":"2022-10-27T14:40:24","date_gmt":"2022-10-27T12:40:24","guid":{"rendered":"https:\/\/site.educa.madrid.org\/ies.laarboleda.alcorcon\/?page_id=2596"},"modified":"2025-01-09T09:19:09","modified_gmt":"2025-01-09T08:19:09","slug":"economia","status":"publish","type":"page","link":"https:\/\/site.educa.madrid.org\/ies.laarboleda.alcorcon\/index.php\/economia\/","title":{"rendered":"Econom\u00eda"},"content":{"rendered":"<div id=\"pl-gb2596-6a03ad3132c09\"  class=\"panel-layout\" ><div id=\"pg-gb2596-6a03ad3132c09-0\"  class=\"panel-grid panel-no-style\"  data-style=\"{&quot;background_image_attachment&quot;:false,&quot;background_display&quot;:&quot;tile&quot;,&quot;full_height&quot;:&quot;&quot;,&quot;cell_alignment&quot;:&quot;flex-start&quot;,&quot;link_overlay_new_window&quot;:&quot;&quot;}\" ><div id=\"pgc-gb2596-6a03ad3132c09-0-0\"  class=\"panel-grid-cell\"  data-weight=\"0.3\" ><div id=\"panel-gb2596-6a03ad3132c09-0-0-0\" class=\"so-panel widget widget_media_image panel-first-child panel-last-child\" data-index=\"0\" data-style=\"{&quot;background_image_attachment&quot;:false,&quot;background_display&quot;:&quot;tile&quot;,&quot;margin&quot;:&quot;0px 0px 0px 60px&quot;,&quot;link_overlay_new_window&quot;:&quot;&quot;}\" ><img loading=\"lazy\" decoding=\"async\" width=\"150\" height=\"150\" src=\"https:\/\/site.educa.madrid.org\/ies.laarboleda.alcorcon\/\/wp-content\/uploads\/ies.laarboleda.alcorcon\/2021\/05\/la-2-Verde-Merche-150x150.jpg\" class=\"image wp-image-205  attachment-thumbnail size-thumbnail\" alt=\"\" style=\"max-width: 100%; height: auto;\" srcset=\"https:\/\/site.educa.madrid.org\/ies.laarboleda.alcorcon\/\/wp-content\/uploads\/ies.laarboleda.alcorcon\/2021\/05\/la-2-Verde-Merche-150x150.jpg 150w, https:\/\/site.educa.madrid.org\/ies.laarboleda.alcorcon\/\/wp-content\/uploads\/ies.laarboleda.alcorcon\/2021\/05\/la-2-Verde-Merche-300x300.jpg 300w, https:\/\/site.educa.madrid.org\/ies.laarboleda.alcorcon\/\/wp-content\/uploads\/ies.laarboleda.alcorcon\/2021\/05\/la-2-Verde-Merche-450x450.jpg 450w, https:\/\/site.educa.madrid.org\/ies.laarboleda.alcorcon\/\/wp-content\/uploads\/ies.laarboleda.alcorcon\/2021\/05\/la-2-Verde-Merche.jpg 662w\" sizes=\"auto, (max-width: 150px) 100vw, 150px\" \/><\/div><\/div><div id=\"pgc-gb2596-6a03ad3132c09-0-1\"  class=\"panel-grid-cell\"  data-weight=\"0.7\" ><div id=\"panel-gb2596-6a03ad3132c09-0-1-0\" class=\"so-panel widget widget_text panel-first-child panel-last-child\" data-index=\"1\" data-style=\"{&quot;background_image_attachment&quot;:false,&quot;background_display&quot;:&quot;tile&quot;,&quot;link_overlay_new_window&quot;:&quot;&quot;}\" ><h3 class=\"widget-title\">Departamento de Econom\u00eda<\/h3>\t\t\t<div class=\"textwidget\"><\/div>\n\t\t<\/div><\/div><\/div><div id=\"pg-gb2596-6a03ad3132c09-1\"  class=\"panel-grid panel-has-style\"  data-style=\"{&quot;background&quot;:&quot;#cceecc&quot;,&quot;background_image_attachment&quot;:false,&quot;background_display&quot;:&quot;tile&quot;,&quot;full_height&quot;:&quot;&quot;,&quot;cell_alignment&quot;:&quot;flex-start&quot;,&quot;link_overlay_new_window&quot;:&quot;&quot;}\" ><div class=\"panel-row-style panel-row-style-for-gb2596-6a03ad3132c09-1\" ><div id=\"pgc-gb2596-6a03ad3132c09-1-0\"  class=\"panel-grid-cell\"  data-weight=\"1\" ><div id=\"panel-gb2596-6a03ad3132c09-1-0-0\" class=\"so-panel widget widget_text panel-first-child panel-last-child\" data-index=\"2\" data-style=\"{&quot;background_image_attachment&quot;:false,&quot;background_display&quot;:&quot;tile&quot;,&quot;margin&quot;:&quot;0px 60px 0px 60px&quot;,&quot;link_overlay_new_window&quot;:&quot;&quot;}\" ><h3 class=\"widget-title\">Noticias y avisos<\/h3>\t\t\t<div class=\"textwidget\"><\/div>\n\t\t<\/div><\/div><\/div><\/div><\/div>\n\n\n<div style=\"height:10px\" aria-hidden=\"true\" class=\"wp-block-spacer\"><\/div>\n\n\n<div id=\"pl-gb2596-6a03ad31335f3\"  class=\"panel-layout\" ><div id=\"pg-gb2596-6a03ad31335f3-0\"  class=\"panel-grid panel-has-style\"  data-style=\"{&quot;background&quot;:&quot;#cceecc&quot;,&quot;background_image_attachment&quot;:false,&quot;background_display&quot;:&quot;tile&quot;,&quot;full_height&quot;:&quot;&quot;,&quot;cell_alignment&quot;:&quot;flex-start&quot;,&quot;link_overlay_new_window&quot;:&quot;&quot;}\" ><div class=\"panel-row-style panel-row-style-for-gb2596-6a03ad31335f3-0\" ><div id=\"pgc-gb2596-6a03ad31335f3-0-0\"  class=\"panel-grid-cell\"  data-weight=\"1\" ><div id=\"panel-gb2596-6a03ad31335f3-0-0-0\" class=\"so-panel widget widget_text panel-first-child\" data-index=\"0\" data-style=\"{&quot;background_image_attachment&quot;:false,&quot;background_display&quot;:&quot;tile&quot;,&quot;margin&quot;:&quot;0px 60px 0px 60px&quot;,&quot;link_overlay_new_window&quot;:&quot;&quot;}\" ><h3 class=\"widget-title\">4\u00ba ESO + Empresa<\/h3>\t\t\t<div class=\"textwidget\"><p>Se ha convocado nuevamente el proyecto 4\u00baESO + Empresa. Esta actividad trata de acercar el mundo laboral, que ahora nos parece tan lejano, al mundo escolar. Los alumnos que participen vivir\u00e1n de primera mano el d\u00eda a d\u00eda de la gesti\u00f3n de una empresa.<\/p>\n<p>Esta experiencia tendr\u00e1 lugar del 27 de marzo al 28 de abril en horario escolar.<\/p>\n<ol>\n<li>Para poder participar es necesario ser alumno de 4\u00ba ESO y presentar la <a href=\"https:\/\/site.educa.madrid.org\/ies.laarboleda.alcorcon\/\/wp-content\/uploads\/ies.laarboleda.alcorcon\/2023\/02\/Solicitud-de-participacion-del-alumno.pdf\">Solicitud de participaci\u00f3n del alumno<\/a>.<\/li>\n<li>Los padres o tutores deber\u00e1n firmar el\u00a0 documento que contiene <a href=\"https:\/\/site.educa.madrid.org\/ies.laarboleda.alcorcon\/\/wp-content\/uploads\/ies.laarboleda.alcorcon\/2023\/02\/Informacion-para-familias-y-autorizaciones.pdf\">Informaci\u00f3n para familias y autorizaciones<\/a> indicando la fechas de la actividad, 27 de marzo a 28 de abril. (El alumno solo ira 3,4 o 5 d\u00edas consecutivos, a convenir entre \u00e9l y la empresa)<\/li>\n<li>El alumno podr\u00e1 buscar una empresa que le acepte. La empresa deber\u00e1 ponerse en contacto con el profesor en el siguiente correo <a href=\"mailto:antonio.guijarrosantos@educa.madrid.org\">antonio.guijarrosantos@educa.madrid.org<\/a> y enviar cumplimentado y firmado el siguiente <a href=\"https:\/\/site.educa.madrid.org\/ies.laarboleda.alcorcon\/\/wp-content\/uploads\/ies.laarboleda.alcorcon\/2023\/02\/Modelo-de-compromiso-para-nuevas-empresas_signed.pdf\">Modelo de compromiso para nuevas empresas_signed<\/a><\/li>\n<li>En caso que el alumno no encuentre empresa se le intentar\u00e1 adjudicar una atendiendo a la preferencia, en caso de haber escasez de empresas, la adjudicaci\u00f3n se realizar\u00e1 por sorteo.<\/li>\n<\/ol>\n<p>En la <a href=\"https:\/\/www.educa2.madrid.org\/web\/4eso-empresa\/inicio\">web del proyecto<\/a> podr\u00e9is encontrar mas\u00a0 informaci\u00f3n, y en secci\u00f3n de econom\u00eda de la web del IES La Arboleda iremos actualizando informaci\u00f3n<\/p>\n<p>Para cualquier consulta o para hacer env\u00edo usad mi correo <a href=\"mailto:antonio.guijarrosantos@educa.madrid.org\">antonio.guijarrosantos@educa.madrid.org<\/a> <strong>(Solo se atender\u00e1n correos de estudiante los @educa.madrid.org)<\/strong><\/p>\n<\/div>\n\t\t<\/div><div id=\"panel-gb2596-6a03ad31335f3-0-0-1\" class=\"so-panel widget widget_text\" data-index=\"1\" data-style=\"{&quot;background_image_attachment&quot;:false,&quot;background_display&quot;:&quot;tile&quot;,&quot;background_image_size&quot;:&quot;full&quot;,&quot;background_image_opacity&quot;:&quot;100&quot;,&quot;border_thickness&quot;:&quot;1px&quot;,&quot;margin&quot;:&quot;0px 60px 0px 60px&quot;,&quot;link_overlay_new_window&quot;:&quot;&quot;}\" ><h3 class=\"widget-title\">Alumnos con asignaturas pendientes de cursos anteriores<\/h3>\t\t\t<div class=\"textwidget\"><p>PLAN DE RECUPERACI\u00d3N DE LA ASIGNATURA DE ECONOM\u00cdA<\/p>\n<p>CURSO: 1\u00ba bach<\/p>\n<p>Curso 2024\/2025<\/p>\n<ol>\n<li>CONTENIDOS\n<ul>\n<li>Los que figuran en la <a href=\"https:\/\/site.educa.madrid.org\/ies.laarboleda.alcorcon\/\/wp-content\/uploads\/ies.laarboleda.alcorcon\/2025\/01\/PROG.LOMLOE-1-bach_signed.pdf\">programaci\u00f3n del curso actual<\/a><\/li>\n<\/ul>\n<\/li>\n<li>CRITERIOS DE EVALUACI\u00d3N Y CALIFICACI\u00d3N\n<ul>\n<li>Criterios de evaluaci\u00f3n: Los que figuran en la <a href=\"https:\/\/site.educa.madrid.org\/ies.laarboleda.alcorcon\/\/wp-content\/uploads\/ies.laarboleda.alcorcon\/2025\/01\/PROG.LOMLOE-1-bach_signed.pdf\">programaci\u00f3n del curso actual<\/a><\/li>\n<li>Calificaci\u00f3n:\n<ul>\n<li>Es obligatorio presentar el compendio de ejercicios y lograr calificaci\u00f3n m\u00ednima de 5 ( se considerar\u00e1 la materia superada con 5 cualquiera que sea la nota lograda en el compendio, siempre que sea mayor o igual a 5)<\/li>\n<li>Para lograr una nota superior se podr\u00e1 realizar un examen, en las fechas designadas para ello, de todos los contenidos.<\/li>\n<\/ul>\n<\/li>\n<\/ul>\n<\/li>\n<li>PLAN DE RECUPERACI\u00d3N\n<ul>\n<li><a href=\"https:\/\/site.educa.madrid.org\/ies.laarboleda.alcorcon\/\/wp-content\/uploads\/ies.laarboleda.alcorcon\/2023\/10\/Ejercicios-Economia1bach-plan-recuperacion.pdf\">Compendio de ejercicios<\/a> que se presentar\u00e1 antes del 30 de marzo de 2025<\/li>\n<\/ul>\n<\/li>\n<li>FECHAS DE EVALUACI\u00d3N\n<ul>\n<li>Fechas a determinar entre el 17 y 21 de abril de 2025<\/li>\n<\/ul>\n<\/li>\n<\/ol>\n<\/div>\n\t\t<\/div><div id=\"panel-gb2596-6a03ad31335f3-0-0-2\" class=\"so-panel widget widget_text panel-last-child\" data-index=\"2\" data-style=\"{&quot;background_image_attachment&quot;:false,&quot;background_display&quot;:&quot;tile&quot;,&quot;background_image_size&quot;:&quot;full&quot;,&quot;background_image_opacity&quot;:&quot;100&quot;,&quot;border_thickness&quot;:&quot;1px&quot;,&quot;margin&quot;:&quot;0px 60px 0px 60px&quot;,&quot;link_overlay_new_window&quot;:&quot;&quot;}\" ><h3 class=\"widget-title\">Programaciones del curso 24\/25<\/h3>\t\t\t<div class=\"textwidget\"><p><a href=\"https:\/\/site.educa.madrid.org\/ies.laarboleda.alcorcon\/\/wp-content\/uploads\/ies.laarboleda.alcorcon\/2025\/01\/PROG.LOMLOE-3-y-4-ESO-Proyecto_signed.pdf\">Proyecto 3\u00ba ESO<\/a><\/p>\n<p><a href=\"https:\/\/site.educa.madrid.org\/ies.laarboleda.alcorcon\/\/wp-content\/uploads\/ies.laarboleda.alcorcon\/2025\/01\/PROG.LOMLOE-4-ESO_signed.pdf\">Econom\u00eda y emprendimiento 4\u00ba ESO<\/a><\/p>\n<p><a href=\"https:\/\/site.educa.madrid.org\/ies.laarboleda.alcorcon\/\/wp-content\/uploads\/ies.laarboleda.alcorcon\/2025\/01\/PROG.LOMLOE-4-FOPP_signed.pdf\">FOPP 4\u00ba ESO<\/a><\/p>\n<p><a href=\"https:\/\/site.educa.madrid.org\/ies.laarboleda.alcorcon\/\/wp-content\/uploads\/ies.laarboleda.alcorcon\/2025\/01\/PROG.LOMLOE-1-bach_signed.pdf\">Econom\u00eda 1\u00baBach<\/a><\/p>\n<p><a href=\"https:\/\/site.educa.madrid.org\/ies.laarboleda.alcorcon\/\/wp-content\/uploads\/ies.laarboleda.alcorcon\/2025\/01\/PROG.LOMLOE-2-bach_signed.pdf\">Empresa y dise\u00f1o de negocios 2\u00ba Bach\u00a0<\/a><\/p>\n<\/div>\n\t\t<\/div><\/div><\/div><\/div><\/div>\n\n<div id=\"pl-gb2596-6a03ad3133f54\"  class=\"panel-layout\" ><div id=\"pg-gb2596-6a03ad3133f54-0\"  class=\"panel-grid panel-has-style\"  data-style=\"{&quot;background&quot;:&quot;#cceecc&quot;,&quot;background_image_attachment&quot;:false,&quot;background_display&quot;:&quot;tile&quot;,&quot;full_height&quot;:&quot;&quot;,&quot;cell_alignment&quot;:&quot;flex-start&quot;,&quot;link_overlay_new_window&quot;:&quot;&quot;}\" ><div class=\"panel-row-style panel-row-style-for-gb2596-6a03ad3133f54-0\" ><div id=\"pgc-gb2596-6a03ad3133f54-0-0\"  class=\"panel-grid-cell\"  data-weight=\"1\" ><div id=\"panel-gb2596-6a03ad3133f54-0-0-0\" class=\"so-panel widget widget_text panel-first-child panel-last-child\" data-index=\"0\" data-style=\"{&quot;background_image_attachment&quot;:false,&quot;background_display&quot;:&quot;tile&quot;,&quot;margin&quot;:&quot;0px 60px 0px 60px&quot;,&quot;link_overlay_new_window&quot;:&quot;&quot;}\" ><h3 class=\"widget-title\">Aulas virtuales del departamento<\/h3>\t\t\t<div class=\"textwidget\"><p><a href=\"https:\/\/aulavirtual33.educa.madrid.org\/ies.laarboleda.alcorcon\/course\/index.php?categoryid=77\">Aulas de ESO y bachillerato<\/a>.<\/p>\n<\/div>\n\t\t<\/div><\/div><\/div><\/div><\/div>\n\n<div>Tienes que a\u00f1adir un widget, una fila o un dise\u00f1o preconstruido antes de que puedas ver algo aqu\u00ed. \ud83d\ude42<\/div>\n\n\n<p><\/p>\n","protected":false},"excerpt":{"rendered":"","protected":false},"author":66,"featured_media":0,"parent":0,"menu_order":0,"comment_status":"closed","ping_status":"closed","template":"","meta":{"footnotes":""},"folder":[46],"class_list":["post-2596","page","type-page","status-publish","hentry"],"rttpg_featured_image_url":null,"rttpg_author":{"display_name":"Antonio Guijarro Santos","author_link":"https:\/\/site.educa.madrid.org\/ies.laarboleda.alcorcon\/index.php\/author\/antonio_guijarro-santos\/"},"rttpg_comment":0,"rttpg_category":" <a href=\"https:\/\/site.educa.madrid.org\/ies.laarboleda.alcorcon\/?taxonomy=folder&#038;term=departamentos-1653086396\" rel=\"tag\">Departamentos<\/a>","rttpg_excerpt":null,"post_mailing_queue_ids":[],"_links":{"self":[{"href":"https:\/\/site.educa.madrid.org\/ies.laarboleda.alcorcon\/index.php\/wp-json\/wp\/v2\/pages\/2596","targetHints":{"allow":["GET"]}}],"collection":[{"href":"https:\/\/site.educa.madrid.org\/ies.laarboleda.alcorcon\/index.php\/wp-json\/wp\/v2\/pages"}],"about":[{"href":"https:\/\/site.educa.madrid.org\/ies.laarboleda.alcorcon\/index.php\/wp-json\/wp\/v2\/types\/page"}],"author":[{"embeddable":true,"href":"https:\/\/site.educa.madrid.org\/ies.laarboleda.alcorcon\/index.php\/wp-json\/wp\/v2\/users\/66"}],"replies":[{"embeddable":true,"href":"https:\/\/site.educa.madrid.org\/ies.laarboleda.alcorcon\/index.php\/wp-json\/wp\/v2\/comments?post=2596"}],"version-history":[{"count":25,"href":"https:\/\/site.educa.madrid.org\/ies.laarboleda.alcorcon\/index.php\/wp-json\/wp\/v2\/pages\/2596\/revisions"}],"predecessor-version":[{"id":3111,"href":"https:\/\/site.educa.madrid.org\/ies.laarboleda.alcorcon\/index.php\/wp-json\/wp\/v2\/pages\/2596\/revisions\/3111"}],"wp:attachment":[{"href":"https:\/\/site.educa.madrid.org\/ies.laarboleda.alcorcon\/index.php\/wp-json\/wp\/v2\/media?parent=2596"}],"wp:term":[{"taxonomy":"folder","embeddable":true,"href":"https:\/\/site.educa.madrid.org\/ies.laarboleda.alcorcon\/index.php\/wp-json\/wp\/v2\/folder?post=2596"}],"curies":[{"name":"wp","href":"https:\/\/api.w.org\/{rel}","templated":true}]}}