{"id":3799,"date":"2023-07-10T17:12:10","date_gmt":"2023-07-10T15:12:10","guid":{"rendered":"https:\/\/site.educa.madrid.org\/ies.laarboleda.alcorcon\/?page_id=3799"},"modified":"2023-07-10T17:37:44","modified_gmt":"2023-07-10T15:37:44","slug":"desarrollo-videojuegos","status":"publish","type":"page","link":"https:\/\/site.educa.madrid.org\/ies.laarboleda.alcorcon\/index.php\/desarrollo-videojuegos\/","title":{"rendered":"Desarrollo Videojuegos"},"content":{"rendered":"<div id=\"pl-gb3799-6a03a4f289034\"  class=\"panel-layout\" ><div id=\"pg-gb3799-6a03a4f289034-0\"  class=\"panel-grid panel-no-style\"  data-style=\"{&quot;background_image_attachment&quot;:false,&quot;background_display&quot;:&quot;tile&quot;,&quot;background_image_size&quot;:&quot;full&quot;,&quot;border_thickness&quot;:&quot;1px&quot;,&quot;full_height&quot;:&quot;&quot;,&quot;cell_alignment&quot;:&quot;flex-start&quot;,&quot;link_overlay_new_window&quot;:&quot;&quot;}\"  data-ratio=\"1\"  data-ratio-direction=\"right\" ><div id=\"pgc-gb3799-6a03a4f289034-0-0\"  class=\"panel-grid-cell\"  data-weight=\"1\" ><div id=\"panel-gb3799-6a03a4f289034-0-0-0\" class=\"so-panel widget widget_sow-headline panel-first-child panel-last-child\" data-index=\"0\" data-style=\"{&quot;background_image_attachment&quot;:false,&quot;background_display&quot;:&quot;tile&quot;,&quot;background_image_size&quot;:&quot;full&quot;,&quot;border_thickness&quot;:&quot;1px&quot;,&quot;link_overlay_new_window&quot;:&quot;&quot;}\" ><div\n\t\t\t\n\t\t\tclass=\"so-widget-sow-headline so-widget-sow-headline-default-d6db24c2db75\"\n\t\t\t\n\t\t><div class=\"sow-headline-container \">\n\t\t\t\t\t\t\t<h2 class=\"sow-headline\">\n\t\t\t\t\t\tCurso de Especializaci\u00f3n en Desarrollo de videojuegos y realidad virtual (Acceso GS)\t\t\t\t\t\t<\/h2>\n\t\t\t\t\t\t\t\t\t\t\t<div class=\"decoration\">\n\t\t\t\t\t\t<div class=\"decoration-inside\"><\/div>\n\t\t\t\t\t<\/div>\n\t\t\t\t\t<\/div>\n<\/div><\/div><\/div><\/div><div id=\"pg-gb3799-6a03a4f289034-1\"  class=\"panel-grid panel-no-style\"  data-style=\"{&quot;background_image_attachment&quot;:false,&quot;background_display&quot;:&quot;tile&quot;,&quot;background_image_size&quot;:&quot;full&quot;,&quot;border_thickness&quot;:&quot;1px&quot;,&quot;full_height&quot;:&quot;&quot;,&quot;cell_alignment&quot;:&quot;flex-start&quot;,&quot;link_overlay_new_window&quot;:&quot;&quot;}\"  data-ratio=\"0.46\"  data-ratio-direction=\"left\" ><div id=\"pgc-gb3799-6a03a4f289034-1-0\"  class=\"panel-grid-cell\"  data-weight=\"0.31506849315068\" ><div id=\"panel-gb3799-6a03a4f289034-1-0-0\" class=\"so-panel widget widget_media_image panel-first-child panel-last-child\" data-index=\"1\" data-style=\"{&quot;background_image_attachment&quot;:false,&quot;background_display&quot;:&quot;tile&quot;,&quot;background_image_size&quot;:&quot;full&quot;,&quot;border_thickness&quot;:&quot;1px&quot;,&quot;link_overlay_new_window&quot;:&quot;&quot;}\" ><img loading=\"lazy\" decoding=\"async\" width=\"300\" height=\"300\" src=\"https:\/\/site.educa.madrid.org\/ies.laarboleda.alcorcon\/\/wp-content\/uploads\/ies.laarboleda.alcorcon\/2023\/07\/Logo-Arboleda-IyC-300x300.png\" class=\"image wp-image-3804  attachment-medium size-medium\" alt=\"\" style=\"max-width: 100%; height: auto;\" srcset=\"https:\/\/site.educa.madrid.org\/ies.laarboleda.alcorcon\/\/wp-content\/uploads\/ies.laarboleda.alcorcon\/2023\/07\/Logo-Arboleda-IyC-300x300.png 300w, https:\/\/site.educa.madrid.org\/ies.laarboleda.alcorcon\/\/wp-content\/uploads\/ies.laarboleda.alcorcon\/2023\/07\/Logo-Arboleda-IyC-150x150.png 150w, https:\/\/site.educa.madrid.org\/ies.laarboleda.alcorcon\/\/wp-content\/uploads\/ies.laarboleda.alcorcon\/2023\/07\/Logo-Arboleda-IyC.png 662w\" sizes=\"auto, (max-width: 300px) 100vw, 300px\" \/><\/div><\/div><div id=\"pgc-gb3799-6a03a4f289034-1-1\"  class=\"panel-grid-cell\"  data-weight=\"0.68493150684932\" ><div id=\"panel-gb3799-6a03a4f289034-1-1-0\" class=\"so-panel widget widget_text panel-first-child panel-last-child\" data-index=\"2\" data-style=\"{&quot;background_image_attachment&quot;:false,&quot;background_display&quot;:&quot;tile&quot;,&quot;background_image_size&quot;:&quot;full&quot;,&quot;border_thickness&quot;:&quot;1px&quot;,&quot;link_overlay_new_window&quot;:&quot;&quot;}\" ><h3 class=\"widget-title\">Caracter\u00edsticas del curso<\/h3>\t\t\t<div class=\"textwidget\"><ul>\n<li><strong>Duraci\u00f3n: <\/strong>600 horas<\/li>\n<li><strong>Modalidad:\u00a0<\/strong>Presencial<\/li>\n<li><strong>Turno:\u00a0<\/strong>Diurno<\/li>\n<li><strong>Familia profesional:<\/strong> Inform\u00e1tica y Comunicaciones<\/li>\n<li><strong>Nivel<\/strong>: Grado Superior<\/li>\n<li><strong>Equivalencia en cr\u00e9ditos ECTS<\/strong>: 36<\/li>\n<li><strong>Referente en la Clasificaci\u00f3n Internacional Normalizada de la Educaci\u00f3n: <\/strong>P-5.5.4<\/li>\n<\/ul>\n<\/div>\n\t\t<\/div><\/div><\/div><div id=\"pg-gb3799-6a03a4f289034-2\"  class=\"panel-grid panel-no-style\"  data-style=\"{&quot;background_image_attachment&quot;:false,&quot;background_display&quot;:&quot;tile&quot;,&quot;background_image_size&quot;:&quot;full&quot;,&quot;border_thickness&quot;:&quot;1px&quot;,&quot;full_height&quot;:&quot;&quot;,&quot;cell_alignment&quot;:&quot;center&quot;,&quot;link_overlay_new_window&quot;:&quot;&quot;}\"  data-ratio=\"1\"  data-ratio-direction=\"right\" ><div id=\"pgc-gb3799-6a03a4f289034-2-0\"  class=\"panel-grid-cell\"  data-weight=\"1\" ><div id=\"panel-gb3799-6a03a4f289034-2-0-0\" class=\"so-panel widget widget_text panel-first-child panel-last-child\" data-index=\"3\" data-style=\"{&quot;background_image_attachment&quot;:false,&quot;background_display&quot;:&quot;tile&quot;,&quot;background_image_size&quot;:&quot;full&quot;,&quot;border_thickness&quot;:&quot;1px&quot;,&quot;link_overlay_new_window&quot;:&quot;&quot;}\" ><h3 class=\"widget-title\">Plan de formaci\u00f3n<\/h3>\t\t\t<div class=\"textwidget\"><p>Los m\u00f3dulos profesionales de este ciclo formativo son los siguientes:<\/p>\n<ul>\n<li>Programaci\u00f3n y motores de videojuegos.<\/li>\n<li>Dise\u00f1o gr\u00e1fico 2D y 3D.<\/li>\n<li>Programaci\u00f3n en red e inteligencia artificial.<\/li>\n<li>Realidad virtual y realidad aumentada.<\/li>\n<li>Gesti\u00f3n, publicaci\u00f3n y producci\u00f3n.<\/li>\n<\/ul>\n<\/div>\n\t\t<\/div><\/div><\/div><div id=\"pg-gb3799-6a03a4f289034-3\"  class=\"panel-grid panel-no-style\"  data-style=\"{&quot;background_image_attachment&quot;:false,&quot;background_display&quot;:&quot;tile&quot;,&quot;background_image_size&quot;:&quot;full&quot;,&quot;border_thickness&quot;:&quot;1px&quot;,&quot;full_height&quot;:&quot;&quot;,&quot;cell_alignment&quot;:&quot;flex-start&quot;,&quot;link_overlay_new_window&quot;:&quot;&quot;}\"  data-ratio=\"0.61803398\"  data-ratio-direction=\"right\" ><div id=\"pgc-gb3799-6a03a4f289034-3-0\"  class=\"panel-grid-cell\"  data-weight=\"0.61803399209206\" ><div id=\"panel-gb3799-6a03a4f289034-3-0-0\" class=\"so-panel widget widget_text panel-first-child panel-last-child\" data-index=\"4\" data-style=\"{&quot;background_image_attachment&quot;:false,&quot;background_display&quot;:&quot;tile&quot;,&quot;background_image_size&quot;:&quot;full&quot;,&quot;border_thickness&quot;:&quot;1px&quot;,&quot;link_overlay_new_window&quot;:&quot;&quot;}\" ><h3 class=\"widget-title\">Requisitos de acceso<\/h3>\t\t\t<div class=\"textwidget\"><ul>\n<li>T\u00edtulo de T\u00e9cnico Superior en Desarrollo de Aplicaciones Multiplataforma.<\/li>\n<li>T\u00e9cnico Superior en Desarrollo de Aplicaciones Web.<\/li>\n<li>T\u00e9cnico Superior en Administraci\u00f3n de Sistemas Inform\u00e1ticos en Red.<\/li>\n<li>T\u00e9cnico Superior en Animaciones 3D, Juegos y Entornos Interactivos.<\/li>\n<\/ul>\n<\/div>\n\t\t<\/div><\/div><div id=\"pgc-gb3799-6a03a4f289034-3-1\"  class=\"panel-grid-cell\"  data-weight=\"0.38196600790794\" ><div id=\"panel-gb3799-6a03a4f289034-3-1-0\" class=\"so-panel widget widget_text panel-first-child panel-last-child\" data-index=\"5\" data-style=\"{&quot;background_image_attachment&quot;:false,&quot;background_display&quot;:&quot;tile&quot;,&quot;background_image_size&quot;:&quot;full&quot;,&quot;border_thickness&quot;:&quot;1px&quot;,&quot;link_overlay_new_window&quot;:&quot;&quot;}\" ><h3 class=\"widget-title\">Certificaci\u00f3n Acad\u00e9mica<\/h3>\t\t\t<div class=\"textwidget\"><p>Si superas el curso de especializaci\u00f3n profesional obtendr\u00e1s una certificaci\u00f3n acad\u00e9mica con validez oficial en todo el territorio nacional.<\/p>\n<\/div>\n\t\t<\/div><\/div><\/div><\/div>","protected":false},"excerpt":{"rendered":"<p>Duraci\u00f3n: 600 horas Modalidad:\u00a0Presencial Turno:\u00a0Diurno Familia profesional: Inform\u00e1tica y Comunicaciones Nivel: Grado Superior Equivalencia en cr\u00e9ditos ECTS: 36 Referente en la Clasificaci\u00f3n Internacional Normalizada de la Educaci\u00f3n: P-5.5.4<\/p>\n","protected":false},"author":72,"featured_media":0,"parent":0,"menu_order":0,"comment_status":"closed","ping_status":"closed","template":"","meta":{"footnotes":""},"folder":[53],"class_list":["post-3799","page","type-page","status-publish","hentry"],"rttpg_featured_image_url":null,"rttpg_author":{"display_name":"Cuenta Compdigedu ies laarboleda alcorcon","author_link":"https:\/\/site.educa.madrid.org\/ies.laarboleda.alcorcon\/index.php\/author\/cuenta_compdigedu-ies-laarboleda-alcorcon\/"},"rttpg_comment":0,"rttpg_category":" <a href=\"https:\/\/site.educa.madrid.org\/ies.laarboleda.alcorcon\/?taxonomy=folder&#038;term=oferta-educativa-1655467639\" rel=\"tag\">Oferta Educativa<\/a>","rttpg_excerpt":"Duraci\u00f3n: 600 horas Modalidad:\u00a0Presencial Turno:\u00a0Diurno Familia profesional: Inform\u00e1tica y Comunicaciones Nivel: Grado Superior Equivalencia en cr\u00e9ditos ECTS: 36 Referente en la Clasificaci\u00f3n Internacional Normalizada de la Educaci\u00f3n: P-5.5.4","post_mailing_queue_ids":[],"_links":{"self":[{"href":"https:\/\/site.educa.madrid.org\/ies.laarboleda.alcorcon\/index.php\/wp-json\/wp\/v2\/pages\/3799","targetHints":{"allow":["GET"]}}],"collection":[{"href":"https:\/\/site.educa.madrid.org\/ies.laarboleda.alcorcon\/index.php\/wp-json\/wp\/v2\/pages"}],"about":[{"href":"https:\/\/site.educa.madrid.org\/ies.laarboleda.alcorcon\/index.php\/wp-json\/wp\/v2\/types\/page"}],"author":[{"embeddable":true,"href":"https:\/\/site.educa.madrid.org\/ies.laarboleda.alcorcon\/index.php\/wp-json\/wp\/v2\/users\/72"}],"replies":[{"embeddable":true,"href":"https:\/\/site.educa.madrid.org\/ies.laarboleda.alcorcon\/index.php\/wp-json\/wp\/v2\/comments?post=3799"}],"version-history":[{"count":5,"href":"https:\/\/site.educa.madrid.org\/ies.laarboleda.alcorcon\/index.php\/wp-json\/wp\/v2\/pages\/3799\/revisions"}],"predecessor-version":[{"id":3807,"href":"https:\/\/site.educa.madrid.org\/ies.laarboleda.alcorcon\/index.php\/wp-json\/wp\/v2\/pages\/3799\/revisions\/3807"}],"wp:attachment":[{"href":"https:\/\/site.educa.madrid.org\/ies.laarboleda.alcorcon\/index.php\/wp-json\/wp\/v2\/media?parent=3799"}],"wp:term":[{"taxonomy":"folder","embeddable":true,"href":"https:\/\/site.educa.madrid.org\/ies.laarboleda.alcorcon\/index.php\/wp-json\/wp\/v2\/folder?post=3799"}],"curies":[{"name":"wp","href":"https:\/\/api.w.org\/{rel}","templated":true}]}}