{"id":5202,"date":"2024-10-17T19:44:38","date_gmt":"2024-10-17T17:44:38","guid":{"rendered":"https:\/\/site.educa.madrid.org\/ies.laarboleda.alcorcon\/?page_id=5202"},"modified":"2025-10-27T23:22:34","modified_gmt":"2025-10-27T22:22:34","slug":"plan-de-igualdad","status":"publish","type":"page","link":"https:\/\/site.educa.madrid.org\/ies.laarboleda.alcorcon\/index.php\/plan-de-igualdad\/","title":{"rendered":"Plan de igualdad"},"content":{"rendered":"\n<figure class=\"wp-block-image size-full is-resized\"><img loading=\"lazy\" decoding=\"async\" width=\"900\" height=\"300\" src=\"https:\/\/site.educa.madrid.org\/ies.laarboleda.alcorcon\/\/wp-content\/uploads\/ies.laarboleda.alcorcon\/2024\/10\/Cabecera-igualdad-1.png\" alt=\"\" class=\"wp-image-5282\" style=\"width:838px;height:auto\" srcset=\"https:\/\/site.educa.madrid.org\/ies.laarboleda.alcorcon\/\/wp-content\/uploads\/ies.laarboleda.alcorcon\/2024\/10\/Cabecera-igualdad-1.png 900w, https:\/\/site.educa.madrid.org\/ies.laarboleda.alcorcon\/\/wp-content\/uploads\/ies.laarboleda.alcorcon\/2024\/10\/Cabecera-igualdad-1-300x100.png 300w, https:\/\/site.educa.madrid.org\/ies.laarboleda.alcorcon\/\/wp-content\/uploads\/ies.laarboleda.alcorcon\/2024\/10\/Cabecera-igualdad-1-768x256.png 768w\" sizes=\"auto, (max-width: 900px) 100vw, 900px\" \/><\/figure>\n\n\n\n<p><strong>Plan de igualdad<\/strong> 2025\/26: <\/p>\n\n\n\n<div data-wp-interactive=\"core\/file\" class=\"wp-block-file\"><object data-wp-bind--hidden=\"!state.hasPdfPreview\" hidden class=\"wp-block-file__embed\" data=\"https:\/\/site.educa.madrid.org\/ies.laarboleda.alcorcon\/\/wp-content\/uploads\/ies.laarboleda.alcorcon\/2025\/10\/Plan-de-igualdad-2025_26-WEB-2.pdf\" type=\"application\/pdf\" style=\"width:100%;height:600px\" aria-label=\"Incrustado de Plan de igualdad 2025_26 WEB.\"><\/object><a id=\"wp-block-file--media-78647889-e225-4cc9-947a-a554a456543b\" href=\"https:\/\/site.educa.madrid.org\/ies.laarboleda.alcorcon\/\/wp-content\/uploads\/ies.laarboleda.alcorcon\/2025\/10\/Plan-de-igualdad-2025_26-WEB-2.pdf\">Plan de igualdad 2025_26 WEB<\/a><a href=\"https:\/\/site.educa.madrid.org\/ies.laarboleda.alcorcon\/\/wp-content\/uploads\/ies.laarboleda.alcorcon\/2025\/10\/Plan-de-igualdad-2025_26-WEB-2.pdf\" class=\"wp-block-file__button wp-element-button\" download aria-describedby=\"wp-block-file--media-78647889-e225-4cc9-947a-a554a456543b\">Descarga<\/a><\/div>\n\n\n\n<p><strong>Plan de igualdad<\/strong> 2024\/25:<\/p>\n\n\n\n<div data-wp-interactive=\"core\/file\" class=\"wp-block-file\"><object data-wp-bind--hidden=\"!state.hasPdfPreview\" hidden class=\"wp-block-file__embed\" data=\"https:\/\/site.educa.madrid.org\/ies.laarboleda.alcorcon\/\/wp-content\/uploads\/ies.laarboleda.alcorcon\/2024\/10\/Plan-de-igualdad-2024_25-WEB.pdf\" type=\"application\/pdf\" style=\"width:100%;height:450px\" aria-label=\"Incrustado de Plan de igualdad 2024_25 WEB.\"><\/object><a id=\"wp-block-file--media-ac18ee5c-fcf4-4b13-aca8-884e4f34ad63\" href=\"https:\/\/site.educa.madrid.org\/ies.laarboleda.alcorcon\/\/wp-content\/uploads\/ies.laarboleda.alcorcon\/2024\/10\/Plan-de-igualdad-2024_25-WEB.pdf\">Plan de igualdad 2024_25 WEB<\/a><a href=\"https:\/\/site.educa.madrid.org\/ies.laarboleda.alcorcon\/\/wp-content\/uploads\/ies.laarboleda.alcorcon\/2024\/10\/Plan-de-igualdad-2024_25-WEB.pdf\" class=\"wp-block-file__button wp-element-button\" download aria-describedby=\"wp-block-file--media-ac18ee5c-fcf4-4b13-aca8-884e4f34ad63\">Descarga<\/a><\/div>\n\n\n\n<p><strong>Kit de igualdad: <\/strong><\/p>\n\n\n\n<div data-wp-interactive=\"core\/file\" class=\"wp-block-file\"><object data-wp-bind--hidden=\"!state.hasPdfPreview\" hidden class=\"wp-block-file__embed\" data=\"https:\/\/site.educa.madrid.org\/ies.laarboleda.alcorcon\/\/wp-content\/uploads\/ies.laarboleda.alcorcon\/2025\/10\/Kit-de-igualdad.pdf\" type=\"application\/pdf\" style=\"width:100%;height:600px\" aria-label=\"Incrustado de Kit de igualdad.\"><\/object><a id=\"wp-block-file--media-fba8506c-1e47-479d-be26-1d4b6048ece6\" href=\"https:\/\/site.educa.madrid.org\/ies.laarboleda.alcorcon\/\/wp-content\/uploads\/ies.laarboleda.alcorcon\/2025\/10\/Kit-de-igualdad.pdf\">Kit de igualdad<\/a><a href=\"https:\/\/site.educa.madrid.org\/ies.laarboleda.alcorcon\/\/wp-content\/uploads\/ies.laarboleda.alcorcon\/2025\/10\/Kit-de-igualdad.pdf\" class=\"wp-block-file__button wp-element-button\" download aria-describedby=\"wp-block-file--media-fba8506c-1e47-479d-be26-1d4b6048ece6\">Descarga<\/a><\/div>\n\n\n\n<p><strong>Protocolos<\/strong> relacionados de la Comunidad de Madrid:<\/p>\n\n\n\n<ul class=\"wp-block-list\">\n<li><a href=\"https:\/\/www.educa2.madrid.org\/web\/educamadrid\/principal\/files\/651e7e61-c86f-49dd-9daf-a173969aefb7\/2024-03-12%20Protocolo%20AGRESIO%CC%81N%20SEXUAL.pdf?t=1710239760916\" data-type=\"link\" data-id=\"https:\/\/www.educa2.madrid.org\/web\/educamadrid\/principal\/files\/651e7e61-c86f-49dd-9daf-a173969aefb7\/2024-03-12%20Protocolo%20AGRESIO%CC%81N%20SEXUAL.pdf?t=1710239760916\">Prevenci\u00f3n ante una situaci\u00f3n de posible riesgo, sospecha o evidencia de agresi\u00f3n sexual de los alumnos<\/a>.<\/li>\n\n\n\n<li><a href=\"https:\/\/www.educa2.madrid.org\/web\/educamadrid\/principal\/files\/651e7e61-c86f-49dd-9daf-a173969aefb7\/2024-01-25%20Protocolo%20VIOLENCIA%20GENERO.pdf?t=1706183939764\" data-type=\"link\" data-id=\"https:\/\/www.educa2.madrid.org\/web\/educamadrid\/principal\/files\/651e7e61-c86f-49dd-9daf-a173969aefb7\/2024-01-25%20Protocolo%20VIOLENCIA%20GENERO.pdf?t=1706183939764\">Prevenci\u00f3n ante una situaci\u00f3n de posible riesgo, sospecha o evidencia de violencia de g\u00e9nero<\/a>.<\/li>\n\n\n\n<li><a href=\"https:\/\/cogam.es\/wp-content\/uploads\/2018\/10\/2018-06-21_INSTRUCCIONES-PROTOCOLO-CENTROS-LGTBI-DEF.firmado-1.pdf\" data-type=\"link\" data-id=\"https:\/\/cogam.es\/wp-content\/uploads\/2018\/10\/2018-06-21_INSTRUCCIONES-PROTOCOLO-CENTROS-LGTBI-DEF.firmado-1.pdf\">Protocolo de intervenci\u00f3n y atenci\u00f3n educativa a la identidad de g\u00e9nero<\/a>.<\/li>\n\n\n\n<li>Todos los protocolos de la Comunidad de Madrid: <a href=\"https:\/\/www.educa2.madrid.org\/web\/convivencia\/protocolos\">Protocolos | Convivencia | EducaMadrid<\/a><\/li>\n<\/ul>\n\n\n\n<p><strong>Calendario multicultural (Fundaci\u00f3n Diversidad):<\/strong><\/p>\n\n\n\n<div data-wp-interactive=\"core\/file\" class=\"wp-block-file\"><object data-wp-bind--hidden=\"!state.hasPdfPreview\" hidden class=\"wp-block-file__embed\" data=\"https:\/\/site.educa.madrid.org\/ies.laarboleda.alcorcon\/\/wp-content\/uploads\/ies.laarboleda.alcorcon\/2025\/10\/Calendario-de-la-Diversidad-2025.pdf\" type=\"application\/pdf\" style=\"width:100%;height:600px\" aria-label=\"Incrustado de Calendario-de-la-Diversidad-2025.\"><\/object><a id=\"wp-block-file--media-1c4efe1b-fddf-4a0c-8300-fe4587fc1b40\" href=\"https:\/\/site.educa.madrid.org\/ies.laarboleda.alcorcon\/\/wp-content\/uploads\/ies.laarboleda.alcorcon\/2025\/10\/Calendario-de-la-Diversidad-2025.pdf\">Calendario-de-la-Diversidad-2025<\/a><a href=\"https:\/\/site.educa.madrid.org\/ies.laarboleda.alcorcon\/\/wp-content\/uploads\/ies.laarboleda.alcorcon\/2025\/10\/Calendario-de-la-Diversidad-2025.pdf\" class=\"wp-block-file__button wp-element-button\" download aria-describedby=\"wp-block-file--media-1c4efe1b-fddf-4a0c-8300-fe4587fc1b40\">Descarga<\/a><\/div>\n\n\n\n<p><strong>Coordinadora<\/strong> del Plan de Igualdad en el instituto: Elena Rojo Joga. erojojoga@educa.madrid.org. Pod\u00e9is escribirme cualquier comentario, duda, propuesta o problema relacionados con el tema.<\/p>\n\n\n\n<p><strong>Actividades:<\/strong> <a href=\"https:\/\/site.educa.madrid.org\/ies.laarboleda.alcorcon\/index.php\/2025\/05\/05\/acampada-y-fiesta-de-la-multiculturalidad\/\">https:\/\/site.educa.madrid.org\/ies.laarboleda.alcorcon\/index.php\/2025\/05\/05\/acampada-y-fiesta-de-la-multiculturalidad\/<\/a><\/p>\n","protected":false},"excerpt":{"rendered":"<p>Plan de igualdad 2025\/26: Plan de igualdad 2024\/25: Kit de igualdad: Protocolos relacionados de la Comunidad de Madrid: Calendario multicultural (Fundaci\u00f3n Diversidad): Coordinadora del Plan de Igualdad en el instituto: Elena Rojo Joga. erojojoga@educa.madrid.org. Pod\u00e9is escribirme cualquier comentario, duda, propuesta o problema relacionados con el tema. Actividades: https:\/\/site.educa.madrid.org\/ies.laarboleda.alcorcon\/index.php\/2025\/05\/05\/acampada-y-fiesta-de-la-multiculturalidad\/<\/p>\n","protected":false},"author":2,"featured_media":0,"parent":0,"menu_order":0,"comment_status":"closed","ping_status":"closed","template":"","meta":{"footnotes":""},"folder":[],"class_list":["post-5202","page","type-page","status-publish","hentry"],"rttpg_featured_image_url":null,"rttpg_author":{"display_name":"tic.ies.laarboleda.alcorcon","author_link":"https:\/\/site.educa.madrid.org\/ies.laarboleda.alcorcon\/index.php\/author\/cuenta_tic-ies-laarboleda-alcorcon\/"},"rttpg_comment":0,"rttpg_category":false,"rttpg_excerpt":"Plan de igualdad 2025\/26: Plan de igualdad 2024\/25: Kit de igualdad: Protocolos relacionados de la Comunidad de Madrid: Calendario multicultural (Fundaci\u00f3n Diversidad): Coordinadora del Plan de Igualdad en el instituto: Elena Rojo Joga. erojojoga@educa.madrid.org. Pod\u00e9is escribirme cualquier comentario, duda, propuesta o problema relacionados con el tema. Actividades: https:\/\/site.educa.madrid.org\/ies.laarboleda.alcorcon\/index.php\/2025\/05\/05\/acampada-y-fiesta-de-la-multiculturalidad\/","post_mailing_queue_ids":[],"_links":{"self":[{"href":"https:\/\/site.educa.madrid.org\/ies.laarboleda.alcorcon\/index.php\/wp-json\/wp\/v2\/pages\/5202","targetHints":{"allow":["GET"]}}],"collection":[{"href":"https:\/\/site.educa.madrid.org\/ies.laarboleda.alcorcon\/index.php\/wp-json\/wp\/v2\/pages"}],"about":[{"href":"https:\/\/site.educa.madrid.org\/ies.laarboleda.alcorcon\/index.php\/wp-json\/wp\/v2\/types\/page"}],"author":[{"embeddable":true,"href":"https:\/\/site.educa.madrid.org\/ies.laarboleda.alcorcon\/index.php\/wp-json\/wp\/v2\/users\/2"}],"replies":[{"embeddable":true,"href":"https:\/\/site.educa.madrid.org\/ies.laarboleda.alcorcon\/index.php\/wp-json\/wp\/v2\/comments?post=5202"}],"version-history":[{"count":12,"href":"https:\/\/site.educa.madrid.org\/ies.laarboleda.alcorcon\/index.php\/wp-json\/wp\/v2\/pages\/5202\/revisions"}],"predecessor-version":[{"id":6276,"href":"https:\/\/site.educa.madrid.org\/ies.laarboleda.alcorcon\/index.php\/wp-json\/wp\/v2\/pages\/5202\/revisions\/6276"}],"wp:attachment":[{"href":"https:\/\/site.educa.madrid.org\/ies.laarboleda.alcorcon\/index.php\/wp-json\/wp\/v2\/media?parent=5202"}],"wp:term":[{"taxonomy":"folder","embeddable":true,"href":"https:\/\/site.educa.madrid.org\/ies.laarboleda.alcorcon\/index.php\/wp-json\/wp\/v2\/folder?post=5202"}],"curies":[{"name":"wp","href":"https:\/\/api.w.org\/{rel}","templated":true}]}}