{"id":5588,"date":"2025-03-11T16:47:31","date_gmt":"2025-03-11T15:47:31","guid":{"rendered":"https:\/\/site.educa.madrid.org\/ies.laarboleda.alcorcon\/?page_id=5588"},"modified":"2026-03-12T14:28:25","modified_gmt":"2026-03-12T13:28:25","slug":"informacion-para-las-familias-2","status":"publish","type":"page","link":"https:\/\/site.educa.madrid.org\/ies.laarboleda.alcorcon\/index.php\/informacion-para-las-familias-2\/","title":{"rendered":"Informaci\u00f3n Familias"},"content":{"rendered":"\n<p class=\"has-text-align-left\">La Resoluci\u00f3n conjunta de 4 de diciembre de 2023, establece que las p\u00e1ginas web de los centros educativos de la Comunidad de Madrid sostenidos con fondos p\u00fablicos deber\u00e1n disponer de un apartado, en una zona p\u00fablica y visible desde la p\u00e1gina de inicio, con la denominaci\u00f3n <strong>\u201cInformaci\u00f3n a las familias\u201d<\/strong>, en el que, independientemente de que se hallen ubicados tambi\u00e9n en otros lugares de la p\u00e1gina web, deber\u00e1n figurar de forma f\u00e1cilmente accesible los siguientes contenidos:<\/p>\n\n\n\n<ol class=\"wp-block-list\">\n<li><strong>Oferta educativa<\/strong>: ense\u00f1anzas, etapas y niveles; modalidades, turnos e itinerarios formativos.<\/li>\n<\/ol>\n\n\n\n<ul class=\"wp-block-list\">\n<li><strong>ESO:<\/strong> de 1\u00ba a 4\u00ba de ESO (grupos de diversificaci\u00f3n) Horario de 8,30 a 14, 15 horas. (<strong>Itinerarios 4\u00ba<\/strong>: &#8211; Humanidades &#8211; Ciencias- Profesional)  <\/li>\n\n\n\n<li><strong>Bachillerato: <\/strong>de los itinerarios Cient\u00edfico-Tecnol\u00f3gico y de Ciencias Sociales (tanto en 1\u00ba como en 2\u00ba de Bachillerato)<\/li>\n\n\n\n<li><a href=\"https:\/\/site.educa.madrid.org\/ies.laarboleda.alcorcon\/index.php\/formacion-profesional\/\">FORMACI\u00d3N PROFESIONAL<\/a><\/li>\n<\/ul>\n\n\n\n<p><\/p>\n\n\n\n<p>2. <strong><a href=\"https:\/\/site.educa.madrid.org\/ies.laarboleda.alcorcon\/index.php\/proyectos-de-centro\/\">Programas y proyectos educativos <\/a><\/strong>que se desarrollan en el centro.<\/p>\n\n\n\n<p>3. L\u00edneas b\u00e1sicas del<a href=\"https:\/\/site.educa.madrid.org\/ies.laarboleda.alcorcon\/\/wp-content\/uploads\/ies.laarboleda.alcorcon\/2024\/10\/Proyecto-Educativo-del-Centro2425.pdf\"> <strong>Proyecto Educativo<\/strong><\/a>, entre las que se incluya el car\u00e1cter propio del centro.<\/p>\n\n\n\n<p>4. <strong>Normas de organizaci\u00f3n y funcionamiento<\/strong>.<\/p>\n\n\n\n<div data-wp-interactive=\"core\/file\" class=\"wp-block-file\"><object data-wp-bind--hidden=\"!state.hasPdfPreview\" hidden class=\"wp-block-file__embed\" data=\"https:\/\/site.educa.madrid.org\/ies.laarboleda.alcorcon\/\/wp-content\/uploads\/ies.laarboleda.alcorcon\/2026\/03\/NORMAS-DE-ORGANIZACION-Y-FUNCIONAMIENTO.pdf\" type=\"application\/pdf\" style=\"width:100%;height:600px\" aria-label=\"Incrustado de NORMAS DE ORGANIZACI\u00d3N Y FUNCIONAMIENTO.\"><\/object><a id=\"wp-block-file--media-dcbf5457-daf8-4292-9184-e05c74bd9112\" href=\"https:\/\/site.educa.madrid.org\/ies.laarboleda.alcorcon\/\/wp-content\/uploads\/ies.laarboleda.alcorcon\/2026\/03\/NORMAS-DE-ORGANIZACION-Y-FUNCIONAMIENTO.pdf\">NORMAS DE ORGANIZACI\u00d3N Y FUNCIONAMIENTO<\/a><a href=\"https:\/\/site.educa.madrid.org\/ies.laarboleda.alcorcon\/\/wp-content\/uploads\/ies.laarboleda.alcorcon\/2026\/03\/NORMAS-DE-ORGANIZACION-Y-FUNCIONAMIENTO.pdf\" class=\"wp-block-file__button wp-element-button\" download aria-describedby=\"wp-block-file--media-dcbf5457-daf8-4292-9184-e05c74bd9112\">Descarga<\/a><\/div>\n\n\n\n<p>5. <strong>Tel\u00e9fonos y correos de contacto de la direcci\u00f3n y la administraci\u00f3n del centro<\/strong>.<\/p>\n\n\n\n<ul class=\"wp-block-list\">\n<li>Direcci\u00f3n: Av. del Oeste, s\/n, 28922 Alcorc\u00f3n, Madrid<\/li>\n\n\n\n<li>Horario: Lunes- Viernes 8:30\u201321:30<\/li>\n\n\n\n<li>Tel\u00e9fono: 916 43 99 91<\/li>\n\n\n\n<li>Fax: 91 644 0025<\/li>\n\n\n\n<li>Contacto direcci\u00f3n: <a href=\"mailto:ies.laarboleda.alcorcon@educa.madrid.org\">ies.laarboleda.alcorcon@educa.madrid.org<\/a><\/li>\n\n\n\n<li>Contacto administraci\u00f3n del centro: <a href=\"mailto:secretaria.ies.laarboleda.alcorcon@educa.madrid.org\">secretaria.ies.laarboleda.alcorcon@educa.madrid.org<\/a><\/li>\n<\/ul>\n\n\n\n<p><\/p>\n\n\n\n<p>6. <strong>Actividades complementarias<\/strong>.<\/p>\n\n\n\n<div data-wp-interactive=\"core\/file\" class=\"wp-block-file\"><object data-wp-bind--hidden=\"!state.hasPdfPreview\" hidden class=\"wp-block-file__embed\" data=\"https:\/\/site.educa.madrid.org\/ies.laarboleda.alcorcon\/\/wp-content\/uploads\/ies.laarboleda.alcorcon\/2026\/03\/WEB-Programacion-Actividades-complementarias-y-extraescolares-2025_26.pdf\" type=\"application\/pdf\" style=\"width:100%;height:600px\" aria-label=\"Incrustado de WEB-Programacion-Actividades-complementarias-y-extraescolares-2025_26.\"><\/object><a id=\"wp-block-file--media-14f3152a-9ad6-4768-af3a-163ef1d434ae\" href=\"https:\/\/site.educa.madrid.org\/ies.laarboleda.alcorcon\/\/wp-content\/uploads\/ies.laarboleda.alcorcon\/2026\/03\/WEB-Programacion-Actividades-complementarias-y-extraescolares-2025_26.pdf\">WEB-Programacion-Actividades-complementarias-y-extraescolares-2025_26<\/a><a href=\"https:\/\/site.educa.madrid.org\/ies.laarboleda.alcorcon\/\/wp-content\/uploads\/ies.laarboleda.alcorcon\/2026\/03\/WEB-Programacion-Actividades-complementarias-y-extraescolares-2025_26.pdf\" class=\"wp-block-file__button wp-element-button\" download aria-describedby=\"wp-block-file--media-14f3152a-9ad6-4768-af3a-163ef1d434ae\">Descarga<\/a><\/div>\n\n\n\n<p><strong>7. Resultados de pruebas diagn\u00f3sticas de la CAM.<\/strong><\/p>\n\n\n\n<div data-wp-interactive=\"core\/file\" class=\"wp-block-file\"><object data-wp-bind--hidden=\"!state.hasPdfPreview\" hidden class=\"wp-block-file__embed\" data=\"https:\/\/site.educa.madrid.org\/ies.laarboleda.alcorcon\/\/wp-content\/uploads\/ies.laarboleda.alcorcon\/2026\/03\/RESULTADOS-PRUEBAS-EXTERNAS-1.pdf\" type=\"application\/pdf\" style=\"width:100%;height:600px\" aria-label=\"Incrustado de RESULTADOS PRUEBAS EXTERNAS.\"><\/object><a id=\"wp-block-file--media-60bb0e47-b647-4048-96d1-a2e3d4a20f4e\" href=\"https:\/\/site.educa.madrid.org\/ies.laarboleda.alcorcon\/\/wp-content\/uploads\/ies.laarboleda.alcorcon\/2026\/03\/RESULTADOS-PRUEBAS-EXTERNAS-1.pdf\">RESULTADOS PRUEBAS EXTERNAS<\/a><a href=\"https:\/\/site.educa.madrid.org\/ies.laarboleda.alcorcon\/\/wp-content\/uploads\/ies.laarboleda.alcorcon\/2026\/03\/RESULTADOS-PRUEBAS-EXTERNAS-1.pdf\" class=\"wp-block-file__button wp-element-button\" download aria-describedby=\"wp-block-file--media-60bb0e47-b647-4048-96d1-a2e3d4a20f4e\">Descarga<\/a><\/div>\n\n\n\n<p><strong>8. Vacantes para el curso 2026-2027<\/strong><\/p>\n\n\n\n<div data-wp-interactive=\"core\/file\" class=\"wp-block-file\"><object data-wp-bind--hidden=\"!state.hasPdfPreview\" hidden class=\"wp-block-file__embed\" data=\"https:\/\/site.educa.madrid.org\/ies.laarboleda.alcorcon\/\/wp-content\/uploads\/ies.laarboleda.alcorcon\/2026\/03\/Anexo_I._Plazas_vacantes_ofertadas_Publicable.pdf\" type=\"application\/pdf\" style=\"width:100%;height:600px\" aria-label=\"Incrustado de Anexo_I._Plazas_vacantes_ofertadas_(Publicable).\"><\/object><a id=\"wp-block-file--media-e599d30a-90dd-412f-a1b5-939ccbbf10a1\" href=\"https:\/\/site.educa.madrid.org\/ies.laarboleda.alcorcon\/\/wp-content\/uploads\/ies.laarboleda.alcorcon\/2026\/03\/Anexo_I._Plazas_vacantes_ofertadas_Publicable.pdf\">Anexo_I._Plazas_vacantes_ofertadas_(Publicable)<\/a><a href=\"https:\/\/site.educa.madrid.org\/ies.laarboleda.alcorcon\/\/wp-content\/uploads\/ies.laarboleda.alcorcon\/2026\/03\/Anexo_I._Plazas_vacantes_ofertadas_Publicable.pdf\" class=\"wp-block-file__button wp-element-button\" download aria-describedby=\"wp-block-file--media-e599d30a-90dd-412f-a1b5-939ccbbf10a1\">Descarga<\/a><\/div>\n\n\n\n<p><strong>9. Criterio complementario para la baremaci\u00f3n y SAE.<\/strong><\/p>\n\n\n\n<div data-wp-interactive=\"core\/file\" class=\"wp-block-file\"><object data-wp-bind--hidden=\"!state.hasPdfPreview\" hidden class=\"wp-block-file__embed\" data=\"https:\/\/site.educa.madrid.org\/ies.laarboleda.alcorcon\/\/wp-content\/uploads\/ies.laarboleda.alcorcon\/2026\/03\/CRITERIO-COMPLEMENTARIO-PARA-LA-BAREMACION-Y-SAE.pdf\" type=\"application\/pdf\" style=\"width:100%;height:600px\" aria-label=\"Incrustado de CRITERIO COMPLEMENTARIO PARA LA BAREMACI\u00d3N Y SAE.\"><\/object><a id=\"wp-block-file--media-0cc6c943-5f1a-4d5e-92db-8e0bb6138fba\" href=\"https:\/\/site.educa.madrid.org\/ies.laarboleda.alcorcon\/\/wp-content\/uploads\/ies.laarboleda.alcorcon\/2026\/03\/CRITERIO-COMPLEMENTARIO-PARA-LA-BAREMACION-Y-SAE.pdf\">CRITERIO COMPLEMENTARIO PARA LA BAREMACI\u00d3N Y SAE<\/a><a href=\"https:\/\/site.educa.madrid.org\/ies.laarboleda.alcorcon\/\/wp-content\/uploads\/ies.laarboleda.alcorcon\/2026\/03\/CRITERIO-COMPLEMENTARIO-PARA-LA-BAREMACION-Y-SAE.pdf\" class=\"wp-block-file__button wp-element-button\" download aria-describedby=\"wp-block-file--media-0cc6c943-5f1a-4d5e-92db-8e0bb6138fba\">Descarga<\/a><\/div>\n\n\n\n<p><strong>10. Centros adscritos.<\/strong><\/p>\n\n\n\n<div data-wp-interactive=\"core\/file\" class=\"wp-block-file\"><object data-wp-bind--hidden=\"!state.hasPdfPreview\" hidden class=\"wp-block-file__embed\" data=\"https:\/\/site.educa.madrid.org\/ies.laarboleda.alcorcon\/\/wp-content\/uploads\/ies.laarboleda.alcorcon\/2026\/03\/CENTROS-ADSCRITOS.pdf\" type=\"application\/pdf\" style=\"width:100%;height:600px\" aria-label=\"Incrustado de CENTROS ADSCRITOS.\"><\/object><a id=\"wp-block-file--media-e26a533d-2e3c-4208-a2e3-01d8a1959c62\" href=\"https:\/\/site.educa.madrid.org\/ies.laarboleda.alcorcon\/\/wp-content\/uploads\/ies.laarboleda.alcorcon\/2026\/03\/CENTROS-ADSCRITOS.pdf\">CENTROS ADSCRITOS<\/a><a href=\"https:\/\/site.educa.madrid.org\/ies.laarboleda.alcorcon\/\/wp-content\/uploads\/ies.laarboleda.alcorcon\/2026\/03\/CENTROS-ADSCRITOS.pdf\" class=\"wp-block-file__button wp-element-button\" download aria-describedby=\"wp-block-file--media-e26a533d-2e3c-4208-a2e3-01d8a1959c62\">Descarga<\/a><\/div>\n\n\n\n<p><strong>11. Informaci\u00f3n proceso de admisi\u00f3n para el curso 2026-2027<\/strong> (resumen).<\/p>\n\n\n\n<div data-wp-interactive=\"core\/file\" class=\"wp-block-file\"><object data-wp-bind--hidden=\"!state.hasPdfPreview\" hidden class=\"wp-block-file__embed\" data=\"https:\/\/site.educa.madrid.org\/ies.laarboleda.alcorcon\/\/wp-content\/uploads\/ies.laarboleda.alcorcon\/2026\/03\/CUADERNILLO-INFORMATIVO-BASICO-PROCESO-ADMISION.pdf\" type=\"application\/pdf\" style=\"width:100%;height:600px\" aria-label=\"Incrustado de CUADERNILLO INFORMATIVO B\u00c1SICO PROCESO ADMISI\u00d3N.\"><\/object><a id=\"wp-block-file--media-6cebb2d2-5cb4-4ce9-a600-23548c3fd15a\" href=\"https:\/\/site.educa.madrid.org\/ies.laarboleda.alcorcon\/\/wp-content\/uploads\/ies.laarboleda.alcorcon\/2026\/03\/CUADERNILLO-INFORMATIVO-BASICO-PROCESO-ADMISION.pdf\">CUADERNILLO INFORMATIVO B\u00c1SICO PROCESO ADMISI\u00d3N<\/a><a href=\"https:\/\/site.educa.madrid.org\/ies.laarboleda.alcorcon\/\/wp-content\/uploads\/ies.laarboleda.alcorcon\/2026\/03\/CUADERNILLO-INFORMATIVO-BASICO-PROCESO-ADMISION.pdf\" class=\"wp-block-file__button wp-element-button\" download aria-describedby=\"wp-block-file--media-6cebb2d2-5cb4-4ce9-a600-23548c3fd15a\">Descarga<\/a><\/div>\n","protected":false},"excerpt":{"rendered":"<p>La Resoluci\u00f3n conjunta de 4 de diciembre de 2023, establece que las p\u00e1ginas web de los centros educativos de la Comunidad de Madrid sostenidos con fondos p\u00fablicos deber\u00e1n disponer de un apartado, en una zona p\u00fablica y visible desde la p\u00e1gina de inicio, con la denominaci\u00f3n \u201cInformaci\u00f3n a las familias\u201d, en el que, independientemente de<\/p><\/div>\n<div class=\"blog-btn\"><a href=\"https:\/\/site.educa.madrid.org\/ies.laarboleda.alcorcon\/index.php\/informacion-para-las-familias-2\/\" class=\"home-blog-btn\">Leer m\u00e1s<\/a><\/p>\n","protected":false},"author":19,"featured_media":0,"parent":0,"menu_order":0,"comment_status":"closed","ping_status":"closed","template":"","meta":{"footnotes":""},"folder":[55],"class_list":["post-5588","page","type-page","status-publish","hentry"],"rttpg_featured_image_url":null,"rttpg_author":{"display_name":"Juan Carlos Gonzalez-Mohino Barbero","author_link":"https:\/\/site.educa.madrid.org\/ies.laarboleda.alcorcon\/index.php\/author\/juan-c_gonzlez-mohino-barbero\/"},"rttpg_comment":0,"rttpg_category":" <a href=\"https:\/\/site.educa.madrid.org\/ies.laarboleda.alcorcon\/?taxonomy=folder&#038;term=centro-1655801283\" rel=\"tag\">Centro<\/a>","rttpg_excerpt":"La Resoluci\u00f3n conjunta de 4 de diciembre de 2023, establece que las p\u00e1ginas web de los centros educativos de la Comunidad de Madrid sostenidos con fondos p\u00fablicos deber\u00e1n disponer de un apartado, en una zona p\u00fablica y visible desde la p\u00e1gina de inicio, con la denominaci\u00f3n \u201cInformaci\u00f3n a las familias\u201d, en el que, independientemente deLeer&hellip;","post_mailing_queue_ids":[],"_links":{"self":[{"href":"https:\/\/site.educa.madrid.org\/ies.laarboleda.alcorcon\/index.php\/wp-json\/wp\/v2\/pages\/5588","targetHints":{"allow":["GET"]}}],"collection":[{"href":"https:\/\/site.educa.madrid.org\/ies.laarboleda.alcorcon\/index.php\/wp-json\/wp\/v2\/pages"}],"about":[{"href":"https:\/\/site.educa.madrid.org\/ies.laarboleda.alcorcon\/index.php\/wp-json\/wp\/v2\/types\/page"}],"author":[{"embeddable":true,"href":"https:\/\/site.educa.madrid.org\/ies.laarboleda.alcorcon\/index.php\/wp-json\/wp\/v2\/users\/19"}],"replies":[{"embeddable":true,"href":"https:\/\/site.educa.madrid.org\/ies.laarboleda.alcorcon\/index.php\/wp-json\/wp\/v2\/comments?post=5588"}],"version-history":[{"count":15,"href":"https:\/\/site.educa.madrid.org\/ies.laarboleda.alcorcon\/index.php\/wp-json\/wp\/v2\/pages\/5588\/revisions"}],"predecessor-version":[{"id":6643,"href":"https:\/\/site.educa.madrid.org\/ies.laarboleda.alcorcon\/index.php\/wp-json\/wp\/v2\/pages\/5588\/revisions\/6643"}],"wp:attachment":[{"href":"https:\/\/site.educa.madrid.org\/ies.laarboleda.alcorcon\/index.php\/wp-json\/wp\/v2\/media?parent=5588"}],"wp:term":[{"taxonomy":"folder","embeddable":true,"href":"https:\/\/site.educa.madrid.org\/ies.laarboleda.alcorcon\/index.php\/wp-json\/wp\/v2\/folder?post=5588"}],"curies":[{"name":"wp","href":"https:\/\/api.w.org\/{rel}","templated":true}]}}