{"id":6137,"date":"2025-07-24T12:07:41","date_gmt":"2025-07-24T10:07:41","guid":{"rendered":"https:\/\/site.educa.madrid.org\/ies.laarboleda.alcorcon\/?page_id=6137"},"modified":"2025-09-18T21:49:23","modified_gmt":"2025-09-18T19:49:23","slug":"roble-raices","status":"publish","type":"page","link":"https:\/\/site.educa.madrid.org\/ies.laarboleda.alcorcon\/index.php\/roble-raices\/","title":{"rendered":"ROBLE\/RA\u00cdCES"},"content":{"rendered":"<p>ROBLE\u00a0 es la plataforma oficial de la Comunidad de Madrid para que los centros p\u00fablicos y las familias est\u00e9n en continua comunicaci\u00f3n (retrasos, faltas de asistencia, justificaciones, agenda de ex\u00e1menes, boletines de notas&#8230;)<\/p>\n<p>Esta plataforma se llama Ra\u00edces si acceden desde la web (ordenador o tablet) o Robles si se descargan la aplicaci\u00f3n del m\u00f3vil. Es la misma plataforma pero con diferentes nombres para web que para m\u00f3vil. Para que puedan acceder sin problema con el usuario y la contrase\u00f1a, cada vez que le enviemos por email una contrase\u00f1a nueva, les recomendamos que lo hagan primero desde la web (Ra\u00edces), y despu\u00e9s, ya desde la aplicaci\u00f3n de m\u00f3vil (Robles). Esta contrase\u00f1a tiene una durabilidad de 48h.<\/p>\n<p>Si necesitan que les demos el usuario y la contrase\u00f1a porque nunca la han utilizado o porque la han perdido, por favor manden estos datos a los siguientes correos:<\/p>\n<p>&#8211; Nombre del alumno<br \/>&#8211; Curso del alumno<br \/>&#8211; Nombre del padre\/madre o tutor legal<br \/>&#8211; Tel\u00e9fono del padre\/madre o tutor legal<\/p>\n<p>\u00a0<\/p>\n<p>PARA ALUMNOS DE ESO Y BACHILLERATO<\/p>\n<p><a class=\"email\" title=\"Escribir mensaje a\" href=\"mailto:tgarrotearmero@educa.madrid.org\">tgarrotearmero@educa.madrid.org<\/a><\/p>\n<p>PARA ALUMNOS DE FP\/FGB<\/p>\n<p><a href=\"mailto:gema.delgado4@educa.madrid.org\">gema.delgado4@educa.madrid.org<\/a><\/p>\n<p>Para entrar en Ra\u00edces pueden pinchar\u00a0 en el siguiente enlace:<\/p>\n<p><a href=\"https:\/\/raices.madrid.org\/raiz_app\/jsp\/portal\/portalraices.html\">https:\/\/raices.madrid.org\/raiz_app\/jsp\/portal\/portalraices.html<\/a><\/p>\n\n\n<p><\/p>\n","protected":false},"excerpt":{"rendered":"<p>ROBLE\u00a0 es la plataforma oficial de la Comunidad de Madrid para que los centros p\u00fablicos y las familias est\u00e9n en continua comunicaci\u00f3n (retrasos, faltas de asistencia, justificaciones, agenda de ex\u00e1menes, boletines de notas&#8230;) Esta plataforma se llama Ra\u00edces si acceden desde la web (ordenador o tablet) o Robles si se descargan la aplicaci\u00f3n del m\u00f3vil.<\/p><\/div>\n<div class=\"blog-btn\"><a href=\"https:\/\/site.educa.madrid.org\/ies.laarboleda.alcorcon\/index.php\/roble-raices\/\" class=\"home-blog-btn\">Leer m\u00e1s<\/a><\/p>\n","protected":false},"author":43,"featured_media":0,"parent":0,"menu_order":0,"comment_status":"closed","ping_status":"closed","template":"","meta":{"footnotes":""},"folder":[],"class_list":["post-6137","page","type-page","status-publish","hentry"],"rttpg_featured_image_url":null,"rttpg_author":{"display_name":"Teresa Garrote Armero","author_link":"https:\/\/site.educa.madrid.org\/ies.laarboleda.alcorcon\/index.php\/author\/m-teresa_garrote-armero\/"},"rttpg_comment":0,"rttpg_category":false,"rttpg_excerpt":"ROBLE\u00a0 es la plataforma oficial de la Comunidad de Madrid para que los centros p\u00fablicos y las familias est\u00e9n en continua comunicaci\u00f3n (retrasos, faltas de asistencia, justificaciones, agenda de ex\u00e1menes, boletines de notas&#8230;) Esta plataforma se llama Ra\u00edces si acceden desde la web (ordenador o tablet) o Robles si se descargan la aplicaci\u00f3n del m\u00f3vil.Leer&hellip;","post_mailing_queue_ids":[],"_links":{"self":[{"href":"https:\/\/site.educa.madrid.org\/ies.laarboleda.alcorcon\/index.php\/wp-json\/wp\/v2\/pages\/6137","targetHints":{"allow":["GET"]}}],"collection":[{"href":"https:\/\/site.educa.madrid.org\/ies.laarboleda.alcorcon\/index.php\/wp-json\/wp\/v2\/pages"}],"about":[{"href":"https:\/\/site.educa.madrid.org\/ies.laarboleda.alcorcon\/index.php\/wp-json\/wp\/v2\/types\/page"}],"author":[{"embeddable":true,"href":"https:\/\/site.educa.madrid.org\/ies.laarboleda.alcorcon\/index.php\/wp-json\/wp\/v2\/users\/43"}],"replies":[{"embeddable":true,"href":"https:\/\/site.educa.madrid.org\/ies.laarboleda.alcorcon\/index.php\/wp-json\/wp\/v2\/comments?post=6137"}],"version-history":[{"count":4,"href":"https:\/\/site.educa.madrid.org\/ies.laarboleda.alcorcon\/index.php\/wp-json\/wp\/v2\/pages\/6137\/revisions"}],"predecessor-version":[{"id":6204,"href":"https:\/\/site.educa.madrid.org\/ies.laarboleda.alcorcon\/index.php\/wp-json\/wp\/v2\/pages\/6137\/revisions\/6204"}],"wp:attachment":[{"href":"https:\/\/site.educa.madrid.org\/ies.laarboleda.alcorcon\/index.php\/wp-json\/wp\/v2\/media?parent=6137"}],"wp:term":[{"taxonomy":"folder","embeddable":true,"href":"https:\/\/site.educa.madrid.org\/ies.laarboleda.alcorcon\/index.php\/wp-json\/wp\/v2\/folder?post=6137"}],"curies":[{"name":"wp","href":"https:\/\/api.w.org\/{rel}","templated":true}]}}