{"id":6407,"date":"2025-12-18T12:21:06","date_gmt":"2025-12-18T11:21:06","guid":{"rendered":"https:\/\/site.educa.madrid.org\/ies.laarboleda.alcorcon\/?page_id=6407"},"modified":"2026-02-13T10:58:12","modified_gmt":"2026-02-13T09:58:12","slug":"orientacion-academica-y-profesional","status":"publish","type":"page","link":"https:\/\/site.educa.madrid.org\/ies.laarboleda.alcorcon\/index.php\/orientacion-academica-y-profesional\/","title":{"rendered":"Orientaci\u00f3n Acad\u00e9mica y Profesional"},"content":{"rendered":"\n<p>La Educaci\u00f3n Secundaria Obligatoria (ESO) son los estudios m\u00ednimos obligatorios en Espa\u00f1a. Al finalizar esta etapa, existen diferentes opciones tanto si has obtenido la titulaci\u00f3n como si no la has conseguido.<\/p>\n\n\n\n<h1 class=\"wp-block-heading\">\u00bfQu\u00e9 hacer despu\u00e9s de la ESO?<\/h1>\n\n\n\n<p>Si has aprobado la ESO, hay varias opciones que puedes escoger:<\/p>\n\n\n\n<ul class=\"wp-block-list\">\n<li><strong>BACHILLERATO<\/strong>: es la f\u00f3rmula m\u00e1s r\u00e1pida para el <em>acceso a la universidad<\/em>. El bachillerato implica el estudio de dos a\u00f1os extra en el instituto, y se divide en modalidades. Dentro de la oferta del IES La Arboleda se encuentran las modalidades de: a) Ciencias y Tecnolog\u00eda, b) Humanidades y Ciencias Sociales. Si quisieras conocer otras opciones puedes consultar:<a href=\"https:\/\/www.comunidad.madrid\/servicios\/educacion\/bachillerato-comunidad-madrid\"> https:\/\/www.comunidad.madrid\/servicios\/educacion\/bachillerato-comunidad-madrid<\/a><\/li>\n\n\n\n<li><strong>CICLO FORMATIVO DE GRADO MEDIO<\/strong>: se trata de una&nbsp;<em>formaci\u00f3n espec\u00edfica y pr\u00e1ctica<\/em> en la que el alumno aprende una profesi\u00f3n concreta, por ejemplo, t\u00e9cnico de marketing, inform\u00e1tico, mec\u00e1nico, t\u00e9cnico de redes, operador tur\u00edstico, cocinero, etc. En el IES La Arboleda contamos con la oferta de las siguientes familias profesionales: Imagen Personal, Inform\u00e1tica y Comunicaciones e Imagen y Sonido. Para conocer m\u00e1s accede a las secci\u00f3n de <a href=\"https:\/\/site.educa.madrid.org\/ies.laarboleda.alcorcon\/index.php\/formacion-profesional\/\">Oferta educativa<\/a>. Si estuvieras interesado en alguna otra familia profesional visita el apartado de Formaci\u00f3n Profesional.<\/li>\n<\/ul>\n\n\n\n<h2 class=\"wp-block-heading\"><a href=\"https:\/\/elorienta.com\/arboleda\/\">Programa El Orienta<\/a><\/h2>\n\n\n\n<p class=\"has-text-align-left\">Si a\u00fan tienes dudas o quieres trabajarlo en casa, este programa es ideal para ayudar a alumnos y familias a decidir los diferentes tipos de estudio que pueden elegir con informaci\u00f3n sobre Ciclos Formativos y carreras universitarias. Contiene cuestionarios de orientaci\u00f3n profesional para alumnado de 4\u00ba de ESO y 2\u00ba de bachillerato.<\/p>\n\n\n\n<p class=\"has-text-align-center\"><\/p>\n\n\n<div class=\"wp-block-image\">\n<figure class=\"aligncenter size-full\"><a href=\"https:\/\/www.orientaline.es\/?yafxb=68225\"><img loading=\"lazy\" decoding=\"async\" width=\"242\" height=\"66\" src=\"https:\/\/site.educa.madrid.org\/ies.laarboleda.alcorcon\/\/wp-content\/uploads\/ies.laarboleda.alcorcon\/2025\/12\/image.png\" alt=\"\" class=\"wp-image-6456\"\/><\/a><\/figure>\n<\/div>\n\n\n<h1 class=\"wp-block-heading\">Si no has superado la ESO<\/h1>\n\n\n\n<p>Si no has conseguido obtener el T\u00edtulo de Graduado en Educaci\u00f3n Secundaria Obligatoria, tienes diferentes alternativas para continuar form\u00e1ndote:<\/p>\n\n\n\n<ul class=\"wp-block-list\">\n<li><strong><a href=\"https:\/\/site.educa.madrid.org\/ies.malasana.mostoles\/index.php\/ensenanzas\/departamentos-didacticos\/departamento-de-orientacion\/formacion-profesional\/\">CICLO FORMATIVO DE GRADO B\u00c1SICO<\/a><\/strong>: los ciclos formativos de Grado B\u00e1sico forman parte de las ense\u00f1anzas de Formaci\u00f3n Profesional del sistema educativo. Al superar la totalidad de \u00e1mbitos, el alumno obtendr\u00e1 el&nbsp;<em>T\u00edtulo de Graduado en ESO<\/em>&nbsp;y el t\u00edtulo de&nbsp;<em>T\u00e9cnico B\u00e1sico<\/em>&nbsp;en la especialidad correspondiente.<\/li>\n\n\n\n<li><strong><a href=\"https:\/\/site.educa.madrid.org\/ies.malasana.mostoles\/index.php\/pruebas-de-acceso-a-ciclos-formativos\/\">PRUEBA DE ACCESO A CICLO FORMATIVO DE GRADO MEDIO<\/a><\/strong>: una de las v\u00edas para acceder a un ciclo formativo de grado medio es mediante la realizaci\u00f3n de esta prueba.<\/li>\n<\/ul>\n","protected":false},"excerpt":{"rendered":"<p>La Educaci\u00f3n Secundaria Obligatoria (ESO) son los estudios m\u00ednimos obligatorios en Espa\u00f1a. Al finalizar esta etapa, existen diferentes opciones tanto si has obtenido la titulaci\u00f3n como si no la has conseguido. \u00bfQu\u00e9 hacer despu\u00e9s de la ESO? Si has aprobado la ESO, hay varias opciones que puedes escoger: Programa El Orienta Si a\u00fan tienes dudas<\/p><\/div>\n<div class=\"blog-btn\"><a href=\"https:\/\/site.educa.madrid.org\/ies.laarboleda.alcorcon\/index.php\/orientacion-academica-y-profesional\/\" class=\"home-blog-btn\">Leer m\u00e1s<\/a><\/p>\n","protected":false},"author":112,"featured_media":0,"parent":0,"menu_order":0,"comment_status":"closed","ping_status":"closed","template":"","meta":{"footnotes":""},"folder":[46],"class_list":["post-6407","page","type-page","status-publish","hentry"],"rttpg_featured_image_url":null,"rttpg_author":{"display_name":"Francisco Jose Carmona Martinez","author_link":"https:\/\/site.educa.madrid.org\/ies.laarboleda.alcorcon\/index.php\/author\/francisco-jose_carmona-martinez\/"},"rttpg_comment":0,"rttpg_category":" <a href=\"https:\/\/site.educa.madrid.org\/ies.laarboleda.alcorcon\/?taxonomy=folder&#038;term=departamentos-1653086396\" rel=\"tag\">Departamentos<\/a>","rttpg_excerpt":"La Educaci\u00f3n Secundaria Obligatoria (ESO) son los estudios m\u00ednimos obligatorios en Espa\u00f1a. Al finalizar esta etapa, existen diferentes opciones tanto si has obtenido la titulaci\u00f3n como si no la has conseguido. \u00bfQu\u00e9 hacer despu\u00e9s de la ESO? Si has aprobado la ESO, hay varias opciones que puedes escoger: Programa El Orienta Si a\u00fan tienes dudasLeer&hellip;","post_mailing_queue_ids":[],"_links":{"self":[{"href":"https:\/\/site.educa.madrid.org\/ies.laarboleda.alcorcon\/index.php\/wp-json\/wp\/v2\/pages\/6407","targetHints":{"allow":["GET"]}}],"collection":[{"href":"https:\/\/site.educa.madrid.org\/ies.laarboleda.alcorcon\/index.php\/wp-json\/wp\/v2\/pages"}],"about":[{"href":"https:\/\/site.educa.madrid.org\/ies.laarboleda.alcorcon\/index.php\/wp-json\/wp\/v2\/types\/page"}],"author":[{"embeddable":true,"href":"https:\/\/site.educa.madrid.org\/ies.laarboleda.alcorcon\/index.php\/wp-json\/wp\/v2\/users\/112"}],"replies":[{"embeddable":true,"href":"https:\/\/site.educa.madrid.org\/ies.laarboleda.alcorcon\/index.php\/wp-json\/wp\/v2\/comments?post=6407"}],"version-history":[{"count":7,"href":"https:\/\/site.educa.madrid.org\/ies.laarboleda.alcorcon\/index.php\/wp-json\/wp\/v2\/pages\/6407\/revisions"}],"predecessor-version":[{"id":6522,"href":"https:\/\/site.educa.madrid.org\/ies.laarboleda.alcorcon\/index.php\/wp-json\/wp\/v2\/pages\/6407\/revisions\/6522"}],"wp:attachment":[{"href":"https:\/\/site.educa.madrid.org\/ies.laarboleda.alcorcon\/index.php\/wp-json\/wp\/v2\/media?parent=6407"}],"wp:term":[{"taxonomy":"folder","embeddable":true,"href":"https:\/\/site.educa.madrid.org\/ies.laarboleda.alcorcon\/index.php\/wp-json\/wp\/v2\/folder?post=6407"}],"curies":[{"name":"wp","href":"https:\/\/api.w.org\/{rel}","templated":true}]}}